{"id":3290,"date":"2024-08-20T08:45:26","date_gmt":"2024-08-20T08:45:26","guid":{"rendered":"https:\/\/agricultural-gear-boxes.com\/product\/high-quality-transmission-equipment-helical-bevel-gearbox-gear-motor\/"},"modified":"2024-08-20T08:45:26","modified_gmt":"2024-08-20T08:45:26","slug":"high-quality-transmission-equipment-helical-bevel-gearbox-gear-motor","status":"publish","type":"product","link":"https:\/\/agricultural-gear-boxes.com\/pt\/product\/high-quality-transmission-equipment-helical-bevel-gearbox-gear-motor\/","title":{"rendered":"Equipamento de transmiss\u00e3o de alta qualidade Motor de engrenagem de caixa de engrenagens c\u00f4nicas helicoidais"},"content":{"rendered":"<h2>Equipamento de transmiss\u00e3o de alta qualidade Motor de engrenagem de caixa de engrenagens c\u00f4nicas helicoidais<\/h2>\n<p>O Motor de Engrenagem de Caixa de Engrenagem C\u00f4nica Helicoidal de Equipamento de Transmiss\u00e3o de Alta Qualidade \u00e9 um produto de primeira linha que oferece desempenho e confiabilidade excepcionais. Feito com materiais de alta qualidade e t\u00e9cnicas avan\u00e7adas de fabrica\u00e7\u00e3o, este motor de engrenagem \u00e9 projetado para fornecer transmiss\u00e3o de pot\u00eancia superior em uma ampla gama de aplica\u00e7\u00f5es. Com seu design altamente modular, ele oferece flexibilidade e versatilidade, tornando-o adequado para v\u00e1rias ind\u00fastrias.<\/p>\n<h3>Vantagens:<\/h3>\n<ul>\n<li>Design altamente modular<\/li>\n<li>Alto suporte de carga, transmiss\u00e3o est\u00e1vel e baixo ru\u00eddo<\/li>\n<li>Boa veda\u00e7\u00e3o, ampla gama de aplica\u00e7\u00f5es industriais<\/li>\n<li>Alta efici\u00eancia e economia de energia<\/li>\n<li>Economia de custos e baixa manuten\u00e7\u00e3o<\/li>\n<\/ul>\n<h3>Principais aplica\u00e7\u00f5es:<\/h3>\n<ul>\n<li>Portos e Navega\u00e7\u00e3o<\/li>","protected":false},"excerpt":{"rendered":"<p>Motor de engrenagem de caixa de engrenagens c\u00f4nicas helicoidais de alta qualidade para equipamentos de transmiss\u00e3o O motor de engrenagem de caixa de engrenagens c\u00f4nicas helicoidais de alta qualidade para equipamentos de transmiss\u00e3o \u00e9 um produto de ponta que oferece desempenho e confiabilidade excepcionais. Feito com materiais de alta qualidade e t\u00e9cnicas avan\u00e7adas de fabrica\u00e7\u00e3o, este motor de engrenagem \u00e9 projetado para fornecer transmiss\u00e3o de pot\u00eancia superior em uma ampla gama de aplica\u00e7\u00f5es. Com seu [\u2026]<\/p>","protected":false},"featured_media":3289,"template":"","meta":{"_et_pb_use_builder":"","_et_pb_old_content":"","_et_gb_content_width":""},"product_brand":[],"product_cat":[11285],"product_tag":[],"class_list":{"0":"post-3290","1":"product","2":"type-product","3":"status-publish","4":"has-post-thumbnail","6":"product_cat-bevel-gearbox","8":"first","9":"instock","10":"shipping-taxable","11":"product-type-simple"},"_links":{"self":[{"href":"https:\/\/agricultural-gear-boxes.com\/pt\/wp-json\/wp\/v2\/product\/3290","targetHints":{"allow":["GET"]}}],"collection":[{"href":"https:\/\/agricultural-gear-boxes.com\/pt\/wp-json\/wp\/v2\/product"}],"about":[{"href":"https:\/\/agricultural-gear-boxes.com\/pt\/wp-json\/wp\/v2\/types\/product"}],"wp:featuredmedia":[{"embeddable":true,"href":"https:\/\/agricultural-gear-boxes.com\/pt\/wp-json\/wp\/v2\/media\/3289"}],"wp:attachment":[{"href":"https:\/\/agricultural-gear-boxes.com\/pt\/wp-json\/wp\/v2\/media?parent=3290"}],"wp:term":[{"taxonomy":"product_brand","embeddable":true,"href":"https:\/\/agricultural-gear-boxes.com\/pt\/wp-json\/wp\/v2\/product_brand?post=3290"},{"taxonomy":"product_cat","embeddable":true,"href":"https:\/\/agricultural-gear-boxes.com\/pt\/wp-json\/wp\/v2\/product_cat?post=3290"},{"taxonomy":"product_tag","embeddable":true,"href":"https:\/\/agricultural-gear-boxes.com\/pt\/wp-json\/wp\/v2\/product_tag?post=3290"}],"curies":[{"name":"wp","href":"https:\/\/api.w.org\/{rel}","templated":true}]}}