{"id":3292,"date":"2024-08-20T08:45:27","date_gmt":"2024-08-20T08:45:27","guid":{"rendered":"https:\/\/agricultural-gear-boxes.com\/product\/high-quality-helical-bevel-gearboxes\/"},"modified":"2024-08-20T08:45:27","modified_gmt":"2024-08-20T08:45:27","slug":"high-quality-helical-bevel-gearboxes","status":"publish","type":"product","link":"https:\/\/agricultural-gear-boxes.com\/pt\/product\/high-quality-helical-bevel-gearboxes\/","title":{"rendered":"Caixas de engrenagens c\u00f4nicas helicoidais de alta qualidade"},"content":{"rendered":"<h2>Caixas de engrenagens c\u00f4nicas helicoidais de alta qualidade<\/h2>\n<p>Se voc\u00ea est\u00e1 procurando uma caixa de engrenagens de alta qualidade que ofere\u00e7a transmiss\u00e3o est\u00e1vel, baixo ru\u00eddo e boa veda\u00e7\u00e3o, ent\u00e3o voc\u00ea precisa conferir nossas caixas de engrenagens c\u00f4nicas helicoidais. Essas caixas de engrenagens s\u00e3o altamente eficientes e economizam energia, tornando-as ideais para uma ampla gama de aplica\u00e7\u00f5es em v\u00e1rios setores. <\/p>\n<p>Nossas caixas de engrenagens c\u00f4nicas helicoidais s\u00e3o projetadas com um design altamente modular que fornece alto suporte de carga. Este design garante que as caixas de engrenagens sejam dur\u00e1veis e duradouras, mesmo em condi\u00e7\u00f5es de trabalho dif\u00edceis. Al\u00e9m disso, as caixas de engrenagens s\u00e3o econ\u00f4micas e exigem pouca manuten\u00e7\u00e3o, tornando-as um excelente investimento para qualquer neg\u00f3cio.<\/p>\n<h3>Vantagens:<\/h3>\n<ol>\n<li>Design altamente modular<\/li>\n<li>Alto suporte de carga, transmiss\u00e3o est\u00e1vel e baixo ru\u00eddo<\/li>\n<li>Boa veda\u00e7\u00e3o, ampla gama de aplica\u00e7\u00f5es industriais<\/li>\n<li>Alta efici\u00eancia e economia de energia<\/li>\n<li>Economia de custos e baixa manuten\u00e7\u00e3o<\/li>\n<\/ol>\n<h3>Principais aplica\u00e7\u00f5es:<\/h3>\n<ol>\n<li>Portos e Navega\u00e7\u00e3o<\/li>\n<li>Eleva\u00e7\u00e3o e transporte<\/li>\n<li>Eletricidade<\/li>\n<li>Minera\u00e7\u00e3o de carv\u00e3o<\/li>\n<li>Cimento e Constru\u00e7\u00e3o<\/li>\n<li>Ind\u00fastria de Papel e Leve<\/li>\n<li>Prote\u00e7\u00e3o qu\u00edmica e ambiental, etc.<\/li>\n<\/ol>\n<h3>Dados t\u00e9cnicos:<\/h3>\n<p>Nossas caixas de engrenagens c\u00f4nicas helicoidais s\u00e3o feitas de materiais de alta qualidade que s\u00e3o dur\u00e1veis e duradouros. O material da engrenagem \u00e9 a\u00e7o de liga 20CrMnTi, e a dureza da superf\u00edcie das engrenagens \u00e9 HRC58??~62 ??. O material do alojamento \u00e9 ferro fundido\/ferro d\u00factil, e a dureza do alojamento \u00e9 HBS190-240. O material do eixo de entrada\/sa\u00edda \u00e9 a\u00e7o de liga 42CrMo, e a dureza do eixo de entrada\/sa\u00edda \u00e9 HRC25~30. A caixa de engrenagens apresenta retifica\u00e7\u00e3o precisa com uma classifica\u00e7\u00e3o de 6~5.<\/p>\n<p>Nossas caixas de engrenagens tamb\u00e9m contam com \u00f3leo lubrificante GB L-CKC220-460, Shell Omala220-460, e passam por tratamento t\u00e9rmico como t\u00eampera, cimenta\u00e7\u00e3o, t\u00eampera, etc. Nossas caixas de engrenagens oferecem uma efici\u00eancia de 94%~96% (dependendo do est\u00e1gio da transmiss\u00e3o), um n\u00edvel de ru\u00eddo de 60~68dB e um aumento de temperatura (M\u00c1X.) de 40??C. <\/p>\n<h3>Tabela de tamanhos:<\/h3>\n<p>Nossas caixas de engrenagens c\u00f4nicas helicoidais est\u00e3o dispon\u00edveis em v\u00e1rios tamanhos para atender a diferentes requisitos de aplica\u00e7\u00e3o. Consulte a tabela de tamanhos a seguir para obter mais informa\u00e7\u00f5es:<\/p>\n<table border=\"1\" cellspacing=\"0\" cellpadding=\"0\">\n<tbody>\n<tr>\n<td>Tamanho<\/td>\n<td>Di\u00e2metro do eixo s\u00f3lido (mm)<\/td>\n<td>Di\u00e2metro do eixo oco (mm)<\/td>\n<td>Altura central (mm)<\/td>\n<td>Di\u00e2metro do flange de sa\u00edda (mm)<\/td>\n<td>Pot\u00eancia (kw)<\/td>\n<td>Raz\u00e3o<\/td>\n<td>Torque admiss\u00edvel (nm)<\/td>\n<td>Peso (kgs)<\/td>\n<\/tr>\n<tr>\n<td>37<\/td>\n<td>??25k6<\/td>\n<td>??30h7<\/td>\n<td>100<\/td>\n<td>??110\/160<\/td>\n<td>0.18-3.0<\/td>\n<td>5.36-106.38<\/td>\n<td>200<\/td>\n<td>11<\/td>\n<\/tr>\n<tr>\n<td>47<\/td>\n<td>??30k6<\/td>\n<td>??35h7<\/td>\n<td>112<\/td>\n<td>??120\/200<\/td>\n<td>0.18-3.0<\/td>\n<td>5.81-131.87<\/td>\n<td>400<\/td>\n<td>20<\/td>\n<\/tr>\n<tr>\n<td>57<\/td>\n<td>??35k6<\/td>\n<td>??40h7<\/td>\n<td>132<\/td>\n<td>??155\/250<\/td>\n<td>0.18-5.5<\/td>\n<td>6.57-145.14<\/td>\n<td>600<\/td>\n<td>27<\/td>\n<\/tr>\n<tr>\n<td>67<\/td>\n<td>??40k6<\/td>\n<td>??40h7<\/td>\n<td>140<\/td>\n<td>??155\/250<\/td>\n<td>0.18-5.5<\/td>\n<td>7.14-144.79<\/td>\n<td>820<\/td>\n<td>33<\/td>\n<\/tr>\n<tr>\n<td>77<\/td>\n<td>??50k6<\/td>\n<td>??50h7<\/td>\n<td>180<\/td>\n<td>??170\/300<\/td>\n<td>0.37-11.0<\/td>\n<td>7.24-292.18<\/td>\n<td>1550<\/td>\n<td>57<\/td>\n<\/tr>\n<tr>\n<td>87<\/td>\n<td>??60m6<\/td>\n<td>??60h7<\/td>\n<td>212<\/td>\n<td>??215\/350<\/td>\n<td>0.75-22.0<\/td>\n<td>7.19-197.18<\/td>\n<td>2700<\/td>\n<td>85<\/td>\n<\/tr>\n<tr>\n<td>97<\/td>\n<td>??70m6<\/td>\n<td>??70h7<\/td>\n<td>265<\/td>\n<td>??260\/450<\/td>\n<td>1.1-30.0<\/td>\n<td>8.95-176.05<\/td>\n<td>4300<\/td>\n<td>130<\/td>\n<\/tr>\n<tr>\n<td>107<\/td>\n<td>??90m6<\/td>\n<td>??90h7<\/td>\n<td>315<\/td>\n<td>??304\/450<\/td>\n<td>3.0-45.0<\/td>\n<td>8.74-141.46<\/td>\n<td>8000<\/td>\n<td>250<\/td>\n<\/tr>\n<tr>\n<td>127<\/td>\n<td>??110m6<\/td>\n<td>??100h7<\/td>\n<td>375<\/td>\n<td>??350\/550<\/td>\n<td>7.5-90.0<\/td>\n<td>8.68-146.07<\/td>\n<td>13000<\/td>\n<td>380<\/td>\n<\/tr>\n<tr>\n<td>157<\/td>\n<td>??120m6<\/td>\n<td>??120m6<\/td>\n<td>450<\/td>\n<td>??400\/660<\/td>\n<td>11.0-160.0<\/td>\n<td>12.65-150.41<\/td>\n<td>18000<\/td>\n<td>610<\/td>\n<\/tr>\n<tr>\n<td>167<\/td>\n<td>??160m6<\/td>\n<td>??160m6<\/td>\n<td>500<\/td>\n<td>??800<\/td>\n<td>11.0-200.0<\/td>\n<td>17.28-163.91<\/td>\n<td>32000<\/td>\n<td>1015<\/td>\n<\/tr>\n<tr>\n<td>187<\/td>\n<td>??190m6<\/td>\n<td>??190m6<\/td>\n<td>600<\/td>\n<td>??800<\/td>\n<td>18.5-200.0<\/td>\n<td>17.27-180.78<\/td>\n<td>50000<\/td>\n<td>1700<\/td>\n<\/tr>\n<\/tbody>\n<\/table>\n<h3>Posi\u00e7\u00e3o da caixa de condu\u00edte e posi\u00e7\u00e3o de montagem:<\/h3>\n<p>Nossas caixas de engrenagens c\u00f4nicas helicoidais s\u00e3o projetadas com uma posi\u00e7\u00e3o de caixa de condu\u00edte e posi\u00e7\u00e3o de montagem para f\u00e1cil instala\u00e7\u00e3o e manuten\u00e7\u00e3o. Consulte as imagens a seguir para obter mais informa\u00e7\u00f5es:<\/p>\n<p><img loading=\"lazy\" decoding=\"async\" class=\"alignleft size-full wp-image-380226\" src=\"https:\/\/www.ever-power.net\/wp-content\/uploads\/2022\/06\/Conduit-box-position.jpg\" sizes=\"(min-width: 0px) and (max-width: 480px) 480px, (min-width: 481px) and (max-width: 980px) 980px, (min-width: 981px) 1000px, 100vw\" srcset=\"\/\/www.ever-power.net\/wp-content\/uploads\/2022\/06\/Conduit-box-position.jpg 1000w, \/\/www.ever-power.net\/wp-content\/uploads\/2022\/06\/Conduit-box-position-980x300.jpg 980w, \/\/www.ever-power.net\/wp-content\/uploads\/2022\/06\/Conduit-box-position-480x147.jpg 480w\" alt=\"\" width=\"1000\" height=\"306\" \/><\/p>\n<p><img loading=\"lazy\" decoding=\"async\" class=\"alignleft size-full wp-image-380227\" src=\"https:\/\/www.ever-power.net\/wp-content\/uploads\/2022\/06\/Mount-position.jpg\" sizes=\"(min-width: 0px) and (max-width: 480px) 480px, (min-width: 481px) and (max-width: 980px) 980px, (min-width: 981px) 1000px, 100vw\" srcset=\"\/\/www.ever-power.net\/wp-content\/uploads\/2022\/06\/Mount-position.jpg 1000w, \/\/www.ever-power.net\/wp-content\/uploads\/2022\/06\/Mount-position-980x479.jpg 980w, \/\/www.ever-power.net\/wp-content\/uploads\/2022\/06\/Mount-position-480x235.jpg 480w\" alt=\"\" width=\"1000\" height=\"489\" \/><\/p>\n<h2>Por que nos escolher?<\/h2>\n<h3>1. Ampla sele\u00e7\u00e3o de caixas de engrenagens<\/h3>\n<p>Oferecemos uma ampla gama de solu\u00e7\u00f5es padr\u00e3o e personalizadas para aplica\u00e7\u00f5es em controle de movimento e transmiss\u00e3o mec\u00e2nica, incluindo caixas de engrenagens planet\u00e1rias em linha, caixas de engrenagens planet\u00e1rias de \u00e2ngulo reto, caixas de engrenagens de servomotor de \u00e2ngulo reto de 90 graus, caixas de engrenagens de acionamento harm\u00f4nico, redutores RV para rob\u00f4s, cremalheiras e pinh\u00f5es de precis\u00e3o de solo, servomotores, motores de passo, motores sem escovas e muito mais. Tamb\u00e9m fornecemos redutores de engrenagem sem-fim, motores de engrenagem, macacos de parafuso, caixas de dire\u00e7\u00e3o e outras caixas de engrenagens e acess\u00f3rios redutores relacionados.<\/p>\n<h3>2. Pre\u00e7o atrativo e qualidade de marca superior<\/h3>\n<p>Nossas caixas de engrenagens planet\u00e1rias de precis\u00e3o apresentam baixa folga (2-8 arcmin), alta efici\u00eancia (??95%) e baixo ru\u00eddo (60dBA). Todas as caixas de engrenagens servo produzidas por nossa famosa marca ser\u00e3o rigorosamente inspecionadas e testadas antes de sair da f\u00e1brica. Al\u00e9m disso, oferecemos aos clientes uma garantia de um ano e servi\u00e7o p\u00f3s-venda vital\u00edcio.<\/p>\n<h3>3. Suporte t\u00e9cnico profissional completo<\/h3>\n<p>Nossa equipe t\u00e9cnica profissional pode ajudar voc\u00ea a selecionar a transmiss\u00e3o certa para sua m\u00e1quina. Enviaremos a voc\u00ea o desenho CAD correspondente para sua inspe\u00e7\u00e3o para evitar erros. Tamb\u00e9m oferecemos suporte t\u00e9cnico 24 horas se voc\u00ea tiver quaisquer outros problemas que precisem de resolu\u00e7\u00e3o urgente.<\/p>\n<h3>4. Servi\u00e7o personalizado<\/h3>\n<p>Fornecemos servi\u00e7o personalizado de acordo com suas necessidades. Nosso engenheiro de vendas ajudar\u00e1 voc\u00ea a projetar uma transmiss\u00e3o personalizada que atenda \u00e0s suas necessidades.<\/p>\n<h3>5. Tempo de entrega r\u00e1pido<\/h3>\n<p>Para a maioria dos redutores padr\u00e3o, temos estoque suficiente, que pode ser entregue aos clientes em um prazo muito curto, resolvendo o problema de substitui\u00e7\u00e3o urgente de caixas de engrenagens danificadas em m\u00e1quinas em funcionamento e economizando custos para os clientes.<\/p>\n<h3>6. Profissional<\/h3>\n<p>Como um dos principais fabricantes de caixas de engrenagens c\u00f4nicas, fornecedores de produtos mec\u00e2nicos e f\u00e1bricas, n\u00f3s fornecemos caixas de engrenagens sem-fim de contato angular, caixas de engrenagens planet\u00e1rias e muitos outros produtos.<\/p>\n<h2>Outros produtos<\/h2>\n<p>Al\u00e9m de nossas caixas de engrenagens c\u00f4nicas helicoidais, tamb\u00e9m fornecemos v\u00e1rias engrenagens pl\u00e1sticas usadas na ind\u00fastria, como caixas de engrenagens agr\u00edcolas, eixos de sa\u00edda de pot\u00eancia, rodas dentadas, acoplamentos de fluido, redutores de engrenagem sem-fim, engrenagens e cremalheiras, correntes destac\u00e1veis, polias e polias, caixas de engrenagens planet\u00e1rias, polias de sincroniza\u00e7\u00e3o, buchas e muito mais. Oferecemos produtos de alta qualidade, pre\u00e7os favor\u00e1veis e servi\u00e7o atencioso e damos as boas-vindas aos clientes para que venham at\u00e9 n\u00f3s para personaliza\u00e7\u00e3o de desenho ou amostra.<\/p>\n<h2>Perguntas e respostas<\/h2>\n<ol>\n<li>Quais materiais s\u00e3o usados para fazer caixas de engrenagens c\u00f4nicas helicoidais?<\/li>\n<li>Quais s\u00e3o as principais vantagens das caixas de engrenagens c\u00f4nicas helicoidais?<\/li>\n<li>Em quais setores as caixas de engrenagens c\u00f4nicas helicoidais s\u00e3o comumente utilizadas?<\/li>\n<li>Quais dados t\u00e9cnicos devo considerar ao selecionar uma caixa de engrenagens c\u00f4nicas helicoidais?<\/li>\n<li>Posso obter uma caixa de engrenagens c\u00f4nicas helicoidais personalizada?<\/li>\n<\/ol>","protected":false},"excerpt":{"rendered":"<p>High Quality Helical Bevel Gearboxes If you&#8217;re looking for a high-quality gearbox that offers stable transmission, low noise, and good sealing, then you need to check out our Helical Bevel Gearboxes. These gearboxes are highly efficient and power-saving, making them ideal for a wide range of applications across various industries. Our Helical Bevel Gearboxes are [&hellip;]<\/p>","protected":false},"featured_media":3291,"template":"","meta":{"_et_pb_use_builder":"","_et_pb_old_content":"","_et_gb_content_width":""},"product_brand":[],"product_cat":[11285],"product_tag":[],"class_list":{"0":"post-3292","1":"product","2":"type-product","3":"status-publish","4":"has-post-thumbnail","6":"product_cat-bevel-gearbox","8":"first","9":"instock","10":"shipping-taxable","11":"product-type-simple"},"_links":{"self":[{"href":"https:\/\/agricultural-gear-boxes.com\/pt\/wp-json\/wp\/v2\/product\/3292","targetHints":{"allow":["GET"]}}],"collection":[{"href":"https:\/\/agricultural-gear-boxes.com\/pt\/wp-json\/wp\/v2\/product"}],"about":[{"href":"https:\/\/agricultural-gear-boxes.com\/pt\/wp-json\/wp\/v2\/types\/product"}],"wp:featuredmedia":[{"embeddable":true,"href":"https:\/\/agricultural-gear-boxes.com\/pt\/wp-json\/wp\/v2\/media\/3291"}],"wp:attachment":[{"href":"https:\/\/agricultural-gear-boxes.com\/pt\/wp-json\/wp\/v2\/media?parent=3292"}],"wp:term":[{"taxonomy":"product_brand","embeddable":true,"href":"https:\/\/agricultural-gear-boxes.com\/pt\/wp-json\/wp\/v2\/product_brand?post=3292"},{"taxonomy":"product_cat","embeddable":true,"href":"https:\/\/agricultural-gear-boxes.com\/pt\/wp-json\/wp\/v2\/product_cat?post=3292"},{"taxonomy":"product_tag","embeddable":true,"href":"https:\/\/agricultural-gear-boxes.com\/pt\/wp-json\/wp\/v2\/product_tag?post=3292"}],"curies":[{"name":"wp","href":"https:\/\/api.w.org\/{rel}","templated":true}]}}