{"id":3294,"date":"2024-08-20T08:45:28","date_gmt":"2024-08-20T08:45:28","guid":{"rendered":"https:\/\/agricultural-gear-boxes.com\/product\/helical-bevel-gearboxes-apply-in-plastic-machinery\/"},"modified":"2024-08-20T08:45:28","modified_gmt":"2024-08-20T08:45:28","slug":"helical-bevel-gearboxes-apply-in-plastic-machinery","status":"publish","type":"product","link":"https:\/\/agricultural-gear-boxes.com\/pt\/product\/helical-bevel-gearboxes-apply-in-plastic-machinery\/","title":{"rendered":"Caixas de engrenagens c\u00f4nicas helicoidais s\u00e3o aplicadas em m\u00e1quinas de pl\u00e1stico"},"content":{"rendered":"<h2>Caixas de engrenagens c\u00f4nicas helicoidais s\u00e3o aplicadas em m\u00e1quinas de pl\u00e1stico<\/h2>\n<p>Caixas de engrenagens c\u00f4nicas helicoidais s\u00e3o amplamente utilizadas em m\u00e1quinas de pl\u00e1stico devido ao seu alto design modular, transmiss\u00e3o est\u00e1vel, baixo ru\u00eddo, boa veda\u00e7\u00e3o, alta efici\u00eancia e economia de energia, economia de custos e baixa manuten\u00e7\u00e3o. Essas caixas de engrenagens podem ser aplicadas a v\u00e1rias ind\u00fastrias, como portos e transporte, eleva\u00e7\u00e3o e transporte, eletricidade, minera\u00e7\u00e3o de carv\u00e3o, cimento e constru\u00e7\u00e3o, papel e ind\u00fastria leve, qu\u00edmica e prote\u00e7\u00e3o ambiental, entre outras.<\/p>\n<p>As caixas de engrenagens c\u00f4nicas helicoidais s\u00e3o classificadas com base em seu tamanho, que \u00e9 determinado pelo di\u00e2metro do eixo s\u00f3lido ou oco, altura central, di\u00e2metro do flange de sa\u00edda, pot\u00eancia, rela\u00e7\u00e3o, torque permitido e peso. Os materiais da engrenagem s\u00e3o feitos de a\u00e7o de liga 20CrMnTi, enquanto os materiais do alojamento s\u00e3o de ferro fundido ou ferro d\u00factil com uma dureza de HBS190-240. A dureza da superf\u00edcie da engrenagem varia de HRC58?? a 62??, enquanto a dureza do n\u00facleo da engrenagem varia de HRC33-40. A precis\u00e3o de usinagem da caixa de engrenagens \u00e9 uma retifica\u00e7\u00e3o precisa com uma classe 6-5, e a efici\u00eancia pode atingir 94-96% dependendo do est\u00e1gio da transmiss\u00e3o.<\/p>\n<p>Caixas de engrenagens c\u00f4nicas helicoidais s\u00e3o f\u00e1ceis de instalar, manter, reparar e substituir. A caixa de engrenagens \u00e9 equipada com \u00f3leo lubrificante, e o processo de tratamento t\u00e9rmico envolve t\u00eampera, cimenta\u00e7\u00e3o, t\u00eampera, entre outros. O torque permitido varia de 200 a 50.000 Nm, e o peso varia de 11 a 1700 kg.<\/p>\n<h3>Vantagens das caixas de engrenagens c\u00f4nicas helicoidais:<\/h3>\n<ol>\n<li>Design altamente modular<\/li>\n<li>Alto suporte de carga, transmiss\u00e3o est\u00e1vel e baixo ru\u00eddo<\/li>\n<li>Boa veda\u00e7\u00e3o, ampla gama de aplica\u00e7\u00f5es<\/li>\n<li>Alta efici\u00eancia e economia de energia<\/li>\n<li>Economia de custos e baixa manuten\u00e7\u00e3o<\/li>\n<\/ol>\n<h3>Principais aplica\u00e7\u00f5es de caixas de engrenagens c\u00f4nicas helicoidais:<\/h3>\n<ol>\n<li>Portos e Navega\u00e7\u00e3o<\/li>\n<li>Eleva\u00e7\u00e3o e transporte<\/li>\n<li>Eletricidade<\/li>\n<li>Minera\u00e7\u00e3o de carv\u00e3o<\/li>\n<li>Cimento e Constru\u00e7\u00e3o<\/li>\n<li>Ind\u00fastria de Papel e Leve<\/li>\n<li>Prote\u00e7\u00e3o Qu\u00edmica e Ambiental<\/li>\n<\/ol>\n<h3>Dados t\u00e9cnicos:<\/h3>\n<table border=\"1\" cellspacing=\"0\" cellpadding=\"0\">\n<tbody>\n<tr>\n<td>\n<table>\n<tbody>\n<tr>\n<td>Material da carca\u00e7a<\/td>\n<\/tr>\n<\/tbody>\n<\/table>\n<\/td>\n<td>Ferro fundido\/Ferro d\u00factil<\/td>\n<\/tr>\n<tr>\n<td>Dureza da carca\u00e7a<\/td>\n<td>HBS190-240<\/td>\n<\/tr>\n<tr>\n<td>Material da engrenagem<\/td>\n<td>A\u00e7o de liga 20CrMnTi<\/td>\n<\/tr>\n<tr>\n<td>Dureza superficial das engrenagens<\/td>\n<td>HRC58??~62 ??<\/td>\n<\/tr>\n<tr>\n<td>Dureza do n\u00facleo da engrenagem<\/td>\n<td>HRC33~40<\/td>\n<\/tr>\n<tr>\n<td>Material do eixo de entrada\/sa\u00edda<\/td>\n<td>A\u00e7o de liga 42CrMo<\/td>\n<\/tr>\n<tr>\n<td>Dureza do eixo de entrada\/sa\u00edda<\/td>\n<td>HRC25~30<\/td>\n<\/tr>\n<tr>\n<td>Precis\u00e3o de usinagem de engrenagens<\/td>\n<td>Moagem precisa, grau 6~5<\/td>\n<\/tr>\n<tr>\n<td>\u00d3leo lubrificante<\/td>\n<td>GB L-CKC220-460, Concha Omala220-460<\/td>\n<\/tr>\n<tr>\n<td>Tratamento t\u00e9rmico<\/td>\n<td>Temperamento, cimenta\u00e7\u00e3o, t\u00eampera, etc.<\/td>\n<\/tr>\n<tr>\n<td>Efici\u00eancia<\/td>\n<td>94%~96% (depende do est\u00e1gio de transmiss\u00e3o)<\/td>\n<\/tr>\n<tr>\n<td>Ru\u00eddo (M\u00c1X.)<\/td>\n<td>60~68 dB<\/td>\n<\/tr>\n<tr>\n<td>Aumento de temperatura (M\u00c1X.)<\/td>\n<td>40??C<\/td>\n<\/tr>\n<tr>\n<td>Aumento de temperatura (\u00f3leo) (M\u00c1X.)<\/td>\n<td>50??C<\/td>\n<\/tr>\n<tr>\n<td>Vibra\u00e7\u00e3o<\/td>\n<td>??20?m<\/td>\n<\/tr>\n<tr>\n<td>Retalia\u00e7\u00e3o<\/td>\n<td>??20 minutos de arco<\/td>\n<\/tr>\n<\/tbody>\n<\/table>\n<table border=\"1\" cellspacing=\"0\" cellpadding=\"0\">\n<tbody>\n<tr>\n<td>Tamanho<\/td>\n<td>Di\u00e2metro do eixo s\u00f3lido (mm)<\/td>\n<td>Di\u00e2metro do eixo oco (mm)<\/td>\n<td>Altura central (mm)<\/td>\n<td>Di\u00e2metro do flange de sa\u00edda (mm)<\/td>\n<td>Pot\u00eancia (kw)<\/td>\n<td>Raz\u00e3o<\/td>\n<td>Torque admiss\u00edvel (nm)<\/td>\n<td>Peso (kgs)<\/td>\n<\/tr>\n<tr>\n<td>37<\/td>\n<td>??25k6<\/td>\n<td>??30h7<\/td>\n<td>100<\/td>\n<td>??110\/160<\/td>\n<td>0.18-3.0<\/td>\n<td>5.36-106.38<\/td>\n<td>200<\/td>\n<td>11<\/td>\n<\/tr>\n<tr>\n<td>47<\/td>\n<td>??30k6<\/td>\n<td>??35h7<\/td>\n<td>112<\/td>\n<td>??120\/200<\/td>\n<td>0.18-3.0<\/td>\n<td>5.81-131.87<\/td>\n<td>400<\/td>\n<td>20<\/td>\n<\/tr>\n<tr>\n<td>57<\/td>\n<td>??35k6<\/td>\n<td>??40h7<\/td>\n<td>132<\/td>\n<td>??155\/250<\/td>\n<td>0.18-5.5<\/td>\n<td>6.57-145.14<\/td>\n<td>600<\/td>\n<td>27<\/td>\n<\/tr>\n<tr>\n<td>67<\/td>\n<td>??40k6<\/td>\n<td>??40h7<\/td>\n<td>140<\/td>\n<td>??155\/250<\/td>\n<td>0.18-5.5<\/td>\n<td>7.14-144.79<\/td>\n<td>820<\/td>\n<td>33<\/td>\n<\/tr>\n<tr>\n<td>77<\/td>\n<td>??50k6<\/td>\n<td>??50h7<\/td>\n<td>180<\/td>\n<td>??170\/300<\/td>\n<td>0.37-11.0<\/td>\n<td>7.24-292.18<\/td>\n<td>1550<\/td>\n<td>57<\/td>\n<\/tr>\n<tr>\n<td>87<\/td>\n<td>??60m6<\/td>\n<td>??60h7<\/td>\n<td>212<\/td>\n<td>??215\/350<\/td>\n<td>0.75-22.0<\/td>\n<td>7.19-197.18<\/td>\n<td>2700<\/td>\n<td>85<\/td>\n<\/tr>\n<tr>\n<td>97<\/td>\n<td>??70m6<\/td>\n<td>??70h7<\/td>\n<td>265<\/td>\n<td>??260\/450<\/td>\n<td>1.1-30.0<\/td>\n<td>8.95-176.05<\/td>\n<td>4300<\/td>\n<td>130<\/td>\n<\/tr>\n<tr>\n<td>107<\/td>\n<td>??90m6<\/td>\n<td>??90h7<\/td>\n<td>315<\/td>\n<td>??304\/450<\/td>\n<td>3.0-45.0<\/td>\n<td>8.74-141.46<\/td>\n<td>8000<\/td>\n<td>250<\/td>\n<\/tr>\n<tr>\n<td>127<\/td>\n<td>??110m6<\/td>\n<td>??100h7<\/td>\n<td>375<\/td>\n<td>??350\/550<\/td>\n<td>7.5-90.0<\/td>\n<td>8.68-146.07<\/td>\n<td>13000<\/td>\n<td>380<\/td>\n<\/tr>\n<tr>\n<td>157<\/td>\n<td>??120m6<\/td>\n<td>??120m6<\/td>\n<td>450<\/td>\n<td>??400\/660<\/td>\n<td>11.0-160.0<\/td>\n<td>12.65-150.41<\/td>\n<td>18000<\/td>\n<td>610<\/td>\n<\/tr>\n<tr>\n<td>167<\/td>\n<td>??160m6<\/td>\n<td>??160m6<\/td>\n<td>500<\/td>\n<td>??800<\/td>\n<td>11.0-200.0<\/td>\n<td>17.28-163.91<\/td>\n<td>32000<\/td>\n<td>1015<\/td>\n<\/tr>\n<tr>\n<td>187<\/td>\n<td>??190m6<\/td>\n<td>??190m6<\/td>\n<td>600<\/td>\n<td>??800<\/td>\n<td>18.5-200.0<\/td>\n<td>17.27-180.78<\/td>\n<td>50000<\/td>\n<td>1700<\/td>\n<\/tr>\n<\/tbody>\n<\/table>\n<p><img loading=\"lazy\" decoding=\"async\" class=\"alignleft size-full wp-image-380226\" src=\"https:\/\/www.ever-power.net\/wp-content\/uploads\/2022\/06\/Conduit-box-position.jpg\" sizes=\"(min-width: 0px) and (max-width: 480px) 480px, (min-width: 481px) and (max-width: 980px) 980px, (min-width: 981px) 1000px, 100vw\" srcset=\"\/\/www.ever-power.net\/wp-content\/uploads\/2022\/06\/Conduit-box-position.jpg 1000w, \/\/www.ever-power.net\/wp-content\/uploads\/2022\/06\/Conduit-box-position-980x300.jpg 980w, \/\/www.ever-power.net\/wp-content\/uploads\/2022\/06\/Conduit-box-position-480x147.jpg 480w\" alt=\"\" width=\"1000\" height=\"306\" \/><img loading=\"lazy\" decoding=\"async\" class=\"alignleft size-full wp-image-380227\" src=\"https:\/\/www.ever-power.net\/wp-content\/uploads\/2022\/06\/Mount-position.jpg\" sizes=\"(min-width: 0px) and (max-width: 480px) 480px, (min-width: 481px) and (max-width: 980px) 980px, (min-width: 981px) 1000px, 100vw\" srcset=\"\/\/www.ever-power.net\/wp-content\/uploads\/2022\/06\/Mount-position.jpg 1000w, \/\/www.ever-power.net\/wp-content\/uploads\/2022\/06\/Mount-position-980x479.jpg 980w, \/\/www.ever-power.net\/wp-content\/uploads\/2022\/06\/Mount-position-480x235.jpg 480w\" alt=\"\" width=\"1000\" height=\"489\" \/><\/p>\n<p>Nossa empresa fornece uma ampla sele\u00e7\u00e3o de redutores para aplica\u00e7\u00f5es em controle de movimento e transmiss\u00e3o mec\u00e2nica. Oferecemos caixas de engrenagens planet\u00e1rias de precis\u00e3o em linha, caixas de engrenagens planet\u00e1rias de \u00e2ngulo reto, caixas de engrenagens de servomotor de \u00e2ngulo reto de 90 graus, caixas de engrenagens de acionamento harm\u00f4nico, redutores RV para rob\u00f4s, cremalheiras e pinh\u00f5es de precis\u00e3o de solo, servomotores, motores de passo, motores sem escova, redutores de engrenagem sem-fim, motores de engrenagem, macacos de parafuso, engrenagens de dire\u00e7\u00e3o e outras caixas de engrenagens e acess\u00f3rios redutores relacionados. Tamb\u00e9m fornecemos servi\u00e7o personalizado de acordo com suas necessidades. Nossos produtos apresentam baixa folga, alta efici\u00eancia e baixo ru\u00eddo. Tamb\u00e9m oferecemos garantia de um ano e servi\u00e7o p\u00f3s-venda vital\u00edcio. <\/p>\n<h2>Por que nos escolher?<\/h2>\n<ol>\n<li><strong>Ampla sele\u00e7\u00e3o de redutores:<\/strong> Nossa empresa oferece uma ampla gama de solu\u00e7\u00f5es padr\u00e3o e personalizadas para aplica\u00e7\u00f5es em controle de movimento e transmiss\u00e3o mec\u00e2nica. <\/li>\n<li><strong>Pre\u00e7o atrativo e qualidade de marca superior:<\/strong> Oferecemos aos nossos clientes pre\u00e7os atrativos com boa qualidade, e todas as servo-redutoras produzidas pela nossa famosa marca s\u00e3o rigorosamente inspecionadas e testadas antes de sa\u00edrem da f\u00e1brica.<\/li>\n<li><strong>Suporte t\u00e9cnico profissional completo:<\/strong> Temos uma equipe t\u00e9cnica profissional para atend\u00ea-lo e oferecemos suporte t\u00e9cnico 24 horas caso voc\u00ea tenha quaisquer outros problemas que precisem de resolu\u00e7\u00e3o urgente.<\/li>\n<li><strong>Fornecer servi\u00e7o personalizado:<\/strong> Podemos fornecer servi\u00e7os personalizados de acordo com suas necessidades.<\/li>\n<li><strong>Tempo de entrega r\u00e1pido:<\/strong> Para a maioria dos redutores padr\u00e3o, temos estoque suficiente, que pode ser entregue aos clientes em um prazo muito curto.<\/li>\n<li><strong>Profissional:<\/strong> Somos um dos principais fabricantes de caixas de engrenagens c\u00f4nicas, fornecedores de produtos mec\u00e2nicos e f\u00e1bricas. Fornecemos caixas de engrenagens de sem-fim de contato angular, caixas de engrenagens planet\u00e1rias e muitos outros produtos.<\/li>\n<\/ol>\n<h2>Outros produtos Neg\u00f3cios<\/h2>\n<p>N\u00f3s fornecemos principalmente v\u00e1rias engrenagens pl\u00e1sticas usadas na ind\u00fastria, como caixas de engrenagens agr\u00edcolas, eixos de sa\u00edda de pot\u00eancia, rodas dentadas, acoplamentos de fluido, redutores de engrenagem sem-fim, engrenagens e cremalheiras, correntes destac\u00e1veis, polias e polias, caixas de engrenagens planet\u00e1rias, polias de sincroniza\u00e7\u00e3o, buchas e muito mais. Nossos produtos de alta qualidade, pre\u00e7os favor\u00e1veis e servi\u00e7os atenciosos ganharam alto reconhecimento e avalia\u00e7\u00e3o de nossos clientes em todo o mundo. Damos as boas-vindas aos clientes para virem para o desenho ou personaliza\u00e7\u00e3o de amostra.<\/p>\n<h2>Perguntas e respostas<\/h2>\n<ol>\n<li>Quais s\u00e3o as vantagens das caixas de engrenagens c\u00f4nicas helicoidais?<\/li>\n<li>Quais s\u00e3o as principais aplica\u00e7\u00f5es das caixas de engrenagens c\u00f4nicas helicoidais?<\/li>\n<li>Quais s\u00e3o os dados t\u00e9cnicos das caixas de engrenagens c\u00f4nicas helicoidais?<\/li>\n<li>Como instalar, manter e reparar caixas de engrenagens c\u00f4nicas helicoidais?<\/li>\n<li>Quais outros produtos a empresa fornece?<\/li>\n<\/ol>","protected":false},"excerpt":{"rendered":"<p>Helical Bevel Gearboxes Apply In Plastic Machinery Helical bevel gearboxes are widely used in plastic machinery due to their high modular design, stable transmission, low noise, good sealing, high efficiency and power saving, cost-saving, and low maintenance. These gearboxes can apply to various industries such as ports and shipping, lifting and transporting, electricity, coal mining, [&hellip;]<\/p>","protected":false},"featured_media":3293,"template":"","meta":{"_et_pb_use_builder":"","_et_pb_old_content":"","_et_gb_content_width":""},"product_brand":[],"product_cat":[11285],"product_tag":[],"class_list":{"0":"post-3294","1":"product","2":"type-product","3":"status-publish","4":"has-post-thumbnail","6":"product_cat-bevel-gearbox","8":"first","9":"instock","10":"shipping-taxable","11":"product-type-simple"},"_links":{"self":[{"href":"https:\/\/agricultural-gear-boxes.com\/pt\/wp-json\/wp\/v2\/product\/3294","targetHints":{"allow":["GET"]}}],"collection":[{"href":"https:\/\/agricultural-gear-boxes.com\/pt\/wp-json\/wp\/v2\/product"}],"about":[{"href":"https:\/\/agricultural-gear-boxes.com\/pt\/wp-json\/wp\/v2\/types\/product"}],"wp:featuredmedia":[{"embeddable":true,"href":"https:\/\/agricultural-gear-boxes.com\/pt\/wp-json\/wp\/v2\/media\/3293"}],"wp:attachment":[{"href":"https:\/\/agricultural-gear-boxes.com\/pt\/wp-json\/wp\/v2\/media?parent=3294"}],"wp:term":[{"taxonomy":"product_brand","embeddable":true,"href":"https:\/\/agricultural-gear-boxes.com\/pt\/wp-json\/wp\/v2\/product_brand?post=3294"},{"taxonomy":"product_cat","embeddable":true,"href":"https:\/\/agricultural-gear-boxes.com\/pt\/wp-json\/wp\/v2\/product_cat?post=3294"},{"taxonomy":"product_tag","embeddable":true,"href":"https:\/\/agricultural-gear-boxes.com\/pt\/wp-json\/wp\/v2\/product_tag?post=3294"}],"curies":[{"name":"wp","href":"https:\/\/api.w.org\/{rel}","templated":true}]}}