{"id":3317,"date":"2024-08-21T05:28:08","date_gmt":"2024-08-21T05:28:08","guid":{"rendered":"https:\/\/agricultural-gear-boxes.com\/product\/swing-gearbox-fit-for-excavator-komatsu-pc300-7\/"},"modified":"2024-08-21T05:28:08","modified_gmt":"2024-08-21T05:28:08","slug":"swing-gearbox-fit-for-excavator-komatsu-pc300-7","status":"publish","type":"product","link":"https:\/\/agricultural-gear-boxes.com\/pt\/product\/swing-gearbox-fit-for-excavator-komatsu-pc300-7\/","title":{"rendered":"Caixa de engrenagens de giro adequada para escavadeira Komatsu PC300-7"},"content":{"rendered":"<h1>Caixa de engrenagens de giro adequada para escavadeira Komatsu PC300-7<\/h1>\n<h2>Atualize sua escavadeira com caixa de engrenagens oscilante de alta qualidade<\/h2>\n<p>\nSwing gearbox is an essential part of an excavator&#8217;s hydraulic system and plays a critical role in transferring hydraulic power to the slewing ring, controlling rotational motion, providing a constant speed during operation, and protecting the engine&#8217;s hydraulic system from overloading. Our swing gearbox is a perfect fit for the Excavator Komatsu PC300-7, designed to optimize your machine&#8217;s performance, durability, and efficiency.\n<\/p>\n<h2>Hist\u00f3ria e classifica\u00e7\u00e3o da caixa de engrenagens de oscila\u00e7\u00e3o<\/h2>\n<p>\nCaixas de engrenagens de giro est\u00e3o em uso h\u00e1 mais de um s\u00e9culo, com os primeiros modelos controlados manualmente e os modelos posteriores utilizando energia hidr\u00e1ulica para controlar a rota\u00e7\u00e3o. Hoje, as caixas de engrenagens de giro modernas s\u00e3o classificadas com base em seu design, incluindo tipos de engrenagem c\u00f4nica, engrenagem planet\u00e1ria e engrenagem sem-fim. Nossa caixa de engrenagens de giro \u00e9 um tipo de engrenagem planet\u00e1ria com um design compacto, alta densidade de torque e baixos n\u00edveis de ru\u00eddo.\n<\/p>\n<h2>Vantagens da nossa caixa de engrenagens de giro<\/h2>\n<ul>\n<li>Materiais de alta qualidade para maior vida \u00fatil e durabilidade<\/li>\n<li>Design ideal para alta capacidade de torque e baixos n\u00edveis de ru\u00eddo<\/li>\n<li>Compat\u00edvel com uma variedade de marcas e modelos de escavadeiras<\/li>\n<li>F\u00e1cil instala\u00e7\u00e3o, manuten\u00e7\u00e3o e reparo<\/li>\n<li>Pre\u00e7o favor\u00e1vel e excelente servi\u00e7o p\u00f3s-venda<\/li>\n<\/ul>\n<h2>Instala\u00e7\u00e3o, Manuten\u00e7\u00e3o e Reparo<\/h2>\n<p>\nA instala\u00e7\u00e3o da nossa caixa de engrenagens de giro \u00e9 um processo simples que pode ser conclu\u00eddo usando ferramentas e equipamentos padr\u00e3o. Para garantir desempenho e vida \u00fatil ideais, \u00e9 necess\u00e1ria manuten\u00e7\u00e3o regular, incluindo verifica\u00e7\u00e3o do n\u00edvel de \u00f3leo da caixa de engrenagens, troca do \u00f3leo da caixa de engrenagens a cada 500 horas de opera\u00e7\u00e3o, manuten\u00e7\u00e3o da caixa de engrenagens e sua \u00e1rea ao redor limpas e inspe\u00e7\u00e3o da caixa de engrenagens para quaisquer sinais de desgaste ou danos. Em caso de avaria, nossa caixa de engrenagens de giro \u00e9 f\u00e1cil de consertar e substituir, com pe\u00e7as de reposi\u00e7\u00e3o prontamente dispon\u00edveis.\n<\/p>\n<h2>Marcas e modelos de escavadeiras compat\u00edveis<\/h2>\n<p>\nIn addition to the Komatsu PC300-7, our swing gearbox is also compatible with a variety of excavator brands and models, including Caterpillar 320D, Hitachi EX200-5, and Volvo EC210B, among others. We offer a range of compatible swing gearboxes for customers&#8217; convenience in selecting a product that works with their excavator.\n<\/p>\n<h2>Sobre nossa empresa<\/h2>\n<p>\nSomos um fabricante dedicado de pe\u00e7as de reposi\u00e7\u00e3o de m\u00e1quinas de engenharia de alta qualidade, especializado em conjuntos de desacelera\u00e7\u00e3o de caminhada, conjuntos de desacelera\u00e7\u00e3o de giro, engrenagens, an\u00e9is de engrenagem, eixos de transmiss\u00e3o, engrenagens planet\u00e1rias e muito mais. Nossa empresa possui equipamentos de produ\u00e7\u00e3o avan\u00e7ados e excelente tecnologia de processamento, com uma equipe de design de produ\u00e7\u00e3o e marketing de alta qualidade. Produzimos mais de 12.000 tipos de pe\u00e7as de mecanismo de transmiss\u00e3o para escavadeiras e tratores de esteira, adequadas para mais de 599 modelos.\n<\/p>\n<p>\nAl\u00e9m da nossa caixa de engrenagens de giro, tamb\u00e9m fornecemos v\u00e1rias engrenagens de pl\u00e1stico usadas na ind\u00fastria, como caixas de engrenagens agr\u00edcolas, eixos de sa\u00edda de pot\u00eancia, rodas dentadas, acoplamentos de fluido, redutores de engrenagem sem-fim, engrenagens e cremalheiras, correntes destac\u00e1veis, polias e polias, caixas de engrenagens planet\u00e1rias, polias de sincroniza\u00e7\u00e3o, buchas e muito mais. Nossos produtos s\u00e3o de alta qualidade, com pre\u00e7os competitivos e apoiados por um excelente servi\u00e7o p\u00f3s-venda. Damos as boas-vindas aos clientes para virem at\u00e9 n\u00f3s para desenho ou personaliza\u00e7\u00e3o de amostra.\n<\/p>\n<h2>Perguntas e respostas<\/h2>\n<h3>1. Como funciona uma caixa de engrenagens oscilante?<\/h3>\n<p>\nA swing gearbox works by receiving hydraulic power from the engine&#8217;s hydraulic system and transferring it to the slewing ring, which makes the excavator rotate.\n<\/p>\n<h3>2. Quais s\u00e3o os sinais de que uma nova caixa de engrenagens de giro \u00e9 necess\u00e1ria?<\/h3>\n<ul>\n<li>Ru\u00eddos incomuns vindos da caixa de velocidades<\/li>\n<li>Dificuldade em girar a escavadeira<\/li>\n<li>Vazamentos de fluido da caixa de engrenagens<\/li>\n<li>Aumento da temperatura do fluido hidr\u00e1ulico<\/li>\n<\/ul>\n<h3>3. Quais s\u00e3o as vantagens da sua caixa de engrenagens de giro?<\/h3>\n<ul>\n<li>Materiais de alta qualidade para maior vida \u00fatil e durabilidade<\/li>\n<li>Design ideal para alta capacidade de torque e baixos n\u00edveis de ru\u00eddo<\/li>\n<li>Compat\u00edvel com uma variedade de marcas e modelos de escavadeiras<\/li>\n<li>F\u00e1cil instala\u00e7\u00e3o, manuten\u00e7\u00e3o e reparo<\/li>\n<li>Pre\u00e7o favor\u00e1vel e excelente servi\u00e7o p\u00f3s-venda<\/li>\n<\/ul>\n<h3>4. Como instalo a caixa de engrenagens de giro?<\/h3>\n<p>\nInstalar nossa caixa de engrenagens de giro \u00e9 um processo simples que pode ser conclu\u00eddo usando ferramentas e equipamentos padr\u00e3o. Consulte nosso manual de instala\u00e7\u00e3o para obter instru\u00e7\u00f5es detalhadas.\n<\/p>\n<h3>5. Quais outros produtos sua empresa fornece?<\/h3>\n<p>\nAl\u00e9m da nossa caixa de engrenagens de giro, fornecemos v\u00e1rias engrenagens de pl\u00e1stico usadas na ind\u00fastria, como caixas de engrenagens agr\u00edcolas, eixos de sa\u00edda de pot\u00eancia, rodas dentadas, acoplamentos de fluido, redutores de engrenagem sem-fim, engrenagens e cremalheiras, correntes destac\u00e1veis, polias e polias, caixas de engrenagens planet\u00e1rias, polias de sincroniza\u00e7\u00e3o, buchas e muito mais. Visite nosso site para obter mais informa\u00e7\u00f5es.<\/p>","protected":false},"excerpt":{"rendered":"<p>Swing Gearbox Fit for Excavator Komatsu PC300-7 Upgrade Your Excavator with High-Quality Swing Gearbox Swing gearbox is an essential part of an excavator&#8217;s hydraulic system and plays a critical role in transferring hydraulic power to the slewing ring, controlling rotational motion, providing a constant speed during operation, and protecting the engine&#8217;s hydraulic system from overloading. [&hellip;]<\/p>","protected":false},"featured_media":3316,"template":"","meta":{"_et_pb_use_builder":"","_et_pb_old_content":"","_et_gb_content_width":""},"product_brand":[],"product_cat":[11286],"product_tag":[],"class_list":{"0":"post-3317","1":"product","2":"type-product","3":"status-publish","4":"has-post-thumbnail","6":"product_cat-swing-gearbox","8":"first","9":"instock","10":"shipping-taxable","11":"product-type-simple"},"_links":{"self":[{"href":"https:\/\/agricultural-gear-boxes.com\/pt\/wp-json\/wp\/v2\/product\/3317","targetHints":{"allow":["GET"]}}],"collection":[{"href":"https:\/\/agricultural-gear-boxes.com\/pt\/wp-json\/wp\/v2\/product"}],"about":[{"href":"https:\/\/agricultural-gear-boxes.com\/pt\/wp-json\/wp\/v2\/types\/product"}],"wp:featuredmedia":[{"embeddable":true,"href":"https:\/\/agricultural-gear-boxes.com\/pt\/wp-json\/wp\/v2\/media\/3316"}],"wp:attachment":[{"href":"https:\/\/agricultural-gear-boxes.com\/pt\/wp-json\/wp\/v2\/media?parent=3317"}],"wp:term":[{"taxonomy":"product_brand","embeddable":true,"href":"https:\/\/agricultural-gear-boxes.com\/pt\/wp-json\/wp\/v2\/product_brand?post=3317"},{"taxonomy":"product_cat","embeddable":true,"href":"https:\/\/agricultural-gear-boxes.com\/pt\/wp-json\/wp\/v2\/product_cat?post=3317"},{"taxonomy":"product_tag","embeddable":true,"href":"https:\/\/agricultural-gear-boxes.com\/pt\/wp-json\/wp\/v2\/product_tag?post=3317"}],"curies":[{"name":"wp","href":"https:\/\/api.w.org\/{rel}","templated":true}]}}