{"id":3353,"date":"2024-08-21T05:38:44","date_gmt":"2024-08-21T05:38:44","guid":{"rendered":"https:\/\/agricultural-gear-boxes.com\/product\/helical-bevel-gears-for-textile-machinery\/"},"modified":"2024-08-21T05:38:45","modified_gmt":"2024-08-21T05:38:45","slug":"helical-bevel-gears-for-textile-machinery","status":"publish","type":"product","link":"https:\/\/agricultural-gear-boxes.com\/pt\/product\/helical-bevel-gears-for-textile-machinery\/","title":{"rendered":"Engrenagens c\u00f4nicas helicoidais para m\u00e1quinas t\u00eaxteis"},"content":{"rendered":"<h2>Engrenagens c\u00f4nicas helicoidais para m\u00e1quinas t\u00eaxteis: engrenagens de alto desempenho de qualidade<\/h2>\n<p>Engrenagens c\u00f4nicas helicoidais s\u00e3o um componente essencial usado em m\u00e1quinas t\u00eaxteis, m\u00e1quinas de impress\u00e3o e m\u00e1quinas de prop\u00f3sito especial (SPMs). Essas engrenagens variam de 10 mm a 110 mm de di\u00e2metro e s\u00e3o adequadas para v\u00e1rias aplica\u00e7\u00f5es. Na Ever-Power, fabricamos Engrenagens c\u00f4nicas helicoidais de alta qualidade que atendem aos padr\u00f5es da ind\u00fastria e atendem \u00e0s necessidades de nossos clientes.<\/p>\n<h3>Hist\u00f3ria das engrenagens c\u00f4nicas helicoidais<\/h3>\n<p>Engrenagens c\u00f4nicas helicoidais est\u00e3o em uso h\u00e1 muitos anos e passaram por v\u00e1rias melhorias para atender aos requisitos da ind\u00fastria. A primeira engrenagem c\u00f4nica helicoidal foi inventada no final do s\u00e9culo XIX e, desde ent\u00e3o, seu design evoluiu continuamente. Engrenagens c\u00f4nicas helicoidais agora est\u00e3o dispon\u00edveis em v\u00e1rios materiais, tamanhos e designs e s\u00e3o amplamente utilizadas em v\u00e1rias aplica\u00e7\u00f5es industriais.<\/p>\n<h3>Vantagens das engrenagens c\u00f4nicas helicoidais<\/h3>\n<p>Engrenagens c\u00f4nicas helicoidais s\u00e3o preferidas por v\u00e1rios motivos. Primeiro, elas produzem menos ru\u00eddo e vibra\u00e7\u00e3o, tornando-as ideais para aplica\u00e7\u00f5es onde os n\u00edveis de ru\u00eddo s\u00e3o uma preocupa\u00e7\u00e3o. Segundo, elas s\u00e3o altamente eficientes e podem transferir energia de forma suave e eficiente. Por fim, elas t\u00eam uma vida \u00fatil mais longa do que outros tipos de engrenagens, tornando-as uma op\u00e7\u00e3o econ\u00f4mica.<\/p>\n<h3>Instala\u00e7\u00e3o, manuten\u00e7\u00e3o e reparo de engrenagens c\u00f4nicas helicoidais<\/h3>\n<p>A instala\u00e7\u00e3o, manuten\u00e7\u00e3o e reparo adequados de engrenagens c\u00f4nicas helicoidais s\u00e3o cruciais para garantir seu desempenho ideal. Durante a instala\u00e7\u00e3o, certifique-se de que as engrenagens estejam corretamente alinhadas e que o padr\u00e3o de contato esteja correto. A manuten\u00e7\u00e3o deve envolver limpeza e lubrifica\u00e7\u00e3o regulares das engrenagens para evitar desgaste. Em caso de reparo, \u00e9 essencial substituir as engrenagens desgastadas por novas para garantir o desempenho ideal.<\/p>\n<h3>Outros produtos fornecidos pela Ever-Power<\/h3>\n<p>A Ever-Power tamb\u00e9m fornece v\u00e1rias engrenagens pl\u00e1sticas usadas na ind\u00fastria, como caixas de engrenagens agr\u00edcolas, eixos de sa\u00edda de pot\u00eancia, rodas dentadas, acoplamentos de fluido, redutores de engrenagem sem-fim, engrenagens e cremalheiras, correntes destac\u00e1veis, polias e polias, caixas de engrenagens planet\u00e1rias, polias de sincroniza\u00e7\u00e3o, buchas e muito mais. Nossos produtos s\u00e3o de alta qualidade e est\u00e3o dispon\u00edveis a um pre\u00e7o razo\u00e1vel.<\/p>\n<h2>Perguntas e respostas<\/h2>\n<p><b>P:<\/b> Para que s\u00e3o utilizadas as engrenagens c\u00f4nicas helicoidais?<br \/>\n<b>UM:<\/b> Engrenagens c\u00f4nicas helicoidais s\u00e3o comumente usadas em m\u00e1quinas t\u00eaxteis, m\u00e1quinas de impress\u00e3o e m\u00e1quinas para fins especiais (SPMs).<\/p>\n<p><b>P:<\/b> Qual \u00e9 a faixa de di\u00e2metro das engrenagens c\u00f4nicas helicoidais?<br \/>\n<b>UM:<\/b> Engrenagens c\u00f4nicas helicoidais variam de 10 mm a 110 mm de di\u00e2metro.<\/p>\n<p><b>P:<\/b> Por que as engrenagens c\u00f4nicas helicoidais s\u00e3o preferidas em aplica\u00e7\u00f5es industriais?<br \/>\n<b>UM:<\/b> Engrenagens c\u00f4nicas helicoidais s\u00e3o preferidas porque produzem menos ru\u00eddo e vibra\u00e7\u00e3o, s\u00e3o altamente eficientes e t\u00eam uma vida \u00fatil mais longa do que outros tipos de engrenagens.<\/p>\n<p><b>P:<\/b> Qual \u00e9 a import\u00e2ncia da instala\u00e7\u00e3o correta de engrenagens c\u00f4nicas helicoidais?<br \/>\n<b>UM:<\/b> A instala\u00e7\u00e3o adequada de Engrenagens C\u00f4nicas Helicoidais \u00e9 crucial para garantir seu desempenho ideal. O alinhamento correto e o padr\u00e3o de contato garantem que as engrenagens funcionem corretamente.<\/p>\n<p><b>P:<\/b> Quais outros produtos a Ever-Power fornece?<br \/>\n<b>UM:<\/b> A Ever-Power fornece uma variedade de engrenagens pl\u00e1sticas usadas na ind\u00fastria, como caixas de engrenagens agr\u00edcolas, eixos de sa\u00edda de pot\u00eancia, rodas dentadas, acoplamentos de fluido, redutores de engrenagem sem-fim, engrenagens e cremalheiras, correntes destac\u00e1veis, polias e polias, caixas de engrenagens planet\u00e1rias, polias de sincroniza\u00e7\u00e3o, buchas e muito mais.<\/p>","protected":false},"excerpt":{"rendered":"<p>Helical Bevel Gears For Textile Machinery: High-Quality Performance Gears Helical Bevel Gears are an essential component used in textile machines, printing machines, and Special Purpose Machines (SPMs). These gears range from 10mm to 110mm in diameter and are suitable for various applications. At Ever-Power, we manufacture high-quality Helical Bevel Gears that meet industry standards and [&hellip;]<\/p>","protected":false},"featured_media":3352,"template":"","meta":{"_et_pb_use_builder":"","_et_pb_old_content":"","_et_gb_content_width":""},"product_brand":[],"product_cat":[11287],"product_tag":[],"class_list":{"0":"post-3353","1":"product","2":"type-product","3":"status-publish","4":"has-post-thumbnail","6":"product_cat-bevel-gear","8":"first","9":"instock","10":"shipping-taxable","11":"product-type-simple"},"_links":{"self":[{"href":"https:\/\/agricultural-gear-boxes.com\/pt\/wp-json\/wp\/v2\/product\/3353","targetHints":{"allow":["GET"]}}],"collection":[{"href":"https:\/\/agricultural-gear-boxes.com\/pt\/wp-json\/wp\/v2\/product"}],"about":[{"href":"https:\/\/agricultural-gear-boxes.com\/pt\/wp-json\/wp\/v2\/types\/product"}],"wp:featuredmedia":[{"embeddable":true,"href":"https:\/\/agricultural-gear-boxes.com\/pt\/wp-json\/wp\/v2\/media\/3352"}],"wp:attachment":[{"href":"https:\/\/agricultural-gear-boxes.com\/pt\/wp-json\/wp\/v2\/media?parent=3353"}],"wp:term":[{"taxonomy":"product_brand","embeddable":true,"href":"https:\/\/agricultural-gear-boxes.com\/pt\/wp-json\/wp\/v2\/product_brand?post=3353"},{"taxonomy":"product_cat","embeddable":true,"href":"https:\/\/agricultural-gear-boxes.com\/pt\/wp-json\/wp\/v2\/product_cat?post=3353"},{"taxonomy":"product_tag","embeddable":true,"href":"https:\/\/agricultural-gear-boxes.com\/pt\/wp-json\/wp\/v2\/product_tag?post=3353"}],"curies":[{"name":"wp","href":"https:\/\/api.w.org\/{rel}","templated":true}]}}