{"id":3367,"date":"2024-08-21T05:38:57","date_gmt":"2024-08-21T05:38:57","guid":{"rendered":"https:\/\/agricultural-gear-boxes.com\/product\/90-degree-bevel-gears\/"},"modified":"2024-08-21T05:38:57","modified_gmt":"2024-08-21T05:38:57","slug":"90-degree-bevel-gears","status":"publish","type":"product","link":"https:\/\/agricultural-gear-boxes.com\/pt\/product\/90-degree-bevel-gears\/","title":{"rendered":"Engrenagens c\u00f4nicas de 90 graus"},"content":{"rendered":"<h2>Engrenagens c\u00f4nicas de 90 graus: uma solu\u00e7\u00e3o vers\u00e1til e eficiente para transmiss\u00e3o de pot\u00eancia<\/h2>\n<p>Procurando uma solu\u00e7\u00e3o compacta e que economize espa\u00e7o para transmitir pot\u00eancia entre eixos que se cruzam em um \u00e2ngulo reto? N\u00e3o procure mais do que engrenagens c\u00f4nicas de 90 graus. Essas engrenagens apresentam dentes em formato c\u00f4nico que s\u00e3o cortados em suas superf\u00edcies externas, permitindo a transmiss\u00e3o de movimento rotacional entre dois eixos posicionados em um \u00e2ngulo de 90 graus. <\/p>\n<p>Engrenagens c\u00f4nicas de 90 graus s\u00e3o capazes de acomodar uma ampla gama de requisitos de torque e velocidade, tornando-as uma solu\u00e7\u00e3o vers\u00e1til para v\u00e1rias aplica\u00e7\u00f5es industriais. Ao alterar o n\u00famero de dentes em cada engrenagem, a rela\u00e7\u00e3o de engrenagem de um sistema de engrenagem c\u00f4nica de 90 graus pode ser ajustada para atender a requisitos espec\u00edficos de velocidade e torque. Al\u00e9m disso, essas engrenagens oferecem opera\u00e7\u00e3o suave e silenciosa, tornando-as adequadas para aplica\u00e7\u00f5es onde a redu\u00e7\u00e3o de ru\u00eddo \u00e9 importante.<\/p>\n<h3>Vantagens das engrenagens c\u00f4nicas de 90 graus:<\/h3>\n<ul>\n<li>Design compacto: engrenagens c\u00f4nicas de 90 graus oferecem uma solu\u00e7\u00e3o que economiza espa\u00e7o para transmitir pot\u00eancia entre eixos perpendiculares entre si.<\/li>\n<li>Transmiss\u00e3o de pot\u00eancia eficiente: Eles fornecem transmiss\u00e3o de pot\u00eancia eficiente com perda m\u00ednima de energia devido ao engate preciso dos dentes e alta efici\u00eancia de engrenamento das engrenagens.<\/li>\n<li>Opera\u00e7\u00e3o suave: engrenagens c\u00f4nicas de 90 graus oferecem opera\u00e7\u00e3o suave e silenciosa, tornando-as adequadas para aplica\u00e7\u00f5es onde a redu\u00e7\u00e3o de ru\u00eddo \u00e9 importante.<\/li>\n<li>Versatilidade: Eles podem acomodar uma ampla gama de requisitos de torque e velocidade, tornando-os vers\u00e1teis para diversas aplica\u00e7\u00f5es industriais.<\/li>\n<li>Rela\u00e7\u00f5es de transmiss\u00e3o ajust\u00e1veis: alterando o n\u00famero de dentes em cada engrenagem, a rela\u00e7\u00e3o de transmiss\u00e3o de um sistema de engrenagens c\u00f4nicas de 90 graus pode ser ajustada para atender a requisitos espec\u00edficos de velocidade e torque.<\/li>\n<li>Preciso e exato: Essas engrenagens s\u00e3o capazes de fornecer controle de movimento preciso e exato, tornando-as adequadas para aplica\u00e7\u00f5es que exigem alta precis\u00e3o posicional.<\/li>\n<li>Alta capacidade de carga: engrenagens c\u00f4nicas de 90 graus podem suportar altas cargas e transmitir pot\u00eancia de forma eficiente, tornando-as adequadas para aplica\u00e7\u00f5es pesadas.<\/li>\n<li>Efici\u00eancia mec\u00e2nica: Possuem alta efici\u00eancia mec\u00e2nica, garantindo perda m\u00ednima de pot\u00eancia durante a transmiss\u00e3o, o que se traduz em melhor efici\u00eancia geral do sistema.<\/li>\n<li>Ampla gama de aplica\u00e7\u00f5es: engrenagens c\u00f4nicas de 90 graus encontram aplica\u00e7\u00f5es em v\u00e1rios setores, incluindo automotivo, aeroespacial, rob\u00f3tica, m\u00e1quinas e sistemas de transmiss\u00e3o de energia.<\/li>\n<li>Facilidade de manuten\u00e7\u00e3o: s\u00e3o relativamente f\u00e1ceis de instalar, inspecionar e manter, contribuindo para reduzir o tempo de inatividade e aumentar a confiabilidade operacional.<\/li>\n<\/ul>\n<h3>Aplica\u00e7\u00f5es de engrenagens c\u00f4nicas de 90 graus:<\/h3>\n<ul>\n<li>M\u00e1quinas e equipamentos: usados em m\u00e1quinas-ferramentas, impressoras, m\u00e1quinas de embalagem e transportadores para transmitir pot\u00eancia e movimento em \u00e2ngulos retos.<\/li>\n<li>Ind\u00fastria automotiva: Utilizada em diferenciais automotivos, unidades de tomada de for\u00e7a e sistemas de dire\u00e7\u00e3o para mudar a dire\u00e7\u00e3o do movimento.<\/li>\n<li>Rob\u00f3tica: Usado em articula\u00e7\u00f5es de bra\u00e7os rob\u00f3ticos e manipuladores para transmitir energia de forma eficiente em \u00e2ngulos retos.<\/li>\n<li>Aeroespacial: encontre aplica\u00e7\u00f5es em sistemas de trem de pouso de aeronaves, acionamentos de acess\u00f3rios de motor e transmiss\u00f5es de aeronaves rotativas.<\/li>\n<li>Sistemas de transmiss\u00e3o de pot\u00eancia: usados em caixas de c\u00e2mbio, redutores de velocidade e sistemas de transmiss\u00e3o para redirecionar a pot\u00eancia e alterar a dire\u00e7\u00e3o da rota\u00e7\u00e3o.<\/li>\n<li>Misturadores Industriais: Empregados em misturadores e agitadores industriais de alta resist\u00eancia para opera\u00e7\u00f5es de mistura e agita\u00e7\u00e3o.<\/li>\n<li>M\u00e1quinas-ferramentas: Usadas em fresadoras, tornos e furadeiras para transmitir pot\u00eancia em \u00e2ngulos retos para opera\u00e7\u00f5es de corte e modelagem.<\/li>\n<li>Aplica\u00e7\u00f5es mar\u00edtimas: podem ser utilizadas em sistemas de propuls\u00e3o mar\u00edtima, mecanismos de dire\u00e7\u00e3o e guinchos.<\/li>\n<li>Equipamentos agr\u00edcolas: Utilizados em m\u00e1quinas agr\u00edcolas, como tratores e colheitadeiras, para transmiss\u00e3o de pot\u00eancia e mudan\u00e7as de dire\u00e7\u00e3o.<\/li>\n<li>Equipamentos m\u00e9dicos: podem ser encontrados em dispositivos de imagem m\u00e9dica, sistemas de cirurgia rob\u00f3tica e instrumentos de precis\u00e3o para controle preciso de movimento.<\/li>\n<\/ul>\n<h3>Como selecionar a engrenagem c\u00f4nica de 90 graus correta:<\/h3>\n<ol>\n<li>Identifique os Requisitos da Aplica\u00e7\u00e3o: Entenda os requisitos espec\u00edficos da sua aplica\u00e7\u00e3o, incluindo torque, velocidade, condi\u00e7\u00f5es operacionais e limita\u00e7\u00f5es de espa\u00e7o. Determine a rela\u00e7\u00e3o de engrenagem desejada e as orienta\u00e7\u00f5es do eixo de entrada e sa\u00edda.<\/li>\n<li>Considere o design da engrenagem e o perfil do dente: Avalie diferentes designs de engrenagem e perfis de dente com base em fatores como capacidade de carga, efici\u00eancia, n\u00edvel de ru\u00eddo e requisitos de folga. Escolha um design que se alinhe \u00e0s necessidades da sua aplica\u00e7\u00e3o.<\/li>\n<li>Sele\u00e7\u00e3o de material: considere as op\u00e7\u00f5es de material para as engrenagens com base em fatores como capacidade de carga, durabilidade e compatibilidade com o ambiente operacional. Materiais comuns incluem ligas de a\u00e7o, ferro fundido e ligas n\u00e3o ferrosas.<\/li>\n<li>Tamanho e dimens\u00f5es da engrenagem: determine o tamanho e as dimens\u00f5es da engrenagem apropriados com base no espa\u00e7o dispon\u00edvel e nas dist\u00e2ncias do centro do eixo. Garanta a compatibilidade com os componentes do sistema existentes ou planejados.<\/li>\n<li>Capacidade de carga e classifica\u00e7\u00e3o de torque: Calcule ou estime os requisitos m\u00e1ximos de torque e carga da sua aplica\u00e7\u00e3o. Escolha uma engrenagem com capacidade de carga e classifica\u00e7\u00e3o de torque que exceda as condi\u00e7\u00f5es operacionais esperadas para garantir confiabilidade e longevidade.<\/li>\n<li>Efici\u00eancia e rela\u00e7\u00e3o de transmiss\u00e3o: Avalie a efici\u00eancia do sistema de transmiss\u00e3o e determine a rela\u00e7\u00e3o de transmiss\u00e3o necess\u00e1ria para sua aplica\u00e7\u00e3o. Equilibre a velocidade e o torque de sa\u00edda desejados com as considera\u00e7\u00f5es de efici\u00eancia para atingir o desempenho ideal.<\/li>\n<li>Qualidade e Confiabilidade: Selecione engrenagens de fabricantes respeit\u00e1veis, conhecidos por produzir produtos de alta qualidade. Considere fatores como fabrica\u00e7\u00e3o de precis\u00e3o, desempenho consistente e perfis de dentes de engrenagem confi\u00e1veis.<\/li>\n<li>Requisitos Espec\u00edficos da Aplica\u00e7\u00e3o: Leve em considera\u00e7\u00e3o quaisquer requisitos espec\u00edficos da sua aplica\u00e7\u00e3o, como redu\u00e7\u00e3o de ru\u00eddo, resist\u00eancia \u00e0 corros\u00e3o ou certifica\u00e7\u00f5es especiais. Escolha engrenagens que atendam a esses crit\u00e9rios espec\u00edficos.<\/li>\n<li>Considera\u00e7\u00f5es de Custo: Avalie a rela\u00e7\u00e3o custo-efic\u00e1cia das op\u00e7\u00f5es de engrenagem selecionadas comparando fatores como custo inicial, requisitos de manuten\u00e7\u00e3o e expectativa de vida \u00fatil. Equilibre o investimento inicial com confiabilidade e desempenho de longo prazo.<\/li>\n<li>Consulte especialistas: se n\u00e3o tiver certeza ou estiver lidando com aplica\u00e7\u00f5es complexas, procure orienta\u00e7\u00e3o de fabricantes de engrenagens, engenheiros ou especialistas do setor que possam fornecer orienta\u00e7\u00e3o com base em sua experi\u00eancia e conhecimento.<\/li>\n<\/ol>\n<h3>Princ\u00edpio de funcionamento das engrenagens c\u00f4nicas de 90 graus:<\/h3>\n<p>O princ\u00edpio de funcionamento das engrenagens c\u00f4nicas de 90 graus envolve a transfer\u00eancia de movimento rotacional entre dois eixos de intersec\u00e7\u00e3o posicionados em um \u00e2ngulo reto. Essas engrenagens t\u00eam dentes em formato c\u00f4nico que se engrenam para transmitir torque e rota\u00e7\u00e3o. Quando uma engrenagem \u00e9 acionada, os dentes da engrenagem motriz engrenam com os dentes da engrenagem acionada, fazendo com que a engrenagem acionada gire. <\/p>\n<p>O formato c\u00f4nico dos dentes da engrenagem permite uma transfer\u00eancia de pot\u00eancia suave e eficiente. O \u00e2ngulo dos dentes determina a rela\u00e7\u00e3o de engrenagem, e o tamanho e o n\u00famero de dentes em cada engrenagem afetam a velocidade e a sa\u00edda de torque. O engate preciso dos dentes da engrenagem garante uma transmiss\u00e3o de movimento precisa e confi\u00e1vel.<\/p>\n<h3>Instala\u00e7\u00e3o e manuten\u00e7\u00e3o de engrenagens c\u00f4nicas de 90 graus:<\/h3>\n<h4>Instala\u00e7\u00e3o:<\/h4>\n<ol>\n<li>Alinhamento Adequado: Garanta o alinhamento preciso entre os eixos e as engrenagens para evitar desalinhamento e desgaste prematuro. Use ferramentas e t\u00e9cnicas de alinhamento, como indicadores de mostrador e sistemas de alinhamento a laser.<\/li>\n<li>Lubrifica\u00e7\u00e3o: Aplique o lubrificante recomendado aos dentes da engrenagem e rolamentos durante a instala\u00e7\u00e3o. Siga as diretrizes do fabricante para intervalos de lubrifica\u00e7\u00e3o e use lubrificantes de alta qualidade adequados para a aplica\u00e7\u00e3o.<\/li>\n<li>Montagem: Monte as engrenagens com seguran\u00e7a em seus respectivos eixos usando m\u00e9todos de montagem apropriados, como rasgos de chaveta, parafusos de fixa\u00e7\u00e3o ou mecanismos de fixa\u00e7\u00e3o. Certifique-se de que o torque adequado seja aplicado aos fixadores para evitar afrouxamento durante a opera\u00e7\u00e3o.<\/li>\n<li>Verifica\u00e7\u00f5es de Folga: Verifique se h\u00e1 folga suficiente entre as engrenagens e outros componentes para permitir uma rota\u00e7\u00e3o suave e desobstru\u00edda. Verifique se h\u00e1 alguma interfer\u00eancia ou emperramento que possa afetar o desempenho da engrenagem.<\/li>\n<\/ol>\n<h4>Manuten\u00e7\u00e3o:<\/h4>\n<ol>\n<li>Inspe\u00e7\u00e3o regular: Realize inspe\u00e7\u00f5es visuais de rotina para verificar sinais de desgaste, danos ou desalinhamento. Procure por dentes lascados ou desgastados, ru\u00eddo anormal e vibra\u00e7\u00e3o excessiva durante a opera\u00e7\u00e3o.<\/li>\n<li>Manuten\u00e7\u00e3o de Lubrifica\u00e7\u00e3o: Monitore os n\u00edveis e a qualidade do lubrificante regularmente. Siga as recomenda\u00e7\u00f5es do fabricante para substitui\u00e7\u00e3o do lubrificante e realize an\u00e1lises peri\u00f3dicas do \u00f3leo para avaliar as condi\u00e7\u00f5es do lubrificante.<\/li>\n<li>Limpeza: Mantenha as engrenagens limpas de sujeira, detritos e contaminantes que podem acelerar o desgaste. Use m\u00e9todos de limpeza apropriados, como escova\u00e7\u00e3o ou ar comprimido, para remover quaisquer part\u00edculas acumuladas.<\/li>\n<li>Inspe\u00e7\u00e3o de Dentes de Engrenagem: Inspecione periodicamente os dentes de engrenagem para sinais de corros\u00e3o, escoria\u00e7\u00f5es ou desgaste. Use ferramentas de inspe\u00e7\u00e3o de engrenagens, como testadores de perfil de engrenagens ou m\u00e1quinas de medi\u00e7\u00e3o por coordenadas para medi\u00e7\u00f5es precisas.<\/li>\n<li>Verifica\u00e7\u00e3o de Alinhamento: Verifique e ajuste o alinhamento das engrenagens, se necess\u00e1rio, para manter o engrenamento adequado e minimizar o desgaste dos dentes. Realinhe as engrenagens se houver indica\u00e7\u00f5es de desalinhamento durante as inspe\u00e7\u00f5es.<\/li>\n<li>Manuten\u00e7\u00e3o de rolamentos: monitore a condi\u00e7\u00e3o dos rolamentos que suportam as engrenagens. Substitua rolamentos desgastados ou danificados prontamente para evitar falhas nas engrenagens.<\/li>\n<li>Monitoramento de Carga e Desempenho: Monitore o desempenho do sistema de engrenagens, incluindo torque, velocidade e condi\u00e7\u00f5es operacionais. Identifique quaisquer desvios da opera\u00e7\u00e3o normal e investigue e trate as causas raiz.<\/li>\n<\/ol>\n<h2>Outros produtos de engrenagem da EVER POWER<\/h2>\n<p>Al\u00e9m de engrenagens c\u00f4nicas de 90 graus, a EVER POWER oferece uma ampla gama de produtos de engrenagens adequados para v\u00e1rias aplica\u00e7\u00f5es industriais. Isso inclui engrenagem sem-fim, engrenagem c\u00f4nica espiral, engrenagem helicoidal, engrenagem reta, engrenagem pl\u00e1stica, cremalheira m\u00e9trica e muito mais. Os clientes s\u00e3o bem-vindos para perguntar sobre produtos personalizados.<\/p>\n<p>Na EVER POWER, aderimos aos princ\u00edpios de qualidade em primeiro lugar, entrega pontual e cr\u00e9dito em primeiro lugar. Tratamos cada parceiro de neg\u00f3cios com sinceridade e acolhemos de todo o cora\u00e7\u00e3o amigos da comunidade empresarial para cooperar conosco para desenvolvermos juntos e criarmos brilhantismo. Nossos produtos de alta qualidade e custo-efetivos e servi\u00e7os atenciosos conquistaram a confian\u00e7a e a lealdade de clientes em v\u00e1rios setores.<\/p>\n<h2>Perguntas e respostas<\/h2>\n<h4>Q1. Quais s\u00e3o as vantagens das engrenagens c\u00f4nicas de 90 graus?<\/h4>\n<p>Engrenagens c\u00f4nicas de 90 graus oferecem um design compacto, transmiss\u00e3o de pot\u00eancia eficiente, opera\u00e7\u00e3o suave, versatilidade, rela\u00e7\u00f5es de transmiss\u00e3o ajust\u00e1veis, controle de movimento preciso e exato, alta capacidade de carga, efici\u00eancia mec\u00e2nica, ampla gama de aplica\u00e7\u00f5es e facilidade de manuten\u00e7\u00e3o.<\/p>\n<h4>Q2. Quais s\u00e3o as aplica\u00e7\u00f5es das engrenagens c\u00f4nicas de 90 graus?<\/h4>\n<p>Engrenagens c\u00f4nicas de 90 graus encontram aplica\u00e7\u00f5es em v\u00e1rios setores, incluindo m\u00e1quinas e equipamentos, automotivo, rob\u00f3tica, aeroespacial, sistemas de transmiss\u00e3o de energia, misturadores industriais, m\u00e1quinas-ferramentas, aplica\u00e7\u00f5es mar\u00edtimas, equipamentos agr\u00edcolas e equipamentos m\u00e9dicos.<\/p>\n<h4>Q3. Como seleciono a engrenagem c\u00f4nica de 90 graus correta?<\/h4>\n<p>Para selecionar a engrenagem c\u00f4nica de 90 graus correta, identifique os requisitos da aplica\u00e7\u00e3o, considere o design da engrenagem e o perfil do dente, a sele\u00e7\u00e3o do material, o tamanho e as dimens\u00f5es da engrenagem, a capacidade de carga e a classifica\u00e7\u00e3o de torque, a efici\u00eancia e a rela\u00e7\u00e3o de engrenagem, a qualidade e a confiabilidade, os requisitos espec\u00edficos da aplica\u00e7\u00e3o e as considera\u00e7\u00f5es de custo. Se n\u00e3o tiver certeza, consulte os fabricantes de engrenagens, engenheiros ou especialistas do setor para obter orienta\u00e7\u00e3o.<\/p>\n<h4>Q4. Como fa\u00e7o para instalar e manter engrenagens c\u00f4nicas de 90 graus?<\/h4>\n<p>Para instalar engrenagens c\u00f4nicas de 90 graus, garanta o alinhamento, lubrifica\u00e7\u00e3o, montagem e verifica\u00e7\u00f5es de folga adequados. Para mant\u00ea-las, conduza inspe\u00e7\u00f5es regulares, monitore a lubrifica\u00e7\u00e3o, limpe-as de sujeira e detritos, inspecione os dentes da engrenagem, verifique o alinhamento, fa\u00e7a a manuten\u00e7\u00e3o dos rolamentos e monitore a carga e o desempenho.<\/p>\n<h4>Q5. Quais outros produtos de equipamentos a EVER POWER oferece?<\/h4>\n<p>Al\u00e9m de engrenagens c\u00f4nicas de 90 graus, a EVER POWER tamb\u00e9m oferece engrenagens sem-fim, engrenagens c\u00f4nicas espirais, engrenagens helicoidais, engrenagens retas, engrenagens pl\u00e1sticas, cremalheiras m\u00e9tricas e outros produtos de engrenagens personalizados adequados para diversas aplica\u00e7\u00f5es industriais.<\/p>","protected":false},"excerpt":{"rendered":"<p>90 Degree Bevel Gears: A Versatile and Efficient Solution for Power Transmission Looking for a compact and space-saving solution for transmitting power between intersecting shafts at a right angle? Look no further than 90 degree bevel gears. These gears feature conical-shaped teeth that are cut on their outer surfaces, enabling the transmission of rotational motion [&hellip;]<\/p>","protected":false},"featured_media":3366,"template":"","meta":{"_et_pb_use_builder":"","_et_pb_old_content":"","_et_gb_content_width":""},"product_brand":[],"product_cat":[11287],"product_tag":[],"class_list":{"0":"post-3367","1":"product","2":"type-product","3":"status-publish","4":"has-post-thumbnail","6":"product_cat-bevel-gear","8":"first","9":"instock","10":"shipping-taxable","11":"product-type-simple"},"_links":{"self":[{"href":"https:\/\/agricultural-gear-boxes.com\/pt\/wp-json\/wp\/v2\/product\/3367","targetHints":{"allow":["GET"]}}],"collection":[{"href":"https:\/\/agricultural-gear-boxes.com\/pt\/wp-json\/wp\/v2\/product"}],"about":[{"href":"https:\/\/agricultural-gear-boxes.com\/pt\/wp-json\/wp\/v2\/types\/product"}],"wp:featuredmedia":[{"embeddable":true,"href":"https:\/\/agricultural-gear-boxes.com\/pt\/wp-json\/wp\/v2\/media\/3366"}],"wp:attachment":[{"href":"https:\/\/agricultural-gear-boxes.com\/pt\/wp-json\/wp\/v2\/media?parent=3367"}],"wp:term":[{"taxonomy":"product_brand","embeddable":true,"href":"https:\/\/agricultural-gear-boxes.com\/pt\/wp-json\/wp\/v2\/product_brand?post=3367"},{"taxonomy":"product_cat","embeddable":true,"href":"https:\/\/agricultural-gear-boxes.com\/pt\/wp-json\/wp\/v2\/product_cat?post=3367"},{"taxonomy":"product_tag","embeddable":true,"href":"https:\/\/agricultural-gear-boxes.com\/pt\/wp-json\/wp\/v2\/product_tag?post=3367"}],"curies":[{"name":"wp","href":"https:\/\/api.w.org\/{rel}","templated":true}]}}