{"id":3378,"date":"2024-08-21T09:06:43","date_gmt":"2024-08-21T09:06:43","guid":{"rendered":"https:\/\/agricultural-gear-boxes.com\/product\/plastic-spur-gears\/"},"modified":"2024-08-21T09:06:44","modified_gmt":"2024-08-21T09:06:44","slug":"plastic-spur-gears","status":"publish","type":"product","link":"https:\/\/agricultural-gear-boxes.com\/pt\/product\/plastic-spur-gears\/","title":{"rendered":"Engrenagens de pl\u00e1stico"},"content":{"rendered":"<h2>Engrenagens de pl\u00e1stico: a escolha econ\u00f4mica e vers\u00e1til para transmiss\u00e3o de pot\u00eancia e movimento<\/h2>\n<p>Engrenagens de pl\u00e1stico s\u00e3o amplamente utilizadas em v\u00e1rios setores devido \u00e0 sua rela\u00e7\u00e3o custo-benef\u00edcio, versatilidade e facilidade de personaliza\u00e7\u00e3o. Essas engrenagens t\u00eam dentes radiais projetados para transmitir pot\u00eancia e movimento entre dois eixos paralelos, tornando-as ideais para v\u00e1rias aplica\u00e7\u00f5es, como aumento ou redu\u00e7\u00e3o de velocidade, alto torque, resolu\u00e7\u00e3o para sistemas de posicionamento e muito mais. <\/p>\n<p>Apesar de serem feitas de pl\u00e1stico, essas engrenagens s\u00e3o altamente dur\u00e1veis e podem suportar danos qu\u00edmicos e de corros\u00e3o. Elas tamb\u00e9m s\u00e3o mais leves do que engrenagens de metal, tornando-as uma op\u00e7\u00e3o preferida para aplica\u00e7\u00f5es leves. <\/p>\n<h3>Vantagens das engrenagens de pl\u00e1stico<\/h3>\n<ul>\n<li>Facilmente moldados em v\u00e1rios formatos, proporcionando uma ampla gama de configura\u00e7\u00f5es<\/li>\n<li>Custo-benef\u00edcio em compara\u00e7\u00e3o com engrenagens de metal<\/li>\n<li>Mais leve em peso<\/li>\n<li>Resistente a produtos qu\u00edmicos e corros\u00e3o<\/li>\n<li>Opera\u00e7\u00e3o mais silenciosa e suave<\/li>\n<li>Oferecer uma geometria de acionamento mais eficiente<\/li>\n<li>Autolubrifica\u00e7\u00e3o inerente<\/li>\n<\/ul>\n<h3>Materiais usados para engrenagens de pl\u00e1stico<\/h3>\n<p>Os materiais mais comumente usados para engrenagens de pl\u00e1stico s\u00e3o Poliacetal (POM) e Nylon. No entanto, dependendo da aplica\u00e7\u00e3o, outros materiais como Acetal, UHMW e Policarbonato tamb\u00e9m podem ser usados.<\/p>\n<h3>Instala\u00e7\u00e3o, manuten\u00e7\u00e3o e reparo de engrenagens de pl\u00e1stico<\/h3>\n<p>Instalar engrenagens de pl\u00e1stico \u00e9 um processo simples que requer esfor\u00e7o m\u00ednimo. As engrenagens podem ser facilmente fixadas no eixo usando um parafuso de fixa\u00e7\u00e3o ou uma chaveta. \u00c9 recomendado inspecionar regularmente as engrenagens para quaisquer sinais de desgaste e substitu\u00ed-las conforme necess\u00e1rio. <\/p>\n<p>Reparar engrenagens de pl\u00e1stico \u00e9 um processo simples que envolve substituir a engrenagem danificada por uma nova. \u00c9 recomendado consultar um profissional para quaisquer reparos.<\/p>\n<h3>Outros tipos de engrenagens de pl\u00e1stico<\/h3>\n<p>Al\u00e9m das engrenagens de pl\u00e1stico, h\u00e1 outros tipos de engrenagens de pl\u00e1stico dispon\u00edveis no mercado, como engrenagens c\u00f4nicas, engrenagens sem-fim, engrenagens helicoidais, engrenagens de cremalheira e pinh\u00e3o, e muito mais. Essas engrenagens tamb\u00e9m s\u00e3o amplamente utilizadas em v\u00e1rios setores devido \u00e0s suas caracter\u00edsticas e capacidades \u00fanicas.<\/p>\n<h3>Sobre EVER-POWER<\/h3>\n<p>Na EVER-POWER, somos especializados em fornecer uma ampla gama de engrenagens de pl\u00e1stico usadas em ind\u00fastrias como agricultura, transmiss\u00e3o de energia e muito mais. Nossos produtos incluem caixas de engrenagens agr\u00edcolas, eixos de sa\u00edda de energia, rodas dentadas, acoplamentos de fluido, redutores de engrenagem sem-fim, engrenagens e cremalheiras, correntes destac\u00e1veis, polias e polias, caixas de engrenagens planet\u00e1rias, polias de sincroniza\u00e7\u00e3o, buchas e muito mais. Oferecemos produtos de alta qualidade a pre\u00e7os favor\u00e1veis e fornecemos um servi\u00e7o atencioso ao cliente. Tamb\u00e9m fornecemos fabrica\u00e7\u00e3o de engrenagens personalizadas com base em desenhos ou amostras do cliente.<\/p>\n<h2>Perguntas e respostas<\/h2>\n<p>1. As engrenagens de pl\u00e1stico s\u00e3o dur\u00e1veis?<br \/>\n   \u2013 Sim, as engrenagens de pl\u00e1stico s\u00e3o altamente dur\u00e1veis e podem suportar danos qu\u00edmicos e corros\u00e3o.<\/p>\n<p>2. Quais materiais s\u00e3o usados em engrenagens retas de pl\u00e1stico?<br \/>\n   \u2013 Os materiais mais comumente usados s\u00e3o Poliacetal (POM) e Nylon. No entanto, outros materiais como Acetal, UHMW e Policarbonato tamb\u00e9m podem ser usados.<\/p>\n<p>3. Como as engrenagens de pl\u00e1stico s\u00e3o instaladas?<br \/>\n   \u2013 Engrenagens de pl\u00e1stico podem ser facilmente fixadas no eixo usando um parafuso de fixa\u00e7\u00e3o ou uma chaveta.<\/p>\n<p>4. Quais s\u00e3o as vantagens de usar engrenagens de pl\u00e1stico em vez de engrenagens de metal?<br \/>\n   \u2013 Engrenagens de pl\u00e1stico s\u00e3o econ\u00f4micas, mais leves, resistentes a produtos qu\u00edmicos e corros\u00e3o, mais silenciosas e suaves na opera\u00e7\u00e3o e oferecem uma geometria de acionamento mais eficiente.<\/p>\n<p>5. A EVER-POWER oferece fabrica\u00e7\u00e3o de equipamentos personalizados?<br \/>\n   \u2013 Sim, fornecemos fabrica\u00e7\u00e3o de engrenagens personalizadas com base em desenhos ou amostras do cliente.<\/p>","protected":false},"excerpt":{"rendered":"<p>Plastic Spur Gears: The Cost-Effective and Versatile Choice for Power and Motion Transmission Plastic spur gears are widely used across various industries due to their cost-effectiveness, versatility, and ease of customization. These gears have radial teeth designed to transmit power and motion between two parallel axes, making them ideal for various applications such as speed [&hellip;]<\/p>","protected":false},"featured_media":3377,"template":"","meta":{"_et_pb_use_builder":"","_et_pb_old_content":"","_et_gb_content_width":""},"product_brand":[],"product_cat":[11288],"product_tag":[],"class_list":{"0":"post-3378","1":"product","2":"type-product","3":"status-publish","4":"has-post-thumbnail","6":"product_cat-spur-gear","8":"first","9":"instock","10":"shipping-taxable","11":"product-type-simple"},"_links":{"self":[{"href":"https:\/\/agricultural-gear-boxes.com\/pt\/wp-json\/wp\/v2\/product\/3378","targetHints":{"allow":["GET"]}}],"collection":[{"href":"https:\/\/agricultural-gear-boxes.com\/pt\/wp-json\/wp\/v2\/product"}],"about":[{"href":"https:\/\/agricultural-gear-boxes.com\/pt\/wp-json\/wp\/v2\/types\/product"}],"wp:featuredmedia":[{"embeddable":true,"href":"https:\/\/agricultural-gear-boxes.com\/pt\/wp-json\/wp\/v2\/media\/3377"}],"wp:attachment":[{"href":"https:\/\/agricultural-gear-boxes.com\/pt\/wp-json\/wp\/v2\/media?parent=3378"}],"wp:term":[{"taxonomy":"product_brand","embeddable":true,"href":"https:\/\/agricultural-gear-boxes.com\/pt\/wp-json\/wp\/v2\/product_brand?post=3378"},{"taxonomy":"product_cat","embeddable":true,"href":"https:\/\/agricultural-gear-boxes.com\/pt\/wp-json\/wp\/v2\/product_cat?post=3378"},{"taxonomy":"product_tag","embeddable":true,"href":"https:\/\/agricultural-gear-boxes.com\/pt\/wp-json\/wp\/v2\/product_tag?post=3378"}],"curies":[{"name":"wp","href":"https:\/\/api.w.org\/{rel}","templated":true}]}}