{"id":3384,"date":"2024-08-21T09:06:46","date_gmt":"2024-08-21T09:06:46","guid":{"rendered":"https:\/\/agricultural-gear-boxes.com\/product\/plastic-double-spur-gears\/"},"modified":"2024-08-21T09:06:47","modified_gmt":"2024-08-21T09:06:47","slug":"plastic-double-spur-gears","status":"publish","type":"product","link":"https:\/\/agricultural-gear-boxes.com\/pt\/product\/plastic-double-spur-gears\/","title":{"rendered":"Engrenagens de pl\u00e1stico de dentes retos duplos"},"content":{"rendered":"<h2>Engrenagens de dentes retos duplos de pl\u00e1stico: uma solu\u00e7\u00e3o vers\u00e1til para aplica\u00e7\u00f5es industriais<\/h2>\n<p>A engrenagem de espor\u00e3o duplo de pl\u00e1stico \u00e9 um tipo de engrenagem de pl\u00e1stico que consiste em duas engrenagens de espor\u00e3o empilhadas juntas, cada uma com diferentes dimens\u00f5es de di\u00e2metros. Essas engrenagens s\u00e3o amplamente utilizadas em v\u00e1rias aplica\u00e7\u00f5es industriais devido \u00e0s suas caracter\u00edsticas e vantagens \u00fanicas.<\/p>\n<h3>Cen\u00e1rios de uso comum<\/h3>\n<ul>\n<li>M\u00e1quinas de controle autom\u00e1tico<\/li>\n<li>Ind\u00fastria de semicondutores<\/li>\n<li>M\u00e1quinas para ind\u00fastria em geral<\/li>\n<li>Equipamento m\u00e9dico<\/li>\n<li>Equipamentos de energia solar<\/li>\n<li>M\u00e1quinas-ferramentas<\/li>\n<li>Sistemas de estacionamento<\/li>\n<li>Equipamentos de transporte ferrovi\u00e1rio e a\u00e9reo de alta velocidade<\/li>\n<\/ul>\n<h3>Vantagens e Materiais<\/h3>\n<p>Engrenagens de pl\u00e1stico oferecem v\u00e1rias vantagens sobre suas contrapartes de metal. Elas s\u00e3o mais leves e mais inertes, tornando-as adequadas para ambientes onde engrenagens de metal podem facilmente corroer ou degradar, como medidores de \u00e1gua e controle de equipamentos qu\u00edmicos. Engrenagens de pl\u00e1stico tamb\u00e9m t\u00eam excelente estabilidade dimensional, mesmo em condi\u00e7\u00f5es de mudan\u00e7a de temperatura e umidade.<\/p>\n<p>Essas engrenagens podem ser feitas de v\u00e1rios materiais, incluindo:<\/p>\n<ul>\n<li>PA (Poliamida)<\/li>\n<li>POM (Polioximetileno)<\/li>\n<li>UHMWPE (Polietileno de Ultra-Alto Peso Molecular)<\/li>\n<li>ABS (Acrilonitrila Butadieno Estireno)<\/li>\n<li>PTFE (politetrafluoroetileno)<\/li>\n<li>PPS (sulfeto de polifenileno)<\/li>\n<li>Peek (Poli\u00e9ter \u00c9ter Cetona)<\/li>\n<\/ul>\n<h3>Instala\u00e7\u00e3o, Manuten\u00e7\u00e3o e Reparo<\/h3>\n<p>Instalar e manter engrenagens de pl\u00e1stico de dentes retos duplos \u00e9 um processo simples. Inspe\u00e7\u00e3o e limpeza regulares s\u00e3o essenciais para garantir desempenho e longevidade ideais. Quando se trata de reparo, \u00e9 recomendado entrar em contato com um t\u00e9cnico profissional ou com o fabricante da engrenagem para garantir o manuseio e a substitui\u00e7\u00e3o adequados de engrenagens danificadas ou desgastadas.<\/p>\n<h3>Outros produtos da nossa empresa<\/h3>\n<p>Al\u00e9m de engrenagens de espor\u00e3o duplo de pl\u00e1stico, somos especializados em fornecer uma ampla gama de engrenagens de pl\u00e1stico e componentes industriais relacionados. Nossas ofertas de produtos incluem:<\/p>\n<ul>\n<li>Caixas de engrenagens agr\u00edcolas<\/li>\n<li>Eixos de sa\u00edda de pot\u00eancia<\/li>\n<li>Rodas dentadas<\/li>\n<li>Acoplamentos de fluidos<\/li>\n<li>Redutores de engrenagem sem-fim<\/li>\n<li>Engrenagens e cremalheiras<\/li>\n<li>Correntes destac\u00e1veis<\/li>\n<li>Polias e roldanas<\/li>\n<li>Caixas de engrenagens planet\u00e1rias<\/li>\n<li>Polias de sincroniza\u00e7\u00e3o<\/li>\n<li>Buchas<\/li>\n<li>E mais<\/li>\n<\/ul>\n<p>Temos orgulho em fornecer produtos de alta qualidade a pre\u00e7os competitivos. Nossa equipe se dedica a oferecer um excelente atendimento ao cliente e aceita pedidos personalizados com base em requisitos espec\u00edficos. Se voc\u00ea precisa de engrenagens de pl\u00e1stico personalizadas ou outros componentes industriais, temos a expertise para atender \u00e0s suas necessidades.<\/p>\n<h2>Perguntas Frequentes (FAQ)<\/h2>\n<div>\n<h3>1. Voc\u00ea pode fornecer desenhos e dados t\u00e9cnicos?<\/h3>\n<p>R: Sim, nosso departamento t\u00e9cnico profissional pode projetar e fornecer desenhos e dados t\u00e9cnicos.<\/p>\n<h3>2. Seus produtos foram exportados?<\/h3>\n<p>R: Sim, exportamos nossos produtos para v\u00e1rios pa\u00edses ao redor do mundo, incluindo EUA, Canad\u00e1, Austr\u00e1lia, R\u00fassia e muitos outros.<\/p>\n<h3>3. Os produtos podem ser fabricados de acordo com as necessidades do cliente?<\/h3>\n<p>R: Sim, as especifica\u00e7\u00f5es mencionadas acima s\u00e3o nossas ofertas padr\u00e3o. Tamb\u00e9m podemos projetar e fabricar produtos com base em requisitos espec\u00edficos do cliente.<\/p>\n<h3>4. \u00c9 permitida a visita \u00e0 f\u00e1brica?<\/h3>\n<p>R: Sim, convidamos os clientes a visitar nossa f\u00e1brica, localizada na cidade de Hangzhou, prov\u00edncia de Zhejiang, China continental.<\/p>\n<h3>5. Voc\u00ea est\u00e1 procurando um agente?<\/h3>\n<p>R: Sim, estamos buscando ativamente agentes no mundo todo. Entre em contato conosco para mais discuss\u00f5es.<\/p>\n<\/div>\n<div class=\"productsTags\">\n<div class=\"productsTags\">Hot Tags: engrenagem de espor\u00e3o duplo de pl\u00e1stico, fabricantes, f\u00e1bricas, fornecedores, personalizado, atacado, fornecedores chineses<\/div>\n<\/div>","protected":false},"excerpt":{"rendered":"<p>Plastic Double Spur Gears: A Versatile Solution for Industrial Applications The plastic double spur gear is a type of plastic gear which consists of two spur gears stacked together, each with different dimensions of diameters. These gears are widely used in various industrial applications due to their unique characteristics and advantages. Common Use Scenarios Automatic [&hellip;]<\/p>","protected":false},"featured_media":3383,"template":"","meta":{"_et_pb_use_builder":"","_et_pb_old_content":"","_et_gb_content_width":""},"product_brand":[],"product_cat":[11288],"product_tag":[],"class_list":{"0":"post-3384","1":"product","2":"type-product","3":"status-publish","4":"has-post-thumbnail","6":"product_cat-spur-gear","8":"first","9":"instock","10":"shipping-taxable","11":"product-type-simple"},"_links":{"self":[{"href":"https:\/\/agricultural-gear-boxes.com\/pt\/wp-json\/wp\/v2\/product\/3384","targetHints":{"allow":["GET"]}}],"collection":[{"href":"https:\/\/agricultural-gear-boxes.com\/pt\/wp-json\/wp\/v2\/product"}],"about":[{"href":"https:\/\/agricultural-gear-boxes.com\/pt\/wp-json\/wp\/v2\/types\/product"}],"wp:featuredmedia":[{"embeddable":true,"href":"https:\/\/agricultural-gear-boxes.com\/pt\/wp-json\/wp\/v2\/media\/3383"}],"wp:attachment":[{"href":"https:\/\/agricultural-gear-boxes.com\/pt\/wp-json\/wp\/v2\/media?parent=3384"}],"wp:term":[{"taxonomy":"product_brand","embeddable":true,"href":"https:\/\/agricultural-gear-boxes.com\/pt\/wp-json\/wp\/v2\/product_brand?post=3384"},{"taxonomy":"product_cat","embeddable":true,"href":"https:\/\/agricultural-gear-boxes.com\/pt\/wp-json\/wp\/v2\/product_cat?post=3384"},{"taxonomy":"product_tag","embeddable":true,"href":"https:\/\/agricultural-gear-boxes.com\/pt\/wp-json\/wp\/v2\/product_tag?post=3384"}],"curies":[{"name":"wp","href":"https:\/\/api.w.org\/{rel}","templated":true}]}}