{"id":3386,"date":"2024-08-21T09:06:48","date_gmt":"2024-08-21T09:06:48","guid":{"rendered":"https:\/\/agricultural-gear-boxes.com\/product\/nylon-spur-gears\/"},"modified":"2024-08-21T09:06:48","modified_gmt":"2024-08-21T09:06:48","slug":"nylon-spur-gears","status":"publish","type":"product","link":"https:\/\/agricultural-gear-boxes.com\/pt\/product\/nylon-spur-gears\/","title":{"rendered":"Engrenagens de Nylon"},"content":{"rendered":"<h2>Secondary Title: Nylon Spur Gears &#8211; Reliable and Versatile Gear Transmission for Industrial Applications<\/h2>\n<p>Engrenagens de nylon s\u00e3o um componente essencial em m\u00e1quinas e instrumentos modernos, fornecendo movimento eficiente e preciso e transmiss\u00e3o de pot\u00eancia em rela\u00e7\u00f5es de velocidade prescritas. Essas engrenagens s\u00e3o comumente usadas em uma ampla gama de ind\u00fastrias devido ao seu desempenho confi\u00e1vel e in\u00fameras vantagens.<\/p>\n<h3>Introdu\u00e7\u00e3o<\/h3>\n<p>A transmiss\u00e3o de engrenagem de nylon \u00e9 amplamente aplicada em v\u00e1rios cen\u00e1rios industriais, oferecendo uma solu\u00e7\u00e3o dur\u00e1vel e eficiente para transfer\u00eancia de movimento e pot\u00eancia. Com um perfil de cremalheira linear e pareada com cremalheiras retas de nylon ou cremalheiras helicoidais de nylon, essas engrenagens s\u00e3o projetadas para atender a diferentes requisitos de aplica\u00e7\u00e3o. Ao contr\u00e1rio das engrenagens com superf\u00edcies de dentes involutas, as cremalheiras de nylon apresentam uma superf\u00edcie de dentes plana, tornando-as equivalentes a uma engrenagem cil\u00edndrica de c\u00edrculo infinito com um raio de c\u00edrculo de indexa\u00e7\u00e3o.<\/p>\n<p><img loading=\"lazy\" decoding=\"async\" class=\"alignleft size-full wp-image-381103\" src=\"https:\/\/www.ever-power.net\/wp-content\/uploads\/2022\/06\/Nylon-Spur-Gear-2.jpg\" alt=\"\" width=\"600\" height=\"600\" \/><br \/>\n<img loading=\"lazy\" decoding=\"async\" class=\"alignleft size-full wp-image-381102\" src=\"https:\/\/www.ever-power.net\/wp-content\/uploads\/2022\/06\/Nylon-Spur-Gear-1.jpg\" alt=\"\" width=\"600\" height=\"600\" \/><\/p>\n<h2>Descri\u00e7\u00e3o do produto<\/h2>\n<table class=\"table\" style=\"height: 600px; width: 100%; border-style: solid; border-color: #0f0d0d;\" border=\"1\" width=\"100%\">\n<tbody>\n<tr class=\"firstRow\">\n<td>N\u00famero do modelo<\/td>\n<td>M1, M1.5, M2, M2.5, M3, M4, M5, M8, M12 e mais<\/td>\n<\/tr>\n<tr>\n<td>Material<\/td>\n<td>PA, POM, UHMWPE, ABS, PTFE, PPS, Peek<\/td>\n<\/tr>\n<tr>\n<td>Padr\u00e3o<\/td>\n<td>ISO, DIN, ANSI, JIS, BS e n\u00e3o padr\u00e3o<\/td>\n<\/tr>\n<tr>\n<td>Precis\u00e3o<\/td>\n<td>DIN6, DIN7, DIN8, DIN9<\/td>\n<\/tr>\n<tr>\n<td>Tratamento dent\u00e1rio<\/td>\n<td>Endurecido, Fresado ou Mo\u00eddo<\/td>\n<\/tr>\n<tr>\n<td>Toler\u00e2ncia<\/td>\n<td>0.001mm &#8211; 0.01mm &#8211; 0.1mm<\/td>\n<\/tr>\n<tr>\n<td>Terminar<\/td>\n<td>Jateamento\/areia, tratamento t\u00e9rmico, recozimento, t\u00eampera, polimento, anodiza\u00e7\u00e3o, zincagem<\/td>\n<\/tr>\n<tr>\n<td>Embalagem de itens<\/td>\n<td>Saco pl\u00e1stico + caixas ou embalagem de madeira<\/td>\n<\/tr>\n<tr>\n<td>Termos de pagamento<\/td>\n<td>T\/T, Carta de Cr\u00e9dito<\/td>\n<\/tr>\n<tr>\n<td>Tempo de produ\u00e7\u00e3o<\/td>\n<td>20 &#8211; 25 business days for sample and bulk orders<\/td>\n<\/tr>\n<tr>\n<td>Amostras<\/td>\n<td>O pre\u00e7o da amostra varia de $2 a $100. Solicita\u00e7\u00e3o expressa de amostra paga pelos clientes<\/td>\n<\/tr>\n<tr>\n<td>Aplicativo<\/td>\n<td>\n<ul>\n<li>M\u00e1quinas de controle autom\u00e1tico<\/li>\n<li>Ind\u00fastria de semicondutores<\/li>\n<li>M\u00e1quinas para ind\u00fastria em geral<\/li>\n<li>Equipamento m\u00e9dico<\/li>\n<li>Equipamentos de energia solar<\/li>\n<li>M\u00e1quina ferramenta<\/li>\n<li>Sistema de estacionamento<\/li>\n<li>Equipamentos de transporte ferrovi\u00e1rio e a\u00e9reo de alta velocidade, etc.<\/li>\n<\/ul>\n<\/td>\n<\/tr>\n<\/tbody>\n<\/table>\n<p>As vantagens das engrenagens de nylon s\u00e3o extensas, tornando-as adequadas para v\u00e1rias aplica\u00e7\u00f5es industriais. Sua constru\u00e7\u00e3o leve, resist\u00eancia \u00e0 fadiga, absor\u00e7\u00e3o de choque e boas propriedades de autolubrifica\u00e7\u00e3o tornam as engrenagens de nylon moldadas ideais para locais onde a contamina\u00e7\u00e3o do lubrificante \u00e9 uma preocupa\u00e7\u00e3o ou a lubrifica\u00e7\u00e3o frequente n\u00e3o \u00e9 poss\u00edvel. Al\u00e9m disso, essas engrenagens operam com ru\u00eddo m\u00ednimo e oferecem desempenho excepcional em ind\u00fastrias como t\u00eaxtil, fabrica\u00e7\u00e3o de papel, impress\u00e3o e m\u00e1quinas.<\/p>\n<h2>Produtos Mostrar<\/h2>\n<p><img loading=\"lazy\" decoding=\"async\" class=\"size-full wp-image-381104 alignnone\" src=\"https:\/\/www.ever-power.net\/wp-content\/uploads\/2022\/06\/Nylon-Spur-Gear-3.jpg\" alt=\"\" width=\"600\" height=\"600\" \/><br \/>\n<img loading=\"lazy\" decoding=\"async\" class=\"size-full wp-image-381106 alignnone\" src=\"https:\/\/www.ever-power.net\/wp-content\/uploads\/2022\/06\/Nylon-Spur-Gear-5.jpg\" alt=\"\" width=\"600\" height=\"600\" \/><br \/>\n<img loading=\"lazy\" decoding=\"async\" class=\"size-full wp-image-381105 alignnone\" src=\"https:\/\/www.ever-power.net\/wp-content\/uploads\/2022\/06\/Nylon-Spur-Gear-4.jpg\" alt=\"\" width=\"600\" height=\"600\" \/><\/p>\n<h2>Perguntas frequentes<\/h2>\n<div class=\"prodetail-content\">\n<div>\n<h3>1. Voc\u00ea pode fornecer desenhos e dados t\u00e9cnicos?<\/h3>\n<p>R: Nosso departamento t\u00e9cnico profissional se dedica a projetar e fornecer desenhos e dados t\u00e9cnicos precisos para nossos clientes.<\/p>\n<h3>2. Seus produtos foram exportados?<\/h3>\n<p>R: Sim, nossos produtos foram exportados para v\u00e1rios pa\u00edses ao redor do mundo, incluindo EUA, Canad\u00e1, Austr\u00e1lia, R\u00fassia, Chile, Panam\u00e1, Nicar\u00e1gua, Emirados \u00c1rabes Unidos, Ar\u00e1bia Saudita, Egito, Sri Lanka, Nig\u00e9ria, Ir\u00e3, Vietn\u00e3, Indon\u00e9sia, Cingapura, Gr\u00e9cia, Holanda, Ge\u00f3rgia, Rom\u00eania, Irlanda, \u00cdndia, Tail\u00e2ndia, Paquist\u00e3o, Filipinas, Cingapura, Hong Kong e Taiwan.<\/p>\n<h3>3. Voc\u00ea pode fabricar produtos com base nas necessidades do cliente?<\/h3>\n<p>R: Absolutamente, as especifica\u00e7\u00f5es mencionadas acima s\u00e3o nossas ofertas padr\u00e3o. No entanto, temos a capacidade de projetar e fabricar produtos personalizados de acordo com requisitos espec\u00edficos.<\/p>\n<h3>4. \u00c9 permitido visitar sua f\u00e1brica?<\/h3>\n<p>R: Sim, damos boas-vindas calorosas aos clientes para visitar nossa f\u00e1brica. Estamos localizados na cidade de Hangzhou, prov\u00edncia de Zhejiang, China continental.<\/p>\n<h3>5. Voc\u00ea est\u00e1 procurando agentes?<\/h3>\n<p>R: Sim, estamos buscando ativamente agentes no mundo todo. Sinta-se \u00e0 vontade para entrar em contato conosco para mais discuss\u00f5es.<\/p>\n<\/div>\n<div><\/div>\n<\/div>\n<div class=\"productsTags\">\n<div class=\"productsTags\">Tags quentes: Engrenagens de nylon, fabricantes, f\u00e1bricas, fornecedores, personalizados, atacado, fornecedores chineses<\/div>\n<\/div>\n<p>Al\u00e9m de engrenagens retas de nylon, somos especializados em fornecer v\u00e1rios produtos de engrenagens de pl\u00e1stico para ind\u00fastrias. Nossa ampla gama inclui caixas de engrenagens agr\u00edcolas, eixos de sa\u00edda de pot\u00eancia, rodas dentadas, acoplamentos de fluido, redutores de engrenagem sem-fim, engrenagens e cremalheiras, correntes destac\u00e1veis, polias, caixas de engrenagens planet\u00e1rias, polias de sincroniza\u00e7\u00e3o, buchas e muito mais. Temos orgulho em oferecer produtos de alta qualidade a pre\u00e7os competitivos e fornecer excelente atendimento ao cliente. Se voc\u00ea precisa de desenho ou personaliza\u00e7\u00e3o de amostra, convidamos voc\u00ea a experimentar nossos excelentes produtos e servi\u00e7os.<\/p>\n<h2>Perguntas e respostas<\/h2>\n<h3>1. Engrenagens retas de n\u00e1ilon podem ser usadas em aplica\u00e7\u00f5es de alta velocidade?<\/h3>\n<p>R: Sim, engrenagens de nylon podem ser utilizadas em aplica\u00e7\u00f5es de alta velocidade. Sua constru\u00e7\u00e3o leve e transmiss\u00e3o de pot\u00eancia eficiente as tornam adequadas para v\u00e1rios cen\u00e1rios industriais, incluindo aqueles com requisitos de alta velocidade.<\/p>\n<h3>2. As engrenagens de nylon s\u00e3o resistentes \u00e0 corros\u00e3o?<\/h3>\n<p>R: As engrenagens de nylon oferecem boa resist\u00eancia \u00e0 corros\u00e3o, o que as torna adequadas para aplica\u00e7\u00f5es em ambientes onde pode ocorrer exposi\u00e7\u00e3o \u00e0 umidade ou produtos qu\u00edmicos.<\/p>\n<h3>3. Com que frequ\u00eancia as engrenagens de n\u00e1ilon devem ser lubrificadas?<\/h3>\n<p>R: Devido \u00e0s suas propriedades autolubrificantes, as engrenagens de nylon n\u00e3o exigem lubrifica\u00e7\u00e3o frequente. No entanto, a lubrifica\u00e7\u00e3o ocasional pode ser ben\u00e9fica para desempenho e longevidade ideais.<\/p>\n<h3>4. Engrenagens de nylon podem ser reparadas?<\/h3>\n<p>R: Na maioria dos casos, engrenagens de nylon n\u00e3o podem ser reparadas uma vez danificadas. \u00c9 recomendado substituir engrenagens danificadas por novas para garantir o funcionamento adequado e manter a integridade do sistema.<\/p>\n<h3>5. Quais materiais podem ser usados para fabricar engrenagens de nylon?<\/h3>\n<p>R: Engrenagens de nylon podem ser fabricadas de v\u00e1rios materiais, incluindo PA, POM, UHMWPE, ABS, PTFE, PPS e Peek. A sele\u00e7\u00e3o do material depende de requisitos de aplica\u00e7\u00e3o espec\u00edficos e fatores ambientais.<\/p>","protected":false},"excerpt":{"rendered":"<p>Secondary Title: Nylon Spur Gears &#8211; Reliable and Versatile Gear Transmission for Industrial Applications Nylon spur gears are an essential component in modern machines and instruments, providing efficient and precise motion and power transmission at prescribed speed ratios. These gears are commonly used in a wide range of industries due to their reliable performance and [&hellip;]<\/p>","protected":false},"featured_media":3385,"template":"","meta":{"_et_pb_use_builder":"","_et_pb_old_content":"","_et_gb_content_width":""},"product_brand":[],"product_cat":[11288],"product_tag":[],"class_list":{"0":"post-3386","1":"product","2":"type-product","3":"status-publish","4":"has-post-thumbnail","6":"product_cat-spur-gear","8":"first","9":"instock","10":"shipping-taxable","11":"product-type-simple"},"_links":{"self":[{"href":"https:\/\/agricultural-gear-boxes.com\/pt\/wp-json\/wp\/v2\/product\/3386","targetHints":{"allow":["GET"]}}],"collection":[{"href":"https:\/\/agricultural-gear-boxes.com\/pt\/wp-json\/wp\/v2\/product"}],"about":[{"href":"https:\/\/agricultural-gear-boxes.com\/pt\/wp-json\/wp\/v2\/types\/product"}],"wp:featuredmedia":[{"embeddable":true,"href":"https:\/\/agricultural-gear-boxes.com\/pt\/wp-json\/wp\/v2\/media\/3385"}],"wp:attachment":[{"href":"https:\/\/agricultural-gear-boxes.com\/pt\/wp-json\/wp\/v2\/media?parent=3386"}],"wp:term":[{"taxonomy":"product_brand","embeddable":true,"href":"https:\/\/agricultural-gear-boxes.com\/pt\/wp-json\/wp\/v2\/product_brand?post=3386"},{"taxonomy":"product_cat","embeddable":true,"href":"https:\/\/agricultural-gear-boxes.com\/pt\/wp-json\/wp\/v2\/product_cat?post=3386"},{"taxonomy":"product_tag","embeddable":true,"href":"https:\/\/agricultural-gear-boxes.com\/pt\/wp-json\/wp\/v2\/product_tag?post=3386"}],"curies":[{"name":"wp","href":"https:\/\/api.w.org\/{rel}","templated":true}]}}