{"id":3392,"date":"2024-08-21T09:17:42","date_gmt":"2024-08-21T09:17:42","guid":{"rendered":"https:\/\/agricultural-gear-boxes.com\/product\/gray-iron-worm-gear-wheels\/"},"modified":"2024-08-21T09:17:42","modified_gmt":"2024-08-21T09:17:42","slug":"gray-iron-worm-gear-wheels","status":"publish","type":"product","link":"https:\/\/agricultural-gear-boxes.com\/pt\/product\/gray-iron-worm-gear-wheels\/","title":{"rendered":"Rodas de engrenagem sem-fim de ferro cinzento"},"content":{"rendered":"<h2>Gray Iron Worm Gear Wheels &#8211; An Economical and Versatile Choice<\/h2>\n<p>As rodas de engrenagem sem-fim de ferro cinzento s\u00e3o amplamente utilizadas em v\u00e1rias ind\u00fastrias devido \u00e0 sua capacidade de fornecer uma grande redu\u00e7\u00e3o de velocidade com alto torque em um espa\u00e7o compacto. Elas s\u00e3o um tipo de transmiss\u00e3o por engrenagem sem-fim altamente eficiente e f\u00e1cil de instalar. Na Ever-Power, oferecemos uma ampla gama de rodas sem-fim com uma grande sele\u00e7\u00e3o de m\u00f3dulos e n\u00famero de dentes para atender \u00e0s necessidades de diferentes ind\u00fastrias.<\/p>\n<h3>Vantagens das rodas de engrenagem sem-fim de ferro cinzento<\/h3>\n<ul>\n<li>Altamente eficiente no fornecimento de redu\u00e7\u00e3o de velocidade e torque<\/li>\n<li>O design compacto economiza espa\u00e7o<\/li>\n<li>F\u00e1cil de instalar e manter<\/li>\n<li>Dispon\u00edvel em uma variedade de materiais, m\u00f3dulos e n\u00famero de dentes<\/li>\n<li>Pode ser usado em uma ampla gama de ind\u00fastrias e aplica\u00e7\u00f5es<\/li>\n<\/ul>\n<h3>Materiais para rodas sem-fim<\/h3>\n<p>Rodas sem-fim podem ser feitas de v\u00e1rios materiais. Bronze e ferro fundido s\u00e3o dois materiais comumente usados, cada um com suas pr\u00f3prias vantagens.<\/p>\n<h4>Bronze<\/h4>\n<p>Bronze \u00e9 uma liga \u00e0 base de cobre que consiste em cobre como o principal metal de liga e um ou mais outros metais, como estanho, zinco ou f\u00f3sforo. Bronze sil\u00edcio \u00e9 uma liga de bronze t\u00edpica. Rodas sem-fim de bronze t\u00eam boa resist\u00eancia ao desgaste e s\u00e3o adequadas para aplica\u00e7\u00f5es de alta velocidade e alta temperatura.<\/p>\n<h4>Ferro fundido<\/h4>\n<p>Ferro fundido \u00e9 uma liga de ferro muito dur\u00e1vel com altas quantidades de carbono. Os tipos incluem ferro d\u00factil, ferro cinzento e graus de ferro fundido branco. As diferen\u00e7as nos graus s\u00e3o devidas a varia\u00e7\u00f5es na composi\u00e7\u00e3o e processamento. Rodas de engrenagem sem-fim de ferro cinzento s\u00e3o amplamente utilizadas devido \u00e0 sua excelente usinabilidade, boa resist\u00eancia ao desgaste e baixo custo.<\/p>\n<h3>Instala\u00e7\u00e3o, Manuten\u00e7\u00e3o e Substitui\u00e7\u00e3o<\/h3>\n<p>A instala\u00e7\u00e3o e manuten\u00e7\u00e3o adequadas s\u00e3o essenciais para o desempenho e a longevidade ideais das rodas de engrenagem sem-fim. Aqui est\u00e3o algumas dicas:<\/p>\n<ul>\n<li>Garanta o alinhamento adequado entre o sem-fim e a roda sem-fim<\/li>\n<li>Verifique a lubrifica\u00e7\u00e3o regularmente e use o lubrificante recomendado<\/li>\n<li>Inspecione periodicamente se h\u00e1 desgaste e danos e substitua se necess\u00e1rio<\/li>\n<li>Tenha cuidado ao manusear rodas dentadas sem-fim para evitar danificar os dentes<\/li>\n<\/ul>\n<h3>Outros produtos Ever-Power<\/h3>\n<p>Al\u00e9m das rodas de engrenagem sem-fim de ferro cinzento, a Ever-Power tamb\u00e9m fornece v\u00e1rias engrenagens de pl\u00e1stico usadas na ind\u00fastria, como caixas de engrenagens agr\u00edcolas, eixos de sa\u00edda de pot\u00eancia, rodas dentadas, acoplamentos de fluido, engrenagens e cremalheiras, correntes destac\u00e1veis, polias e polias, caixas de engrenagens planet\u00e1rias, polias de sincroniza\u00e7\u00e3o, buchas e muito mais. Nossos produtos s\u00e3o conhecidos por sua alta qualidade, pre\u00e7os favor\u00e1veis e servi\u00e7o atencioso. Damos as boas-vindas aos clientes para que venham at\u00e9 n\u00f3s em busca de solu\u00e7\u00f5es personalizadas com base em suas necessidades espec\u00edficas.<\/p>\n<h2>Perguntas e respostas<\/h2>\n<h4>P: Quais s\u00e3o algumas aplica\u00e7\u00f5es comuns das rodas de engrenagem sem-fim de ferro cinzento?<\/h4>\n<p>R: As rodas dentadas sem-fim de ferro cinzento s\u00e3o comumente usadas em ind\u00fastrias como automotiva, constru\u00e7\u00e3o e minera\u00e7\u00e3o, bem como em v\u00e1rios tipos de m\u00e1quinas e equipamentos.<\/p>\n<h4>P: Qual \u00e9 a vantagem de usar engrenagens sem-fim?<\/h4>\n<p>R: A principal vantagem de usar engrenagens sem-fim \u00e9 sua capacidade de proporcionar uma grande redu\u00e7\u00e3o de velocidade com alto torque em um espa\u00e7o compacto.<\/p>\n<h4>P: De quais materiais as rodas sem-fim podem ser feitas?<\/h4>\n<p>R: As rodas sem-fim podem ser feitas de v\u00e1rios materiais, incluindo bronze e ferro fundido.<\/p>\n<h4>P: Como fazer a manuten\u00e7\u00e3o adequada das rodas dentadas sem-fim?<\/h4>\n<p>R: A manuten\u00e7\u00e3o adequada das rodas dentadas sem-fim inclui lubrifica\u00e7\u00e3o regular, inspe\u00e7\u00e3o de desgaste e danos e substitui\u00e7\u00e3o conforme necess\u00e1rio.<\/p>\n<h4>P: Quais outros produtos a Ever-Power fornece?<\/h4>\n<p>R: Al\u00e9m das rodas de engrenagem helicoidal de ferro cinzento, a Ever-Power tamb\u00e9m fornece uma ampla gama de engrenagens e componentes industriais, incluindo engrenagens de pl\u00e1stico usadas na agricultura, transmiss\u00e3o de energia e outras aplica\u00e7\u00f5es.<\/p>","protected":false},"excerpt":{"rendered":"<p>Gray Iron Worm Gear Wheels &#8211; An Economical and Versatile Choice Gray Iron Worm Gear Wheels are widely used in various industries due to their ability to provide a large speed reduction with high torque in a compact space. They are a type of worm gear drive that is highly efficient and easy to install. [&hellip;]<\/p>","protected":false},"featured_media":3391,"template":"","meta":{"_et_pb_use_builder":"","_et_pb_old_content":"","_et_gb_content_width":""},"product_brand":[],"product_cat":[11289],"product_tag":[],"class_list":{"0":"post-3392","1":"product","2":"type-product","3":"status-publish","4":"has-post-thumbnail","6":"product_cat-worm-gear","8":"first","9":"instock","10":"shipping-taxable","11":"product-type-simple"},"_links":{"self":[{"href":"https:\/\/agricultural-gear-boxes.com\/pt\/wp-json\/wp\/v2\/product\/3392","targetHints":{"allow":["GET"]}}],"collection":[{"href":"https:\/\/agricultural-gear-boxes.com\/pt\/wp-json\/wp\/v2\/product"}],"about":[{"href":"https:\/\/agricultural-gear-boxes.com\/pt\/wp-json\/wp\/v2\/types\/product"}],"wp:featuredmedia":[{"embeddable":true,"href":"https:\/\/agricultural-gear-boxes.com\/pt\/wp-json\/wp\/v2\/media\/3391"}],"wp:attachment":[{"href":"https:\/\/agricultural-gear-boxes.com\/pt\/wp-json\/wp\/v2\/media?parent=3392"}],"wp:term":[{"taxonomy":"product_brand","embeddable":true,"href":"https:\/\/agricultural-gear-boxes.com\/pt\/wp-json\/wp\/v2\/product_brand?post=3392"},{"taxonomy":"product_cat","embeddable":true,"href":"https:\/\/agricultural-gear-boxes.com\/pt\/wp-json\/wp\/v2\/product_cat?post=3392"},{"taxonomy":"product_tag","embeddable":true,"href":"https:\/\/agricultural-gear-boxes.com\/pt\/wp-json\/wp\/v2\/product_tag?post=3392"}],"curies":[{"name":"wp","href":"https:\/\/api.w.org\/{rel}","templated":true}]}}