{"id":3406,"date":"2024-08-21T09:17:50","date_gmt":"2024-08-21T09:17:50","guid":{"rendered":"https:\/\/agricultural-gear-boxes.com\/product\/worm-and-worm-gear\/"},"modified":"2024-08-21T09:17:51","modified_gmt":"2024-08-21T09:17:51","slug":"worm-and-worm-gear","status":"publish","type":"product","link":"https:\/\/agricultural-gear-boxes.com\/pt\/product\/worm-and-worm-gear\/","title":{"rendered":"sem-fim e engrenagem sem-fim"},"content":{"rendered":"<h2> Sem-fim e engrenagem sem-fim: a melhor escolha para redu\u00e7\u00e3o de alta transmiss\u00e3o <\/h2>\n<p> Os conjuntos de engrenagens sem-fim e sem-fim s\u00e3o uma excelente escolha quando \u00e9 necess\u00e1ria uma alta redu\u00e7\u00e3o de transmiss\u00e3o. Essas engrenagens s\u00e3o comumente usadas em v\u00e1rias aplica\u00e7\u00f5es industriais e s\u00e3o conhecidas por sua efici\u00eancia e durabilidade. As rodas sem-fim lembram engrenagens retas com a adi\u00e7\u00e3o de uma garganta cortada no OD da roda. A garganta permite que a roda sem-fim envolva completamente as roscas do sem-fim. As roscas, n\u00e3o os dentes, s\u00e3o cortadas no sem-fim e, ajustando o n\u00famero de roscas, diferentes rela\u00e7\u00f5es podem ser obtidas sem alterar os arranjos de montagem. <\/p>\n<h3> Cen\u00e1rios de uso comum <\/h3>\n<ul>\n<li>M\u00e1quinas industriais<\/li>\n<li>Sistemas automotivos<\/li>\n<li>Equipamento de constru\u00e7\u00e3o<\/li>\n<li>Equipamentos para servi\u00e7os pesados<\/li>\n<\/ul>\n<p> Conjuntos de sem-fim e roda s\u00e3o comumente usados em m\u00e1quinas industriais devido \u00e0 sua capacidade de proibir a condu\u00e7\u00e3o reversa. Eles tamb\u00e9m s\u00e3o usados em sistemas automotivos, equipamentos de constru\u00e7\u00e3o e equipamentos pesados por sua durabilidade e confiabilidade. <\/p>\n<h3> Vantagens do sem-fim e da engrenagem sem-fim <\/h3>\n<ul>\n<li>Altas taxas de redu\u00e7\u00e3o de acionamento<\/li>\n<li>Transmiss\u00e3o de energia eficiente<\/li>\n<li>Baixo ru\u00eddo e vibra\u00e7\u00e3o<\/li>\n<li>Pode ser usado em uma ampla gama de aplica\u00e7\u00f5es<\/li>\n<li>Capacidade de proibir a condu\u00e7\u00e3o em marcha r\u00e9<\/li>\n<\/ul>\n<p> Os conjuntos de engrenagens sem-fim e sem-fim t\u00eam v\u00e1rias vantagens sobre outros tipos de engrenagens. Eles podem atingir altas taxas de redu\u00e7\u00e3o de acionamento, oferecendo transmiss\u00e3o de pot\u00eancia eficiente. Al\u00e9m disso, eles produzem baixo ru\u00eddo e vibra\u00e7\u00e3o, tornando-os ideais para uso em uma ampla gama de aplica\u00e7\u00f5es. Uma caracter\u00edstica \u00fanica dos conjuntos de sem-fim e roda \u00e9 sua capacidade de proibir o acionamento reverso, tornando-os especialmente \u00fateis para aplica\u00e7\u00f5es onde o acionamento reverso n\u00e3o \u00e9 desej\u00e1vel. <\/p>\n<h3> Material e Instala\u00e7\u00e3o <\/h3>\n<p> Engrenagens sem-fim s\u00e3o normalmente feitas de lat\u00e3o, enquanto as sem-fins s\u00e3o feitas de a\u00e7o inoxid\u00e1vel. Essa combina\u00e7\u00e3o proporciona excelente durabilidade e resist\u00eancia ao desgaste. Ao instalar conjuntos de engrenagens sem-fim e sem-fim, \u00e9 importante garantir o alinhamento adequado para evitar desgaste e danos prematuros. A manuten\u00e7\u00e3o regular tamb\u00e9m \u00e9 crucial para garantir a longevidade do conjunto de engrenagens. Se as engrenagens forem danificadas ou desgastadas, elas podem ser substitu\u00eddas facilmente. <\/p>\n<h3> Outros produtos da empresa Neg\u00f3cios <\/h3>\n<p> Em nossa empresa, somos especializados em fornecer v\u00e1rias engrenagens de pl\u00e1stico usadas na ind\u00fastria, como caixas de engrenagens agr\u00edcolas, eixos de sa\u00edda de pot\u00eancia, rodas dentadas, acoplamentos de fluido, redutores de engrenagem sem-fim, engrenagens e cremalheiras, correntes destac\u00e1veis, polias e polias, caixas de engrenagens planet\u00e1rias, polias de sincroniza\u00e7\u00e3o, buchas e muito mais. Nossos produtos s\u00e3o de alta qualidade, com pre\u00e7os favor\u00e1veis e servi\u00e7o atencioso. Damos as boas-vindas aos clientes para virem at\u00e9 n\u00f3s com desenhos ou amostras para personaliza\u00e7\u00e3o. <\/p>\n<h2> Perguntas e respostas <\/h2>\n<h3> P1: Para que s\u00e3o usados os conjuntos de engrenagens sem-fim e sem-fim? <\/h3>\n<p> A1: Os conjuntos de engrenagens sem-fim e sem-fim s\u00e3o comumente usados em diversas aplica\u00e7\u00f5es industriais, incluindo sistemas automotivos, equipamentos de constru\u00e7\u00e3o e m\u00e1quinas pesadas. <\/p>\n<h3> P2: Qual \u00e9 a vantagem de usar um conjunto de engrenagens sem-fim e sem-fim? <\/h3>\n<p> A2: Os conjuntos de engrenagens sem-fim e sem-fim podem atingir altas taxas de redu\u00e7\u00e3o de acionamento, oferecer transmiss\u00e3o de pot\u00eancia eficiente e produzir baixo ru\u00eddo e vibra\u00e7\u00e3o. Al\u00e9m disso, eles t\u00eam a capacidade de proibir o acionamento reverso. <\/p>\n<h3> Q3: De que material s\u00e3o feitas as engrenagens sem-fim? <\/h3>\n<p> A3: As engrenagens sem-fim s\u00e3o normalmente feitas de lat\u00e3o, enquanto os sem-fins s\u00e3o feitos de a\u00e7o inoxid\u00e1vel. <\/p>\n<h3> Q4: Como os conjuntos de engrenagens sem-fim e sem-fim devem ser instalados? <\/h3>\n<p> A4: \u00c9 importante garantir o alinhamento adequado ao instalar conjuntos de engrenagens sem-fim e sem-fim para evitar desgaste prematuro e danos. A manuten\u00e7\u00e3o regular tamb\u00e9m \u00e9 crucial para garantir a longevidade do conjunto de engrenagens. <\/p>\n<h3> Q5: Conjuntos de engrenagens sem-fim e sem-fim danificados ou desgastados podem ser substitu\u00eddos? <\/h3>\n<p> R5: Sim, conjuntos de engrenagens sem-fim e sem-fim danificados ou desgastados podem ser facilmente substitu\u00eddos. <\/p>","protected":false},"excerpt":{"rendered":"<p>Worm and Worm Gear: The Best Choice for High Drive Reduction Worm and worm gear sets are an excellent choice when high drive reduction is required. These gears are commonly used in various industrial applications and are known for their efficiency and durability. Worm wheels resemble spur gears with the addition of a throat cut [&hellip;]<\/p>","protected":false},"featured_media":3405,"template":"","meta":{"_et_pb_use_builder":"","_et_pb_old_content":"","_et_gb_content_width":""},"product_brand":[],"product_cat":[11289],"product_tag":[],"class_list":{"0":"post-3406","1":"product","2":"type-product","3":"status-publish","4":"has-post-thumbnail","6":"product_cat-worm-gear","8":"first","9":"instock","10":"shipping-taxable","11":"product-type-simple"},"_links":{"self":[{"href":"https:\/\/agricultural-gear-boxes.com\/pt\/wp-json\/wp\/v2\/product\/3406","targetHints":{"allow":["GET"]}}],"collection":[{"href":"https:\/\/agricultural-gear-boxes.com\/pt\/wp-json\/wp\/v2\/product"}],"about":[{"href":"https:\/\/agricultural-gear-boxes.com\/pt\/wp-json\/wp\/v2\/types\/product"}],"wp:featuredmedia":[{"embeddable":true,"href":"https:\/\/agricultural-gear-boxes.com\/pt\/wp-json\/wp\/v2\/media\/3405"}],"wp:attachment":[{"href":"https:\/\/agricultural-gear-boxes.com\/pt\/wp-json\/wp\/v2\/media?parent=3406"}],"wp:term":[{"taxonomy":"product_brand","embeddable":true,"href":"https:\/\/agricultural-gear-boxes.com\/pt\/wp-json\/wp\/v2\/product_brand?post=3406"},{"taxonomy":"product_cat","embeddable":true,"href":"https:\/\/agricultural-gear-boxes.com\/pt\/wp-json\/wp\/v2\/product_cat?post=3406"},{"taxonomy":"product_tag","embeddable":true,"href":"https:\/\/agricultural-gear-boxes.com\/pt\/wp-json\/wp\/v2\/product_tag?post=3406"}],"curies":[{"name":"wp","href":"https:\/\/api.w.org\/{rel}","templated":true}]}}