{"id":3416,"date":"2024-08-21T09:17:58","date_gmt":"2024-08-21T09:17:58","guid":{"rendered":"https:\/\/agricultural-gear-boxes.com\/product\/self-locking-worm-gear\/"},"modified":"2024-08-21T09:17:59","modified_gmt":"2024-08-21T09:17:59","slug":"self-locking-worm-gear","status":"publish","type":"product","link":"https:\/\/agricultural-gear-boxes.com\/pt\/product\/self-locking-worm-gear\/","title":{"rendered":"Engrenagem sem-fim autotravante"},"content":{"rendered":"<h2><em><strong>Engrenagem sem-fim autotravante: uma introdu\u00e7\u00e3o<\/strong><\/em><\/h2>\n<p>Uma engrenagem sem-fim autotravante \u00e9 um tipo de engrenagem sem-fim comumente usada em aplica\u00e7\u00f5es industriais, como elevadores e elevadores. Ao contr\u00e1rio de outros tipos de engrenagens, uma engrenagem sem-fim autotravante n\u00e3o permite a intercambialidade das engrenagens de entrada e sa\u00edda. Para esse tipo de engrenagem, o sem-fim sempre atua como uma engrenagem de acionamento e a engrenagem reta como uma engrenagem acionada - vice-versa n\u00e3o \u00e9 poss\u00edvel. Se voc\u00ea tentar oper\u00e1-lo de outra forma, ele travar\u00e1 automaticamente. <\/p>\n<p>Este tipo de engrenagem permite uma taxa de redu\u00e7\u00e3o de engrenagem muito alta, o que \u00e9 especialmente \u00fatil em situa\u00e7\u00f5es em que \u00e9 necess\u00e1ria carga contra a for\u00e7a gravitacional, e quando os eixos de entrada e sa\u00edda s\u00e3o perpendiculares entre si. Uma engrenagem sem-fim autotravante pode ser usada para atingir uma taxa de redu\u00e7\u00e3o de at\u00e9 200:1 sem aumentar o tamanho da caixa de engrenagens.<\/p>\n<p>Uma das principais raz\u00f5es para a alta redu\u00e7\u00e3o de velocidade das engrenagens sem-fim \u00e9 o fato de que elas usam menos pe\u00e7as m\u00f3veis. Esta \u00e9 uma solu\u00e7\u00e3o muito econ\u00f4mica para redu\u00e7\u00e3o de velocidade. Outro benef\u00edcio das engrenagens sem-fim \u00e9 sua opera\u00e7\u00e3o silenciosa.<\/p>\n<p>Apesar de sua efici\u00eancia, as engrenagens sem-fim devem ser lubrificadas com lubrificantes especializados com alta viscosidade. Este lubrificante tamb\u00e9m precisa ser filtrado e estar no local para desempenho ideal. O movimento de deslizamento das engrenagens sem-fim causa perdas significativas por atrito, ent\u00e3o elas exigem muita lubrifica\u00e7\u00e3o. Al\u00e9m disso, \u00e9 dif\u00edcil prever quanto tempo uma engrenagem sem-fim durar\u00e1, pois sua durabilidade \u00e9 determinada pelo coeficiente de atrito do dente, que \u00e9 influenciado pelo material da engrenagem e pela rugosidade da superf\u00edcie.<\/p>\n<h3><em><strong>Vantagens das engrenagens sem-fim autotravantes<\/strong><\/em><\/h3>\n<p>&#8211; Can achieve a large reduction ratio (up to 200:1) without increasing the size of the gearbox<br \/>\n&#8211; Economical solution to speed reduction due to fewer moving parts<br \/>\n&#8211; Quiet operation<\/p>\n<h3><em><strong>Desvantagens das engrenagens sem-fim autotravantes<\/strong><\/em><\/h3>\n<p>&#8211; Generates a significant amount of heat, which can be addressed with proper heat removal provisions<br \/>\n&#8211; High contact stress due to smaller contact area between the worm and gear, which can be addressed with an enveloping worm gear<\/p>\n<h3><em><strong>Instala\u00e7\u00e3o, Manuten\u00e7\u00e3o e Reparo<\/strong><\/em><\/h3>\n<p>A instala\u00e7\u00e3o de engrenagens sem-fim autotravantes requer alinhamento adequado do sem-fim e da engrenagem, bem como lubrifica\u00e7\u00e3o adequada. A manuten\u00e7\u00e3o envolve inspe\u00e7\u00e3o e lubrifica\u00e7\u00e3o regulares, bem como substitui\u00e7\u00e3o de pe\u00e7as desgastadas ou danificadas. Os reparos podem envolver a substitui\u00e7\u00e3o de pe\u00e7as desgastadas ou danificadas ou realinhamento do sem-fim e da engrenagem.<\/p>\n<h3><em><strong>Outros produtos oferecidos pela nossa empresa<\/strong><\/em><\/h3>\n<p>Al\u00e9m de engrenagens sem-fim autotravantes, nossa empresa fornece v\u00e1rias engrenagens de pl\u00e1stico usadas na ind\u00fastria, como caixas de engrenagens agr\u00edcolas, eixos de sa\u00edda de pot\u00eancia, rodas dentadas, acoplamentos de fluido, engrenagens e cremalheiras, correntes destac\u00e1veis, polias e polias, caixas de engrenagens planet\u00e1rias, polias de sincroniza\u00e7\u00e3o, buchas e muito mais. Temos orgulho em fornecer produtos de alta qualidade a pre\u00e7os favor\u00e1veis, juntamente com um servi\u00e7o atencioso. Damos as boas-vindas aos clientes para virem at\u00e9 n\u00f3s para personaliza\u00e7\u00e3o de desenho ou amostra.<\/p>\n<h2><em><strong>Perguntas e respostas<\/strong><\/em><\/h2>\n<p>1. O que \u00e9 uma engrenagem sem-fim autotravante?<br \/>\nUma engrenagem sem-fim autotravante \u00e9 um tipo de engrenagem sem-fim que n\u00e3o permite a intercambialidade das engrenagens de entrada e sa\u00edda.<\/p>\n<p>2. Quais s\u00e3o as vantagens das engrenagens sem-fim autotravantes?<br \/>\nEngrenagens sem-fim autotravantes podem atingir uma grande taxa de redu\u00e7\u00e3o sem aumentar o tamanho da caixa de engrenagens, s\u00e3o uma solu\u00e7\u00e3o econ\u00f4mica para redu\u00e7\u00e3o de velocidade e operam silenciosamente.<\/p>\n<p>3. Quais s\u00e3o as desvantagens das engrenagens sem-fim autotravantes?<br \/>\nEngrenagens sem-fim autotravantes geram uma quantidade significativa de calor, que pode ser resolvida com dispositivos adequados de remo\u00e7\u00e3o de calor, e apresentam alto estresse de contato devido a uma \u00e1rea de contato menor entre o sem-fim e a engrenagem, o que pode ser resolvido com uma engrenagem sem-fim envolvente.<\/p>\n<p>4. Como instalar uma engrenagem sem-fim autotravante?<br \/>\nA instala\u00e7\u00e3o de engrenagens sem-fim autotravantes requer o alinhamento adequado do sem-fim e da engrenagem, bem como lubrifica\u00e7\u00e3o adequada.<\/p>\n<p>5. Que outros produtos sua empresa oferece?<br \/>\nAl\u00e9m de engrenagens sem-fim autotravantes, nossa empresa oferece diversas engrenagens pl\u00e1sticas usadas na ind\u00fastria, como caixas de engrenagens agr\u00edcolas, eixos de sa\u00edda de pot\u00eancia, rodas dentadas, acoplamentos de fluidos, engrenagens e cremalheiras, correntes destac\u00e1veis, polias e polias, caixas de engrenagens planet\u00e1rias, polias de sincroniza\u00e7\u00e3o, buchas e muito mais.<\/p>","protected":false},"excerpt":{"rendered":"<p>Self-Locking Worm Gear: An Introduction A self-locking worm gear is a type of worm gear that is commonly used in industrial applications such as lifts and elevators. Unlike other types of gears, a self-locking worm gear does not allow the interchangeability of the input and output gears. For this type of gear, the worm always [&hellip;]<\/p>","protected":false},"featured_media":3415,"template":"","meta":{"_et_pb_use_builder":"","_et_pb_old_content":"","_et_gb_content_width":""},"product_brand":[],"product_cat":[11289],"product_tag":[],"class_list":{"0":"post-3416","1":"product","2":"type-product","3":"status-publish","4":"has-post-thumbnail","6":"product_cat-worm-gear","8":"first","9":"instock","10":"shipping-taxable","11":"product-type-simple"},"_links":{"self":[{"href":"https:\/\/agricultural-gear-boxes.com\/pt\/wp-json\/wp\/v2\/product\/3416","targetHints":{"allow":["GET"]}}],"collection":[{"href":"https:\/\/agricultural-gear-boxes.com\/pt\/wp-json\/wp\/v2\/product"}],"about":[{"href":"https:\/\/agricultural-gear-boxes.com\/pt\/wp-json\/wp\/v2\/types\/product"}],"wp:featuredmedia":[{"embeddable":true,"href":"https:\/\/agricultural-gear-boxes.com\/pt\/wp-json\/wp\/v2\/media\/3415"}],"wp:attachment":[{"href":"https:\/\/agricultural-gear-boxes.com\/pt\/wp-json\/wp\/v2\/media?parent=3416"}],"wp:term":[{"taxonomy":"product_brand","embeddable":true,"href":"https:\/\/agricultural-gear-boxes.com\/pt\/wp-json\/wp\/v2\/product_brand?post=3416"},{"taxonomy":"product_cat","embeddable":true,"href":"https:\/\/agricultural-gear-boxes.com\/pt\/wp-json\/wp\/v2\/product_cat?post=3416"},{"taxonomy":"product_tag","embeddable":true,"href":"https:\/\/agricultural-gear-boxes.com\/pt\/wp-json\/wp\/v2\/product_tag?post=3416"}],"curies":[{"name":"wp","href":"https:\/\/api.w.org\/{rel}","templated":true}]}}