{"id":3418,"date":"2024-08-21T09:18:00","date_gmt":"2024-08-21T09:18:00","guid":{"rendered":"https:\/\/agricultural-gear-boxes.com\/product\/worm-gears-suppliers\/"},"modified":"2024-08-21T09:18:00","modified_gmt":"2024-08-21T09:18:00","slug":"worm-gears-suppliers","status":"publish","type":"product","link":"https:\/\/agricultural-gear-boxes.com\/pt\/product\/worm-gears-suppliers\/","title":{"rendered":"fornecedores de engrenagens sem-fim"},"content":{"rendered":"<h2>Worm Gears Suppliers &#8211; High-Quality Worm Gear and Worm Shaft Manufacturer<\/h2>\n<p>Engrenagens sem-fim s\u00e3o um tipo de engrenagem usada em m\u00e1quinas que transmitem pot\u00eancia por meio de contato deslizante entre os dentes, em vez de contato direto como outras engrenagens. Elas s\u00e3o comumente usadas em aplica\u00e7\u00f5es industriais onde altas taxas de redu\u00e7\u00e3o s\u00e3o necess\u00e1rias. A HZPT \u00e9 uma fabricante respeit\u00e1vel de engrenagens sem-fim e eixos sem-fim na China, com ampla experi\u00eancia na produ\u00e7\u00e3o de uma ampla gama de engrenagens sem-fim e eixos sem-fim para diferentes aplica\u00e7\u00f5es.<\/p>\n<h3>A hist\u00f3ria das engrenagens sem-fim<\/h3>\n<p>Engrenagens sem-fim foram usadas pela primeira vez no mundo antigo, com os primeiros exemplos conhecidos datando do s\u00e9culo III a.C. Elas foram inicialmente usadas no design de rel\u00f3gios de \u00e1gua, mas com o tempo, encontraram seu caminho para outras aplica\u00e7\u00f5es, incluindo m\u00e1quinas t\u00eaxteis, fresadoras e m\u00e1quinas-ferramentas.<\/p>\n<h3>Classifica\u00e7\u00e3o e material das engrenagens sem-fim<\/h3>\n<p>Engrenagens sem-fim podem ser classificadas com base no n\u00famero de roscas no sem-fim e no formato da engrenagem sem-fim. Os materiais mais comuns usados na fabrica\u00e7\u00e3o de engrenagens sem-fim s\u00e3o a\u00e7o, a\u00e7o inoxid\u00e1vel, bronze, alum\u00ednio e ferro fundido. A escolha do material depende da aplica\u00e7\u00e3o e das condi\u00e7\u00f5es operacionais.<\/p>\n<h3>Vantagens das engrenagens sem-fim<\/h3>\n<p>Engrenagens sem-fim t\u00eam v\u00e1rias vantagens sobre outros tipos de engrenagens. Elas s\u00e3o compactas, f\u00e1ceis de instalar, t\u00eam uma alta taxa de redu\u00e7\u00e3o e s\u00e3o autotravantes, o que significa que podem manter a posi\u00e7\u00e3o sem a necessidade de um freio ou outro mecanismo de travamento.<\/p>\n<h3>Instala\u00e7\u00e3o, manuten\u00e7\u00e3o e reparo de engrenagens sem-fim<\/h3>\n<p>A instala\u00e7\u00e3o adequada de engrenagens sem-fim \u00e9 essencial para seu desempenho e longevidade. A manuten\u00e7\u00e3o regular tamb\u00e9m \u00e9 essencial para garantir que elas continuem a operar eficientemente. Em caso de quebra, o reparo das engrenagens sem-fim deve ser realizado por um t\u00e9cnico qualificado.<\/p>\n<h3>Substitui\u00e7\u00e3o de engrenagens sem-fim<\/h3>\n<p>A substitui\u00e7\u00e3o de engrenagens sem-fim deve ser feita somente quando necess\u00e1rio. Ao substituir engrenagens sem-fim, \u00e9 essencial garantir que as novas engrenagens sejam compat\u00edveis com o sistema existente e que sejam instaladas corretamente.<\/p>\n<h2>Outros produtos da HZPT<\/h2>\n<p>Al\u00e9m de produzir engrenagens sem-fim e eixos sem-fim, a HZPT fornece uma ampla gama de engrenagens pl\u00e1sticas usadas na ind\u00fastria. Isso inclui caixas de engrenagens agr\u00edcolas, eixos de sa\u00edda de pot\u00eancia, rodas dentadas, acoplamentos de fluido, redutores de engrenagem sem-fim, engrenagens e cremalheiras, correntes destac\u00e1veis, polias e polias, caixas de engrenagens planet\u00e1rias, polias de sincroniza\u00e7\u00e3o, buchas e muito mais. Nossos produtos s\u00e3o de alta qualidade, com pre\u00e7os competitivos e apoiados por nosso excelente atendimento ao cliente.<\/p>\n<h2>Perguntas e respostas<\/h2>\n<p>P: Para que s\u00e3o usadas as engrenagens sem-fim?<br \/>\nR: Engrenagens sem-fim s\u00e3o comumente usadas em aplica\u00e7\u00f5es industriais onde altas taxas de redu\u00e7\u00e3o s\u00e3o necess\u00e1rias.<\/p>\n<p>P: De que materiais s\u00e3o feitas as engrenagens sem-fim?<br \/>\nR: As engrenagens sem-fim podem ser feitas de a\u00e7o, a\u00e7o inoxid\u00e1vel, bronze, alum\u00ednio e ferro fundido, dependendo da aplica\u00e7\u00e3o.<\/p>\n<p>P: Quais s\u00e3o as vantagens das engrenagens sem-fim?<br \/>\nR: As engrenagens sem-fim s\u00e3o compactas, f\u00e1ceis de instalar, t\u00eam uma alta taxa de redu\u00e7\u00e3o e s\u00e3o autotravantes.<\/p>\n<p>P: Como voc\u00ea instala e faz a manuten\u00e7\u00e3o de engrenagens sem-fim?<br \/>\nR: A instala\u00e7\u00e3o adequada de engrenagens sem-fim \u00e9 essencial para seu desempenho e longevidade. A manuten\u00e7\u00e3o regular tamb\u00e9m \u00e9 essencial para garantir que elas continuem operando de forma eficiente.<\/p>\n<p>P: A HZPT fornece outros produtos?<br \/>\nR: Sim, a HZPT fornece uma ampla variedade de engrenagens pl\u00e1sticas usadas na ind\u00fastria, incluindo caixas de engrenagens agr\u00edcolas, eixos de sa\u00edda de pot\u00eancia, rodas dentadas, acoplamentos de fluido, redutores de engrenagem sem-fim, engrenagens e cremalheiras, correntes destac\u00e1veis, polias e polias, caixas de engrenagens planet\u00e1rias, polias de sincroniza\u00e7\u00e3o, buchas e muito mais.<\/p>","protected":false},"excerpt":{"rendered":"<p>Worm Gears Suppliers &#8211; High-Quality Worm Gear and Worm Shaft Manufacturer Worm gears are a type of gear used in machinery that transmit power through sliding contact between the teeth, rather than through direct contact like other gears. They are commonly used in industrial applications where high reduction ratios are required. HZPT is a reputable [&hellip;]<\/p>","protected":false},"featured_media":3417,"template":"","meta":{"_et_pb_use_builder":"","_et_pb_old_content":"","_et_gb_content_width":""},"product_brand":[],"product_cat":[11289],"product_tag":[],"class_list":{"0":"post-3418","1":"product","2":"type-product","3":"status-publish","4":"has-post-thumbnail","6":"product_cat-worm-gear","8":"first","9":"instock","10":"shipping-taxable","11":"product-type-simple"},"_links":{"self":[{"href":"https:\/\/agricultural-gear-boxes.com\/pt\/wp-json\/wp\/v2\/product\/3418","targetHints":{"allow":["GET"]}}],"collection":[{"href":"https:\/\/agricultural-gear-boxes.com\/pt\/wp-json\/wp\/v2\/product"}],"about":[{"href":"https:\/\/agricultural-gear-boxes.com\/pt\/wp-json\/wp\/v2\/types\/product"}],"wp:featuredmedia":[{"embeddable":true,"href":"https:\/\/agricultural-gear-boxes.com\/pt\/wp-json\/wp\/v2\/media\/3417"}],"wp:attachment":[{"href":"https:\/\/agricultural-gear-boxes.com\/pt\/wp-json\/wp\/v2\/media?parent=3418"}],"wp:term":[{"taxonomy":"product_brand","embeddable":true,"href":"https:\/\/agricultural-gear-boxes.com\/pt\/wp-json\/wp\/v2\/product_brand?post=3418"},{"taxonomy":"product_cat","embeddable":true,"href":"https:\/\/agricultural-gear-boxes.com\/pt\/wp-json\/wp\/v2\/product_cat?post=3418"},{"taxonomy":"product_tag","embeddable":true,"href":"https:\/\/agricultural-gear-boxes.com\/pt\/wp-json\/wp\/v2\/product_tag?post=3418"}],"curies":[{"name":"wp","href":"https:\/\/api.w.org\/{rel}","templated":true}]}}