{"id":3422,"date":"2024-08-21T09:18:04","date_gmt":"2024-08-21T09:18:04","guid":{"rendered":"https:\/\/agricultural-gear-boxes.com\/product\/micro-worm-gear\/"},"modified":"2024-08-21T09:18:04","modified_gmt":"2024-08-21T09:18:04","slug":"micro-worm-gear","status":"publish","type":"product","link":"https:\/\/agricultural-gear-boxes.com\/pt\/product\/micro-worm-gear\/","title":{"rendered":"micro engrenagem sem-fim"},"content":{"rendered":"<h2>Micro Worm Gear: A solu\u00e7\u00e3o vers\u00e1til e confi\u00e1vel para aplica\u00e7\u00f5es de pequeno porte<\/h2>\n<p>Micro Worm Gear \u00e9 uma fam\u00edlia de produtos ideal para clientes que buscam um parceiro confi\u00e1vel para o fornecimento de pequenas caixas de engrenagens acopladas a motores el\u00e9tricos de 12 V e 24 V. A linha inclui motores CC e sem escovas, combinados com caixas de engrenagens sem-fim e caixas de engrenagens planet\u00e1rias. Com uma ampla gama de solu\u00e7\u00f5es e versatilidade, a linha de produtos Micro Worm Gear \u00e9 adequada para v\u00e1rias aplica\u00e7\u00f5es onde tamanho pequeno e bom desempenho s\u00e3o os objetivos a serem atendidos.<\/p>\n<h3>Vantagens da Micro Engrenagem Sem-fim<\/h3>\n<ul>\n<li>Tamanho pequeno e bom desempenho.<\/li>\n<li>Confi\u00e1vel e dur\u00e1vel.<\/li>\n<li>Dispon\u00edvel em op\u00e7\u00f5es de motor CC e sem escovas.<\/li>\n<li>Compat\u00edvel com redutores de rosca sem-fim e redutores planet\u00e1rios.<\/li>\n<li>Ampla gama de solu\u00e7\u00f5es.<\/li>\n<\/ul>\n<h3>Aplica\u00e7\u00f5es da Micro Engrenagem Sem-fim<\/h3>\n<p>Micro Worm Gear \u00e9 amplamente utilizado em v\u00e1rias ind\u00fastrias, incluindo alimentos, embalagens e acondicionamento. Com a crescente demanda por automa\u00e7\u00e3o el\u00e9trica, agora est\u00e1 presente em diferentes setores, como automa\u00e7\u00e3o residencial, equipamentos para ve\u00edculos e sistemas relacionados a defici\u00eancias f\u00edsicas. <\/p>\n<h3>Instala\u00e7\u00e3o, manuten\u00e7\u00e3o e reparo de micro engrenagem sem-fim<\/h3>\n<p>Micro Worm Gear is easy to install and maintain. Regular lubrication and cleaning will ensure long-lasting performance. In case of repair, we recommend consulting a professional or contacting the manufacturer&#8217;s customer service. If necessary, Micro Worm Gear can be replaced with a new one.<\/p>\n<h3>Outros produtos oferecidos pela empresa<\/h3>\n<p>Al\u00e9m da Micro Worm Gear, nossa empresa fornece v\u00e1rias engrenagens de pl\u00e1stico usadas na ind\u00fastria, como caixas de engrenagens agr\u00edcolas, eixos de sa\u00edda de pot\u00eancia, rodas dentadas, acoplamentos de fluido, redutores de engrenagem sem-fim, engrenagens e cremalheiras, correntes destac\u00e1veis, polias e polias, caixas de engrenagens planet\u00e1rias, polias de sincroniza\u00e7\u00e3o, buchas e muito mais. Temos orgulho de oferecer produtos de alta qualidade a um pre\u00e7o favor\u00e1vel e fornecer um servi\u00e7o atencioso. Os clientes s\u00e3o bem-vindos para vir at\u00e9 n\u00f3s para personaliza\u00e7\u00e3o de desenho ou amostra.<\/p>\n<h2>Perguntas e respostas<\/h2>\n<h3>P1: O que \u00e9 Micro Worm Gear?<\/h3>\n<p>Micro Worm Gear \u00e9 uma fam\u00edlia de produtos que inclui pequenas caixas de engrenagens acopladas a motores el\u00e9tricos de 12 V e 24 V. Est\u00e1 dispon\u00edvel em op\u00e7\u00f5es de motor DC e brushless, combinadas com caixas de engrenagens sem-fim e caixas de engrenagens planet\u00e1rias, tornando-a vers\u00e1til e adequada para v\u00e1rias aplica\u00e7\u00f5es de pequeno porte.<\/p>\n<h3>Q2: Quais s\u00e3o as vantagens da Micro Worm Gear?<\/h3>\n<p>As vantagens da Micro Worm Gear incluem tamanho pequeno, bom desempenho, confiabilidade, durabilidade e uma ampla gama de solu\u00e7\u00f5es.<\/p>\n<h3>Q3: Em quais ind\u00fastrias a Micro Worm Gear \u00e9 amplamente utilizada?<\/h3>\n<p>Micro Worm Gear \u00e9 amplamente utilizado em v\u00e1rias ind\u00fastrias, incluindo alimentos, embalagens e acondicionamento. Com a crescente demanda por automa\u00e7\u00e3o el\u00e9trica, ele tamb\u00e9m est\u00e1 presente em diferentes setores, como automa\u00e7\u00e3o residencial, equipamentos para ve\u00edculos e sistemas relacionados a defici\u00eancias f\u00edsicas.<\/p>\n<h3>Q4: Como fa\u00e7o para instalar e manter a Micro Worm Gear?<\/h3>\n<p>Micro Worm Gear is easy to install and maintain. Regular lubrication and cleaning will ensure long-lasting performance. In case of repair, we recommend consulting a professional or contacting the manufacturer&#8217;s customer service. If necessary, Micro Worm Gear can be replaced with a new one.<\/p>\n<h3>Q5: Quais outros produtos a empresa oferece?<\/h3>\n<p>Al\u00e9m da Micro Worm Gear, a empresa oferece v\u00e1rias engrenagens pl\u00e1sticas usadas na ind\u00fastria, como caixas de engrenagens agr\u00edcolas, eixos de sa\u00edda de pot\u00eancia, rodas dentadas, acoplamentos de fluido, redutores de engrenagem sem-fim, engrenagens e cremalheiras, correntes destac\u00e1veis, polias e polias, caixas de engrenagens planet\u00e1rias, polias de sincroniza\u00e7\u00e3o, buchas e muito mais. Os clientes s\u00e3o bem-vindos para vir \u00e0 empresa para desenho ou personaliza\u00e7\u00e3o de amostra e podem esperar produtos de alta qualidade a um pre\u00e7o favor\u00e1vel e fornecendo um servi\u00e7o atencioso.<\/p>","protected":false},"excerpt":{"rendered":"<p>Micro Worm Gear: The Versatile and Reliable Solution for Small-Sized Applications Micro Worm Gear is an ideal product family for customers looking for a reliable partner for the supply of small gearboxes coupled to 12V and 24V electric motors. The range includes DC and brushless motors, combined with worm gearboxes and planetary gearboxes. With a [&hellip;]<\/p>","protected":false},"featured_media":3421,"template":"","meta":{"_et_pb_use_builder":"","_et_pb_old_content":"","_et_gb_content_width":""},"product_brand":[],"product_cat":[11289],"product_tag":[],"class_list":{"0":"post-3422","1":"product","2":"type-product","3":"status-publish","4":"has-post-thumbnail","6":"product_cat-worm-gear","8":"first","9":"instock","10":"shipping-taxable","11":"product-type-simple"},"_links":{"self":[{"href":"https:\/\/agricultural-gear-boxes.com\/pt\/wp-json\/wp\/v2\/product\/3422","targetHints":{"allow":["GET"]}}],"collection":[{"href":"https:\/\/agricultural-gear-boxes.com\/pt\/wp-json\/wp\/v2\/product"}],"about":[{"href":"https:\/\/agricultural-gear-boxes.com\/pt\/wp-json\/wp\/v2\/types\/product"}],"wp:featuredmedia":[{"embeddable":true,"href":"https:\/\/agricultural-gear-boxes.com\/pt\/wp-json\/wp\/v2\/media\/3421"}],"wp:attachment":[{"href":"https:\/\/agricultural-gear-boxes.com\/pt\/wp-json\/wp\/v2\/media?parent=3422"}],"wp:term":[{"taxonomy":"product_brand","embeddable":true,"href":"https:\/\/agricultural-gear-boxes.com\/pt\/wp-json\/wp\/v2\/product_brand?post=3422"},{"taxonomy":"product_cat","embeddable":true,"href":"https:\/\/agricultural-gear-boxes.com\/pt\/wp-json\/wp\/v2\/product_cat?post=3422"},{"taxonomy":"product_tag","embeddable":true,"href":"https:\/\/agricultural-gear-boxes.com\/pt\/wp-json\/wp\/v2\/product_tag?post=3422"}],"curies":[{"name":"wp","href":"https:\/\/api.w.org\/{rel}","templated":true}]}}