{"id":3424,"date":"2024-08-21T09:18:05","date_gmt":"2024-08-21T09:18:05","guid":{"rendered":"https:\/\/agricultural-gear-boxes.com\/product\/nema-17-worm-gear\/"},"modified":"2024-08-21T09:18:06","modified_gmt":"2024-08-21T09:18:06","slug":"nema-17-worm-gear","status":"publish","type":"product","link":"https:\/\/agricultural-gear-boxes.com\/pt\/product\/nema-17-worm-gear\/","title":{"rendered":"engrenagem sem-fim nema 17"},"content":{"rendered":"<h2>Nema 17 Worm Gear &#8211; A Reliable Solution in Stepper Motors<\/h2>\n<p>Se voc\u00ea est\u00e1 procurando um motor de passo com engrenagem sem-fim, o motor de passo com engrenagem sem-fim Nema 17 \u00e9 a escolha ideal para voc\u00ea. Este motor \u00e9 amplamente utilizado em v\u00e1rias ind\u00fastrias devido ao seu posicionamento de alta precis\u00e3o e opera\u00e7\u00e3o suave. O design da engrenagem sem-fim da turbina deste motor garante que ele possa lidar com altas cargas axiais e radiais com facilidade.<\/p>\n<p>O motor de passo de engrenagem sem-fim Nema 17 pertence ao tipo bipolar h\u00edbrido e tem uma configura\u00e7\u00e3o de 4 fios de 2 fases. Ele tem um \u00e2ngulo de passo de 1,8 graus, o que permite um posicionamento preciso. Com um torque de reten\u00e7\u00e3o de 500 mN.m, este motor pode fornecer um torque m\u00e1ximo de 5,5 kg.cm, tornando-o uma escolha ideal para muitas aplica\u00e7\u00f5es.<\/p>\n<p>Este motor tem um tamanho de flange de 42 mm x 42 mm x 8 mm e um tamanho de motor de 42 mm x 42 mm x 48 mm. Ele tamb\u00e9m tem uma taxa de redu\u00e7\u00e3o de 1:17, 1:32 ou 1:49 e um tamanho de redutor de 40 mm x 57 mm x 35 mm. O di\u00e2metro do eixo de sa\u00edda deste motor \u00e9 de 8 mm, com um comprimento de eixo de sa\u00edda de 15 mm. Este motor \u00e9 projetado para sa\u00edda direcional vertical e \u00e9 perfeito para uso em v\u00e1rias aplica\u00e7\u00f5es.<\/p>\n<h3>Vantagens do motor de passo com engrenagem sem-fim Nema 17:<\/h3>\n<ul>\n<li>Posicionamento de alta precis\u00e3o<\/li>\n<li>Opera\u00e7\u00e3o suave<\/li>\n<li>Pode suportar altas cargas axiais e radiais<\/li>\n<li>Ru\u00eddo reduzido<\/li>\n<li>Longa vida \u00fatil<\/li>\n<\/ul>\n<h3>Instala\u00e7\u00e3o, manuten\u00e7\u00e3o e reparo do motor de passo de engrenagem sem-fim Nema 17:<\/h3>\n<ul>\n<li>Instala\u00e7\u00e3o: Este motor pode ser facilmente instalado usando os furos de montagem no flange. Certifique-se de usar os parafusos apropriados para prend\u00ea-lo no lugar.<\/li>\n<li>Manuten\u00e7\u00e3o: A manuten\u00e7\u00e3o regular deste motor \u00e9 necess\u00e1ria para garantir sua opera\u00e7\u00e3o suave. Use um pano macio para limpar o motor e certifique-se de que a lubrifica\u00e7\u00e3o seja suficiente.<\/li>\n<li>Reparo: Se o motor n\u00e3o estiver funcionando corretamente, ele pode ser reparado substituindo os componentes defeituosos. No entanto, \u00e9 recomendado procurar ajuda profissional para quaisquer reparos.<\/li>\n<li>Substitui\u00e7\u00e3o: Se precisar substituir o motor, certifique-se de escolher um motor com especifica\u00e7\u00f5es semelhantes para garantir a compatibilidade com sua aplica\u00e7\u00e3o.<\/li>\n<\/ul>\n<h3>Outros produtos oferecidos pela nossa empresa:<\/h3>\n<p>Nossa empresa \u00e9 especializada no fornecimento de v\u00e1rias engrenagens de pl\u00e1stico para uso industrial, incluindo caixas de engrenagens agr\u00edcolas, eixos de sa\u00edda de pot\u00eancia, rodas dentadas, acoplamentos de fluido, redutores de engrenagem sem-fim, engrenagens e cremalheiras, correntes destac\u00e1veis, polias e polias, caixas de engrenagens planet\u00e1rias, polias de sincroniza\u00e7\u00e3o, buchas e muito mais. Temos orgulho em oferecer produtos de alta qualidade a um pre\u00e7o favor\u00e1vel com servi\u00e7o atencioso. Damos as boas-vindas aos clientes para virem at\u00e9 n\u00f3s com suas necessidades de personaliza\u00e7\u00e3o de desenho ou amostra.<\/p>\n<h2>Perguntas e respostas:<\/h2>\n<p>1. O que \u00e9 o motor de passo de engrenagem sem-fim Nema 17?<br \/>\n2. Quais s\u00e3o as vantagens do motor de passo de engrenagem sem-fim Nema 17?<br \/>\n3. Como instalar o motor de passo de engrenagem sem-fim Nema 17?<br \/>\n4. O que voc\u00ea deve fazer para manter o motor de passo de engrenagem sem-fim Nema 17?<br \/>\n5. Quais outras engrenagens industriais a empresa fornece?<\/p>","protected":false},"excerpt":{"rendered":"<p>Nema 17 Worm Gear &#8211; A Reliable Solution in Stepper Motors If you are looking for a stepper motor with a worm gear, the Nema 17 worm gear stepper motor is an ideal choice for you. This motor is widely used in various industries due to its high-precision positioning and smooth operation. The turbine worm [&hellip;]<\/p>","protected":false},"featured_media":3423,"template":"","meta":{"_et_pb_use_builder":"","_et_pb_old_content":"","_et_gb_content_width":""},"product_brand":[],"product_cat":[11289],"product_tag":[],"class_list":{"0":"post-3424","1":"product","2":"type-product","3":"status-publish","4":"has-post-thumbnail","6":"product_cat-worm-gear","8":"first","9":"instock","10":"shipping-taxable","11":"product-type-simple"},"_links":{"self":[{"href":"https:\/\/agricultural-gear-boxes.com\/pt\/wp-json\/wp\/v2\/product\/3424","targetHints":{"allow":["GET"]}}],"collection":[{"href":"https:\/\/agricultural-gear-boxes.com\/pt\/wp-json\/wp\/v2\/product"}],"about":[{"href":"https:\/\/agricultural-gear-boxes.com\/pt\/wp-json\/wp\/v2\/types\/product"}],"wp:featuredmedia":[{"embeddable":true,"href":"https:\/\/agricultural-gear-boxes.com\/pt\/wp-json\/wp\/v2\/media\/3423"}],"wp:attachment":[{"href":"https:\/\/agricultural-gear-boxes.com\/pt\/wp-json\/wp\/v2\/media?parent=3424"}],"wp:term":[{"taxonomy":"product_brand","embeddable":true,"href":"https:\/\/agricultural-gear-boxes.com\/pt\/wp-json\/wp\/v2\/product_brand?post=3424"},{"taxonomy":"product_cat","embeddable":true,"href":"https:\/\/agricultural-gear-boxes.com\/pt\/wp-json\/wp\/v2\/product_cat?post=3424"},{"taxonomy":"product_tag","embeddable":true,"href":"https:\/\/agricultural-gear-boxes.com\/pt\/wp-json\/wp\/v2\/product_tag?post=3424"}],"curies":[{"name":"wp","href":"https:\/\/api.w.org\/{rel}","templated":true}]}}