{"id":3436,"date":"2024-08-21T09:18:13","date_gmt":"2024-08-21T09:18:13","guid":{"rendered":"https:\/\/agricultural-gear-boxes.com\/product\/worm-gear-slew-drive-2\/"},"modified":"2024-08-21T09:18:13","modified_gmt":"2024-08-21T09:18:13","slug":"worm-gear-slew-drive-2","status":"publish","type":"product","link":"https:\/\/agricultural-gear-boxes.com\/pt\/product\/worm-gear-slew-drive-2\/","title":{"rendered":"engrenagem de giro sem-fim"},"content":{"rendered":"<h2>Transmiss\u00e3o de giro por engrenagem sem-fim: um guia abrangente<\/h2>\n<p>Anel de giro, tamb\u00e9m conhecido como rolamentos de giro ou rolamentos de plataforma girat\u00f3ria, \u00e9 um componente crucial na transmiss\u00e3o de m\u00e1quinas. Ele \u00e9 projetado para sustentar altas cargas axiais, cargas radiais e momentos de inclina\u00e7\u00e3o, tornando-o essencial para m\u00e1quinas que exigem movimento rotativo relativo entre dois objetos. <\/p>\n<p>O acionamento de giro por engrenagem sem-fim, por outro lado, \u00e9 um tipo de caixa de engrenagens que utiliza os principais componentes de movimento de um rolamento de giro e eixo sem-fim. Ele vem com componentes auxiliares, como veda\u00e7\u00f5es, carca\u00e7a e motor. Como fonte de energia, o motor de giro \u00e9 normalmente um motor de engrenagem planet\u00e1ria CC ou motor de engrenagem CA. O motor hidr\u00e1ulico CA, no entanto, \u00e9 usado principalmente em m\u00e1quinas de constru\u00e7\u00e3o como um sistema de acionamento de energia. <\/p>\n<p>Uma das vantagens mais significativas do acionamento de giro por engrenagem sem-fim \u00e9 sua capacidade de suportar for\u00e7as axiais e radiais, gra\u00e7as ao seu componente principal, o acionamento do anel de giro. Esse recurso o torna mais est\u00e1vel e seguro para operar, mesmo em condi\u00e7\u00f5es extremas. <\/p>\n<h3>Cen\u00e1rios de uso comum<\/h3>\n<p>O acionamento por engrenagem sem-fim \u00e9 amplamente utilizado em diversas aplica\u00e7\u00f5es, incluindo:<\/p>\n<ul>\n<li>Solar trackers: Worm gear slew drive is used to rotate solar panels to follow the sun&#8217;s path, improving energy efficiency.<\/li>\n<li>M\u00e1quinas de constru\u00e7\u00e3o: s\u00e3o usadas em guindastes, escavadeiras e outros equipamentos pesados para girar a lan\u00e7a e o bra\u00e7o de eleva\u00e7\u00e3o.<\/li>\n<li>Turbinas e\u00f3licas: O acionamento por engrenagem sem-fim \u00e9 usado para girar as p\u00e1s e atingir o \u00e2ngulo ideal para m\u00e1xima pot\u00eancia de sa\u00edda.<\/li>\n<li>Manlifts: It is used to control the boom&#8217;s rotation and lift mechanisms in aerial lift equipment.<\/li>\n<\/ul>\n<h3>Instala\u00e7\u00e3o, Manuten\u00e7\u00e3o e Reparo<\/h3>\n<p>Installing worm gear slew drive is relatively easy, and you don&#8217;t need any special tools. Before installation, ensure that all the components are in good condition, and the surface is clean and free from debris. <\/p>\n<p>A manuten\u00e7\u00e3o \u00e9 crucial para manter o acionamento de giro da engrenagem sem-fim em \u00f3timas condi\u00e7\u00f5es. A inspe\u00e7\u00e3o e limpeza regulares dos componentes podem ajudar a identificar e prevenir problemas potenciais. A lubrifica\u00e7\u00e3o tamb\u00e9m \u00e9 necess\u00e1ria para reduzir o atrito e o desgaste. <\/p>\n<p>In case of malfunction, it is advisable to engage a professional to inspect and repair the worm gear slew drive. Attempting to repair it yourself can lead to further damage and compromise the machine&#8217;s safety. <\/p>\n<h3>Classifica\u00e7\u00e3o e Material<\/h3>\n<p>Worm gear slew drive comes in various sizes and specifications, depending on the application&#8217;s requirements. It is available in different materials such as steel, stainless steel, and aluminum, depending on the application&#8217;s environmental conditions. <\/p>\n<h3>Vantagens<\/h3>\n<p>Alguns dos benef\u00edcios do acionamento por engrenagem sem-fim incluem:<\/p>\n<ul>\n<li>Recurso de travamento autom\u00e1tico reverso para maior estabilidade e seguran\u00e7a.<\/li>\n<li>F\u00e1cil de instalar e manter.<\/li>\n<li>Economiza espa\u00e7o consider\u00e1vel de instala\u00e7\u00e3o em compara\u00e7\u00e3o aos produtos de balan\u00e7o tradicionais.<\/li>\n<li>Altamente dur\u00e1vel e capaz de suportar condi\u00e7\u00f5es extremas.<\/li>\n<\/ul>\n<h3>Perguntas e respostas<\/h3>\n<p>1. O que \u00e9 um acionamento por engrenagem sem-fim?<br \/>\n2. Quais s\u00e3o os cen\u00e1rios de uso comuns de uma transmiss\u00e3o de giro por engrenagem sem-fim?<br \/>\n3. Como instalar e manter uma transmiss\u00e3o de giro por engrenagem sem-fim?<br \/>\n4. Quais materiais s\u00e3o usados para fazer engrenagens de giro sem-fim?<br \/>\n5. Quais s\u00e3o as vantagens de usar engrenagens de giro sem-fim?<\/p>\n<h2>Outros produtos<\/h2>\n<p>Al\u00e9m de acionamentos de giro de engrenagem sem-fim, nossa empresa tamb\u00e9m fornece v\u00e1rias engrenagens de pl\u00e1stico para uso industrial. Nossos produtos variam de caixas de engrenagens agr\u00edcolas, eixos de sa\u00edda de pot\u00eancia, rodas dentadas, acoplamentos de fluido, redutores de engrenagem sem-fim, engrenagens e cremalheiras, correntes destac\u00e1veis, polias e polias, caixas de engrenagens planet\u00e1rias, polias de sincroniza\u00e7\u00e3o, buchas e muito mais. <\/p>\n<p>Temos orgulho de nossos produtos de alta qualidade, pre\u00e7os favor\u00e1veis e servi\u00e7o atencioso. Damos boas-vindas aos clientes para virem at\u00e9 n\u00f3s com desenhos ou amostras para personaliza\u00e7\u00f5es. <\/p>\n<p>Obrigado por escolher nossos produtos!<\/p>","protected":false},"excerpt":{"rendered":"<p>Worm Gear Slew Drive: A Comprehensive Guide Slewing ring, also known as slewing bearings or turntable bearings, is a crucial component in machinery transmission. It is designed to sustain high axial loads, radial loads, and tilting moments, making it a must-have for machinery that requires relative rotary motion between two objects. Worm gear slew drive, [&hellip;]<\/p>","protected":false},"featured_media":3435,"template":"","meta":{"_et_pb_use_builder":"","_et_pb_old_content":"","_et_gb_content_width":""},"product_brand":[],"product_cat":[11289],"product_tag":[],"class_list":{"0":"post-3436","1":"product","2":"type-product","3":"status-publish","4":"has-post-thumbnail","6":"product_cat-worm-gear","8":"first","9":"instock","10":"shipping-taxable","11":"product-type-simple"},"_links":{"self":[{"href":"https:\/\/agricultural-gear-boxes.com\/pt\/wp-json\/wp\/v2\/product\/3436","targetHints":{"allow":["GET"]}}],"collection":[{"href":"https:\/\/agricultural-gear-boxes.com\/pt\/wp-json\/wp\/v2\/product"}],"about":[{"href":"https:\/\/agricultural-gear-boxes.com\/pt\/wp-json\/wp\/v2\/types\/product"}],"wp:featuredmedia":[{"embeddable":true,"href":"https:\/\/agricultural-gear-boxes.com\/pt\/wp-json\/wp\/v2\/media\/3435"}],"wp:attachment":[{"href":"https:\/\/agricultural-gear-boxes.com\/pt\/wp-json\/wp\/v2\/media?parent=3436"}],"wp:term":[{"taxonomy":"product_brand","embeddable":true,"href":"https:\/\/agricultural-gear-boxes.com\/pt\/wp-json\/wp\/v2\/product_brand?post=3436"},{"taxonomy":"product_cat","embeddable":true,"href":"https:\/\/agricultural-gear-boxes.com\/pt\/wp-json\/wp\/v2\/product_cat?post=3436"},{"taxonomy":"product_tag","embeddable":true,"href":"https:\/\/agricultural-gear-boxes.com\/pt\/wp-json\/wp\/v2\/product_tag?post=3436"}],"curies":[{"name":"wp","href":"https:\/\/api.w.org\/{rel}","templated":true}]}}