{"id":3466,"date":"2024-08-21T09:18:34","date_gmt":"2024-08-21T09:18:34","guid":{"rendered":"https:\/\/agricultural-gear-boxes.com\/product\/plastic-worm-gears\/"},"modified":"2024-08-21T09:18:34","modified_gmt":"2024-08-21T09:18:34","slug":"plastic-worm-gears","status":"publish","type":"product","link":"https:\/\/agricultural-gear-boxes.com\/pt\/product\/plastic-worm-gears\/","title":{"rendered":"Engrenagens sem-fim de pl\u00e1stico"},"content":{"rendered":"<h2>Engrenagens sem-fim de pl\u00e1stico: uma solu\u00e7\u00e3o eficiente e acess\u00edvel<\/h2>\n<p>Engrenagens sem-fim de pl\u00e1stico se tornaram uma escolha popular para muitas aplica\u00e7\u00f5es devido \u00e0 sua alta efici\u00eancia, design compacto e baixo ru\u00eddo e vibra\u00e7\u00e3o. Elas fornecem uma for\u00e7a de acionamento mais silenciosa em compara\u00e7\u00e3o com engrenagens de pl\u00e1stico e podem ser usadas em uma ampla gama de produtos, como impressoras a laser, c\u00e2meras digitais, scanners, CD-ROMs, motores de passo, equipamentos m\u00e9dicos, m\u00e1quinas de venda autom\u00e1tica, bombas de engrenagem, eletrodom\u00e9sticos, m\u00e1quinas de fax, rel\u00f3gios, brinquedos e muito mais.<\/p>\n<p>Essas engrenagens s\u00e3o feitas com materiais de alta qualidade, como Poliacetal (POM) e Nylon, que oferecem boa resist\u00eancia, durabilidade e resist\u00eancia qu\u00edmica. Elas est\u00e3o dispon\u00edveis em v\u00e1rias especifica\u00e7\u00f5es, como tamanho do m\u00f3dulo, furo, di\u00e2metro externo e comprimento, tornando-as adequadas para diferentes tipos de m\u00e1quinas.<\/p>\n<h3>Caracter\u00edsticas das engrenagens sem-fim de pl\u00e1stico:<\/h3>\n<ul>\n<li>Alta efici\u00eancia<\/li>\n<li>Movimento irrevers\u00edvel<\/li>\n<li>Bom para design compacto<\/li>\n<li>Alta capacidade de carga<\/li>\n<li>Vibra\u00e7\u00e3o e ru\u00eddo reduzidos<\/li>\n<\/ul>\n<h3>As vantagens das engrenagens de pl\u00e1stico:<\/h3>\n<ol>\n<li>Engrenagens de pl\u00e1stico s\u00e3o facilmente moldadas em v\u00e1rios formatos, o que lhes d\u00e1 uma gama mais abrangente de configura\u00e7\u00f5es.<\/li>\n<li>Engrenagens de pl\u00e1stico s\u00e3o mais baratas e leves.<\/li>\n<li>Engrenagens de pl\u00e1stico s\u00e3o resistentes a produtos qu\u00edmicos e corros\u00e3o.<\/li>\n<li>Engrenagens de pl\u00e1stico t\u00eam uma opera\u00e7\u00e3o mais silenciosa e suave e oferecem uma geometria de acionamento mais eficiente.<\/li>\n<li>Engrenagens de pl\u00e1stico s\u00e3o inerentemente autolubrificantes.<\/li>\n<\/ol>\n<h3>Como instalar, manter e reparar engrenagens sem-fim de pl\u00e1stico:<\/h3>\n<p>Engrenagens sem-fim de pl\u00e1stico s\u00e3o f\u00e1ceis de instalar e manter. Elas exigem limpeza e inspe\u00e7\u00e3o regulares para garantir que estejam funcionando corretamente. \u00c9 recomendado usar um pano macio ou escova para limpar as engrenagens, pois materiais duros podem causar danos \u00e0s engrenagens.<\/p>\n<p>Em caso de qualquer dano ou mau funcionamento, as engrenagens podem ser reparadas ou substitu\u00eddas. \u00c9 importante seguir as instru\u00e7\u00f5es do fabricante para garantir o reparo e a substitui\u00e7\u00e3o adequados.<\/p>\n<h3>Outros produtos de engrenagens de pl\u00e1stico:<\/h3>\n<p>Al\u00e9m de engrenagens sem-fim de pl\u00e1stico, nossa empresa fornece v\u00e1rias engrenagens de pl\u00e1stico usadas na ind\u00fastria, como caixas de engrenagens agr\u00edcolas, eixos de sa\u00edda de pot\u00eancia, rodas dentadas, acoplamentos de fluido, redutores de engrenagem sem-fim, engrenagens e cremalheiras, correntes destac\u00e1veis, polias e polias, caixas de engrenagens planet\u00e1rias, polias de sincroniza\u00e7\u00e3o, buchas e muito mais. Oferecemos produtos de alta qualidade a pre\u00e7os favor\u00e1veis com servi\u00e7o atencioso e damos as boas-vindas aos clientes para nos procurar para personaliza\u00e7\u00e3o de desenho ou amostra.<\/p>\n<h2>Perguntas e respostas:<\/h2>\n<p><strong>P: Quais s\u00e3o as principais vantagens das engrenagens sem-fim de pl\u00e1stico?<\/strong><br \/>\n<br \/>A: Engrenagens sem-fim de pl\u00e1stico oferecem alta efici\u00eancia, design compacto, baixo ru\u00eddo e vibra\u00e7\u00e3o, e alta capacidade de carga. Elas tamb\u00e9m s\u00e3o resistentes a produtos qu\u00edmicos e corros\u00e3o, autolubrificantes e menos caras do que engrenagens de metal.<\/p>\n<p><strong>P: Do que s\u00e3o feitas as engrenagens sem-fim de pl\u00e1stico?<\/strong><br \/>\n<br \/>R: As engrenagens sem-fim de pl\u00e1stico s\u00e3o feitas de materiais de alta qualidade, como poliacetal (POM) e n\u00e1ilon.<\/p>\n<p><strong>P: Como voc\u00ea instala e faz a manuten\u00e7\u00e3o de engrenagens sem-fim de pl\u00e1stico?<\/strong><br \/>\n<br \/>R: Engrenagens sem-fim de pl\u00e1stico s\u00e3o f\u00e1ceis de instalar e manter. Elas exigem limpeza e inspe\u00e7\u00e3o regulares para garantir que estejam funcionando corretamente. \u00c9 recomendado usar um pano macio ou escova para limpar as engrenagens.<\/p>\n<p><strong>P: Engrenagens sem-fim de pl\u00e1stico podem ser reparadas ou substitu\u00eddas?<\/strong><br \/>\n<br \/>R: Sim, em caso de qualquer dano ou mau funcionamento, as engrenagens podem ser reparadas ou substitu\u00eddas. \u00c9 importante seguir as instru\u00e7\u00f5es do fabricante para garantir o reparo e a substitui\u00e7\u00e3o adequados.<\/p>\n<p><strong>P: Quais outros produtos de engrenagens de pl\u00e1stico sua empresa fornece?<\/strong><br \/>\n<br \/>R: Al\u00e9m de engrenagens sem-fim de pl\u00e1stico, nossa empresa fornece diversas engrenagens de pl\u00e1stico usadas na ind\u00fastria, como caixas de engrenagens agr\u00edcolas, eixos de sa\u00edda de pot\u00eancia, rodas dentadas, acoplamentos de fluido, redutores de engrenagem sem-fim, engrenagens e cremalheiras, correntes destac\u00e1veis, polias e polias, caixas de engrenagens planet\u00e1rias, polias de sincroniza\u00e7\u00e3o, buchas e muito mais.<\/p>","protected":false},"excerpt":{"rendered":"<p>Engrenagens sem-fim de pl\u00e1stico: uma solu\u00e7\u00e3o eficiente e acess\u00edvel As engrenagens sem-fim de pl\u00e1stico se tornaram uma escolha popular para muitas aplica\u00e7\u00f5es devido \u00e0 sua alta efici\u00eancia, design compacto e baixo ru\u00eddo e vibra\u00e7\u00e3o. Elas fornecem uma for\u00e7a de acionamento mais silenciosa em compara\u00e7\u00e3o com engrenagens de pl\u00e1stico e podem ser usadas em uma ampla gama de produtos, como impressoras a laser, [\u2026]<\/p>","protected":false},"featured_media":3465,"template":"","meta":{"_et_pb_use_builder":"","_et_pb_old_content":"","_et_gb_content_width":""},"product_brand":[],"product_cat":[11289],"product_tag":[],"class_list":{"0":"post-3466","1":"product","2":"type-product","3":"status-publish","4":"has-post-thumbnail","6":"product_cat-worm-gear","8":"first","9":"instock","10":"shipping-taxable","11":"product-type-simple"},"_links":{"self":[{"href":"https:\/\/agricultural-gear-boxes.com\/pt\/wp-json\/wp\/v2\/product\/3466","targetHints":{"allow":["GET"]}}],"collection":[{"href":"https:\/\/agricultural-gear-boxes.com\/pt\/wp-json\/wp\/v2\/product"}],"about":[{"href":"https:\/\/agricultural-gear-boxes.com\/pt\/wp-json\/wp\/v2\/types\/product"}],"wp:featuredmedia":[{"embeddable":true,"href":"https:\/\/agricultural-gear-boxes.com\/pt\/wp-json\/wp\/v2\/media\/3465"}],"wp:attachment":[{"href":"https:\/\/agricultural-gear-boxes.com\/pt\/wp-json\/wp\/v2\/media?parent=3466"}],"wp:term":[{"taxonomy":"product_brand","embeddable":true,"href":"https:\/\/agricultural-gear-boxes.com\/pt\/wp-json\/wp\/v2\/product_brand?post=3466"},{"taxonomy":"product_cat","embeddable":true,"href":"https:\/\/agricultural-gear-boxes.com\/pt\/wp-json\/wp\/v2\/product_cat?post=3466"},{"taxonomy":"product_tag","embeddable":true,"href":"https:\/\/agricultural-gear-boxes.com\/pt\/wp-json\/wp\/v2\/product_tag?post=3466"}],"curies":[{"name":"wp","href":"https:\/\/api.w.org\/{rel}","templated":true}]}}