{"id":3468,"date":"2024-08-21T09:18:35","date_gmt":"2024-08-21T09:18:35","guid":{"rendered":"https:\/\/agricultural-gear-boxes.com\/product\/alloy-steel-worm-and-worm-gear-for-auto-parts\/"},"modified":"2024-08-21T09:18:35","modified_gmt":"2024-08-21T09:18:35","slug":"alloy-steel-worm-and-worm-gear-for-auto-parts","status":"publish","type":"product","link":"https:\/\/agricultural-gear-boxes.com\/pt\/product\/alloy-steel-worm-and-worm-gear-for-auto-parts\/","title":{"rendered":"Sem-fim de a\u00e7o de liga e engrenagem sem-fim para pe\u00e7as automotivas"},"content":{"rendered":"<h2>Sem-fim de a\u00e7o de liga e engrenagem sem-fim para pe\u00e7as automotivas<\/h2>\n<p>Welcome to our website, where we provide high-quality alloy steel worm and worm gear for various auto parts. Our products are designed with precision and manufactured using advanced technology to meet the diverse needs of our customers. Let&#8217;s explore the features, applications, and benefits of our alloy steel worm and worm gear.<\/p>\n<h3>Caracter\u00edsticas do produto:<\/h3>\n<ul>\n<li>Pe\u00e7as de reposi\u00e7\u00e3o para usinagem de alta precis\u00e3o<\/li>\n<li>Aplicado a v\u00e1rios dispositivos automotivos, militares, m\u00e9dicos, industriais, mec\u00e2nicos e aeron\u00e1uticos<\/li>\n<li>Projeto de engenharia com boa rela\u00e7\u00e3o custo-benef\u00edcio<\/li>\n<li>Servi\u00e7o OEM\/ODM fornecido<\/li>\n<li>Alta qualidade, curto prazo de entrega e diversifica\u00e7\u00e3o<\/li>\n<\/ul>\n<h3>Materiais:<\/h3>\n<p>Nossas engrenagens sem-fim e rosca sem-fim de a\u00e7o-liga podem ser feitas de uma ampla variedade de materiais, incluindo:<\/p>\n<ul>\n<li>Alum\u00ednio<\/li>\n<li>Cobre<\/li>\n<li>Lat\u00e3o<\/li>\n<li>A\u00e7o inoxid\u00e1vel<\/li>\n<li>A\u00e7o<\/li>\n<li>Ferro<\/li>\n<li>Liga<\/li>\n<li>Tit\u00e2nio<\/li>\n<\/ul>\n<h3>Aplica\u00e7\u00f5es:<\/h3>\n<p>A engrenagem sem-fim e a engrenagem sem-fim de a\u00e7o-liga s\u00e3o adequadas para diversas aplica\u00e7\u00f5es em diferentes ind\u00fastrias, incluindo:<\/p>\n<ul>\n<li>Automotivo<\/li>\n<li>M\u00e9dico<\/li>\n<li>Industrial<\/li>\n<li>Militares<\/li>\n<li>Aeronave<\/li>\n<li>Mec\u00e2nico<\/li>\n<\/ul>\n<h3>Instala\u00e7\u00e3o, manuten\u00e7\u00e3o e reparo:<\/h3>\n<p>Instalar e manter sem-fim de a\u00e7o de liga e engrenagem sem-fim requer aten\u00e7\u00e3o aos detalhes. Aqui est\u00e3o alguns pontos-chave a serem considerados:<\/p>\n<ul>\n<li>Garanta o alinhamento adequado durante a instala\u00e7\u00e3o<\/li>\n<li>Limpe e lubrifique regularmente a engrenagem para evitar desgaste<\/li>\n<li>Inspecione a engrenagem para detectar quaisquer sinais de danos ou desalinhamento<\/li>\n<li>Se forem necess\u00e1rios reparos, consulte um profissional para garantir o manuseio adequado<\/li>\n<li>For replacements, follow the manufacturer&#8217;s guidelines and specifications<\/li>\n<\/ul>\n<h2>Sobre nossa empresa<\/h2>\n<p>Com mais de dez anos de experi\u00eancia e uma equipe de profissionais qualificados, nossa empresa \u00e9 uma fabricante e fornecedora l\u00edder de engrenagens sem-fim de precis\u00e3o automotivas. Al\u00e9m de engrenagens sem-fim e sem-fim de a\u00e7o de liga, tamb\u00e9m somos especializados em v\u00e1rias engrenagens de pl\u00e1stico usadas em diferentes ind\u00fastrias. Nossa gama de produtos inclui caixas de engrenagens agr\u00edcolas, eixos de sa\u00edda de pot\u00eancia, rodas dentadas, acoplamentos de fluido, redutores de engrenagem sem-fim, engrenagens e cremalheiras, correntes destac\u00e1veis, polias e polias, caixas de engrenagens planet\u00e1rias, polias de sincroniza\u00e7\u00e3o, buchas e muito mais.<\/p>\n<p>Temos orgulho em entregar produtos de alta qualidade, oferecer pre\u00e7os competitivos e fornecer excelente atendimento ao cliente. Se voc\u00ea precisa de produtos padr\u00e3o ou personaliza\u00e7\u00f5es com base em seus requisitos espec\u00edficos, estamos aqui para atender \u00e0s suas necessidades. Sinta-se \u00e0 vontade para entrar em contato conosco para consultas, e estamos ansiosos para atend\u00ea-lo!<\/p>\n<h2>Perguntas frequentes<\/h2>\n<ol>\n<li>\n<h3>Q1: Voc\u00ea \u00e9 uma f\u00e1brica ou empresa comercial?<\/h3>\n<p>A1: Temos nossa f\u00e1brica; nosso tipo \u00e9 f\u00e1brica + com\u00e9rcio.<\/p>\n<\/li>\n<li>\n<h3>Q2: Como obter um or\u00e7amento?<\/h3>\n<p>A2: Por favor, envie-nos desenhos, juntamente com um PDF detalhado. Por favor, observe se voc\u00ea tem quaisquer requisitos, e n\u00f3s podemos fornecer aconselhamento profissional para sua refer\u00eancia.<\/p>\n<\/li>\n<li>\n<h3>Q3: Em quanto tempo posso receber a amostra?<\/h3>\n<p>R3: Depende dos itens espec\u00edficos, geralmente \u00e9 necess\u00e1rio de 7 a 10 dias.<\/p>\n<\/li>\n<li>\n<h3>Q4: Como aproveitar os servi\u00e7os OEM?<\/h3>\n<p>A4: Normalmente damos a voc\u00ea algumas propostas t\u00e9cnicas e uma cota\u00e7\u00e3o com base em seus desenhos de design ou amostras originais. Ap\u00f3s seu acordo, produziremos para voc\u00ea.<\/p>\n<\/li>\n<li>\n<h3>P5: Meus desenhos estar\u00e3o seguros depois de enviados para voc\u00eas?<\/h3>\n<p>A5: Sim, n\u00f3s os guardaremos bem e n\u00e3o os liberaremos para terceiros sem sua permiss\u00e3o. Claro, n\u00f3s garantir\u00edamos a seguran\u00e7a do desenho.<\/p>\n<\/li>\n<li>\n<h3>P6: O que devemos fazer se n\u00e3o tivermos desenhos?<\/h3>\n<p>A6: Por favor, envie sua amostra para nossa f\u00e1brica, ent\u00e3o podemos copiar ou fornecer solu\u00e7\u00f5es melhores. Por favor, envie-nos fotos ou rascunhos com dimens\u00f5es (comprimento, altura, largura), arquivo CAD ou 3D ser\u00e1 feito para voc\u00ea se voc\u00ea fizer um pedido.<\/p>\n<\/li>\n<li>\n<h3>P7: Como iniciar um pedido com voc\u00eas?<\/h3>\n<p>A7: Voc\u00ea pode nos enviar uma consulta aqui, por e-mail ou nos ligar diretamente!<\/p>\n<\/li>\n<\/ol>","protected":false},"excerpt":{"rendered":"<p>Alloy Steel Worm And Worm Gear for Auto Parts Welcome to our website, where we provide high-quality alloy steel worm and worm gear for various auto parts. Our products are designed with precision and manufactured using advanced technology to meet the diverse needs of our customers. Let&#8217;s explore the features, applications, and benefits of our [&hellip;]<\/p>","protected":false},"featured_media":3467,"template":"","meta":{"_et_pb_use_builder":"","_et_pb_old_content":"","_et_gb_content_width":""},"product_brand":[],"product_cat":[11289],"product_tag":[],"class_list":{"0":"post-3468","1":"product","2":"type-product","3":"status-publish","4":"has-post-thumbnail","6":"product_cat-worm-gear","8":"first","9":"instock","10":"shipping-taxable","11":"product-type-simple"},"_links":{"self":[{"href":"https:\/\/agricultural-gear-boxes.com\/pt\/wp-json\/wp\/v2\/product\/3468","targetHints":{"allow":["GET"]}}],"collection":[{"href":"https:\/\/agricultural-gear-boxes.com\/pt\/wp-json\/wp\/v2\/product"}],"about":[{"href":"https:\/\/agricultural-gear-boxes.com\/pt\/wp-json\/wp\/v2\/types\/product"}],"wp:featuredmedia":[{"embeddable":true,"href":"https:\/\/agricultural-gear-boxes.com\/pt\/wp-json\/wp\/v2\/media\/3467"}],"wp:attachment":[{"href":"https:\/\/agricultural-gear-boxes.com\/pt\/wp-json\/wp\/v2\/media?parent=3468"}],"wp:term":[{"taxonomy":"product_brand","embeddable":true,"href":"https:\/\/agricultural-gear-boxes.com\/pt\/wp-json\/wp\/v2\/product_brand?post=3468"},{"taxonomy":"product_cat","embeddable":true,"href":"https:\/\/agricultural-gear-boxes.com\/pt\/wp-json\/wp\/v2\/product_cat?post=3468"},{"taxonomy":"product_tag","embeddable":true,"href":"https:\/\/agricultural-gear-boxes.com\/pt\/wp-json\/wp\/v2\/product_tag?post=3468"}],"curies":[{"name":"wp","href":"https:\/\/api.w.org\/{rel}","templated":true}]}}