{"id":3470,"date":"2024-08-21T09:18:36","date_gmt":"2024-08-21T09:18:36","guid":{"rendered":"https:\/\/agricultural-gear-boxes.com\/product\/stainless-steel-worm-gear-for-cnc-machinery\/"},"modified":"2024-08-21T09:18:36","modified_gmt":"2024-08-21T09:18:36","slug":"stainless-steel-worm-gear-for-cnc-machinery","status":"publish","type":"product","link":"https:\/\/agricultural-gear-boxes.com\/pt\/product\/stainless-steel-worm-gear-for-cnc-machinery\/","title":{"rendered":"Engrenagem sem-fim de a\u00e7o inoxid\u00e1vel para m\u00e1quinas CNC"},"content":{"rendered":"<h2>Engrenagem sem-fim de a\u00e7o inoxid\u00e1vel para m\u00e1quinas CNC<\/h2>\n<p>Engrenagens sem-fim de a\u00e7o inoxid\u00e1vel s\u00e3o amplamente utilizadas em v\u00e1rias ind\u00fastrias, como m\u00e1quinas el\u00e9tricas, m\u00e1quinas metal\u00fargicas, m\u00e1quinas de prote\u00e7\u00e3o ambiental, aparelhos eletr\u00f4nicos e el\u00e9tricos, m\u00e1quinas de constru\u00e7\u00e3o de estradas, m\u00e1quinas qu\u00edmicas, m\u00e1quinas aliment\u00edcias, m\u00e1quinas industriais leves, m\u00e1quinas de minera\u00e7\u00e3o, m\u00e1quinas de transporte, m\u00e1quinas de constru\u00e7\u00e3o, m\u00e1quinas de materiais de constru\u00e7\u00e3o, m\u00e1quinas de cimento, m\u00e1quinas de borracha, m\u00e1quinas de conserva\u00e7\u00e3o de \u00e1gua e m\u00e1quinas de petr\u00f3leo. Elas s\u00e3o normalmente utilizadas em aplica\u00e7\u00f5es pesadas que exigem alta precis\u00e3o e durabilidade.<\/p>\n<p>A engrenagem sem-fim \u00e9 um tipo de engrenagem mec\u00e2nica que consiste em um sem-fim tipo parafuso e uma engrenagem tipo roda chamada roda sem-fim. A engrenagem sem-fim funciona transmitindo movimento e pot\u00eancia entre dois eixos perpendiculares. O sem-fim gira em torno de seu eixo e engrena com os dentes da roda sem-fim, fazendo com que ele gire tamb\u00e9m.<\/p>\n<p>Engrenagens sem-fim de a\u00e7o inoxid\u00e1vel podem ser feitas de uma variedade de materiais, incluindo a\u00e7o inoxid\u00e1vel, a\u00e7o carbono, lat\u00e3o, bronze, ferro, liga de alum\u00ednio, cobre, pl\u00e1stico, nylon, PA66, MC, PEER, MSM, POM, Derlin e muito mais. As engrenagens s\u00e3o produzidas seguindo rigorosamente as dimens\u00f5es padr\u00e3o ANSI ou DIN, garantindo alta precis\u00e3o e compatibilidade com outros componentes.<\/p>\n<p>As engrenagens sem-fim est\u00e3o dispon\u00edveis em tamanhos diferentes, com furo acabado, furo piloto ou op\u00e7\u00f5es de solicita\u00e7\u00e3o especial. Elas podem ser tratadas termicamente usando m\u00e9todos como t\u00eampera e revenimento, cementa\u00e7\u00e3o e t\u00eampera, t\u00eampera de alta frequ\u00eancia e carbonitreta\u00e7\u00e3o. Tratamentos de superf\u00edcie como cementa\u00e7\u00e3o e t\u00eampera, t\u00eampera, t\u00eampera de alta t\u00eampera da superf\u00edcie do dente e t\u00eampera tamb\u00e9m podem ser aplicados para melhorar sua durabilidade e resist\u00eancia ao desgaste.<\/p>\n<p>O processo de usinagem de engrenagens sem-fim de a\u00e7o inoxid\u00e1vel envolve prepara\u00e7\u00e3o do material, normaliza\u00e7\u00e3o, torneamento bruto, t\u00eampera e revenimento, c\u00edrculo externo de torneamento semifino, superf\u00edcie espiral de torneamento bruto, face final do furo interno de torneamento fino (retifica\u00e7\u00e3o fina), rasgo de chaveta, superf\u00edcie espiral de torneamento semifino, alicate (dentes restantes incompletos), c\u00edrculo externo de retifica\u00e7\u00e3o semifina, superf\u00edcie espiral de retifica\u00e7\u00e3o semifina, furo central de retifica\u00e7\u00e3o, anel externo de retifica\u00e7\u00e3o delicada, superf\u00edcie helicoidal de arranh\u00e3o fino e inspe\u00e7\u00e3o do produto acabado.<\/p>\n<h3>Par\u00e2metros do produto<\/h3>\n<p>As engrenagens sem-fim de a\u00e7o inoxid\u00e1vel t\u00eam as seguintes especifica\u00e7\u00f5es:<\/p>\n<p>&#8211; Product name: Worm Gear and Worm Wheel<br \/>\n&#8211; Materials available: Stainless steel, carbon steel, brass, bronze, iron, aluminum alloy, copper, plastic, nylon, PA66, MC, PEER, MSM, POM, Derlin, etc.<br \/>\n&#8211; Heat treatment: Quenching &amp; tempering, carburizing &amp; quenching, high-frequency hardening, carbonitriding, etc.<br \/>\n&#8211; Surface treatment: Carburizing and quenching, tempering, tooth surface high quenching hardening, tempering, etc.<br \/>\n&#8211; Bore: Finished bore, pilot bore, special request<br \/>\n&#8211; Processing method: Molding, shaving, hobbing, drilling, tapping, reaming, manual chamfering, grinding, etc.<br \/>\n&#8211; Pressure angle: 20 degrees<br \/>\n&#8211; Hardness: 55-60HRC<br \/>\n&#8211; Size: Customer drawings &amp; ISO standard<br \/>\n&#8211; Package: Wooden case\/container and pallet, or made-to-order<br \/>\n&#8211; Certificate: ISO9001:2008<br \/>\n&#8211; Module: 1~3<\/p>\n<h3>Vantagens<\/h3>\n<p>As engrenagens sem-fim de a\u00e7o inoxid\u00e1vel t\u00eam as seguintes vantagens:<\/p>\n<p>&#8211; High precision: Produced strictly following ANSI or DIN standard dimension<br \/>\n&#8211; High durability: Made from high-quality materials and heat-treated to improve their resistance to wear and tear<br \/>\n&#8211; Compatibility: Dimensionally compatible with other components produced following the same standard<br \/>\n&#8211; Customizable: Available in different sizes, bores, and materials<br \/>\n&#8211; Easy to install and maintain: Finished bore, pilot bore, and special request options available<\/p>\n<h3>Como instalar, manter e reparar<\/h3>\n<p>Para instalar a engrenagem sem-fim de a\u00e7o inoxid\u00e1vel, certifique-se de alinhar os eixos corretamente antes de apertar os parafusos de fixa\u00e7\u00e3o. \u00c9 necess\u00e1ria manuten\u00e7\u00e3o regular para garantir que a engrenagem opere suavemente e para evitar desgaste prematuro. A engrenagem deve ser lubrificada periodicamente usando um lubrificante de alta qualidade. Se ocorrerem danos, a engrenagem pode ser reparada substituindo os componentes danificados ou remodelando os dentes usando uma fresadora de engrenagens.<\/p>\n<h3>Produtos relacionados<\/h3>\n<p>Al\u00e9m de engrenagens sem-fim de a\u00e7o inoxid\u00e1vel, a EVER-POWER Machinery Co., Ltd oferece v\u00e1rias engrenagens de pl\u00e1stico usadas na ind\u00fastria, como caixas de engrenagens agr\u00edcolas, eixos de sa\u00edda de pot\u00eancia, rodas dentadas, acoplamentos de fluido, redutores de engrenagem sem-fim, engrenagens e cremalheiras, correntes destac\u00e1veis, polias e polias, caixas de engrenagens planet\u00e1rias, polias de sincroniza\u00e7\u00e3o, buchas e muito mais. Estamos dedicados a fornecer produtos de alta qualidade a um pre\u00e7o favor\u00e1vel e com servi\u00e7o atencioso. Os clientes s\u00e3o bem-vindos para trazer seus desenhos ou amostras para personaliza\u00e7\u00e3o.<\/p>\n<h2>Perguntas e respostas<\/h2>\n<p>1. Em quais ind\u00fastrias as engrenagens sem-fim de a\u00e7o inoxid\u00e1vel s\u00e3o comumente usadas?<\/p>\n<p>Engrenagens sem-fim de a\u00e7o inoxid\u00e1vel s\u00e3o comumente usadas em v\u00e1rias ind\u00fastrias pesadas, como m\u00e1quinas el\u00e9tricas, m\u00e1quinas metal\u00fargicas, m\u00e1quinas de prote\u00e7\u00e3o ambiental, aparelhos eletr\u00f4nicos e el\u00e9tricos, m\u00e1quinas de constru\u00e7\u00e3o de estradas, m\u00e1quinas qu\u00edmicas, m\u00e1quinas aliment\u00edcias, m\u00e1quinas industriais leves, m\u00e1quinas de minera\u00e7\u00e3o, m\u00e1quinas de transporte, m\u00e1quinas de constru\u00e7\u00e3o, m\u00e1quinas de materiais de constru\u00e7\u00e3o, m\u00e1quinas de cimento, m\u00e1quinas de borracha, m\u00e1quinas de conserva\u00e7\u00e3o de \u00e1gua e m\u00e1quinas de petr\u00f3leo.<\/p>\n<p>2. Quais materiais podem ser usados para fazer engrenagens sem-fim de a\u00e7o inoxid\u00e1vel?<\/p>\n<p>Engrenagens sem-fim de a\u00e7o inoxid\u00e1vel podem ser feitas de uma variedade de materiais, incluindo a\u00e7o inoxid\u00e1vel, a\u00e7o carbono, lat\u00e3o, bronze, ferro, liga de alum\u00ednio, cobre, pl\u00e1stico, n\u00e1ilon, PA66, MC, PEER, MSM, POM, Derlin e muito mais.<\/p>\n<p>3. Como as engrenagens sem-fim de a\u00e7o inoxid\u00e1vel s\u00e3o tratadas termicamente?<\/p>\n<p>Engrenagens sem-fim de a\u00e7o inoxid\u00e1vel podem ser tratadas termicamente usando m\u00e9todos como t\u00eampera e revenimento, cementa\u00e7\u00e3o e t\u00eampera, t\u00eampera de alta frequ\u00eancia e carbonitreta\u00e7\u00e3o.<\/p>\n<p>4. Como as engrenagens sem-fim de a\u00e7o inoxid\u00e1vel s\u00e3o instaladas e mantidas?<\/p>\n<p>Para instalar a engrenagem sem-fim de a\u00e7o inoxid\u00e1vel, certifique-se de alinhar os eixos corretamente antes de apertar os parafusos de fixa\u00e7\u00e3o. \u00c9 necess\u00e1ria manuten\u00e7\u00e3o regular para garantir que a engrenagem opere suavemente e para evitar desgaste prematuro. A engrenagem deve ser lubrificada periodicamente usando um lubrificante de alta qualidade.<\/p>\n<p>5. Quais outros produtos a EVER-POWER Machinery Co., Ltd oferece?<\/p>\n<p>Al\u00e9m de engrenagens sem-fim de a\u00e7o inoxid\u00e1vel, a EVER-POWER Machinery Co., Ltd oferece v\u00e1rias engrenagens de pl\u00e1stico usadas na ind\u00fastria, como caixas de engrenagens agr\u00edcolas, eixos de sa\u00edda de pot\u00eancia, rodas dentadas, acoplamentos de fluido, redutores de engrenagem sem-fim, engrenagens e cremalheiras, correntes destac\u00e1veis, polias e polias, caixas de engrenagens planet\u00e1rias, polias de sincroniza\u00e7\u00e3o, buchas e muito mais. Os clientes s\u00e3o bem-vindos para trazer seus desenhos ou amostras para personaliza\u00e7\u00e3o.<\/p>","protected":false},"excerpt":{"rendered":"<p>Stainless Steel Worm Gear for CNC Machinery Stainless steel worm gears are widely used in various industries, such as electric machinery, metallurgical machinery, environmental protection machinery, electronic and electrical appliances, road construction machinery, chemical machinery, food machinery, light industrial machinery, mining machinery, transportation machinery, construction machinery, building materials machinery, cement machinery, rubber machinery, water conservancy [&hellip;]<\/p>","protected":false},"featured_media":3469,"template":"","meta":{"_et_pb_use_builder":"","_et_pb_old_content":"","_et_gb_content_width":""},"product_brand":[],"product_cat":[11289],"product_tag":[],"class_list":{"0":"post-3470","1":"product","2":"type-product","3":"status-publish","4":"has-post-thumbnail","6":"product_cat-worm-gear","8":"first","9":"instock","10":"shipping-taxable","11":"product-type-simple"},"_links":{"self":[{"href":"https:\/\/agricultural-gear-boxes.com\/pt\/wp-json\/wp\/v2\/product\/3470","targetHints":{"allow":["GET"]}}],"collection":[{"href":"https:\/\/agricultural-gear-boxes.com\/pt\/wp-json\/wp\/v2\/product"}],"about":[{"href":"https:\/\/agricultural-gear-boxes.com\/pt\/wp-json\/wp\/v2\/types\/product"}],"wp:featuredmedia":[{"embeddable":true,"href":"https:\/\/agricultural-gear-boxes.com\/pt\/wp-json\/wp\/v2\/media\/3469"}],"wp:attachment":[{"href":"https:\/\/agricultural-gear-boxes.com\/pt\/wp-json\/wp\/v2\/media?parent=3470"}],"wp:term":[{"taxonomy":"product_brand","embeddable":true,"href":"https:\/\/agricultural-gear-boxes.com\/pt\/wp-json\/wp\/v2\/product_brand?post=3470"},{"taxonomy":"product_cat","embeddable":true,"href":"https:\/\/agricultural-gear-boxes.com\/pt\/wp-json\/wp\/v2\/product_cat?post=3470"},{"taxonomy":"product_tag","embeddable":true,"href":"https:\/\/agricultural-gear-boxes.com\/pt\/wp-json\/wp\/v2\/product_tag?post=3470"}],"curies":[{"name":"wp","href":"https:\/\/api.w.org\/{rel}","templated":true}]}}