{"id":3479,"date":"2024-08-22T05:23:07","date_gmt":"2024-08-22T05:23:07","guid":{"rendered":"https:\/\/agricultural-gear-boxes.com\/product\/plastic-nylon-internal-gears\/"},"modified":"2024-08-22T05:23:07","modified_gmt":"2024-08-22T05:23:07","slug":"plastic-nylon-internal-gears","status":"publish","type":"product","link":"https:\/\/agricultural-gear-boxes.com\/pt\/product\/plastic-nylon-internal-gears\/","title":{"rendered":"Engrenagens internas de nylon pl\u00e1stico"},"content":{"rendered":"<h2>Engrenagens internas de nylon pl\u00e1stico: uma solu\u00e7\u00e3o compacta para transmiss\u00e3o de eixo paralelo<\/h2>\n<p>Engrenagens internas de nylon pl\u00e1stico s\u00e3o uma solu\u00e7\u00e3o eficiente e compacta para transmiss\u00e3o de eixo paralelo com redu\u00e7\u00e3o consider\u00e1vel de velocidade. Essas engrenagens s\u00e3o frequentemente usadas em aplica\u00e7\u00f5es envolvendo acionamentos de engrenagens planet\u00e1rias e acoplamentos de engrenagens. Tr\u00eas tipos principais de mecanismos de engrenagens planet\u00e1rias, planet\u00e1rio, solar e estrela, s\u00e3o usados dependendo do tipo e do padr\u00e3o de eixos como entrada e sa\u00edda, produzindo v\u00e1rias varia\u00e7\u00f5es de rela\u00e7\u00f5es de transmiss\u00e3o de velocidade e dire\u00e7\u00f5es rotacionais. As engrenagens internas de nylon pl\u00e1stico s\u00e3o altamente precisas e fornecem servi\u00e7os ODM e OEM que podem ser personalizados de acordo com os requisitos do cliente. Com mais de dez anos de experi\u00eancia e centenas de funcion\u00e1rios qualificados, a EVER-POWER Machinery \u00e9 uma das principais fabricantes e fornecedoras de engrenagens pl\u00e1sticas internas da China.<\/p>\n<h2>Caracter\u00edsticas das engrenagens internas de nylon pl\u00e1stico<\/h2>\n<ul>\n<li>Solu\u00e7\u00e3o compacta e eficiente de transmiss\u00e3o de eixo paralelo<\/li>\n<li>Usado em aplica\u00e7\u00f5es envolvendo engrenagens planet\u00e1rias e acoplamentos de engrenagens<\/li>\n<li>Engrenagens internas de alta precis\u00e3o<\/li>\n<li>Oferece servi\u00e7os ODM e OEM<\/li>\n<\/ul>\n<h2>Vantagens das engrenagens internas de nylon pl\u00e1stico<\/h2>\n<ul>\n<li>Proporciona redu\u00e7\u00e3o consider\u00e1vel de velocidade na transmiss\u00e3o de eixo paralelo<\/li>\n<li>Solu\u00e7\u00e3o eficiente e compacta para diversas aplica\u00e7\u00f5es<\/li>\n<li>Engrenagens internas de alta precis\u00e3o garantem uma transmiss\u00e3o suave<\/li>\n<li>Os servi\u00e7os ODM e OEM permitem personaliza\u00e7\u00e3o conforme os requisitos do cliente<\/li>\n<\/ul>\n<h2>Materiais usados em engrenagens internas de nylon pl\u00e1stico<\/h2>\n<p>Os materiais dominantes usados na produ\u00e7\u00e3o de Engrenagens Internas de Nylon Pl\u00e1stico s\u00e3o POM, PP e PPT. No entanto, outros materiais como POM, PA, PPA, PBT e PEEK tamb\u00e9m podem ser usados conforme os requisitos do cliente.<\/p>\n<h2>Instala\u00e7\u00e3o, Manuten\u00e7\u00e3o e Reparo de Engrenagens Internas de Nylon Pl\u00e1stico<\/h2>\n<p>A instala\u00e7\u00e3o, manuten\u00e7\u00e3o e reparo adequados das Engrenagens Internas de Nylon Pl\u00e1stico s\u00e3o importantes para garantir sua longevidade e funcionamento eficiente. As engrenagens devem ser instaladas de acordo com as instru\u00e7\u00f5es do fabricante e regularmente mantidas para evitar danos ou desgaste. Em caso de qualquer dano ou mau funcionamento, as engrenagens devem ser reparadas imediatamente ou substitu\u00eddas, se necess\u00e1rio.<\/p>\n<h2>Outros produtos oferecidos pela EVER-POWER Machinery<\/h2>\n<p>Al\u00e9m das Engrenagens Internas de Nylon Pl\u00e1stico, a EVER-POWER Machinery fornece v\u00e1rias outras engrenagens pl\u00e1sticas usadas na ind\u00fastria, como caixas de engrenagens agr\u00edcolas, eixos de sa\u00edda de pot\u00eancia, rodas dentadas, acoplamentos de fluido, redutores de engrenagem sem-fim, engrenagens e cremalheiras, correntes destac\u00e1veis, polias e polias, caixas de engrenagens planet\u00e1rias, polias de sincroniza\u00e7\u00e3o, buchas e muito mais. Nossos produtos s\u00e3o de alta qualidade, oferecidos a pre\u00e7os favor\u00e1veis e s\u00e3o apoiados por um servi\u00e7o atencioso. Damos as boas-vindas aos clientes para virem at\u00e9 n\u00f3s para personaliza\u00e7\u00e3o de desenho ou amostra.<\/p>\n<h2>Perguntas frequentes<\/h2>\n<ol>\n<li>\nP: Quais materiais s\u00e3o usados na produ\u00e7\u00e3o de engrenagens internas de pl\u00e1stico e nylon?<br \/>\nR: Os materiais dominantes usados na produ\u00e7\u00e3o de Engrenagens Internas de Nylon Pl\u00e1stico s\u00e3o POM, PP e PPT. No entanto, outros materiais como POM, PA, PPA, PBT e PEEK tamb\u00e9m podem ser usados conforme os requisitos do cliente.\n<\/li>\n<li>\nP: Qual \u00e9 o n\u00edvel de pre\u00e7o das engrenagens internas de pl\u00e1stico e nylon?<br \/>\nR: Oferecemos vendas diretas da f\u00e1brica e temos um processo de trabalho de linha de produ\u00e7\u00e3o completo, desde a plataforma at\u00e9 as pe\u00e7as principais, o que nos permite oferecer pre\u00e7os competitivos para nossos produtos de alta qualidade.\n<\/li>\n<li>\nP: Como a EVER-POWER Machinery garante a qualidade de seus produtos?<br \/>\nR: Temos certificados CE e oferecemos garantia de qualidade de um ano e suporte t\u00e9cnico vital\u00edcio para garantir a qualidade dos nossos produtos.\n<\/li>\n<li>\nP: Quais condi\u00e7\u00f5es de pagamento voc\u00eas aceitam?<br \/>\nR: Aceitamos T\/T ou L\/C, West Union, Moneygram ou Paypal; outros m\u00e9todos de pagamento tamb\u00e9m s\u00e3o bem-vindos.\n<\/li>\n<li>\nP: Como voc\u00eas organizam o envio dos produtos?<br \/>\nR: Oferecemos envio por via mar\u00edtima\/trem\/a\u00e9rea expressa, e o prazo de entrega \u00e9 geralmente de 15 a 20 dias mediante dep\u00f3sito.\n<\/li>\n<\/ol>","protected":false},"excerpt":{"rendered":"<p>Plastic Nylon Internal Gears: A Compact Solution for Parallel Shaft Transmission Drive Plastic Nylon Internal Gears are an efficient and compact solution for parallel shaft transmission drive with considerable speed reduction. These gears are often used in applications involving planetary gear drives and gear couplings. Three major types of planetary gear mechanisms, planetary, solar, and [&hellip;]<\/p>","protected":false},"featured_media":3478,"template":"","meta":{"_et_pb_use_builder":"","_et_pb_old_content":"","_et_gb_content_width":""},"product_brand":[],"product_cat":[11290],"product_tag":[],"class_list":{"0":"post-3479","1":"product","2":"type-product","3":"status-publish","4":"has-post-thumbnail","6":"product_cat-plastic-gear","8":"first","9":"instock","10":"shipping-taxable","11":"product-type-simple"},"_links":{"self":[{"href":"https:\/\/agricultural-gear-boxes.com\/pt\/wp-json\/wp\/v2\/product\/3479","targetHints":{"allow":["GET"]}}],"collection":[{"href":"https:\/\/agricultural-gear-boxes.com\/pt\/wp-json\/wp\/v2\/product"}],"about":[{"href":"https:\/\/agricultural-gear-boxes.com\/pt\/wp-json\/wp\/v2\/types\/product"}],"wp:featuredmedia":[{"embeddable":true,"href":"https:\/\/agricultural-gear-boxes.com\/pt\/wp-json\/wp\/v2\/media\/3478"}],"wp:attachment":[{"href":"https:\/\/agricultural-gear-boxes.com\/pt\/wp-json\/wp\/v2\/media?parent=3479"}],"wp:term":[{"taxonomy":"product_brand","embeddable":true,"href":"https:\/\/agricultural-gear-boxes.com\/pt\/wp-json\/wp\/v2\/product_brand?post=3479"},{"taxonomy":"product_cat","embeddable":true,"href":"https:\/\/agricultural-gear-boxes.com\/pt\/wp-json\/wp\/v2\/product_cat?post=3479"},{"taxonomy":"product_tag","embeddable":true,"href":"https:\/\/agricultural-gear-boxes.com\/pt\/wp-json\/wp\/v2\/product_tag?post=3479"}],"curies":[{"name":"wp","href":"https:\/\/api.w.org\/{rel}","templated":true}]}}