{"id":3490,"date":"2024-08-22T05:30:26","date_gmt":"2024-08-22T05:30:26","guid":{"rendered":"https:\/\/agricultural-gear-boxes.com\/product\/metallurgy-machinery-soft-tooth-flank-helical-gear\/"},"modified":"2024-08-22T05:30:26","modified_gmt":"2024-08-22T05:30:26","slug":"metallurgy-machinery-soft-tooth-flank-helical-gear","status":"publish","type":"product","link":"https:\/\/agricultural-gear-boxes.com\/pt\/product\/metallurgy-machinery-soft-tooth-flank-helical-gear\/","title":{"rendered":"M\u00e1quinas de metalurgia Engrenagem helicoidal de flanco de dente macio"},"content":{"rendered":"<h2>M\u00e1quinas de metalurgia Engrenagem helicoidal de flanco de dente macio<\/h2>\n<p>M\u00e1quinas de Metalurgia A engrenagem helicoidal de flanco de dente macio \u00e9 um componente essencial da maquinaria metal\u00fargica. \u00c9 um tipo de engrenagem comumente usada em v\u00e1rias ind\u00fastrias para transmitir pot\u00eancia e movimento entre dois eixos que n\u00e3o s\u00e3o paralelos. A hist\u00f3ria da engrenagem remonta aos tempos antigos, e a engrenagem tem sido constantemente melhorada e inovada com o desenvolvimento da sociedade humana e da tecnologia. Esta engrenagem \u00e9 feita de materiais de alta qualidade, como a\u00e7o 45, e \u00e9 processada por meio de forjamento, torneamento, fresamento, retifica\u00e7\u00e3o externa, fresamento de rasgo de chaveta e retifica\u00e7\u00e3o de dentes para garantir sua durabilidade e estabilidade. \u00c9 amplamente usada em metalurgia, minera\u00e7\u00e3o, transporte, petr\u00f3leo, qu\u00edmica, constru\u00e7\u00e3o e outras ind\u00fastrias.<\/p>\n<h3>Vantagens<\/h3>\n<ul>\n<li>Alta precis\u00e3o e estabilidade.<\/li>\n<li>Grande torque de transmiss\u00e3o e alta efici\u00eancia.<\/li>\n<li>Baixo ru\u00eddo e opera\u00e7\u00e3o suave.<\/li>\n<li>Ampla gama de aplica\u00e7\u00f5es.<\/li>\n<li>Longa vida \u00fatil.<\/li>\n<\/ul>\n<h3>Instala\u00e7\u00e3o, Manuten\u00e7\u00e3o e Reparo<\/h3>\n<p>A instala\u00e7\u00e3o da Metallurgy Machinery Soft Tooth Flank Helical Gear requer habilidades e ferramentas profissionais. \u00c9 necess\u00e1rio garantir que a engrenagem seja instalada corretamente e com seguran\u00e7a. A manuten\u00e7\u00e3o regular \u00e9 essencial para garantir a opera\u00e7\u00e3o normal da engrenagem, como limpeza e lubrifica\u00e7\u00e3o. Se a engrenagem estiver danificada ou com defeito, ela pode ser reparada por profissionais ou substitu\u00edda por uma nova.<\/p>\n<h3>Outros produtos da nossa empresa<\/h3>\n<p>Al\u00e9m da Metallurgy Machinery Soft Tooth Flank Helical Gear, a HZPT Machinery tamb\u00e9m fornece v\u00e1rias engrenagens de pl\u00e1stico usadas na ind\u00fastria. Nossos produtos incluem caixas de engrenagens agr\u00edcolas, eixos de sa\u00edda de pot\u00eancia, rodas dentadas, acoplamentos de fluido, redutores de engrenagem sem-fim, engrenagens e cremalheiras, correntes destac\u00e1veis, polias e polias, caixas de engrenagens planet\u00e1rias, polias de sincroniza\u00e7\u00e3o, buchas e muito mais. Oferecemos produtos de alta qualidade, pre\u00e7os favor\u00e1veis e servi\u00e7os atenciosos. Damos as boas-vindas aos clientes para nos procurar para personaliza\u00e7\u00e3o de desenho ou amostra.<\/p>\n<h2>Perguntas e respostas<\/h2>\n<ol>\n<li>\n<h3>Quais s\u00e3o as vantagens da engrenagem helicoidal de flanco com dentes macios para m\u00e1quinas de metalurgia?<\/h3>\n<p>A engrenagem helicoidal de flanco de dente macio para m\u00e1quinas de metalurgia tem vantagens como alta precis\u00e3o e estabilidade, grande torque de transmiss\u00e3o e alta efici\u00eancia, baixo ru\u00eddo e opera\u00e7\u00e3o suave, ampla gama de aplica\u00e7\u00f5es e longa vida \u00fatil.<\/p>\n<\/li>\n<li>\n<h3>Como a engrenagem helicoidal de flanco de dentes macios da Metallurgy Machinery deve ser instalada, mantida e reparada?<\/h3>\n<p>A engrenagem helicoidal de flanco de dentes macios da Metallurgy Machinery exige habilidades e ferramentas profissionais para instala\u00e7\u00e3o; manuten\u00e7\u00e3o regular, como limpeza e lubrifica\u00e7\u00e3o, \u00e9 essencial e, se estiver danificada ou com defeito, pode ser reparada por profissionais ou substitu\u00edda por uma nova.<\/p>\n<\/li>\n<li>\n<h3>Quais materiais podem ser usados para fazer engrenagens helicoidais de flanco com dentes macios para m\u00e1quinas de metalurgia?<\/h3>\n<p>A engrenagem helicoidal de flanco de dente macio da Metallurgy Machinery \u00e9 feita principalmente de materiais de alta qualidade, como a\u00e7o 45.<\/p>\n<\/li>\n<li>\n<h3>Quais outros produtos a HZPT Machinery fornece?<\/h3>\n<p>A HZPT Machinery fornece diversas engrenagens pl\u00e1sticas usadas na ind\u00fastria, incluindo caixas de engrenagens agr\u00edcolas, eixos de sa\u00edda de pot\u00eancia, rodas dentadas, acoplamentos de fluido, redutores de engrenagem sem-fim, engrenagens e cremalheiras, correntes destac\u00e1veis, polias e polias, caixas de engrenagens planet\u00e1rias, polias de sincroniza\u00e7\u00e3o, buchas e muito mais.<\/p>\n<\/li>\n<li>\n<h3>Como os clientes podem personalizar os produtos da HZPT Machinery?<\/h3>\n<p>Os clientes podem nos procurar para personalizar desenhos ou amostras, e n\u00f3s oferecemos produtos de alta qualidade, pre\u00e7os favor\u00e1veis e servi\u00e7os atenciosos.<\/p>\n<\/li>\n<\/ol>","protected":false},"excerpt":{"rendered":"<p>Metallurgy Machinery Soft Tooth Flank Helical Gear Metallurgy Machinery Soft Tooth Flank Helical Gear is an essential component of metallurgical machinery. It is a type of gear commonly used in various industries to transmit power and motion between two axes that are not parallel. The history of gear dates back to ancient times, and the [&hellip;]<\/p>","protected":false},"featured_media":3489,"template":"","meta":{"_et_pb_use_builder":"","_et_pb_old_content":"","_et_gb_content_width":""},"product_brand":[],"product_cat":[11291],"product_tag":[],"class_list":{"0":"post-3490","1":"product","2":"type-product","3":"status-publish","4":"has-post-thumbnail","6":"product_cat-helical-gear","8":"first","9":"instock","10":"shipping-taxable","11":"product-type-simple"},"_links":{"self":[{"href":"https:\/\/agricultural-gear-boxes.com\/pt\/wp-json\/wp\/v2\/product\/3490","targetHints":{"allow":["GET"]}}],"collection":[{"href":"https:\/\/agricultural-gear-boxes.com\/pt\/wp-json\/wp\/v2\/product"}],"about":[{"href":"https:\/\/agricultural-gear-boxes.com\/pt\/wp-json\/wp\/v2\/types\/product"}],"wp:featuredmedia":[{"embeddable":true,"href":"https:\/\/agricultural-gear-boxes.com\/pt\/wp-json\/wp\/v2\/media\/3489"}],"wp:attachment":[{"href":"https:\/\/agricultural-gear-boxes.com\/pt\/wp-json\/wp\/v2\/media?parent=3490"}],"wp:term":[{"taxonomy":"product_brand","embeddable":true,"href":"https:\/\/agricultural-gear-boxes.com\/pt\/wp-json\/wp\/v2\/product_brand?post=3490"},{"taxonomy":"product_cat","embeddable":true,"href":"https:\/\/agricultural-gear-boxes.com\/pt\/wp-json\/wp\/v2\/product_cat?post=3490"},{"taxonomy":"product_tag","embeddable":true,"href":"https:\/\/agricultural-gear-boxes.com\/pt\/wp-json\/wp\/v2\/product_tag?post=3490"}],"curies":[{"name":"wp","href":"https:\/\/api.w.org\/{rel}","templated":true}]}}