{"id":3492,"date":"2024-08-22T05:30:27","date_gmt":"2024-08-22T05:30:27","guid":{"rendered":"https:\/\/agricultural-gear-boxes.com\/product\/crossed-helical-gear\/"},"modified":"2024-08-22T05:30:27","modified_gmt":"2024-08-22T05:30:27","slug":"crossed-helical-gear","status":"publish","type":"product","link":"https:\/\/agricultural-gear-boxes.com\/pt\/product\/crossed-helical-gear\/","title":{"rendered":"Engrenagem helicoidal cruzada"},"content":{"rendered":"<h2>Engrenagem helicoidal cruzada: a transmiss\u00e3o de engrenagens vers\u00e1til<\/h2>\n<p>Crossed helical gears are a type of gear transmission that offers a wide range of applications and benefits. They are widely used in various industries due to their reliability, accuracy, and high transmission efficiency. Let&#8217;s explore the features, advantages, and maintenance of crossed helical gears.<\/p>\n<h3>Caracter\u00edsticas e Classifica\u00e7\u00e3o<\/h3>\n<p>Engrenagens helicoidais cruzadas pertencem \u00e0 categoria de transmiss\u00f5es de engrenagens de eixo de intersec\u00e7\u00e3o. Elas podem ser ainda classificadas em transmiss\u00e3o de engrenagem c\u00f4nica de dente reto e transmiss\u00e3o de engrenagem c\u00f4nica de dente curvo.<\/p>\n<p>A transmiss\u00e3o de engrenagem c\u00f4nica de dente reto envolve duas linhas perif\u00e9ricas que se cruzam em um \u00e2ngulo de 90\u00b0. \u00c9 comumente usada e f\u00e1cil de fabricar e instalar. No entanto, \u00e9 menos est\u00e1vel, tem menor capacidade de carga e \u00e9 adequada para opera\u00e7\u00f5es de baixa velocidade com pequenas cargas.<\/p>\n<p>Por outro lado, a transmiss\u00e3o de engrenagem c\u00f4nica de dente curvo oferece uma intersec\u00e7\u00e3o e coincid\u00eancia maiores entre os dois eixos. Ela fornece opera\u00e7\u00e3o est\u00e1vel, alta capacidade de carga, for\u00e7a axial significativa e \u00e9 adequada para transmiss\u00f5es de alta velocidade com cargas pesadas.<\/p>\n<h3>Vantagens e Material<\/h3>\n<p>Comparadas a outras transmiss\u00f5es, as engrenagens helicoidais cruzadas t\u00eam v\u00e1rias vantagens. Elas fornecem transmiss\u00e3o de movimento confi\u00e1vel e precisa com uma rela\u00e7\u00e3o de transmiss\u00e3o instant\u00e2nea constante entre as duas rodas. A velocidade circunferencial e a faixa de pot\u00eancia das engrenagens helicoidais cruzadas s\u00e3o abrangentes, mantendo alta efici\u00eancia de transmiss\u00e3o (geralmente 0,94-0,99). Elas tamb\u00e9m t\u00eam uma longa vida \u00fatil, estrutura compacta e manuten\u00e7\u00e3o simples.<\/p>\n<p>Engrenagens helicoidais cruzadas podem ser fabricadas usando v\u00e1rios materiais, incluindo lat\u00e3o, a\u00e7o C45, a\u00e7o inoxid\u00e1vel, cobre, POM, alum\u00ednio e liga. A escolha do material depende dos requisitos espec\u00edficos da aplica\u00e7\u00e3o.<\/p>\n<h3>Instala\u00e7\u00e3o, Manuten\u00e7\u00e3o e Reparo<\/h3>\n<p>A instala\u00e7\u00e3o e manuten\u00e7\u00e3o adequadas desempenham um papel crucial na extens\u00e3o da vida \u00fatil de engrenagens helicoidais cruzadas. Aqui est\u00e3o alguns pontos-chave a serem considerados:<\/p>\n<p>1. Instala\u00e7\u00e3o e amaciamento: Siga os requisitos t\u00e9cnicos durante a instala\u00e7\u00e3o da engrenagem e fa\u00e7a funcionar um par de engrenagens novas em condi\u00e7\u00f5es sem carga e com carga passo a passo por v\u00e1rias horas. Limpe a caixa de engrenagens e troque o \u00f3leo antes de usar.<\/p>\n<p>2. Uso adequado: a partida, o carregamento, o descarregamento e a troca de marchas devem ser est\u00e1veis para evitar cargas de impacto e poss\u00edveis danos aos dentes da engrenagem.<\/p>\n<p>3. Lubrication system: Regularly check the lubrication system for oil level, oil supply condition, and oil quality. Replace and replenish the lubricating oil based on the manufacturer&#8217;s specifications.<\/p>\n<p>4. Monitoramento: Monitore regularmente o status operacional, prestando aten\u00e7\u00e3o a quaisquer sons anormais, superaquecimento ou outros sinais de mau funcionamento. Considere usar dispositivos de detec\u00e7\u00e3o autom\u00e1tica para transmiss\u00f5es de alta velocidade, carga pesada ou engrenagens cr\u00edticas.<\/p>\n<p>5. Capa protetora: Instale uma capa protetora para transmiss\u00f5es de engrenagens abertas para evitar que poeira, lascas e detritos entrem na superf\u00edcie do dente, garantindo a integridade da superf\u00edcie da engrenagem e a seguran\u00e7a pessoal.<\/p>\n<h2>Produtos Mostrar<\/h2>\n<p>Aqui est\u00e3o algumas representa\u00e7\u00f5es visuais de engrenagens helicoidais cruzadas:<\/p>\n<p><img loading=\"lazy\" decoding=\"async\" class=\"size-full wp-image-379366 alignnone\" src=\"https:\/\/www.ever-power.net\/wp-content\/uploads\/2022\/06\/Crossed-Helical-Gear-1.jpg\" alt=\"\" width=\"600\" height=\"600\" \/><\/p>\n<p><img loading=\"lazy\" decoding=\"async\" class=\"size-full wp-image-379367 alignnone\" src=\"https:\/\/www.ever-power.net\/wp-content\/uploads\/2022\/06\/Crossed-Helical-Gear-2.jpg\" alt=\"\" width=\"600\" height=\"600\" \/><\/p>\n<h2>Perguntas frequentes<\/h2>\n<p>1. P: Como a HZPT Machinery garante entrega r\u00e1pida mesmo sem estoque?<br \/>\nR: Nosso processo de fabrica\u00e7\u00e3o exclusivo e grande estoque de ferramentas, mat\u00e9rias-primas e produtos semiacabados nos permitem atender pedidos rapidamente.<\/p>\n<p>2. P: Quanto tempo a HZPT Machinery leva para responder \u00e0s perguntas?<br \/>\nR: Normalmente respondemos dentro de 12 horas ap\u00f3s receber sua consulta. Solicita\u00e7\u00f5es urgentes podem ser tratadas prontamente entrando em contato conosco diretamente.<\/p>\n<p>3. P: A HZPT Machinery pode fabricar engrenagens personalizadas que n\u00e3o est\u00e3o listadas no site?<br \/>\nR: Sim, podemos fornecer engrenagens personalizadas com as mesmas op\u00e7\u00f5es de entrega r\u00e1pida das nossas engrenagens padr\u00e3o.<\/p>\n<p>4. P: A HZPT Machinery fabrica engrenagens m\u00e9tricas?<br \/>\nA: Com certeza! Temos a capacidade de fabricar engrenagens em qualquer tamanho m\u00e9trico.<\/p>\n<p>5. P: Existe uma quantidade m\u00ednima de pedido para m\u00e1quinas HZPT?<br \/>\nR: Os requisitos m\u00ednimos dependem das pe\u00e7as espec\u00edficas pedidas. Compartilhe seus desenhos, fotos, engrenagens de amostra ou especifica\u00e7\u00f5es conosco, e n\u00f3s forneceremos os requisitos m\u00ednimos para seu projeto.<\/p>\n<h2>Explore nossos outros produtos de equipamentos de alta qualidade<\/h2>\n<p>Na HZPT Machinery, somos especializados em fornecer uma ampla gama de produtos de engrenagens usados em v\u00e1rios setores. Nossas ofertas de produtos incluem:<\/p>\n<p>&#8211; Agricultural gearboxes<br \/>\n&#8211; Power output shafts<br \/>\n&#8211; Sprockets<br \/>\n&#8211; Fluid couplings<br \/>\n&#8211; Worm gear reducers<br \/>\n&#8211; Gears and racks<br \/>\n&#8211; Detachable chains<br \/>\n&#8211; Pulleys and pulleys<br \/>\n&#8211; Planetary gearboxes<br \/>\n&#8211; Timing pulleys<br \/>\n&#8211; Bushings<\/p>\n<p>We take pride in providing high-quality products at competitive prices, backed by excellent customer service. Whether you require standard gears or customized solutions, we are here to meet your needs. Contact us today with your specifications or samples, and let&#8217;s discuss how we can assist you.<\/p>","protected":false},"excerpt":{"rendered":"<p>Crossed Helical Gear: The Versatile Gear Transmission Crossed helical gears are a type of gear transmission that offers a wide range of applications and benefits. They are widely used in various industries due to their reliability, accuracy, and high transmission efficiency. Let&#8217;s explore the features, advantages, and maintenance of crossed helical gears. Features and Classification [&hellip;]<\/p>","protected":false},"featured_media":3491,"template":"","meta":{"_et_pb_use_builder":"","_et_pb_old_content":"","_et_gb_content_width":""},"product_brand":[],"product_cat":[11291],"product_tag":[],"class_list":{"0":"post-3492","1":"product","2":"type-product","3":"status-publish","4":"has-post-thumbnail","6":"product_cat-helical-gear","8":"first","9":"instock","10":"shipping-taxable","11":"product-type-simple"},"_links":{"self":[{"href":"https:\/\/agricultural-gear-boxes.com\/pt\/wp-json\/wp\/v2\/product\/3492","targetHints":{"allow":["GET"]}}],"collection":[{"href":"https:\/\/agricultural-gear-boxes.com\/pt\/wp-json\/wp\/v2\/product"}],"about":[{"href":"https:\/\/agricultural-gear-boxes.com\/pt\/wp-json\/wp\/v2\/types\/product"}],"wp:featuredmedia":[{"embeddable":true,"href":"https:\/\/agricultural-gear-boxes.com\/pt\/wp-json\/wp\/v2\/media\/3491"}],"wp:attachment":[{"href":"https:\/\/agricultural-gear-boxes.com\/pt\/wp-json\/wp\/v2\/media?parent=3492"}],"wp:term":[{"taxonomy":"product_brand","embeddable":true,"href":"https:\/\/agricultural-gear-boxes.com\/pt\/wp-json\/wp\/v2\/product_brand?post=3492"},{"taxonomy":"product_cat","embeddable":true,"href":"https:\/\/agricultural-gear-boxes.com\/pt\/wp-json\/wp\/v2\/product_cat?post=3492"},{"taxonomy":"product_tag","embeddable":true,"href":"https:\/\/agricultural-gear-boxes.com\/pt\/wp-json\/wp\/v2\/product_tag?post=3492"}],"curies":[{"name":"wp","href":"https:\/\/api.w.org\/{rel}","templated":true}]}}