{"id":3496,"date":"2024-08-22T05:30:29","date_gmt":"2024-08-22T05:30:29","guid":{"rendered":"https:\/\/agricultural-gear-boxes.com\/product\/parallel-axis-helical-gears\/"},"modified":"2024-08-22T05:30:29","modified_gmt":"2024-08-22T05:30:29","slug":"parallel-axis-helical-gears","status":"publish","type":"product","link":"https:\/\/agricultural-gear-boxes.com\/pt\/product\/parallel-axis-helical-gears\/","title":{"rendered":"Engrenagens helicoidais de eixo paralelo"},"content":{"rendered":"<h2>Engrenagens helicoidais de eixo paralelo: alto desempenho e versatilidade<\/h2>\n<p>Engrenagens helicoidais de eixo paralelo, tamb\u00e9m conhecidas como engrenagens helicoidais, s\u00e3o um tipo de engrenagem usada em uma ampla gama de aplica\u00e7\u00f5es. Elas s\u00e3o projetadas para transmitir for\u00e7a e movimento entre eixos paralelos, proporcionando uma transmiss\u00e3o suave, est\u00e1vel e eficiente. O processo de engrenamento entre os dentes das engrenagens cil\u00edndricas helicoidais \u00e9 gradual, resultando em menos vibra\u00e7\u00e3o e ru\u00eddo durante a opera\u00e7\u00e3o, tornando-as ideais para uso em aplica\u00e7\u00f5es de alta velocidade e carga pesada. <\/p>\n<p>Engrenagens helicoidais s\u00e3o adequadas para uma variedade de ind\u00fastrias, incluindo a ind\u00fastria de semicondutores, equipamentos m\u00e9dicos, equipamentos de energia solar e equipamentos de transporte ferrovi\u00e1rio e a\u00e9reo de alta velocidade. Elas tamb\u00e9m s\u00e3o usadas em m\u00e1quinas-ferramentas, sistemas de estacionamento e m\u00e1quinas industriais em geral. O material da engrenagem pode variar, com op\u00e7\u00f5es como lat\u00e3o, a\u00e7o C45, a\u00e7o inoxid\u00e1vel, cobre, POM, alum\u00ednio e liga. <\/p>\n<p>Uma das principais vantagens das engrenagens helicoidais de eixo paralelo \u00e9 sua estrutura compacta, que \u00e9 determinada pelo n\u00famero m\u00ednimo de dentes. Um n\u00famero menor de dentes resulta em uma estrutura mais compacta, o que \u00e9 vantajoso em muitas aplica\u00e7\u00f5es. Al\u00e9m disso, o aumento no grau de coincid\u00eancia entre as engrenagens aumenta a capacidade de suporte da engrenagem e estende sua vida \u00fatil. <\/p>\n<p>These gears are available in a variety of specifications, including teeth treatment options such as hardened, milled, or ground. They are also available in different precision levels, which are determined by the gear&#8217;s DIN rating. When properly installed, maintained, and repaired, parallel axis helical gears offer a reliable and low-maintenance solution for many transmission needs. <\/p>\n<h3>Vantagens das engrenagens helicoidais de eixo paralelo:<\/h3>\n<ul>\n<li>Bom desempenho de malha<\/li>\n<li>Grande coincid\u00eancia<\/li>\n<li>Estrutura compacta<\/li>\n<li>Confi\u00e1vel e de baixa manuten\u00e7\u00e3o<\/li>\n<\/ul>\n<h3>Perguntas frequentes<\/h3>\n<ol>\n<li><strong>Sua empresa possui qualifica\u00e7\u00f5es para exporta\u00e7\u00e3o?<\/strong><br \/>Sim, temos as qualifica\u00e7\u00f5es necess\u00e1rias para exportar nossos produtos.<\/li>\n<li><strong>Existe alguma cremalheira e pinh\u00e3o em estoque listada no seu site?<\/strong><br \/>No, all our products are customized according to clients&#8217; drawings.<\/li>\n<li><strong>Qual \u00e9 o MOQ?<\/strong><br \/>O MOQ depende do produto espec\u00edfico. Envie-nos o desenho para um or\u00e7amento preciso.<\/li>\n<li><strong>Quanto custa a amostra?<\/strong><br \/>O cliente deve pagar a taxa de amostra e o frete. Ap\u00f3s a amostra ser confirmada, reembolsaremos a taxa de amostra ao cliente.<\/li>\n<li><strong>Se n\u00e3o h\u00e1 estoque, como a HZPT Machines pode fornecer uma entrega t\u00e3o r\u00e1pida?<\/strong><br \/>Nosso processo de fabrica\u00e7\u00e3o exclusivo e grande estoque de ferramentas, mat\u00e9rias-primas e produtos semiacabados nos permitem concluir pedidos no menor tempo poss\u00edvel.<\/li>\n<\/ol>\n<h2>Outros produtos<\/h2>\n<p>Al\u00e9m de nossas engrenagens helicoidais de eixo paralelo, nossa empresa oferece uma ampla gama de outras engrenagens de alta qualidade e produtos relacionados a engrenagens para v\u00e1rios setores. Nossos produtos incluem caixas de engrenagens agr\u00edcolas, eixos de sa\u00edda de pot\u00eancia, rodas dentadas, acoplamentos de fluido, redutores de engrenagem sem-fim, engrenagens e cremalheiras, correntes destac\u00e1veis, polias e polias, caixas de engrenagens planet\u00e1rias, polias de sincroniza\u00e7\u00e3o, buchas e muito mais. Estamos comprometidos em fornecer aos nossos clientes produtos de alta qualidade, pre\u00e7os favor\u00e1veis e servi\u00e7o atencioso, e damos as boas-vindas aos clientes para nos procurar para personaliza\u00e7\u00e3o de desenho ou amostra.<\/p>","protected":false},"excerpt":{"rendered":"<p>Parallel Axis Helical Gears: High-Performing and Versatile Parallel Axis Helical Gears, also known as helical gears, are a type of gear used in a wide range of applications. They are designed to transmit force and motion between parallel shafts, providing a smooth, stable, and efficient transmission. The meshing process between the teeth of helical cylindrical [&hellip;]<\/p>","protected":false},"featured_media":3495,"template":"","meta":{"_et_pb_use_builder":"","_et_pb_old_content":"","_et_gb_content_width":""},"product_brand":[],"product_cat":[11291],"product_tag":[],"class_list":{"0":"post-3496","1":"product","2":"type-product","3":"status-publish","4":"has-post-thumbnail","6":"product_cat-helical-gear","8":"first","9":"instock","10":"shipping-taxable","11":"product-type-simple"},"_links":{"self":[{"href":"https:\/\/agricultural-gear-boxes.com\/pt\/wp-json\/wp\/v2\/product\/3496","targetHints":{"allow":["GET"]}}],"collection":[{"href":"https:\/\/agricultural-gear-boxes.com\/pt\/wp-json\/wp\/v2\/product"}],"about":[{"href":"https:\/\/agricultural-gear-boxes.com\/pt\/wp-json\/wp\/v2\/types\/product"}],"wp:featuredmedia":[{"embeddable":true,"href":"https:\/\/agricultural-gear-boxes.com\/pt\/wp-json\/wp\/v2\/media\/3495"}],"wp:attachment":[{"href":"https:\/\/agricultural-gear-boxes.com\/pt\/wp-json\/wp\/v2\/media?parent=3496"}],"wp:term":[{"taxonomy":"product_brand","embeddable":true,"href":"https:\/\/agricultural-gear-boxes.com\/pt\/wp-json\/wp\/v2\/product_brand?post=3496"},{"taxonomy":"product_cat","embeddable":true,"href":"https:\/\/agricultural-gear-boxes.com\/pt\/wp-json\/wp\/v2\/product_cat?post=3496"},{"taxonomy":"product_tag","embeddable":true,"href":"https:\/\/agricultural-gear-boxes.com\/pt\/wp-json\/wp\/v2\/product_tag?post=3496"}],"curies":[{"name":"wp","href":"https:\/\/api.w.org\/{rel}","templated":true}]}}