{"id":3500,"date":"2024-08-22T05:44:32","date_gmt":"2024-08-22T05:44:32","guid":{"rendered":"https:\/\/agricultural-gear-boxes.com\/product\/aircraft-internal-gear\/"},"modified":"2024-10-29T05:24:54","modified_gmt":"2024-10-29T05:24:54","slug":"aircraft-internal-gear","status":"publish","type":"product","link":"https:\/\/agricultural-gear-boxes.com\/pt\/product\/aircraft-internal-gear\/","title":{"rendered":"Engrenagem interna da aeronave"},"content":{"rendered":"<h2>Engrenagem interna de aeronaves: melhorando a efici\u00eancia e a confiabilidade em acionamentos de transmiss\u00e3o<\/h2>\n<p>Bem-vindo ao nosso guia abrangente sobre Engrenagem Interna de Aeronaves. Neste artigo, exploraremos os v\u00e1rios aspectos deste not\u00e1vel tipo de engrenagem, incluindo sua descri\u00e7\u00e3o, caracter\u00edsticas do produto e perguntas frequentes. Seja voc\u00ea um entusiasta da avia\u00e7\u00e3o ou um engenheiro mec\u00e2nico buscando solu\u00e7\u00f5es de transmiss\u00e3o confi\u00e1veis, este artigo fornecer\u00e1 a voc\u00ea insights valiosos sobre o mundo da Engrenagem Interna de Aeronaves.<\/p>\n<h3>Descri\u00e7\u00e3o<\/h3>\n<p>Dimension: \u03a63mm &#8211; \u03a6120mm<\/p>\n<p>M\u00f3dulo: M0.15<\/p>\n<p>Tipo de material: Metal conforme necess\u00e1rio pelo cliente<\/p>\n<div class=\"table-responsive\">\n<table class=\"table\" style=\"height: 636px; width: 99.7843%; border-style: solid; border-color: #171414;\" border=\"1\">\n<tbody>\n<tr>\n<td colspan=\"2\">\n<p style=\"text-align: center;\">Engrenagem interna da aeronave<\/p>\n<\/td>\n<\/tr>\n<tr>\n<td>Dimens\u00e3o<\/td>\n<td>\u03a660 mm<\/td>\n<\/tr>\n<tr>\n<td>M\u00f3dulo<\/td>\n<td>M0,15-M2,0<\/td>\n<\/tr>\n<tr>\n<td>Tipo de material<\/td>\n<td>Metal, Bronze, A\u00e7o, Liga, POM, Zinco, Alum\u00ednio, Ferro, A\u00e7o Inoxid\u00e1vel, Lat\u00e3o, Cobre<\/td>\n<\/tr>\n<tr>\n<td>Grau de malha<\/td>\n<td>ISO6, JGMA 1, JIS 6, AGMA 13, DIN 6, Din5, AGMA12<\/td>\n<\/tr>\n<tr>\n<td>Aplicativo<\/td>\n<td>Automotivo, Militar, Aeron\u00e1utico, Mec\u00e2nico, Industrial, M\u00e9dico<\/td>\n<\/tr>\n<tr>\n<td>Personalizado<\/td>\n<td>Fabricante original de equipamento original (OEM)<\/td>\n<\/tr>\n<tr>\n<td>Amostra<\/td>\n<td>Amostra dispon\u00edvel<\/td>\n<\/tr>\n<tr>\n<td>Modos de embalagem<\/td>\n<td>Embalado a v\u00e1cuo com bandeja de pl\u00e1stico<\/td>\n<\/tr>\n<tr>\n<td>Modos de entrega<\/td>\n<td>DHL e UPS<\/td>\n<\/tr>\n<tr>\n<td>Certificado<\/td>\n<td>ISO 9001:2008\/TS16949<\/td>\n<\/tr>\n<\/tbody>\n<\/table>\n<p>  <img loading=\"lazy\" decoding=\"async\" class=\"size-full wp-image-379505 alignnone\" src=\"https:\/\/www.ever-power.net\/wp-content\/uploads\/2022\/06\/Aircraft-Internal-Gear.jpg\" alt=\"\" width=\"600\" height=\"600\" \/>\n<\/div>\n<h2>Caracter\u00edsticas do produto<\/h2>\n<ul>\n<li>Engrenagens internas proporcionam uma transmiss\u00e3o compacta de eixo paralelo com redu\u00e7\u00e3o consider\u00e1vel de velocidade.<\/li>\n<li>Engrenagem interna \u00e9 uma engrenagem com seus dentes cortados na superf\u00edcie interna de um cilindro e engrena com engrenagens retas.<\/li>\n<li>As engrenagens internas t\u00eam os dentes gerados no ID do blank. Elas s\u00e3o geralmente mais robustas e mais eficientes do que a engrenagem do pinh\u00e3o de acoplamento. O di\u00e2metro do passo da engrenagem interna deve ser pelo menos 1,5 vezes o PD do pinh\u00e3o de acoplamento. Se essa condi\u00e7\u00e3o n\u00e3o for atendida, ocorrer\u00e3o interfer\u00eancias entre as pontas dos dentes.<\/li>\n<li>Forneceu engrenagem interna de alta precis\u00e3o.<\/li>\n<li>Oferece servi\u00e7os ODM e OEM.<\/li>\n<\/ul>\n<h2>Instala\u00e7\u00e3o, Manuten\u00e7\u00e3o e Reparo<\/h2>\n<p>Instalar e manter o Aircraft Internal Gear \u00e9 crucial para desempenho e longevidade ideais. Siga estas diretrizes:<\/p>\n<ul>\n<li>Garanta o alinhamento adequado durante a instala\u00e7\u00e3o para evitar desgaste prematuro e problemas de desalinhamento.<\/li>\n<li>Inspecione regularmente os dentes da engrenagem em busca de sinais de danos ou desgaste e resolva quaisquer problemas imediatamente.<\/li>\n<li>Use lubrificantes recomendados para reduzir o atrito e manter uma opera\u00e7\u00e3o suave.<\/li>\n<li>Em caso de reparo, consulte um t\u00e9cnico profissional com experi\u00eancia em sistemas de transmiss\u00e3o de aeronaves.<\/li>\n<li>Ao substituir a engrenagem, certifique-se de que ela \u00e9 compat\u00edvel com o sistema existente e siga as orienta\u00e7\u00f5es do fabricante.<\/li>\n<\/ul>\n<h2>Outros produtos oferecidos<\/h2>\n<p>Al\u00e9m de Aircraft Internal Gear, nossa empresa \u00e9 especializada no fornecimento de v\u00e1rias Plastic Gear usadas em diferentes ind\u00fastrias. Nossa linha de produtos inclui caixas de engrenagens agr\u00edcolas, eixos de sa\u00edda de pot\u00eancia, rodas dentadas, acoplamentos de fluido, redutores de engrenagem sem-fim, engrenagens e cremalheiras, correntes destac\u00e1veis, polias e polias, caixas de engrenagens planet\u00e1rias, polias de sincroniza\u00e7\u00e3o, buchas e muito mais. Temos orgulho em oferecer produtos de alta qualidade a pre\u00e7os competitivos, apoiados por nosso compromisso em fornecer excelente atendimento ao cliente. Quer voc\u00ea precise de produtos padr\u00e3o ou solu\u00e7\u00f5es personalizadas, convidamos voc\u00ea a explorar nossa gama diversificada de ofertas.<\/p>\n<h2>Perguntas frequentes<\/h2>\n<ol>\n<li>\n<h3>Quando posso obter o or\u00e7amento?<\/h3>\n<p>Geralmente fazemos o or\u00e7amento em 24 horas ap\u00f3s recebermos sua consulta. Se voc\u00ea precisa urgentemente de um pre\u00e7o, por favor nos avise, e n\u00f3s priorizaremos sua consulta.<\/p>\n<\/li>\n<li>\n<h3>Como posso obter uma amostra para verificar sua qualidade?<\/h3>\n<p>Ap\u00f3s a confirma\u00e7\u00e3o do pre\u00e7o, voc\u00ea pode solicitar amostras para avaliar nossa qualidade. Dependendo da sua localiza\u00e7\u00e3o, podemos envi\u00e1-las de nossa f\u00e1brica chinesa ou fornecer o modelo diretamente de nosso agente de armazenamento europeu.<\/p>\n<\/li>\n<li>\n<h3>Que tipos de arquivos voc\u00eas aceitam para impress\u00e3o?<\/h3>\n<p>Aceitamos arquivos PDF, Core Draw e JPG de alta resolu\u00e7\u00e3o para impress\u00e3o.<\/p>\n<\/li>\n<li>\n<h3>Voc\u00ea pode fazer o design para n\u00f3s?<\/h3>\n<p>Sim, temos uma equipe profissional com ampla experi\u00eancia em design e fabrica\u00e7\u00e3o. Podemos ajudar voc\u00ea a desenvolver solu\u00e7\u00f5es personalizadas sob medida para suas necessidades espec\u00edficas.<\/p>\n<\/li>\n<li>\n<h3>Em quanto tempo posso esperar receber a amostra?<\/h3>\n<p>Normalmente, as amostras podem ser entregues em 3-5 dias \u00fateis. No entanto, o prazo exato pode variar dependendo da complexidade e personaliza\u00e7\u00e3o do produto.<\/p>\n<\/li>\n<\/ol>","protected":false},"excerpt":{"rendered":"<p>Aircraft Internal Gear: Enhancing Efficiency and Reliability in Transmission Drives Welcome to our comprehensive guide on Aircraft Internal Gear. In this article, we will explore the various aspects of this remarkable gear type, including its description, product features, and frequently asked questions. Whether you are an aviation enthusiast or a mechanical engineer seeking reliable transmission [&hellip;]<\/p>","protected":false},"featured_media":3499,"template":"","meta":{"_et_pb_use_builder":"","_et_pb_old_content":"","_et_gb_content_width":""},"product_brand":[],"product_cat":[11293],"product_tag":[],"class_list":{"0":"post-3500","1":"product","2":"type-product","3":"status-publish","4":"has-post-thumbnail","6":"product_cat-ring-gear","8":"first","9":"instock","10":"shipping-taxable","11":"product-type-simple"},"_links":{"self":[{"href":"https:\/\/agricultural-gear-boxes.com\/pt\/wp-json\/wp\/v2\/product\/3500","targetHints":{"allow":["GET"]}}],"collection":[{"href":"https:\/\/agricultural-gear-boxes.com\/pt\/wp-json\/wp\/v2\/product"}],"about":[{"href":"https:\/\/agricultural-gear-boxes.com\/pt\/wp-json\/wp\/v2\/types\/product"}],"wp:featuredmedia":[{"embeddable":true,"href":"https:\/\/agricultural-gear-boxes.com\/pt\/wp-json\/wp\/v2\/media\/3499"}],"wp:attachment":[{"href":"https:\/\/agricultural-gear-boxes.com\/pt\/wp-json\/wp\/v2\/media?parent=3500"}],"wp:term":[{"taxonomy":"product_brand","embeddable":true,"href":"https:\/\/agricultural-gear-boxes.com\/pt\/wp-json\/wp\/v2\/product_brand?post=3500"},{"taxonomy":"product_cat","embeddable":true,"href":"https:\/\/agricultural-gear-boxes.com\/pt\/wp-json\/wp\/v2\/product_cat?post=3500"},{"taxonomy":"product_tag","embeddable":true,"href":"https:\/\/agricultural-gear-boxes.com\/pt\/wp-json\/wp\/v2\/product_tag?post=3500"}],"curies":[{"name":"wp","href":"https:\/\/api.w.org\/{rel}","templated":true}]}}