{"id":3504,"date":"2024-08-22T05:44:34","date_gmt":"2024-08-22T05:44:34","guid":{"rendered":"https:\/\/agricultural-gear-boxes.com\/product\/automotive-internal-gear\/"},"modified":"2024-10-29T05:24:52","modified_gmt":"2024-10-29T05:24:52","slug":"automotive-internal-gear","status":"publish","type":"product","link":"https:\/\/agricultural-gear-boxes.com\/pt\/product\/automotive-internal-gear\/","title":{"rendered":"Engrenagem interna automotiva"},"content":{"rendered":"<h2>Engrenagem interna automotiva: uma solu\u00e7\u00e3o de transmiss\u00e3o altamente precisa e vers\u00e1til<\/h2>\n<p>Engrenagens internas automotivas s\u00e3o um tipo de engrenagem com seus dentes cortados na superf\u00edcie interna de um cilindro. Elas s\u00e3o amplamente utilizadas em muitas ind\u00fastrias mec\u00e2nicas, incluindo os campos automotivo, militar, aeron\u00e1utico, industrial e m\u00e9dico. Essas engrenagens fornecem uma transmiss\u00e3o de eixo paralelo compacta com redu\u00e7\u00e3o de velocidade consider\u00e1vel, tornando-as uma solu\u00e7\u00e3o ideal para uma ampla gama de aplica\u00e7\u00f5es.<\/p>\n<p>Historicamente, as engrenagens internas foram usadas pela primeira vez na ind\u00fastria gr\u00e1fica, onde eram empregadas em impressoras. Hoje, essas engrenagens s\u00e3o usadas em muitos outros campos devido \u00e0 sua versatilidade. Elas v\u00eam em diferentes dimens\u00f5es, variando de \u03a63mm a \u03a6120mm, e diferentes m\u00f3dulos, variando de M0,2 a M2,2. Elas podem ser feitas de v\u00e1rios materiais, incluindo metal, bronze, a\u00e7o, liga, POM, zinco, alum\u00ednio, ferro, a\u00e7o inoxid\u00e1vel, lat\u00e3o e cobre.<\/p>\n<p>Internal gears can be used with the same module spur gears, depending on the number of teeth combinations. However, it is necessary to note the possibilities of getting involute, trochoid, or trimming interferences. For using standard stock gears, please consult the PDF formatted &#8220;Technical Information of Internal Gears&#8221; section for a usable number of teeth combinations.<\/p>\n<p>Uma das principais vantagens das engrenagens internas \u00e9 sua alta precis\u00e3o. A EVER-POWER Machinery, uma das principais fabricantes e fornecedoras de engrenagens internas automotivas na China, \u00e9 especializada na produ\u00e7\u00e3o de produtos de alta precis\u00e3o. Eles oferecem servi\u00e7os ODM e OEM, o que significa que o cliente pode adaptar as engrenagens \u00e0s suas necessidades espec\u00edficas. <\/p>\n<h3>Caracter\u00edsticas do produto de engrenagem interna automotiva<\/h3>\n<p>\u2022 Design vers\u00e1til com ampla gama de aplica\u00e7\u00f5es.<\/p>\n<p>\u2022 Produto de alta precis\u00e3o.<\/p>\n<p>\u2022 Pode ser feito de v\u00e1rios materiais.<\/p>\n<p>\u2022 Oferece servi\u00e7os ODM e OEM.<\/p>\n<p>\u2022 Dispon\u00edvel em diferentes dimens\u00f5es e m\u00f3dulos.<\/p>\n<p>\u2022 Grau de malha: ISO6, JGMA 1, JIS 6, AGMA 13, DIN 6, Din5, AGMA12.<\/p>\n<p>\u2022 Embalado a v\u00e1cuo com bandeja de pl\u00e1stico.<\/p>\n<p>\u2022 Amostra dispon\u00edvel.<\/p>\n<p>\u2022 Modos de entrega: DHL UPS.<\/p>\n<p>\u2022 Certificado: ISO 9001: 2008\/TS16949.<\/p>\n<h3>Instala\u00e7\u00e3o, Manuten\u00e7\u00e3o e Reparo de Engrenagens Internas Automotivas<\/h3>\n<p>Internal gears are relatively easy to install. However, it is essential to ensure that the gear teeth are in proper alignment. Maintenance is relatively straightforward, involving regular inspections for wear and tear. If a gear needs to be replaced, it is essential to match the new gear to the old gear&#8217;s dimensions and module.<\/p>\n<h3>Outros produtos oferecidos pela EVER-POWER Machinery<\/h3>\n<p>Al\u00e9m de engrenagens internas automotivas, a EVER-POWER Machinery tamb\u00e9m oferece uma ampla gama de engrenagens pl\u00e1sticas usadas em v\u00e1rios setores. Isso inclui caixas de engrenagens agr\u00edcolas, eixos de sa\u00edda de pot\u00eancia, rodas dentadas, acoplamentos de fluido, redutores de engrenagem sem-fim, engrenagens e cremalheiras, correntes destac\u00e1veis, polias e polias, caixas de engrenagens planet\u00e1rias, polias de sincroniza\u00e7\u00e3o, buchas e muito mais. <\/p>\n<p>Na EVER-POWER Machinery, nos orgulhamos de nossos produtos de alta qualidade, pre\u00e7os favor\u00e1veis e servi\u00e7o atencioso. Damos boas-vindas aos clientes para virem at\u00e9 n\u00f3s com seus desenhos ou amostras para personaliza\u00e7\u00e3o.<\/p>\n<h2>Perguntas frequentes:<\/h2>\n<p>1. O que \u00e9 uma engrenagem interna automotiva?<\/p>\n<p>Uma engrenagem interna automotiva \u00e9 um tipo de engrenagem com seus dentes cortados na superf\u00edcie interna de um cilindro. Ela fornece uma transmiss\u00e3o compacta de eixo paralelo com redu\u00e7\u00e3o consider\u00e1vel de velocidade, tornando-a ideal para uma ampla gama de aplica\u00e7\u00f5es.<\/p>\n<p>2. Engrenagens internas podem ser feitas de materiais diferentes?<\/p>\n<p>Sim, engrenagens internas podem ser feitas de v\u00e1rios materiais, incluindo metal, bronze, a\u00e7o, liga, POM, zinco, alum\u00ednio, ferro, a\u00e7o inoxid\u00e1vel, lat\u00e3o e cobre.<\/p>\n<p>3. Qual \u00e9 o grau de engrenamento das engrenagens internas?<\/p>\n<p>The meshing grade of internal gears can vary depending on the gear&#8217;s design and application. The most commonly used meshing grades include ISO6, JGMA 1, JIS 6, AGMA 13, DIN 6, Din5, AGMA12.<\/p>\n<p>4. Como instalar uma engrenagem interna?<\/p>\n<p>Instalar uma engrenagem interna \u00e9 relativamente f\u00e1cil, mas \u00e9 essencial garantir que os dentes da engrenagem estejam alinhados corretamente.<\/p>\n<p>5. Quais outros produtos s\u00e3o oferecidos pela EVER-POWER Machinery?<\/p>\n<p>Al\u00e9m de engrenagens internas automotivas, a EVER-POWER Machinery tamb\u00e9m oferece uma ampla gama de engrenagens pl\u00e1sticas usadas em v\u00e1rios setores. Isso inclui caixas de engrenagens agr\u00edcolas, eixos de sa\u00edda de pot\u00eancia, rodas dentadas, acoplamentos de fluido, redutores de engrenagem sem-fim, engrenagens e cremalheiras, correntes destac\u00e1veis, polias e polias, caixas de engrenagens planet\u00e1rias, polias de sincroniza\u00e7\u00e3o, buchas e muito mais.<\/p>","protected":false},"excerpt":{"rendered":"<p>Automotive Internal Gear: A Highly Precise and Versatile Transmission Solution Automotive internal gears are a type of gear with their teeth cut in the internal surface of a cylinder. They are widely used in many mechanical industries, including the automotive, military, aircraft, industrial, and medical fields. These gears provide a compact parallel shaft transmission drive [&hellip;]<\/p>","protected":false},"featured_media":3503,"template":"","meta":{"_et_pb_use_builder":"","_et_pb_old_content":"","_et_gb_content_width":""},"product_brand":[],"product_cat":[11293],"product_tag":[],"class_list":{"0":"post-3504","1":"product","2":"type-product","3":"status-publish","4":"has-post-thumbnail","6":"product_cat-ring-gear","8":"first","9":"instock","10":"shipping-taxable","11":"product-type-simple"},"_links":{"self":[{"href":"https:\/\/agricultural-gear-boxes.com\/pt\/wp-json\/wp\/v2\/product\/3504","targetHints":{"allow":["GET"]}}],"collection":[{"href":"https:\/\/agricultural-gear-boxes.com\/pt\/wp-json\/wp\/v2\/product"}],"about":[{"href":"https:\/\/agricultural-gear-boxes.com\/pt\/wp-json\/wp\/v2\/types\/product"}],"wp:featuredmedia":[{"embeddable":true,"href":"https:\/\/agricultural-gear-boxes.com\/pt\/wp-json\/wp\/v2\/media\/3503"}],"wp:attachment":[{"href":"https:\/\/agricultural-gear-boxes.com\/pt\/wp-json\/wp\/v2\/media?parent=3504"}],"wp:term":[{"taxonomy":"product_brand","embeddable":true,"href":"https:\/\/agricultural-gear-boxes.com\/pt\/wp-json\/wp\/v2\/product_brand?post=3504"},{"taxonomy":"product_cat","embeddable":true,"href":"https:\/\/agricultural-gear-boxes.com\/pt\/wp-json\/wp\/v2\/product_cat?post=3504"},{"taxonomy":"product_tag","embeddable":true,"href":"https:\/\/agricultural-gear-boxes.com\/pt\/wp-json\/wp\/v2\/product_tag?post=3504"}],"curies":[{"name":"wp","href":"https:\/\/api.w.org\/{rel}","templated":true}]}}