{"id":3505,"date":"2024-08-22T05:44:34","date_gmt":"2024-08-22T05:44:34","guid":{"rendered":"https:\/\/agricultural-gear-boxes.com\/product\/plastic-nylon-internal-gears-2\/"},"modified":"2024-10-29T05:24:53","modified_gmt":"2024-10-29T05:24:53","slug":"plastic-nylon-internal-gears-2","status":"publish","type":"product","link":"https:\/\/agricultural-gear-boxes.com\/pt\/product\/plastic-nylon-internal-gears-2\/","title":{"rendered":"Engrenagens internas de nylon pl\u00e1stico"},"content":{"rendered":"<h2>Engrenagens internas de nylon pl\u00e1stico<\/h2>\n<h3>Descri\u00e7\u00e3o<\/h3>\n<p>Dimens\u00e3o: \u03a63mm- \u03a6120mm<br \/>\nM\u00f3dulo: M0.2<br \/>\nTipo de material: POM PP PPT conforme necess\u00e1rio pelo cliente<\/p>\n<div class=\"table-responsive\">\n<table class=\"table\" style=\"height: 600px; width: 100%; border-style: solid; border-color: #171414;\" border=\"1\">\n<tbody>\n<tr>\n<td colspan=\"2\">\n<p style=\"text-align: center;\">Engrenagem interna de pl\u00e1stico<\/p>\n<\/td>\n<\/tr>\n<tr>\n<td>Dimens\u00e3o<\/td>\n<td>\u03a660 mm<\/td>\n<\/tr>\n<tr>\n<td>M\u00f3dulo<\/td>\n<td>M0,15-M2,0<\/td>\n<\/tr>\n<tr>\n<td>Tipo de material<\/td>\n<td>POM, PA, PPA, PBT PEEK conforme personalizado<\/td>\n<\/tr>\n<tr>\n<td>Grau de malha<\/td>\n<td>ISO6, JGMA 1, JIS 6, AGMA 13, DIN 6,Din5,AGMA12<\/td>\n<\/tr>\n<tr>\n<td>Aplicativo<\/td>\n<td>Automotivo, Militar, Aeron\u00e1utico, Mec\u00e2nico, Industrial, M\u00e9dico<\/td>\n<\/tr>\n<tr>\n<td>Personalizado<\/td>\n<td>Fabricante original de equipamento original (OEM)<\/td>\n<\/tr>\n<tr>\n<td>Amostra<\/td>\n<td>Amostra dispon\u00edvel<\/td>\n<\/tr>\n<tr>\n<td>Modos de embalagem<\/td>\n<td>Embalado a v\u00e1cuo com bandeja de pl\u00e1stico<\/td>\n<\/tr>\n<tr>\n<td>Modos de entrega<\/td>\n<td>DHL UPS<\/td>\n<\/tr>\n<tr>\n<td>Certificado<\/td>\n<td>Norma ISO 9001: 2008\/TS16949<\/td>\n<\/tr>\n<\/tbody>\n<\/table>\n<p><img loading=\"lazy\" decoding=\"async\" class=\"size-full wp-image-379511 alignnone\" src=\"https:\/\/www.ever-power.net\/wp-content\/uploads\/2022\/06\/Plastic-Internal-Gear.jpg\" alt=\"\" width=\"600\" height=\"600\" \/><\/p>\n<p>&nbsp;<\/p>\n<\/div>\n<h3>Caracter\u00edsticas do produto<\/h3>\n<p>\u2022 Engrenagens internas de nylon pl\u00e1stico proporcionam uma transmiss\u00e3o compacta de eixo paralelo com redu\u00e7\u00e3o consider\u00e1vel de velocidade.<\/p>\n<p>\u2022 Essas engrenagens s\u00e3o frequentemente usadas em aplica\u00e7\u00f5es envolvendo acionamentos de engrenagens planet\u00e1rias e acoplamentos de engrenagens. Existem tr\u00eas tipos principais de mecanismos de engrenagens planet\u00e1rias: planet\u00e1rio, solar e estrela. Dependendo do tipo e do padr\u00e3o dos eixos como entrada e sa\u00edda, muitas varia\u00e7\u00f5es de rela\u00e7\u00f5es de transmiss\u00e3o de velocidade e dire\u00e7\u00f5es rotacionais s\u00e3o produzidas.<\/p>\n<p>\u2022 Engrenagens internas de nylon pl\u00e1stico oferecem dentes de engrenagem interna altamente precisos.<\/p>\n<p>\u2022 With over ten years of experience and hundreds of qualified personnel, EVER-POWER Machinery is one of China&#8217;s leading manufacturers and suppliers of internal plastic gears. We specialize in producing high-precision products.<\/p>\n<h3>Classifica\u00e7\u00e3o e vantagens do produto<\/h3>\n<p>Engrenagens internas de nylon pl\u00e1stico podem ser classificadas com base na composi\u00e7\u00e3o do material e grau de engrenamento. Os tipos de material incluem POM, PP, PPT, PA, PPA, PBT, PEEK e muito mais. Essas engrenagens oferecem v\u00e1rias vantagens, incluindo:<\/p>\n<p>&#8211; High strength and durability<br \/>\n&#8211; Low noise and vibration<br \/>\n&#8211; Corrosion resistance<br \/>\n&#8211; Self-lubricating properties<br \/>\n&#8211; Cost-effective solution<\/p>\n<h3>Instala\u00e7\u00e3o, Manuten\u00e7\u00e3o e Reparo<\/h3>\n<p>Installing Plastic Nylon Internal Gears is a straightforward process. It is essential to ensure proper alignment and lubrication for optimal performance. Regular maintenance includes cleaning the gears and checking for any signs of wear or damage. If repairs are needed, it is recommended to consult a professional technician or follow the manufacturer&#8217;s guidelines.<\/p>\n<p>Em caso de substitui\u00e7\u00e3o de engrenagem, remova cuidadosamente a engrenagem antiga e certifique-se de que a nova engrenagem seja compat\u00edvel em termos de dimens\u00f5es e tipo de material. Siga as instru\u00e7\u00f5es de instala\u00e7\u00e3o fornecidas pelo fabricante para garantir o funcionamento adequado.<\/p>\n<h3>Outros produtos<\/h3>\n<p>Al\u00e9m das Engrenagens Internas de Nylon Pl\u00e1stico, a EVER-POWER Machinery fornece v\u00e1rias engrenagens de pl\u00e1stico usadas em diferentes ind\u00fastrias. Nossa gama de produtos inclui:<\/p>\n<p>&#8211; Agricultural gearboxes<br \/>\n&#8211; Power output shafts<br \/>\n&#8211; Sprockets<br \/>\n&#8211; Fluid couplings<br \/>\n&#8211; Worm gear reducers<br \/>\n&#8211; Gears and racks<br \/>\n&#8211; Detachable chains<br \/>\n&#8211; Pulleys and pulleys<br \/>\n&#8211; Planetary gearboxes<br \/>\n&#8211; Timing pulleys<br \/>\n&#8211; Bushings<\/p>\n<p>Temos orgulho em oferecer produtos de alta qualidade a pre\u00e7os favor\u00e1veis, juntamente com um servi\u00e7o atencioso. Os clientes s\u00e3o bem-vindos para vir at\u00e9 n\u00f3s com seu desenho ou amostra para personaliza\u00e7\u00e3o.<\/p>\n<h2>Perguntas frequentes<\/h2>\n<p>1. P: Qual \u00e9 o n\u00edvel de pre\u00e7o das engrenagens internas de pl\u00e1stico e nylon?<br \/>\nA: Oferecemos vendas diretas de f\u00e1brica, e nossa linha de produ\u00e7\u00e3o garante a fabrica\u00e7\u00e3o eficiente das engrenagens. Temos uma m\u00e1quina de fundi\u00e7\u00e3o sob press\u00e3o de no m\u00e1ximo 1,2 MT para produzir pe\u00e7as de metal do guincho.<\/p>\n<p>2. P: Como sua f\u00e1brica mant\u00e9m o controle de qualidade?<br \/>\nR: Nossos produtos t\u00eam certificados CE e oferecemos garantia de qualidade de um ano, al\u00e9m de suporte t\u00e9cnico vital\u00edcio.<\/p>\n<p>3. P: Quais condi\u00e7\u00f5es de pagamento voc\u00eas aceitam para Engrenagens Internas de Nylon Pl\u00e1stico?<br \/>\nA: Aceitamos T\/T ou L\/C, West Union, Moneygram ou Paypal. Estamos abertos a outros m\u00e9todos de pagamento tamb\u00e9m.<\/p>\n<p>4. P: Como voc\u00eas organizam o envio de engrenagens internas de pl\u00e1stico e nylon?<br \/>\nA: Oferecemos op\u00e7\u00f5es de envio por mar, trem, ar ou expresso. O prazo de entrega \u00e9 de aproximadamente 15-20 dias contra o dep\u00f3sito.<\/p>\n<p>5. P: Quais materiais voc\u00ea pode produzir para engrenagens internas de pl\u00e1stico e nylon?<br \/>\nR: Fundimos principalmente a\u00e7o inoxid\u00e1vel, a\u00e7o inoxid\u00e1vel duplex, a\u00e7o carbono, ferro fundido d\u00factil, alum\u00ednio, cobre, bronze, lat\u00e3o e metais de liga. Podemos trabalhar com outros materiais mediante solicita\u00e7\u00e3o.<\/p>\n<p>(Observa\u00e7\u00e3o: o conte\u00fado fornecido foi ampliado e reescrito de acordo com as diretrizes fornecidas, incorporando v\u00e1rios subt\u00edtulos, listas, frases curtas e longas e terminologia incomum ao longo do texto.)<\/p>","protected":false},"excerpt":{"rendered":"<p>Plastic Nylon Internal Gears Description Dimension: \u03a63mm- \u03a6120mm Module: M0.2 Material Type: POM PP PPT as customer required Plastic Internal Gear Dimension \u03a660mm Module M0.15-M2.0 Material Type POM,PA,PPA,PBT PEEK as customized Meshing Grade ISO6, JGMA 1, JIS 6, AGMA 13, DIN 6,Din5,AGMA12 Application Automotive, Military, Aircraft, Mechanical, industrial, Medical Customized ODM\/OEM Sample Sample available Modes [&hellip;]<\/p>","protected":false},"featured_media":3478,"template":"","meta":{"_et_pb_use_builder":"","_et_pb_old_content":"","_et_gb_content_width":""},"product_brand":[],"product_cat":[11293],"product_tag":[],"class_list":{"0":"post-3505","1":"product","2":"type-product","3":"status-publish","4":"has-post-thumbnail","6":"product_cat-ring-gear","8":"first","9":"instock","10":"shipping-taxable","11":"product-type-simple"},"_links":{"self":[{"href":"https:\/\/agricultural-gear-boxes.com\/pt\/wp-json\/wp\/v2\/product\/3505","targetHints":{"allow":["GET"]}}],"collection":[{"href":"https:\/\/agricultural-gear-boxes.com\/pt\/wp-json\/wp\/v2\/product"}],"about":[{"href":"https:\/\/agricultural-gear-boxes.com\/pt\/wp-json\/wp\/v2\/types\/product"}],"wp:featuredmedia":[{"embeddable":true,"href":"https:\/\/agricultural-gear-boxes.com\/pt\/wp-json\/wp\/v2\/media\/3478"}],"wp:attachment":[{"href":"https:\/\/agricultural-gear-boxes.com\/pt\/wp-json\/wp\/v2\/media?parent=3505"}],"wp:term":[{"taxonomy":"product_brand","embeddable":true,"href":"https:\/\/agricultural-gear-boxes.com\/pt\/wp-json\/wp\/v2\/product_brand?post=3505"},{"taxonomy":"product_cat","embeddable":true,"href":"https:\/\/agricultural-gear-boxes.com\/pt\/wp-json\/wp\/v2\/product_cat?post=3505"},{"taxonomy":"product_tag","embeddable":true,"href":"https:\/\/agricultural-gear-boxes.com\/pt\/wp-json\/wp\/v2\/product_tag?post=3505"}],"curies":[{"name":"wp","href":"https:\/\/api.w.org\/{rel}","templated":true}]}}