{"id":3513,"date":"2024-08-22T05:44:38","date_gmt":"2024-08-22T05:44:38","guid":{"rendered":"https:\/\/agricultural-gear-boxes.com\/product\/internal-spur-gear\/"},"modified":"2024-10-29T05:24:49","modified_gmt":"2024-10-29T05:24:49","slug":"internal-spur-gear","status":"publish","type":"product","link":"https:\/\/agricultural-gear-boxes.com\/pt\/product\/internal-spur-gear\/","title":{"rendered":"Engrenagem Interna de Dentes Retos"},"content":{"rendered":"<h2>Introdu\u00e7\u00e3o \u00e0s engrenagens de dentes retos internos<\/h2>\n<p>Engrenagens de dentes retos internas s\u00e3o um tipo de engrenagem que tem dentes gerados no di\u00e2metro interno do blank, diferentemente das engrenagens de dentes retos. Elas oferecem v\u00e1rias vantagens sobre sua engrenagem de pinh\u00e3o de acoplamento, incluindo maior robustez e efici\u00eancia. Para garantir o funcionamento adequado, o di\u00e2metro do passo da engrenagem interna deve ser pelo menos 1,5 vezes o di\u00e2metro do passo do pinh\u00e3o de acoplamento, pois a falha em atender a essa condi\u00e7\u00e3o pode resultar em interfer\u00eancia entre as pontas dos dentes.<\/p>\n<p>Essas engrenagens s\u00e3o amplamente utilizadas em v\u00e1rias aplica\u00e7\u00f5es onde os projetistas visam atingir maiores rela\u00e7\u00f5es de contato e transmiss\u00e3o em dist\u00e2ncias centrais mais curtas. Al\u00e9m disso, engrenagens de dentes retos internas permitem mudan\u00e7a de velocidade sem mudan\u00e7a de dire\u00e7\u00e3o, eliminando a necessidade de uma engrenagem intermedi\u00e1ria.<\/p>\n<h3>Vantagens das Engrenagens Internas de Dentes Retos<\/h3>\n<ul>\n<li>Maiores rela\u00e7\u00f5es de contato e transmiss\u00e3o em compara\u00e7\u00e3o com engrenagens retas padr\u00e3o<\/li>\n<li>Habilitar mudan\u00e7a de velocidade sem mudan\u00e7a de dire\u00e7\u00e3o<\/li>\n<li>Design robusto e eficiente<\/li>\n<li>Permite arranjos compactos<\/li>\n<li>Adequado para diversas aplica\u00e7\u00f5es industriais<\/li>\n<\/ul>\n<h3>Materiais e Personaliza\u00e7\u00e3o<\/h3>\n<p>Engrenagens de dentes retos internos podem ser fabricadas sob medida a partir de uma ampla gama de materiais para atender a requisitos espec\u00edficos. Alguns materiais comuns incluem:<\/p>\n<ul>\n<li>A\u00e7o<\/li>\n<li>A\u00e7o inoxid\u00e1vel<\/li>\n<li>A\u00e7o tratado termicamente<\/li>\n<li>A\u00e7o sinterizado<\/li>\n<li>A\u00e7o para ferramentas<\/li>\n<li>Ferro d\u00factil<\/li>\n<li>Ferro cinzento<\/li>\n<li>Lat\u00e3o<\/li>\n<li>Bronze<\/li>\n<li>Cobre<\/li>\n<li>Ferro fundido<\/li>\n<li>Alum\u00ednio<\/li>\n<li>Pl\u00e1stico<\/li>\n<li>Fen\u00f3lico<\/li>\n<\/ul>\n<h3>Instala\u00e7\u00e3o, Manuten\u00e7\u00e3o e Reparo<\/h3>\n<p>Instalar e manter engrenagens de dentes retos internas requer aten\u00e7\u00e3o aos detalhes. Aqui est\u00e3o algumas considera\u00e7\u00f5es importantes:<\/p>\n<ul>\n<li>Garanta o alinhamento e o engate adequados das engrenagens durante a instala\u00e7\u00e3o<\/li>\n<li>Inspecione regularmente as engrenagens para detectar sinais de desgaste, danos ou desalinhamento<\/li>\n<li>Lubrifique as engrenagens conforme as recomenda\u00e7\u00f5es do fabricante para reduzir o atrito e prolongar sua vida \u00fatil<\/li>\n<li>Se uma engrenagem for danificada ou desgastada, ela deve ser substitu\u00edda imediatamente para manter o desempenho ideal<\/li>\n<\/ul>\n<h2>Aplica\u00e7\u00f5es de Engrenagens Internas de Dentes Retos<\/h2>\n<p>Engrenagens retas internas encontram aplica\u00e7\u00e3o em v\u00e1rios setores e equipamentos, incluindo:<\/p>\n<ul>\n<li>Rolos<\/li>\n<li>Chaves de fenda el\u00e9tricas<\/li>\n<li>Bombas<\/li>\n<li>Equipamento de posicionamento<\/li>\n<li>Automotivos<\/li>\n<li>Componentes de bicicleta<\/li>\n<\/ul>\n<h2>Outros produtos<\/h2>\n<p>Al\u00e9m de Internal Spur Gears, nossa empresa oferece uma ampla gama de outros produtos de alta qualidade usados em v\u00e1rias ind\u00fastrias. Algumas de nossas ofertas incluem:<\/p>\n<ul>\n<li>Engrenagem de pl\u00e1stico<\/li>\n<li>Caixas de engrenagens agr\u00edcolas<\/li>\n<li>Eixos de sa\u00edda de pot\u00eancia<\/li>\n<li>Rodas dentadas<\/li>\n<li>Acoplamentos de fluidos<\/li>\n<li>Redutores de engrenagem sem-fim<\/li>\n<li>Engrenagens e Cremalheiras<\/li>\n<li>Correntes destac\u00e1veis<\/li>\n<li>Polias e Roldanas<\/li>\n<li>Caixas de engrenagens planet\u00e1rias<\/li>\n<li>Polias de sincroniza\u00e7\u00e3o<\/li>\n<li>Buchas<\/li>\n<\/ul>\n<p>Temos orgulho em entregar produtos de alta qualidade a pre\u00e7os competitivos, acompanhados por um excelente atendimento ao cliente. Oferecemos op\u00e7\u00f5es de personaliza\u00e7\u00e3o com base em seus requisitos espec\u00edficos, quer voc\u00ea nos forne\u00e7a um desenho ou uma amostra. Sinta-se \u00e0 vontade para entrar em contato conosco e descobrir como podemos atender \u00e0s suas necessidades de equipamentos industriais.<\/p>\n<h2>Perguntas Frequentes (FAQ)<\/h2>\n<p>P1: Como posso solicitar um or\u00e7amento para Engrenagens Dentes Internas?<br \/>\nA1: Para receber uma cota\u00e7\u00e3o, por favor, nos forne\u00e7a documentos ou amostras 2D ou 3D. Nossos formatos de desenho aceitos incluem IGS, STEP, STP, JPEG, PDF, DWG, DXF, CAD, etc.<\/p>\n<p>Q2: Existe um requisito de quantidade m\u00ednima de pedido para engrenagens cil\u00edndricas internas?<br \/>\nA2: N\u00e3o, n\u00e3o impomos um limite m\u00ednimo de quantidade de pedido. Voc\u00ea pode fazer pedidos de teste antes de prosseguir com a produ\u00e7\u00e3o em massa.<\/p>\n<p>Q3: Como voc\u00eas garantem o controle de qualidade das engrenagens cil\u00edndricas internas?<br \/>\nA3: Nossos operadores de produ\u00e7\u00e3o realizam autoinspe\u00e7\u00f5es em cada est\u00e1gio do processo. Tamb\u00e9m realizamos inspe\u00e7\u00f5es de amostragem e inspe\u00e7\u00f5es finais por meio de nosso departamento de Controle de Qualidade (QC). Nossa meta \u00e9 manter uma taxa defeituosa dentro de 1% ou at\u00e9 menor.<\/p>\n<p>Q4: Posso imprimir o logotipo da minha marca em suas engrenagens cil\u00edndricas internas?<br \/>\nA4: Yes, we offer OEM orders, and we welcome you to provide us with detailed information about your logo&#8217;s design and location when submitting an inquiry.<\/p>\n<p>Q5: Voc\u00ea \u00e9 um fabricante ou comerciante de engrenagens cil\u00edndricas internas?<br \/>\nA5: Somos uma f\u00e1brica com mais de dez anos de experi\u00eancia em usinagem CNC e fabrica\u00e7\u00e3o de engrenagens. N\u00f3s nos esfor\u00e7amos para oferecer pre\u00e7os competitivos e servi\u00e7os profissionais aos nossos valiosos clientes.<\/p>","protected":false},"excerpt":{"rendered":"<p>Introduction to Internal Spur Gears Internal Spur Gears are a type of gear that have teeth generated on the inner diameter of the blank, unlike spur gears. They offer several advantages over their mating pinion gear, including increased robustness and efficiency. To ensure proper functioning, the pitch diameter of the internal gear must be at [&hellip;]<\/p>","protected":false},"featured_media":3512,"template":"","meta":{"_et_pb_use_builder":"","_et_pb_old_content":"","_et_gb_content_width":""},"product_brand":[],"product_cat":[11293],"product_tag":[],"class_list":{"0":"post-3513","1":"product","2":"type-product","3":"status-publish","4":"has-post-thumbnail","6":"product_cat-ring-gear","8":"first","9":"instock","10":"shipping-taxable","11":"product-type-simple"},"_links":{"self":[{"href":"https:\/\/agricultural-gear-boxes.com\/pt\/wp-json\/wp\/v2\/product\/3513","targetHints":{"allow":["GET"]}}],"collection":[{"href":"https:\/\/agricultural-gear-boxes.com\/pt\/wp-json\/wp\/v2\/product"}],"about":[{"href":"https:\/\/agricultural-gear-boxes.com\/pt\/wp-json\/wp\/v2\/types\/product"}],"wp:featuredmedia":[{"embeddable":true,"href":"https:\/\/agricultural-gear-boxes.com\/pt\/wp-json\/wp\/v2\/media\/3512"}],"wp:attachment":[{"href":"https:\/\/agricultural-gear-boxes.com\/pt\/wp-json\/wp\/v2\/media?parent=3513"}],"wp:term":[{"taxonomy":"product_brand","embeddable":true,"href":"https:\/\/agricultural-gear-boxes.com\/pt\/wp-json\/wp\/v2\/product_brand?post=3513"},{"taxonomy":"product_cat","embeddable":true,"href":"https:\/\/agricultural-gear-boxes.com\/pt\/wp-json\/wp\/v2\/product_cat?post=3513"},{"taxonomy":"product_tag","embeddable":true,"href":"https:\/\/agricultural-gear-boxes.com\/pt\/wp-json\/wp\/v2\/product_tag?post=3513"}],"curies":[{"name":"wp","href":"https:\/\/api.w.org\/{rel}","templated":true}]}}