{"id":3520,"date":"2024-08-22T05:58:07","date_gmt":"2024-08-22T05:58:07","guid":{"rendered":"https:\/\/agricultural-gear-boxes.com\/product\/alloy-steel-internal-ring-gear\/"},"modified":"2024-08-22T05:58:08","modified_gmt":"2024-08-22T05:58:08","slug":"alloy-steel-internal-ring-gear","status":"publish","type":"product","link":"https:\/\/agricultural-gear-boxes.com\/pt\/product\/alloy-steel-internal-ring-gear\/","title":{"rendered":"Engrenagem de anel interno de a\u00e7o de liga"},"content":{"rendered":"<h2>Engrenagem de anel interno de liga de a\u00e7o: excelente desempenho para aplica\u00e7\u00f5es automotivas<\/h2>\n<p>A engrenagem de anel interno de liga de a\u00e7o \u00e9 um produto de engenharia de precis\u00e3o que proporciona excelente desempenho em aplica\u00e7\u00f5es automotivas. Esses an\u00e9is t\u00eam dentes encaixados na periferia de uma placa flex\u00edvel ou volante de um motor de combust\u00e3o interna e s\u00e3o comumente usados para transmitir torque do motor para o sistema de transmiss\u00e3o de um ve\u00edculo. Em nossa unidade de fabrica\u00e7\u00e3o de \u00faltima gera\u00e7\u00e3o, projetamos e desenvolvemos diferentes tipos de engrenagens de anel interno para atender aos diversos requisitos dos ve\u00edculos.<\/p>\n<h3>Caracter\u00edsticas:<\/h3>\n<ul>\n<li>Alta efici\u00eancia e durabilidade<\/li>\n<li>Adequado para vigas de a\u00e7o, trilhos, trilhos patenteados, \u00e2ngulos e tubos<\/li>\n<li>Formado com precis\u00e3o e tratado termicamente<\/li>\n<li>Usinado nas faces para eliminar concentra\u00e7\u00f5es de tens\u00f5es indesej\u00e1veis<\/li>\n<\/ul>\n<h3>Especifica\u00e7\u00f5es:<\/h3>\n<table border=\"1\">\n<tbody>\n<tr>\n<td><strong>Nome do produto<\/strong><\/td>\n<td>Engrenagem de anel interno<\/td>\n<\/tr>\n<tr>\n<td>\u00c2ngulo de press\u00e3o<\/td>\n<td>Conforme necess\u00e1rio<\/td>\n<\/tr>\n<tr>\n<td>Processamento<\/td>\n<td>Fresagem, Moldagem de Engrenagens, Retifica\u00e7\u00e3o de Engrenagens, Fundi\u00e7\u00e3o de Precis\u00e3o<\/td>\n<\/tr>\n<tr>\n<td>Material<\/td>\n<td>Liga de a\u00e7o<\/td>\n<\/tr>\n<tr>\n<td>Perfil do dente<\/td>\n<td>Espora \/ Helicoidal<\/td>\n<\/tr>\n<tr>\n<td>Padr\u00e3o<\/td>\n<td>Sim<\/td>\n<\/tr>\n<\/tbody>\n<\/table>\n<h3>Vantagens:<\/h3>\n<ul>\n<li>Alta capacidade de carga<\/li>\n<li>Alta precis\u00e3o<\/li>\n<li>Baixo ru\u00eddo e vibra\u00e7\u00e3o<\/li>\n<li>Excelente dissipa\u00e7\u00e3o de calor<\/li>\n<li>F\u00e1cil de instalar, manter e reparar<\/li>\n<li>Longa vida \u00fatil<\/li>\n<\/ul>\n<h3>Material:<\/h3>\n<p>O Alloy Steel \u00e9 um material popular usado na fabrica\u00e7\u00e3o de Internal Ring Gears devido \u00e0s suas excelentes propriedades mec\u00e2nicas, como alta resist\u00eancia, tenacidade e resist\u00eancia ao desgaste. Ele tamb\u00e9m pode suportar temperaturas extremas e ambientes severos, tornando-o ideal para aplica\u00e7\u00f5es automotivas.<\/p>\n<h3>Instala\u00e7\u00e3o e Manuten\u00e7\u00e3o:<\/h3>\n<p>Internal Ring Gears should be installed by a professional using the manufacturer&#8217;s guidelines. Regular maintenance is essential to ensure optimal performance and longevity of the product. It is recommended to clean and inspect the gear regularly for signs of wear, damage, or corrosion. Any damaged or worn-out parts should be replaced immediately to prevent further damage to the system.<\/p>\n<h3>Perfil de companhia:<\/h3>\n<p>&#8216;EVER-POWER Machinery&#8217; is a well-known manufacturer and supplier of various mechanical components, including Ring Gears, Spur Gears, Helical Gears, Bevel Gears, Sprockets, Worm and Worm Wheels, Racks and Pinions, Timing Pulleys, Spline Shafts, Motor, Gearboxes, etc. With over 58 years of experience, we have earned a remarkable reputation in the industry for our excellent manufacturing, sales, technical, and delivery services.<\/p>\n<p>Nossos produtos s\u00e3o conhecidos por sua durabilidade, desempenho superior e alta precis\u00e3o. Obtivemos a certifica\u00e7\u00e3o ISO 9001, que reflete nosso comprometimento com a garantia de qualidade, pesquisa e desenvolvimento cont\u00ednuos e satisfa\u00e7\u00e3o do cliente. Temos uma unidade de fabrica\u00e7\u00e3o bem equipada que usa a mais recente tecnologia e ferramentas para processar engrenagens.<\/p>\n<h3>Por que nos escolher?<\/h3>\n<ul>\n<li>Personaliza\u00e7\u00e3o<\/li>\n<li>Entrega r\u00e1pida para seus trabalhos de desmontagem<\/li>\n<li>Custo-efetividade<\/li>\n<li>Padr\u00f5es superiores de qualidade<\/li>\n<li>Abordagem focada no cliente<\/li>\n<li>Ampla presen\u00e7a no mercado<\/li>\n<li>Excelente servi\u00e7o p\u00f3s-venda<\/li>\n<\/ul>\n<h3>Outros produtos:<\/h3>\n<p>Al\u00e9m de Engrenagens de Anel Interno de A\u00e7o Ligado, tamb\u00e9m fornecemos v\u00e1rias Engrenagens de Pl\u00e1stico usadas na ind\u00fastria, como caixas de engrenagens agr\u00edcolas, eixos de sa\u00edda de pot\u00eancia, rodas dentadas, acoplamentos de fluido, redutores de engrenagem sem-fim, engrenagens e cremalheiras, correntes destac\u00e1veis, polias e polias, caixas de engrenagens planet\u00e1rias, polias de sincroniza\u00e7\u00e3o, buchas e muito mais. Estamos comprometidos em fornecer produtos de alta qualidade, pre\u00e7os favor\u00e1veis e servi\u00e7os atenciosos, e damos as boas-vindas aos clientes para nos procurarem para personaliza\u00e7\u00e3o de desenho ou amostra.<\/p>\n<h2>Perguntas e respostas:<\/h2>\n<ol>\n<li>O que \u00e9 engrenagem de anel interno de a\u00e7o-liga?<\/li>\n<li>Quais s\u00e3o os cen\u00e1rios de uso comuns de engrenagens de anel interno de liga de a\u00e7o?<\/li>\n<li>Quais s\u00e3o as vantagens da engrenagem de anel interno de a\u00e7o-liga?<\/li>\n<li>Qual \u00e9 o material usado na engrenagem de anel interno de a\u00e7o-liga?<\/li>\n<li>Como instalar, manter e reparar engrenagens de anel interno de a\u00e7o-liga?<\/li>\n<\/ol>","protected":false},"excerpt":{"rendered":"<p>Alloy Steel Internal Ring Gear: Excellent Performance for Automotive Applications Alloy Steel Internal Ring Gear is a precision-engineered product that delivers excellent performance in automotive applications. These rings have teeth fitted on the periphery of a flex plate or flywheel of an internal combustion engine and are commonly used to transmit torque from the engine [&hellip;]<\/p>","protected":false},"featured_media":3519,"template":"","meta":{"_et_pb_use_builder":"","_et_pb_old_content":"","_et_gb_content_width":""},"product_brand":[],"product_cat":[11293],"product_tag":[],"class_list":{"0":"post-3520","1":"product","2":"type-product","3":"status-publish","4":"has-post-thumbnail","6":"product_cat-ring-gear","8":"first","9":"instock","10":"shipping-taxable","11":"product-type-simple"},"_links":{"self":[{"href":"https:\/\/agricultural-gear-boxes.com\/pt\/wp-json\/wp\/v2\/product\/3520","targetHints":{"allow":["GET"]}}],"collection":[{"href":"https:\/\/agricultural-gear-boxes.com\/pt\/wp-json\/wp\/v2\/product"}],"about":[{"href":"https:\/\/agricultural-gear-boxes.com\/pt\/wp-json\/wp\/v2\/types\/product"}],"wp:featuredmedia":[{"embeddable":true,"href":"https:\/\/agricultural-gear-boxes.com\/pt\/wp-json\/wp\/v2\/media\/3519"}],"wp:attachment":[{"href":"https:\/\/agricultural-gear-boxes.com\/pt\/wp-json\/wp\/v2\/media?parent=3520"}],"wp:term":[{"taxonomy":"product_brand","embeddable":true,"href":"https:\/\/agricultural-gear-boxes.com\/pt\/wp-json\/wp\/v2\/product_brand?post=3520"},{"taxonomy":"product_cat","embeddable":true,"href":"https:\/\/agricultural-gear-boxes.com\/pt\/wp-json\/wp\/v2\/product_cat?post=3520"},{"taxonomy":"product_tag","embeddable":true,"href":"https:\/\/agricultural-gear-boxes.com\/pt\/wp-json\/wp\/v2\/product_tag?post=3520"}],"curies":[{"name":"wp","href":"https:\/\/api.w.org\/{rel}","templated":true}]}}