{"id":3522,"date":"2024-08-22T05:58:09","date_gmt":"2024-08-22T05:58:09","guid":{"rendered":"https:\/\/agricultural-gear-boxes.com\/product\/flywheel-ring-gear-for-agricultural-tractor-part\/"},"modified":"2024-08-22T05:58:09","modified_gmt":"2024-08-22T05:58:09","slug":"flywheel-ring-gear-for-agricultural-tractor-part","status":"publish","type":"product","link":"https:\/\/agricultural-gear-boxes.com\/pt\/product\/flywheel-ring-gear-for-agricultural-tractor-part\/","title":{"rendered":"Engrenagem de anel de volante para pe\u00e7a de trator agr\u00edcola"},"content":{"rendered":"<h2 class=\"magic-16\">Engrenagem de anel de volante para pe\u00e7a de trator agr\u00edcola<\/h2>\n<p>Roda dentada, coroa e coroa s\u00e3o componentes essenciais em sistemas de transmiss\u00e3o mec\u00e2nica. Eles s\u00e3o tipicamente feitos de a\u00e7o de liga de alta qualidade que passa por processos de forjamento ou fundi\u00e7\u00e3o. Essas engrenagens s\u00e3o conhecidas por sua resist\u00eancia e durabilidade excepcionais, gra\u00e7as aos tratamentos de cementa\u00e7\u00e3o ou endurecimento da superf\u00edcie. A coroa, em particular, ostenta uma alta capacidade de carga, tornando-a uma escolha confi\u00e1vel para m\u00e1quinas de alta velocidade e carga pesada.<\/p>\n<p>Em nossa empresa, temos orgulho em fabricar engrenagens de anel projetadas com precis\u00e3o usando mat\u00e9rias-primas de alta qualidade. Cada produto passa por rigorosos controles de qualidade em todas as etapas do processo de fabrica\u00e7\u00e3o para garantir a conformidade com os padr\u00f5es industriais internacionais. N\u00f3s adquirimos aros fundidos para engrenagens de anel de fornecedores confi\u00e1veis e confi\u00e1veis na ind\u00fastria.<\/p>\n<h3 class=\"magic-9\">Vantagens da engrenagem de anel<\/h3>\n<ul>\n<li>Capacidade de carga pesada e longa vida \u00fatil<\/li>\n<li>Alta precis\u00e3o, grande di\u00e2metro e m\u00f3dulo<\/li>\n<li>Transmiss\u00e3o est\u00e1vel com baixo impacto, vibra\u00e7\u00e3o e ru\u00eddo<\/li>\n<li>F\u00e1cil instala\u00e7\u00e3o<\/li>\n<\/ul>\n<p><img loading=\"lazy\" decoding=\"async\" class=\"size-full wp-image-379621 alignnone\" src=\"https:\/\/www.ever-power.net\/wp-content\/uploads\/2022\/06\/Hd4dbb3467e17486fad843fce6069226c8.jpg\" alt=\"\" width=\"600\" height=\"600\" \/><\/p>\n<h3 class=\"magic-10\">Especifica\u00e7\u00f5es do produto<\/h3>\n<table class=\"all magic-11\" style=\"height: 300px; width: 100%; border-style: solid; border-color: #0f0d0d;\" border=\"1\">\n<tbody>\n<tr>\n<td colspan=\"1\" rowspan=\"1\">\n<div class=\"magic-12\"><span class=\"magic-13\">Material<\/span><\/div>\n<\/td>\n<td colspan=\"1\" rowspan=\"1\">\n<div class=\"magic-12\"><span class=\"magic-13\">C45, 40Cr, 20CrMnTi, 42CrMo, cobre, a\u00e7o inoxid\u00e1vel e muito mais<\/span><\/div>\n<\/td>\n<\/tr>\n<tr>\n<td colspan=\"1\" rowspan=\"1\">\n<div class=\"magic-12\"><span class=\"magic-13\">Processamento<\/span><\/div>\n<\/td>\n<td colspan=\"1\" rowspan=\"1\">\n<div class=\"magic-12\"><span class=\"magic-13\">Forjamento, usinagem, fresamento, raspagem, retifica\u00e7\u00e3o, tratamento t\u00e9rmico e muito mais<\/span><\/div>\n<\/td>\n<\/tr>\n<tr>\n<td colspan=\"1\" rowspan=\"1\">\n<div class=\"magic-12\"><span class=\"magic-13\">Tratamento t\u00e9rmico<\/span><\/div>\n<\/td>\n<td colspan=\"1\" rowspan=\"1\">\n<div class=\"magic-12\"><span class=\"magic-13\">Cementa\u00e7\u00e3o, Indu\u00e7\u00e3o, Chama, Nitreta\u00e7\u00e3o e muito mais<\/span><\/div>\n<\/td>\n<\/tr>\n<tr>\n<td colspan=\"1\" rowspan=\"1\">\n<div class=\"magic-12\"><span class=\"magic-13\">M\u00e1quinas principais<\/span><\/div>\n<\/td>\n<td colspan=\"1\" rowspan=\"1\">\n<div class=\"magic-12\"><span class=\"magic-13\">M\u00e1quinas de fresagem de engrenagens NC, modeladores de engrenagens NC (Gealson, Mode), torno NC, m\u00e1quinas de corte de engrenagens NC, fresamento de engrenagens NC, retificadoras de engrenagens NC e outros dispositivos relacionados a engrenagens<\/span><\/div>\n<\/td>\n<\/tr>\n<\/tbody>\n<\/table>\n<div class=\"magic-7\">Vantagem da empresa<\/div>\n<ol>\n<li>Oferecemos servi\u00e7o completo, desde a organiza\u00e7\u00e3o da mat\u00e9ria-prima at\u00e9 o processamento, produ\u00e7\u00e3o e montagem.<\/li>\n<li>Temos uma equipe de engenharia profissional e um rigoroso sistema de controle de qualidade para garantir a qualidade do produto.<\/li>\n<li>Possu\u00edmos equipamentos CNC avan\u00e7ados para garantir a precis\u00e3o do produto.<\/li>\n<\/ol>\n<p>Al\u00e9m de nossas engrenagens de anel de volante, somos especializados em fornecer v\u00e1rias engrenagens de pl\u00e1stico para aplica\u00e7\u00f5es industriais. Nossa ampla gama de produtos inclui caixas de engrenagens agr\u00edcolas, eixos de sa\u00edda de pot\u00eancia, rodas dentadas, acoplamentos de fluido, redutores de engrenagem sem-fim, engrenagens e cremalheiras, correntes destac\u00e1veis, polias e polias, caixas de engrenagens planet\u00e1rias, polias de sincroniza\u00e7\u00e3o, buchas e muito mais. Temos orgulho em oferecer produtos de alta qualidade a pre\u00e7os competitivos, apoiados por um servi\u00e7o atencioso e confi\u00e1vel.<\/p>\n<p>Se voc\u00ea precisar de produtos personalizados com base em seus desenhos ou amostras, entre em contato conosco para obter solu\u00e7\u00f5es personalizadas.<\/p>\n<h2 class=\"magic-16\">Perguntas frequentes<\/h2>\n<h3>1. Voc\u00eas fornecem amostras?<\/h3>\n<p>Sim, oferecemos amostras gr\u00e1tis, mas o custo do frete n\u00e3o est\u00e1 coberto.<\/p>\n<h3>2. Voc\u00eas oferecem servi\u00e7os OEM?<\/h3>\n<p>Sim, somos capazes de fornecer servi\u00e7os OEM para atender \u00e0s suas necessidades espec\u00edficas.<\/p>\n<h3>3. E quanto ao servi\u00e7o p\u00f3s-venda?<\/h3>\n<p>N\u00f3s nos orgulhamos do excelente servi\u00e7o p\u00f3s-venda. Se voc\u00ea encontrar algum problema de qualidade, sinta-se \u00e0 vontade para entrar em contato conosco a qualquer momento.<\/p>\n<h3>4. Quais op\u00e7\u00f5es de embalagem voc\u00eas oferecem?<\/h3>\n<p>Oferecemos op\u00e7\u00f5es de embalagem padr\u00e3o, mas tamb\u00e9m podemos personalizar a embalagem de acordo com suas necessidades.<\/p>\n<h3>5. Como voc\u00ea garante a qualidade dos seus produtos?<\/h3>\n<p>Para garantir a qualidade do produto, fornecemos relat\u00f3rios de mat\u00e9ria-prima, realizamos exames metalogr\u00e1ficos e testes de precis\u00e3o, entre outras medidas de garantia de qualidade.<\/p>","protected":false},"excerpt":{"rendered":"<p>Flywheel Ring Gear For Agricultural Tractor Part Gear wheel, ring gear, and girth gear are essential components in mechanical transmission systems. They are typically made of high-quality alloy steel that undergoes forging or casting processes. These gears are known for their exceptional strength and durability, thanks to surface carburizing or hardening treatments. The ring gear, [&hellip;]<\/p>","protected":false},"featured_media":3521,"template":"","meta":{"_et_pb_use_builder":"","_et_pb_old_content":"","_et_gb_content_width":""},"product_brand":[],"product_cat":[11293],"product_tag":[],"class_list":{"0":"post-3522","1":"product","2":"type-product","3":"status-publish","4":"has-post-thumbnail","6":"product_cat-ring-gear","8":"first","9":"instock","10":"shipping-taxable","11":"product-type-simple"},"_links":{"self":[{"href":"https:\/\/agricultural-gear-boxes.com\/pt\/wp-json\/wp\/v2\/product\/3522","targetHints":{"allow":["GET"]}}],"collection":[{"href":"https:\/\/agricultural-gear-boxes.com\/pt\/wp-json\/wp\/v2\/product"}],"about":[{"href":"https:\/\/agricultural-gear-boxes.com\/pt\/wp-json\/wp\/v2\/types\/product"}],"wp:featuredmedia":[{"embeddable":true,"href":"https:\/\/agricultural-gear-boxes.com\/pt\/wp-json\/wp\/v2\/media\/3521"}],"wp:attachment":[{"href":"https:\/\/agricultural-gear-boxes.com\/pt\/wp-json\/wp\/v2\/media?parent=3522"}],"wp:term":[{"taxonomy":"product_brand","embeddable":true,"href":"https:\/\/agricultural-gear-boxes.com\/pt\/wp-json\/wp\/v2\/product_brand?post=3522"},{"taxonomy":"product_cat","embeddable":true,"href":"https:\/\/agricultural-gear-boxes.com\/pt\/wp-json\/wp\/v2\/product_cat?post=3522"},{"taxonomy":"product_tag","embeddable":true,"href":"https:\/\/agricultural-gear-boxes.com\/pt\/wp-json\/wp\/v2\/product_tag?post=3522"}],"curies":[{"name":"wp","href":"https:\/\/api.w.org\/{rel}","templated":true}]}}