{"id":3524,"date":"2024-08-22T05:58:10","date_gmt":"2024-08-22T05:58:10","guid":{"rendered":"https:\/\/agricultural-gear-boxes.com\/product\/ring-gear-for-cement-mixer\/"},"modified":"2024-08-22T05:58:10","modified_gmt":"2024-08-22T05:58:10","slug":"ring-gear-for-cement-mixer","status":"publish","type":"product","link":"https:\/\/agricultural-gear-boxes.com\/pt\/product\/ring-gear-for-cement-mixer\/","title":{"rendered":"Engrenagem de anel para misturador de cimento"},"content":{"rendered":"<h2>Engrenagem de anel para misturador de cimento<\/h2>\n<p>Engrenagens de anel s\u00e3o engrenagens dentadas externamente que s\u00e3o amplamente utilizadas em v\u00e1rios produtos industriais para funcionamento suave. Engrenagem de anel para misturador de cimento \u00e9 um desses produtos que \u00e9 altamente procurado no mercado. Esta engrenagem \u00e9 usada em misturadores de cimento para transmitir movimento rotativo entre eixos paralelos. Os dentes s\u00e3o retos e paralelos ao eixo, tornando-a uma das unidades de engrenagem mais simples e mais utilizadas.<\/p>\n<h3>Classifica\u00e7\u00e3o e Material<\/h3>\n<p>A engrenagem anelar para misturador de cimento vem em v\u00e1rios tamanhos que variam de m\u00f3dulo 0,5-20 com um di\u00e2metro m\u00e1ximo de 2000 mm. Com base nos requisitos do cliente, o \u00e2ngulo de press\u00e3o pode ser o padr\u00e3o de 20\u00b0 ou n\u00e3o padr\u00e3o. O perfil dos dentes pode ser espor\u00e3o ou espinha de peixe. A engrenagem anelar para misturador de cimento pode ser fabricada por meio de brochamento, fresamento, moldagem, fresamento, fundi\u00e7\u00e3o, forjamento ou qualquer outro processo espec\u00edfico do cliente. Pode ser feita de v\u00e1rios materiais, como C45, a\u00e7o inoxid\u00e1vel 304, 1045, Cr12, 40Cr, 20CrMnTi, 16MnCr5, 20CrMnMo, nylon, delrin, CuZn40 e muito mais.<\/p>\n<h3>Vantagens<\/h3>\n<ul>\n<li>Altamente dur\u00e1vel<\/li>\n<li>Funcionamento suave<\/li>\n<li>Pode ser usado em v\u00e1rios produtos industriais<\/li>\n<li>F\u00e1cil de instalar e manter<\/li>\n<li>Pode ser substitu\u00eddo facilmente<\/li>\n<\/ul>\n<h3>Instala\u00e7\u00e3o e Manuten\u00e7\u00e3o<\/h3>\n<p>A instala\u00e7\u00e3o do Ring Gear para Misturador de Cimento \u00e9 simples e direta, pode ser fixada por meio de parafusos e porcas. Quanto \u00e0 manuten\u00e7\u00e3o, a engrenagem deve ser verificada regularmente quanto a desgaste. A lubrifica\u00e7\u00e3o tamb\u00e9m \u00e9 crucial para garantir que a engrenagem funcione suavemente. Em caso de mau funcionamento, a engrenagem pode ser facilmente substitu\u00edda.<\/p>\n<h3>Outros produtos<\/h3>\n<p>A Ever-Power \u00e9 uma fabricante l\u00edder de engrenagens em Hangzhou, China. Al\u00e9m de Ring Gear para Misturador de Cimento, tamb\u00e9m fornecemos v\u00e1rios outros produtos para diferentes ind\u00fastrias. Nossos produtos incluem caixas de engrenagens agr\u00edcolas, eixos de sa\u00edda de pot\u00eancia, rodas dentadas, acoplamentos de fluido, redutores de engrenagem sem-fim, engrenagens e cremalheiras, correntes destac\u00e1veis, polias e polias, caixas de engrenagens planet\u00e1rias, polias de sincroniza\u00e7\u00e3o, buchas e muito mais. Temos orgulho de nossos produtos de alta qualidade, pre\u00e7os favor\u00e1veis e excelente atendimento ao cliente. Damos as boas-vindas aos clientes para virem at\u00e9 n\u00f3s com suas necessidades de personaliza\u00e7\u00e3o de desenho ou amostra.<\/p>\n<h2>Perguntas e respostas<\/h2>\n<ol>\n<li>\n<h3>O que \u00e9 engrenagem de anel para betoneira?<\/h3>\n<p>Ring Gear for Cement Mixer \u00e9 uma engrenagem dentada externamente usada em misturadores de cimento para transmitir movimento rotativo entre eixos paralelos. Os dentes s\u00e3o retos e paralelos ao eixo e \u00e9 uma das unidades de engrenagem mais simples e mais usadas.<\/p>\n<\/li>\n<li>\n<h3>Quais s\u00e3o os materiais usados para fabricar a engrenagem anelar para betoneira?<\/h3>\n<p>A engrenagem anelar para misturador de cimento pode ser feita de v\u00e1rios materiais, como C45, a\u00e7o inoxid\u00e1vel 304, 1045, Cr12, 40Cr, 20CrMnTi, 16MnCr5, 20CrMnMo, nylon, Delrin, CuZn40 e muito mais.<\/p>\n<\/li>\n<li>\n<h3>Quais s\u00e3o as vantagens da engrenagem anelar para betoneira?<\/h3>\n<p>As vantagens da engrenagem anelar para betoneira incluem durabilidade, funcionamento suave, versatilidade para uso em v\u00e1rios produtos industriais, f\u00e1cil instala\u00e7\u00e3o e manuten\u00e7\u00e3o e facilidade de substitui\u00e7\u00e3o.<\/p>\n<\/li>\n<li>\n<h3>Como \u00e9 instalada a engrenagem de anel para betoneira?<\/h3>\n<p>A engrenagem anelar para misturador de cimento pode ser fixada por meio de parafusos e porcas para instala\u00e7\u00e3o. <\/p>\n<\/li>\n<li>\n<h3>Quais outros produtos a Ever-Power fornece?<\/h3>\n<p>A Ever-Power fornece v\u00e1rios produtos para diferentes ind\u00fastrias, como caixas de engrenagens agr\u00edcolas, eixos de sa\u00edda de pot\u00eancia, rodas dentadas, acoplamentos de fluido, redutores de engrenagem sem-fim, engrenagens e cremalheiras, correntes destac\u00e1veis, polias e polias, caixas de engrenagens planet\u00e1rias, polias de sincroniza\u00e7\u00e3o, buchas e muito mais.<\/p>\n<\/li>\n<\/ol>","protected":false},"excerpt":{"rendered":"<p>Engrenagem de anel para misturador de cimento Engrenagens de anel s\u00e3o engrenagens dentadas externamente que s\u00e3o amplamente utilizadas em v\u00e1rios produtos industriais para funcionamento suave. Engrenagem de anel para misturador de cimento \u00e9 um desses produtos que \u00e9 altamente procurado no mercado. Esta engrenagem \u00e9 usada em misturadores de cimento para transmitir movimento rotativo entre eixos paralelos. Os dentes [\u2026]<\/p>","protected":false},"featured_media":3523,"template":"","meta":{"_et_pb_use_builder":"","_et_pb_old_content":"","_et_gb_content_width":""},"product_brand":[],"product_cat":[11293],"product_tag":[],"class_list":{"0":"post-3524","1":"product","2":"type-product","3":"status-publish","4":"has-post-thumbnail","6":"product_cat-ring-gear","8":"first","9":"instock","10":"shipping-taxable","11":"product-type-simple"},"_links":{"self":[{"href":"https:\/\/agricultural-gear-boxes.com\/pt\/wp-json\/wp\/v2\/product\/3524","targetHints":{"allow":["GET"]}}],"collection":[{"href":"https:\/\/agricultural-gear-boxes.com\/pt\/wp-json\/wp\/v2\/product"}],"about":[{"href":"https:\/\/agricultural-gear-boxes.com\/pt\/wp-json\/wp\/v2\/types\/product"}],"wp:featuredmedia":[{"embeddable":true,"href":"https:\/\/agricultural-gear-boxes.com\/pt\/wp-json\/wp\/v2\/media\/3523"}],"wp:attachment":[{"href":"https:\/\/agricultural-gear-boxes.com\/pt\/wp-json\/wp\/v2\/media?parent=3524"}],"wp:term":[{"taxonomy":"product_brand","embeddable":true,"href":"https:\/\/agricultural-gear-boxes.com\/pt\/wp-json\/wp\/v2\/product_brand?post=3524"},{"taxonomy":"product_cat","embeddable":true,"href":"https:\/\/agricultural-gear-boxes.com\/pt\/wp-json\/wp\/v2\/product_cat?post=3524"},{"taxonomy":"product_tag","embeddable":true,"href":"https:\/\/agricultural-gear-boxes.com\/pt\/wp-json\/wp\/v2\/product_tag?post=3524"}],"curies":[{"name":"wp","href":"https:\/\/api.w.org\/{rel}","templated":true}]}}