{"id":3526,"date":"2024-08-22T05:58:11","date_gmt":"2024-08-22T05:58:11","guid":{"rendered":"https:\/\/agricultural-gear-boxes.com\/product\/stainless-steel-ring-gear-for-wind-turbine\/"},"modified":"2024-08-22T05:58:11","modified_gmt":"2024-08-22T05:58:11","slug":"stainless-steel-ring-gear-for-wind-turbine","status":"publish","type":"product","link":"https:\/\/agricultural-gear-boxes.com\/pt\/product\/stainless-steel-ring-gear-for-wind-turbine\/","title":{"rendered":"Engrenagem de anel de a\u00e7o inoxid\u00e1vel para turbina e\u00f3lica"},"content":{"rendered":"<h2>Engrenagem de anel de a\u00e7o inoxid\u00e1vel para turbina e\u00f3lica<\/h2>\n<p>A engrenagem de anel de a\u00e7o inoxid\u00e1vel para turbina e\u00f3lica \u00e9 um componente cr\u00edtico que fica no volante do motor e engata com o pinh\u00e3o do motor de partida para dar partida no motor na partida. Ela transfere o torque de partida do motor de partida para o virabrequim do motor e \u00e9 uma parte essencial da m\u00e1quina. A engrenagem de anel \u00e9 amplamente usada em v\u00e1rias ind\u00fastrias, incluindo carros de passeio, caminh\u00f5es, tratores, equipamentos de movimenta\u00e7\u00e3o de terra, motores mar\u00edtimos, cortadores de grama e gera\u00e7\u00e3o industrial\/de energia. <\/p>\n<p>Este produto \u00e9 feito de a\u00e7o inoxid\u00e1vel de alta qualidade e \u00e9 projetado para fornecer excelente desempenho e durabilidade. Ele tem um formato e perfil de dente exclusivos, o que o torna ideal para aplica\u00e7\u00f5es de engrenagem de anel de transmiss\u00e3o. A engrenagem de anel est\u00e1 dispon\u00edvel em diferentes tamanhos de acordo com o desenho fornecido pelo cliente. <\/p>\n<p>O processo de fabrica\u00e7\u00e3o da engrenagem anelar envolve fresamento de engrenagens, fresamento de engrenagens, modelagem de engrenagens, brochamento de engrenagens, raspagem de engrenagens, retifica\u00e7\u00e3o de engrenagens e lapida\u00e7\u00e3o de engrenagens. Ela passa por tratamento t\u00e9rmico, incluindo t\u00eampera e revenimento, cementa\u00e7\u00e3o e t\u00eampera, t\u00eampera de alta frequ\u00eancia e carbonitreta\u00e7\u00e3o para aumentar sua dureza e resist\u00eancia ao desgaste. A engrenagem tamb\u00e9m passa por tratamento de superf\u00edcie, incluindo escurecimento, polimento, anodiza\u00e7\u00e3o, cromagem, zincagem, niquelagem, entre outros, para proteg\u00ea-la contra ferrugem e corros\u00e3o.<\/p>\n<p>As capacidades da engrenagem\/spline s\u00e3o impressionantes, com um OD m\u00e1ximo de 2500 mm, ID m\u00ednimo de 650 mm e largura m\u00e1xima da face de 500 mm. Engrenagens internas e splines internas s\u00e3o feitas por meio de processos de fresamento, modelagem e retifica\u00e7\u00e3o de dentes, enquanto engrenagens externas e splines externas s\u00e3o feitas por meio de fresamento, fresamento e retifica\u00e7\u00e3o de dentes. O produto \u00e9 fabricado seguindo os padr\u00f5es de precis\u00e3o de dentes DIN Classe 8, ISO\/GB Classe 8, AGMA Classe 13, JIS Classe 0.<\/p>\n<p>To install, maintain, repair or replace the ring gear, it is essential to follow the manufacturer&#8217;s instructions in the user manual. Regular maintenance and inspection to check for any wear or damage can significantly extend the life of the ring gear.<\/p>\n<p>N\u00f3s fornecemos v\u00e1rias engrenagens de pl\u00e1stico usadas na ind\u00fastria, como caixas de engrenagens agr\u00edcolas, eixos de sa\u00edda de pot\u00eancia, rodas dentadas, acoplamentos de fluido, redutores de engrenagem sem-fim, engrenagens e cremalheiras, correntes destac\u00e1veis, polias e polias, caixas de engrenagens planet\u00e1rias, polias de sincroniza\u00e7\u00e3o, buchas e muito mais. Nossa empresa fornece produtos de alta qualidade, pre\u00e7os favor\u00e1veis e servi\u00e7o atencioso. Damos as boas-vindas aos clientes para virem ao desenho ou personaliza\u00e7\u00e3o de amostra.<\/p>\n<h3>Especifica\u00e7\u00f5es<\/h3>\n<table class=\"aliDataTable\" style=\"height: 200px; width: 100%; border-style: solid; border-color: #120e0e;\" border=\"1\">\n<tbody>\n<tr>\n<td colspan=\"2\">\n<div style=\"text-align: center;\"><b data-spm-anchor-id=\"a2700.details.0.i27.bf425d5dOqoAqD\">Especifica\u00e7\u00f5es do produto<\/b><\/div>\n<\/td>\n<\/tr>\n<tr>\n<td>\n<div>Forma<\/div>\n<\/td>\n<td>\n<div>Engrenagem de anel<\/div>\n<\/td>\n<\/tr>\n<tr>\n<td>\n<div>Perfil do dente<\/div>\n<\/td>\n<td>involuto<\/td>\n<\/tr>\n<tr>\n<td>\n<div>Descri\u00e7\u00e3o<\/div>\n<\/td>\n<td>\n<div>Engrenagem de anel de transmiss\u00e3o<\/div>\n<\/td>\n<\/tr>\n<tr>\n<td>\n<div>Tamanho<\/div>\n<\/td>\n<td>\n<div>De acordo com o desenho<\/div>\n<\/td>\n<\/tr>\n<\/tbody>\n<\/table>\n<h3>Detalhe t\u00e9cnico<\/h3>\n<div>\n<div class=\"sliderTable mt10 mb10 sliderTable-index0 change-to-org\">\n<div class=\"inner\">\n<table style=\"height: 400px; width: 100%; border-style: solid; border-color: #0f0c0c;\" border=\"1\" width=\"100%\">\n<tbody>\n<tr>\n<td rowspan=\"3\">\n<div>\n<div><\/div>\n<div><\/div>\n<div>Material selecionado<\/div>\n<\/p><\/div>\n<\/td>\n<td>\n<div>A\u00e7o carbono<\/div>\n<\/td>\n<td>\n<div>SAE1020, SAE1045, Cr12, 40Cr, Y15Pb, 1214L etc<\/div>\n<\/td>\n<\/tr>\n<tr>\n<td>\n<div>Liga de a\u00e7o<\/div>\n<\/td>\n<td>\n<div>20CrMnTi, 16MnCr5, 20CrMnMo, 41CrMo, 17CrNiMo5 etc<\/div>\n<\/td>\n<\/tr>\n<tr>\n<td>\n<div>Lat\u00e3o\/Bronze<\/div>\n<\/td>\n<td>\n<div>HPb59-1, H70, CuZn39Pb2, CuZn40Pb2, C38000, CuZn40 etc<\/div>\n<\/td>\n<\/tr>\n<tr>\n<td>\n<div>\n<div>M\u00f3dulos<\/div>\n<\/p><\/div>\n<\/td>\n<td colspan=\"2\">\n<div>1.0, 1.25, 1.5, 1.75, 2.0, 2.25, 2.5&#8230;.8.0 etc<\/div>\n<\/td>\n<\/tr>\n<tr>\n<td>\n<div>\n<div>Processo de Usinagem<\/div>\n<\/p><\/div>\n<\/td>\n<td colspan=\"2\">\n<div>Fresamento de engrenagens, fresamento de engrenagens, modelagem de engrenagens, brochamento de engrenagens, raspagem de engrenagens, retifica\u00e7\u00e3o de engrenagens e lapida\u00e7\u00e3o de engrenagens<\/div>\n<\/td>\n<\/tr>\n<tr>\n<td rowspan=\"2\">\n<div>\n<div><\/div>\n<div>Controle de Toler\u00e2ncia<\/div>\n<\/p><\/div>\n<\/td>\n<td>\n<div>Di\u00e2metro externo<\/div>\n<\/td>\n<td>\n<div>\u00b10,005 mm<\/div>\n<\/td>\n<\/tr>\n<tr>\n<td>\n<div>Dimens\u00e3o do comprimento<\/div>\n<\/td>\n<td>\n<div>\u00b10,05 mm<\/div>\n<\/td>\n<\/tr>\n<tr>\n<td>\n<div>\n<div>Tratamento t\u00e9rmico<\/div>\n<\/p><\/div>\n<\/td>\n<td colspan=\"2\">\n<div>Quenching &amp; Tempering, Carburizing &amp; Quenching, High-frequency Hardening, Carbonitriding&#8230;&#8230;<\/div>\n<\/td>\n<\/tr>\n<tr>\n<td>\n<div>\n<div>Precis\u00e3o dos dentes<\/div>\n<\/p><\/div>\n<\/td>\n<td colspan=\"2\">\n<div>DIN Classe 4, ISO\/GB Classe 4, AGMA Classe 13, JIS Classe 0<\/div>\n<\/td>\n<\/tr>\n<tr>\n<td>\n<div>\n<div>Tratamento de superf\u00edcie<\/div>\n<\/p><\/div>\n<\/td>\n<td colspan=\"2\">\n<div>Blacking, Polishing, Anodization, Chrome Plating, Zinc Plating, Nickel Plating&#8230;&#8230;<\/div>\n<\/td>\n<\/tr>\n<\/tbody>\n<\/table>\n<p>         <img loading=\"lazy\" decoding=\"async\" class=\"alignleft size-full wp-image-379625\" src=\"https:\/\/www.ever-power.net\/wp-content\/uploads\/2022\/06\/Stainless-Steel-Ring-Gear.jpg\" alt=\"\" width=\"600\" height=\"600\" \/>\n      <\/div>\n<\/p><\/div>\n<\/div>\n<h3>Capacidades de Engrenagem\/Spline<\/h3>\n<div class=\"sliderTable mt10 mb10 sliderTable-index1 change-to-org\">\n<div class=\"inner\">\n<table style=\"height: 700px; width: 100%; border-style: solid; border-color: #120d0d;\" border=\"1\" width=\"100%\">\n<tbody>\n<tr class=\"firstRow\">\n<th colspan=\"4\" valign=\"top\">ENGRENAGENS INTERNAS E ESTRIAS INTERNAS<\/th>\n<\/tr>\n<tr>\n<td valign=\"top\"><\/td>\n<td valign=\"top\">FRESAGEM<\/td>\n<td valign=\"top\">MOLDANDO<\/td>\n<td valign=\"top\">Ranger de dentes<\/td>\n<\/tr>\n<tr>\n<td valign=\"top\">OD m\u00e1ximo<\/td>\n<td valign=\"top\">2500 mil\u00edmetros<\/td>\n<td valign=\"top\">2500 mil\u00edmetros<\/td>\n<td valign=\"top\">2500 mil\u00edmetros<\/td>\n<\/tr>\n<tr>\n<td valign=\"top\">ID m\u00ednimo<\/td>\n<td valign=\"top\">650 mil\u00edmetros<\/td>\n<td valign=\"top\">50 mil\u00edmetros<\/td>\n<td valign=\"top\">100 mil\u00edmetros<\/td>\n<\/tr>\n<tr>\n<td valign=\"top\">Largura m\u00e1xima da face<\/td>\n<td valign=\"top\">500 mil\u00edmetros<\/td>\n<td valign=\"top\">500 mil\u00edmetros<\/td>\n<td valign=\"top\">500 mil\u00edmetros<\/td>\n<\/tr>\n<tr>\n<td valign=\"top\">Passo Diametral M\u00e1ximo<\/td>\n<td valign=\"top\">DP 1<\/td>\n<td valign=\"top\">DP 1<\/td>\n<td valign=\"top\">DP 0,5<\/td>\n<\/tr>\n<tr>\n<td valign=\"top\">M\u00f3dulo M\u00e1ximo<\/td>\n<td valign=\"top\">26 mil\u00edmetros<\/td>\n<td valign=\"top\">26 mil\u00edmetros<\/td>\n<td valign=\"top\">45 mil\u00edmetros<\/td>\n<\/tr>\n<tr>\n<td valign=\"top\">N\u00edvel AGMA\/N\u00edvel DIN<\/td>\n<td valign=\"top\">DIN Classe 8<\/td>\n<td valign=\"top\">DIN Classe 8<\/td>\n<td valign=\"top\">DIN Classe 4<\/td>\n<\/tr>\n<tr>\n<td valign=\"top\">Acabamento da superf\u00edcie do dente<\/td>\n<td valign=\"top\">Ra 3.2<\/td>\n<td valign=\"top\">Ra 3.2<\/td>\n<td valign=\"top\">Ra 0,6<\/td>\n<\/tr>\n<tr>\n<td valign=\"top\">\u00c2ngulo m\u00e1ximo da h\u00e9lice<\/td>\n<td valign=\"top\">\u00b122,5\u00b0<\/td>\n<td valign=\"top\">\u00b122,5\u00b0<\/td>\n<td valign=\"top\">\u00b145\u00b0<\/td>\n<\/tr>\n<tr>\n<th colspan=\"4\" valign=\"top\">ENGRENAGENS EXTERNAS E ESTRIAS EXTERNAS<\/th>\n<\/tr>\n<tr>\n<td valign=\"top\"><\/td>\n<td valign=\"top\">MANCALIZA\u00c7\u00c3O<\/td>\n<td valign=\"top\">FRESAGEM<\/td>\n<td valign=\"top\">Ranger de dentes<\/td>\n<\/tr>\n<tr>\n<td valign=\"top\">OD m\u00e1ximo<\/td>\n<td valign=\"top\">1250 mil\u00edmetros<\/td>\n<td valign=\"top\">2500 mil\u00edmetros<\/td>\n<td valign=\"top\">2500 mil\u00edmetros<\/td>\n<\/tr>\n<tr>\n<td valign=\"top\">OD m\u00ednimo<\/td>\n<td valign=\"top\">20 mil\u00edmetros<\/td>\n<td valign=\"top\">200 mil\u00edmetros<\/td>\n<td valign=\"top\">20 mil\u00edmetros<\/td>\n<\/tr>\n<tr>\n<td valign=\"top\">Largura m\u00e1xima da face<\/td>\n<td valign=\"top\">500 mil\u00edmetros<\/td>\n<td valign=\"top\">500 mil\u00edmetros<\/td>\n<td valign=\"top\">1480 mil\u00edmetros<\/td>\n<\/tr>\n<tr>\n<td valign=\"top\">Passo Diametral M\u00e1ximo<\/td>\n<td valign=\"top\">DP 1<\/td>\n<td valign=\"top\">DP 1<\/td>\n<td valign=\"top\">DP 0,5<\/td>\n<\/tr>\n<tr>\n<td valign=\"top\">M\u00f3dulo M\u00e1ximo<\/td>\n<td valign=\"top\">26 mil\u00edmetros<\/td>\n<td valign=\"top\">26 mil\u00edmetros<\/td>\n<td valign=\"top\">45 mil\u00edmetros<\/td>\n<\/tr>\n<tr>\n<td valign=\"top\">N\u00edvel AGMA\/N\u00edvel DIN<\/td>\n<td valign=\"top\">DIN Classe 8<\/td>\n<td valign=\"top\">DIN Classe 8<\/td>\n<td valign=\"top\">DIN Classe 4<\/td>\n<\/tr>\n<tr>\n<td valign=\"top\">Acabamento da superf\u00edcie do dente<\/td>\n<td valign=\"top\">Ra 3.2<\/td>\n<td valign=\"top\">Ra 3.2<\/td>\n<td valign=\"top\">Ra 0,6<\/td>\n<\/tr>\n<tr>\n<td valign=\"top\">\u00c2ngulo m\u00e1ximo da h\u00e9lice<\/td>\n<td valign=\"top\">\u00b145\u00b0<\/td>\n<td valign=\"top\">\u00b145\u00b0<\/td>\n<td valign=\"top\">\u00b145\u00b0<\/td>\n<\/tr>\n<\/tbody>\n<\/table><\/div>\n<\/div>\n<h2>Perguntas frequentes<\/h2>\n<ol>\n<li>\n      <strong>P: Voc\u00ea \u00e9 uma empresa comercial ou um fabricante?<\/strong><br \/>\n      <br \/>R: Somos uma f\u00e1brica.\n   <\/li>\n<li>\n      <strong>P: Quanto tempo demora a entrega?<\/strong><br \/>\n      <br \/>R: Geralmente, s\u00e3o de 5 a 10 dias se os produtos estiverem em estoque. Ou s\u00e3o de 15 a 20 dias se os produtos n\u00e3o estiverem em estoque, de acordo com a quantidade.\n   <\/li>\n<li>\n      <strong>P: Voc\u00eas fornecem amostras? \u00c9 gr\u00e1tis ou extra?<\/strong><br \/>\n      <br \/>R: Sim, podemos oferecer a amostra gratuitamente, mas n\u00e3o pagamos o custo do frete.\n   <\/li>\n<li>\n      <strong>P: Quais s\u00e3o os seus termos de pagamento?<\/strong><br \/>\n      <br \/>A: Pagamento<=1000USD, 100% in advance. Payment>=1000USD, 30% T\/T adiantado, saldo antes do envio. Se voc\u00ea tiver outra pergunta, entre em contato conosco conforme abaixo.\n   <\/li>\n<li>\n      <strong>P: Voc\u00eas podem personalizar o produto de acordo com minhas necessidades?<\/strong><br \/>\n      <br \/>R: Sim, podemos personalizar o produto de acordo com seu desenho ou amostra.\n   <\/li>\n<\/ol>","protected":false},"excerpt":{"rendered":"<p>Stainless Steel Ring Gear For Wind Turbine Stainless Steel Ring Gear for Wind Turbine is a critical component that sits on the Engine Flywheel and engages with the pinion of the starter motor to crank the engine upon starting. It transfers starting torque from starter to engine crankshaft and is an essential part of the [&hellip;]<\/p>","protected":false},"featured_media":3525,"template":"","meta":{"_et_pb_use_builder":"","_et_pb_old_content":"","_et_gb_content_width":""},"product_brand":[],"product_cat":[11293],"product_tag":[],"class_list":{"0":"post-3526","1":"product","2":"type-product","3":"status-publish","4":"has-post-thumbnail","6":"product_cat-ring-gear","8":"first","9":"instock","10":"shipping-taxable","11":"product-type-simple"},"_links":{"self":[{"href":"https:\/\/agricultural-gear-boxes.com\/pt\/wp-json\/wp\/v2\/product\/3526","targetHints":{"allow":["GET"]}}],"collection":[{"href":"https:\/\/agricultural-gear-boxes.com\/pt\/wp-json\/wp\/v2\/product"}],"about":[{"href":"https:\/\/agricultural-gear-boxes.com\/pt\/wp-json\/wp\/v2\/types\/product"}],"wp:featuredmedia":[{"embeddable":true,"href":"https:\/\/agricultural-gear-boxes.com\/pt\/wp-json\/wp\/v2\/media\/3525"}],"wp:attachment":[{"href":"https:\/\/agricultural-gear-boxes.com\/pt\/wp-json\/wp\/v2\/media?parent=3526"}],"wp:term":[{"taxonomy":"product_brand","embeddable":true,"href":"https:\/\/agricultural-gear-boxes.com\/pt\/wp-json\/wp\/v2\/product_brand?post=3526"},{"taxonomy":"product_cat","embeddable":true,"href":"https:\/\/agricultural-gear-boxes.com\/pt\/wp-json\/wp\/v2\/product_cat?post=3526"},{"taxonomy":"product_tag","embeddable":true,"href":"https:\/\/agricultural-gear-boxes.com\/pt\/wp-json\/wp\/v2\/product_tag?post=3526"}],"curies":[{"name":"wp","href":"https:\/\/api.w.org\/{rel}","templated":true}]}}