{"id":3536,"date":"2024-08-23T05:18:49","date_gmt":"2024-08-23T05:18:49","guid":{"rendered":"https:\/\/agricultural-gear-boxes.com\/product\/gear-rack-for-window-opener\/"},"modified":"2024-08-23T05:18:50","modified_gmt":"2024-08-23T05:18:50","slug":"gear-rack-for-window-opener","status":"publish","type":"product","link":"https:\/\/agricultural-gear-boxes.com\/pt\/product\/gear-rack-for-window-opener\/","title":{"rendered":"Cremalheira de engrenagem para abridor de janela"},"content":{"rendered":"<h2>Cremalheira de engrenagem para abridor de janela: alta qualidade e dur\u00e1vel<\/h2>\n<p>Gear Rack For Window Opener \u00e9 um componente essencial projetado para f\u00e1cil abertura e fechamento de janelas. Este produto \u00e9 feito de materiais de alta qualidade, incluindo a\u00e7o normalizado, recozido, temperado ou temperado. O tratamento de superf\u00edcie para Gear Rack For Window Opener pode ser pintura, galvanoplastia, polimento, \u00f3xido preto ou \u00f3leo antiferrugem transparente. Al\u00e9m disso, o produto passa por controle de qualidade e gerenciamento durante todo o processo de produ\u00e7\u00e3o, come\u00e7ando pela fundi\u00e7\u00e3o de lingotes, forjamento, tratamento t\u00e9rmico, usinagem e inspe\u00e7\u00e3o final antes da entrega. <\/p>\n<h3>Vantagens da cremalheira de engrenagens para abridor de janelas<\/h3>\n<p>O Gear Rack For Window Opener \u00e9 um produto altamente dur\u00e1vel que pode suportar condi\u00e7\u00f5es clim\u00e1ticas adversas. Seu tratamento de superf\u00edcie ajuda a prevenir ferrugem e corros\u00e3o, garantindo que ele possa durar por um longo per\u00edodo. O produto est\u00e1 dispon\u00edvel em diferentes materiais, incluindo a\u00e7o de liga, a\u00e7o carbono e a\u00e7o inoxid\u00e1vel, tornando-o adequado para diferentes aplica\u00e7\u00f5es. O Gear Rack For Window Opener \u00e9 f\u00e1cil de instalar, manter e reparar. Tamb\u00e9m \u00e9 acess\u00edvel, tornando-o uma excelente escolha para quem procura um abridor de janelas com boa rela\u00e7\u00e3o custo-benef\u00edcio.<\/p>\n<h3>Cen\u00e1rios de uso comum<\/h3>\n<p>Gear Rack For Window Opener \u00e9 comumente usado em pr\u00e9dios residenciais e comerciais. \u00c9 ideal para janelas que s\u00e3o dif\u00edceis de alcan\u00e7ar e abrir manualmente. O produto tamb\u00e9m \u00e9 popular em pr\u00e9dios altos onde as janelas precisam ser abertas e fechadas remotamente.<\/p>\n<h3>Instala\u00e7\u00e3o e Manuten\u00e7\u00e3o<\/h3>\n<p>Installation of Gear Rack For Window Opener is straightforward and can be done by following the manufacturer&#8217;s instructions. The product requires little maintenance, but it is essential to ensure that it is clean and well-lubricated to prevent rust and corrosion.<\/p>\n<h3>Substitui\u00e7\u00e3o<\/h3>\n<p>Se for necess\u00e1rio substituir a cremalheira do abridor de janelas, \u00e9 aconselh\u00e1vel procurar os servi\u00e7os de um profissional para garantir que a instala\u00e7\u00e3o seja feita corretamente.<\/p>\n<h3>Outros produtos da empresa Neg\u00f3cios<\/h3>\n<p>Nossa empresa fornece principalmente v\u00e1rias engrenagens pl\u00e1sticas usadas na ind\u00fastria, incluindo caixas de engrenagens agr\u00edcolas, eixos de sa\u00edda de pot\u00eancia, rodas dentadas, acoplamentos de fluido, redutores de engrenagem sem-fim, engrenagens e cremalheiras, correntes destac\u00e1veis, polias e polias, caixas de engrenagens planet\u00e1rias, polias de sincroniza\u00e7\u00e3o, buchas e muito mais. Nossos produtos s\u00e3o de alta qualidade, dispon\u00edveis a pre\u00e7os favor\u00e1veis e v\u00eam com servi\u00e7os de p\u00f3s-venda atenciosos. Damos as boas-vindas aos clientes para virem at\u00e9 n\u00f3s com seus desenhos ou amostras para personaliza\u00e7\u00e3o.<\/p>\n<h2>Perguntas e respostas<\/h2>\n<p>1. Do que \u00e9 feito o suporte de engrenagens para abridor de janelas?<br \/>\n2. Quais s\u00e3o as vantagens do Gear Rack para abridor de janelas?<br \/>\n3. Onde o Gear Rack For Window Opener \u00e9 comumente usado?<br \/>\n4. O suporte de engrenagens para abridor de janelas \u00e9 f\u00e1cil de instalar?<br \/>\n5. A empresa oferece outros produtos al\u00e9m do Gear Rack For Window Opener?<\/p>","protected":false},"excerpt":{"rendered":"<p>Gear Rack For Window Opener: High-Quality and Durable Gear Rack For Window Opener is an essential component designed for easy opening and closing of windows. This product is made up of high-quality materials, including normalized, annealed, quenched, or tempered steel. The surface treatment for Gear Rack For Window Opener can be painting, plating, polishing, black [&hellip;]<\/p>","protected":false},"featured_media":3535,"template":"","meta":{"_et_pb_use_builder":"","_et_pb_old_content":"","_et_gb_content_width":""},"product_brand":[],"product_cat":[11294],"product_tag":[],"class_list":{"0":"post-3536","1":"product","2":"type-product","3":"status-publish","4":"has-post-thumbnail","6":"product_cat-gear-rack","8":"first","9":"instock","10":"shipping-taxable","11":"product-type-simple"},"_links":{"self":[{"href":"https:\/\/agricultural-gear-boxes.com\/pt\/wp-json\/wp\/v2\/product\/3536","targetHints":{"allow":["GET"]}}],"collection":[{"href":"https:\/\/agricultural-gear-boxes.com\/pt\/wp-json\/wp\/v2\/product"}],"about":[{"href":"https:\/\/agricultural-gear-boxes.com\/pt\/wp-json\/wp\/v2\/types\/product"}],"wp:featuredmedia":[{"embeddable":true,"href":"https:\/\/agricultural-gear-boxes.com\/pt\/wp-json\/wp\/v2\/media\/3535"}],"wp:attachment":[{"href":"https:\/\/agricultural-gear-boxes.com\/pt\/wp-json\/wp\/v2\/media?parent=3536"}],"wp:term":[{"taxonomy":"product_brand","embeddable":true,"href":"https:\/\/agricultural-gear-boxes.com\/pt\/wp-json\/wp\/v2\/product_brand?post=3536"},{"taxonomy":"product_cat","embeddable":true,"href":"https:\/\/agricultural-gear-boxes.com\/pt\/wp-json\/wp\/v2\/product_cat?post=3536"},{"taxonomy":"product_tag","embeddable":true,"href":"https:\/\/agricultural-gear-boxes.com\/pt\/wp-json\/wp\/v2\/product_tag?post=3536"}],"curies":[{"name":"wp","href":"https:\/\/api.w.org\/{rel}","templated":true}]}}