{"id":3542,"date":"2024-08-23T05:18:54","date_gmt":"2024-08-23T05:18:54","guid":{"rendered":"https:\/\/agricultural-gear-boxes.com\/product\/gear-rack-for-door-opener\/"},"modified":"2024-08-23T05:18:55","modified_gmt":"2024-08-23T05:18:55","slug":"gear-rack-for-door-opener","status":"publish","type":"product","link":"https:\/\/agricultural-gear-boxes.com\/pt\/product\/gear-rack-for-door-opener\/","title":{"rendered":"Cremalheira de engrenagem para abridor de porta"},"content":{"rendered":"<h2>Vis\u00e3o geral do produto:<\/h2>\n<p>A cremalheira para abridor de porta \u00e9 um sistema de porta autom\u00e1tica adequado para v\u00e1rias portas e janelas. Ele utiliza materiais de alta qualidade e tecnologia avan\u00e7ada, oferecendo uma gama de benef\u00edcios, incluindo uma estrutura simples, opera\u00e7\u00e3o est\u00e1vel, baixo ru\u00eddo e forte capacidade de carga. Isso o torna uma escolha ideal para ambientes dom\u00e9sticos e de escrit\u00f3rio. A cremalheira pode ser usada na maioria dos abridores de port\u00f5es deslizantes e provou ser altamente bem-sucedida na opera\u00e7\u00e3o. Cada se\u00e7\u00e3o da cremalheira possui pontos de fixa\u00e7\u00e3o com ranhuras adequadas e uma borda saliente que desliza com seguran\u00e7a na ranhura da pr\u00f3xima se\u00e7\u00e3o. A cremalheira vem completa com parafusos de fixa\u00e7\u00e3o (hardware) e pode ser usada em port\u00f5es residenciais e comerciais.<\/p>\n<h2>Caracter\u00edsticas:<\/h2>\n<p>\u2013 A estrutura \u00e9 simples e f\u00e1cil de instalar.<br \/>\n\u2013 Oferece opera\u00e7\u00e3o est\u00e1vel e baixo ru\u00eddo.<br \/>\n\u2013 Oferece uma forte capacidade de carga e ampla faixa de aplica\u00e7\u00e3o.<br \/>\n\u2013 Oferece \u00f3tima rela\u00e7\u00e3o custo-benef\u00edcio.<br \/>\n\u2013 Nome: Cremalheira reta<br \/>\n\u2013 Material: A\u00e7o Carbono<br \/>\n\u2013 Cor: prata<br \/>\n\u2013 Adequado para: port\u00e3o deslizante<br \/>\n\u2013 Espessura: 8mm<br \/>\n\u2013 Altura: 30mm<br \/>\n\u2013 Comprimento total: 4M (13 p\u00e9s)<\/p>\n<h2>Par\u00e2metros do produto:<\/h2>\n<p>\u2013 Tipos de portas e janelas aplic\u00e1veis: portas de correr, janelas de correr, etc.<br \/>\n\u2013 Peso da porta e da janela: \u22641000kg<br \/>\n\u2013 Velocidade de abertura: 0,5-1,0 m\/s<br \/>\n\u2013 N\u00edvel de ru\u00eddo: \u226460dB<br \/>\n\u2013 Pot\u00eancia do motor: 100-500W<br \/>\n\u2013 Voltagem: CA 220V<br \/>\n\u2013 Ambiente operacional: -20\u2103~+50\u2103<\/p>\n<h2>Destaques do produto:<\/h2>\n<p>\u2013 Fabricado em a\u00e7o de alta qualidade, garantindo robustez e durabilidade.<br \/>\n\u2013 Projeto de engrenagem de precis\u00e3o para alta efici\u00eancia de transmiss\u00e3o.<br \/>\n\u2013 Baixo ru\u00eddo e opera\u00e7\u00e3o suave.<br \/>\n\u2013 Equipado com m\u00faltiplas prote\u00e7\u00f5es de seguran\u00e7a para uso seguro.<\/p>\n<h2>Cen\u00e1rios de aplica\u00e7\u00e3o:<\/h2>\n<p>- Residencial<br \/>\n\u2013 Edif\u00edcios de escrit\u00f3rios<br \/>\n\u2013 Shoppings<br \/>\n\u2013 F\u00e1bricas<br \/>\n\u2013 Outros lugares<\/p>\n<h2>Como escolher a cremalheira de engrenagem certa para abridor de porta<\/h2>\n<p>1. Tipo e peso das portas e janelas:<br \/>\nDiferentes tipos de portas e janelas exigem abridores de porta de rack espec\u00edficos. Por exemplo, portas de correr exigem um abridor de porta de rack deslizante, enquanto janelas de correr exigem um tipo diferente. Al\u00e9m disso, o peso das portas e janelas deve ser considerado, pois afeta a escolha do abridor de porta de rack. Portas e janelas mais pesadas exigem um abridor de porta de rack com uma forte capacidade de carga.<\/p>\n<p>2. M\u00e9todo de abertura:<br \/>\nExistem duas maneiras principais de abrir abridores de porta de rack: abertura autom\u00e1tica e abertura manual. Os abridores de porta de rack autom\u00e1ticos oferecem conveni\u00eancia, mas t\u00eam um pre\u00e7o mais alto. Por outro lado, os abridores de porta de rack operados manualmente s\u00e3o mais acess\u00edveis, mas exigem esfor\u00e7o manual para operar.<\/p>\n<p>3. Ambiente de uso:<br \/>\nO ambiente operacional do abridor de porta de rack \u00e9 um fator importante a ser considerado. Para uso externo, \u00e9 essencial escolher um abridor de porta de rack que seja \u00e0 prova d&#039;\u00e1gua e de poeira.<\/p>\n<p>4. Or\u00e7amento:<br \/>\nA faixa de pre\u00e7o dos abridores de porta de rack varia de algumas centenas de yuans a v\u00e1rios milhares de yuans. Ao selecionar um abridor de porta de rack, \u00e9 crucial levar seu or\u00e7amento em considera\u00e7\u00e3o.<\/p>\n<p>Considere estas dicas ao escolher um abridor de porta de rack:<br \/>\n\u2013 Determine o tipo, peso e m\u00e9todo de abertura de suas portas e janelas.<br \/>\n\u2013 Selecione um abridor de porta de rack adequado com base no ambiente de uso.<br \/>\n\u2013 Escolha o abridor de porta de rack mais econ\u00f4mico dentro do seu or\u00e7amento.<\/p>\n<h2>Sobre a EVER POWER<\/h2>\n<p>Hangzhou Ever-power \u00e9 uma empresa respeit\u00e1vel especializada em produ\u00e7\u00e3o de engrenagens. Com mais de 100 equipamentos profissionais de produ\u00e7\u00e3o de cremalheiras e ferramentas de teste, garantimos qualidade de primeira linha. Nossa gama de produtos inclui engrenagens de retifica\u00e7\u00e3o de alta precis\u00e3o, cremalheiras de engrenagens retas, cremalheiras de engrenagens helicoidais, engrenagens sem-fim, polias s\u00edncronas, rodas dentadas, cremalheiras e outras pe\u00e7as de transmiss\u00e3o mec\u00e2nica de precis\u00e3o. Temos mais de 100 funcion\u00e1rios e nos tornamos um dos principais fabricantes na ind\u00fastria de engrenagens.<\/p>\n<p>Para melhorar a qualidade do nosso produto e a efici\u00eancia da produ\u00e7\u00e3o, introduzimos equipamentos avan\u00e7ados, incluindo m\u00e1quinas de retifica\u00e7\u00e3o de engrenagens CNC importadas da Alemanha. A precis\u00e3o dos racks produzidos usando este equipamento atinge DIN6n25 (n\u00edvel JIS2), atendendo \u00e0s necessidades do mercado de ponta. Nossa capacidade de produ\u00e7\u00e3o anual atingiu 10 milh\u00f5es de pe\u00e7as. Nossos produtos s\u00e3o exportados para v\u00e1rios pa\u00edses, como Espanha, Holanda, Estados Unidos, Coreia do Sul, Turquia e R\u00fassia.<\/p>\n<p>Al\u00e9m de cremalheiras, tamb\u00e9m somos especializados em fornecer v\u00e1rios produtos de engrenagens de pl\u00e1stico usados em ind\u00fastrias como caixas de engrenagens agr\u00edcolas, eixos de sa\u00edda de pot\u00eancia, rodas dentadas, acoplamentos de fluido, redutores de engrenagem sem-fim, correntes destac\u00e1veis, polias, caixas de engrenagens planet\u00e1rias, polias de sincroniza\u00e7\u00e3o, buchas e muito mais. N\u00f3s nos concentramos em fornecer pre\u00e7os razo\u00e1veis, alta qualidade, tempo de produ\u00e7\u00e3o eficiente e excelente servi\u00e7o p\u00f3s-venda. Damos as boas-vindas aos clientes para entrar em contato conosco para produtos personalizados com base em seus desenhos ou amostras.<\/p>\n<h2>Perguntas e respostas<\/h2>\n<p>1. P: Quais s\u00e3o as principais caracter\u00edsticas da cremalheira para abridor de porta?<br \/>\n   R: A cremalheira oferece uma estrutura simples, opera\u00e7\u00e3o est\u00e1vel, baixo ru\u00eddo e uma forte capacidade de carga.<\/p>\n<p>2. P: Em que tipo de portas e janelas a cremalheira pode ser usada?<br \/>\n   R: A cremalheira pode ser usada na maioria dos port\u00f5es deslizantes, portas deslizantes e janelas deslizantes.<\/p>\n<p>3. P: Quais materiais s\u00e3o usados na cremalheira?<br \/>\n   R: A cremalheira \u00e9 feita de a\u00e7o carbono, garantindo durabilidade e resist\u00eancia.<\/p>\n<p>4. P: Quais s\u00e3o os cen\u00e1rios de aplica\u00e7\u00e3o recomendados para a cremalheira?<br \/>\n   R: A cremalheira \u00e9 adequada para edif\u00edcios residenciais, edif\u00edcios de escrit\u00f3rios, shoppings, f\u00e1bricas e v\u00e1rios outros locais.<\/p>\n<p>5. P: A cremalheira pode ser usada em ambientes externos?<br \/>\n   R: Sim, a cremalheira \u00e9 adequada para uso externo, pois \u00e9 \u00e0 prova d&#039;\u00e1gua e de poeira.<\/p>","protected":false},"excerpt":{"rendered":"<p>Vis\u00e3o geral do produto: A cremalheira para abridor de porta \u00e9 um sistema de porta autom\u00e1tica adequado para v\u00e1rias portas e janelas. Ele utiliza materiais de alta qualidade e tecnologia avan\u00e7ada, oferecendo uma gama de benef\u00edcios, incluindo uma estrutura simples, opera\u00e7\u00e3o est\u00e1vel, baixo ru\u00eddo e forte capacidade de carga. Isso o torna uma escolha ideal para ambientes dom\u00e9sticos e de escrit\u00f3rio. [\u2026]<\/p>","protected":false},"featured_media":3541,"template":"","meta":{"_et_pb_use_builder":"","_et_pb_old_content":"","_et_gb_content_width":""},"product_brand":[],"product_cat":[11294],"product_tag":[],"class_list":{"0":"post-3542","1":"product","2":"type-product","3":"status-publish","4":"has-post-thumbnail","6":"product_cat-gear-rack","8":"first","9":"instock","10":"shipping-taxable","11":"product-type-simple"},"_links":{"self":[{"href":"https:\/\/agricultural-gear-boxes.com\/pt\/wp-json\/wp\/v2\/product\/3542","targetHints":{"allow":["GET"]}}],"collection":[{"href":"https:\/\/agricultural-gear-boxes.com\/pt\/wp-json\/wp\/v2\/product"}],"about":[{"href":"https:\/\/agricultural-gear-boxes.com\/pt\/wp-json\/wp\/v2\/types\/product"}],"wp:featuredmedia":[{"embeddable":true,"href":"https:\/\/agricultural-gear-boxes.com\/pt\/wp-json\/wp\/v2\/media\/3541"}],"wp:attachment":[{"href":"https:\/\/agricultural-gear-boxes.com\/pt\/wp-json\/wp\/v2\/media?parent=3542"}],"wp:term":[{"taxonomy":"product_brand","embeddable":true,"href":"https:\/\/agricultural-gear-boxes.com\/pt\/wp-json\/wp\/v2\/product_brand?post=3542"},{"taxonomy":"product_cat","embeddable":true,"href":"https:\/\/agricultural-gear-boxes.com\/pt\/wp-json\/wp\/v2\/product_cat?post=3542"},{"taxonomy":"product_tag","embeddable":true,"href":"https:\/\/agricultural-gear-boxes.com\/pt\/wp-json\/wp\/v2\/product_tag?post=3542"}],"curies":[{"name":"wp","href":"https:\/\/api.w.org\/{rel}","templated":true}]}}