{"id":3548,"date":"2024-08-23T05:18:58","date_gmt":"2024-08-23T05:18:58","guid":{"rendered":"https:\/\/agricultural-gear-boxes.com\/product\/gear-rack-for-woodworking-industry\/"},"modified":"2024-08-23T05:18:59","modified_gmt":"2024-08-23T05:18:59","slug":"gear-rack-for-woodworking-industry","status":"publish","type":"product","link":"https:\/\/agricultural-gear-boxes.com\/pt\/product\/gear-rack-for-woodworking-industry\/","title":{"rendered":"Cremalheira de engrenagens para ind\u00fastria de marcenaria"},"content":{"rendered":"<h2>Cremalheira de engrenagens para ind\u00fastria de marcenaria: solu\u00e7\u00e3o de controle de movimento linear precisa e vers\u00e1til<\/h2>\n<p>Cremalheira para a ind\u00fastria de marcenaria \u00e9 um mecanismo essencial de controle de movimento linear com dentes retos cortados em uma superf\u00edcie plana. Ele \u00e9 projetado para converter movimento rotativo em movimento linear, permitindo movimento preciso e controlado em opera\u00e7\u00f5es de marcenaria. Cremalheiras s\u00e3o altamente personaliz\u00e1veis em termos de comprimento, passo, perfil de dente e material, tornando-as adequadas para v\u00e1rios requisitos de marcenaria. <\/p>\n<p>Hoje, as cremalheiras de engrenagens encontram suas aplica\u00e7\u00f5es em v\u00e1rias ind\u00fastrias devido \u00e0 sua capacidade de fornecer movimento linear e posicionamento preciso. Na ind\u00fastria de marcenaria, as cremalheiras de engrenagens s\u00e3o amplamente utilizadas em serras de painel, roteadores CNC, m\u00e1quinas de colagem de bordas, tornos para marcenaria e prensas para marcenaria. Essas m\u00e1quinas exigem cortes, modelagem e posicionamento precisos e repet\u00edveis, que podem ser obtidos por meio de controle preciso de movimento linear. <\/p>\n<p>As cremalheiras t\u00eam v\u00e1rias caracter\u00edsticas que as tornam uma escolha ideal para m\u00e1quinas de marcenaria. Primeiro, as cremalheiras oferecem movimento linear, garantindo uma transmiss\u00e3o de movimento suave e eficiente. Segundo, os dentes nas cremalheiras s\u00e3o especialmente projetados para engrenar com uma engrenagem de pinh\u00e3o, garantindo um controle de movimento preciso e exato. As cremalheiras podem ser fabricadas a partir de materiais como a\u00e7o, a\u00e7o inoxid\u00e1vel ou v\u00e1rios tipos de pl\u00e1stico, proporcionando flexibilidade na sele\u00e7\u00e3o de materiais. Al\u00e9m disso, as cremalheiras podem ser personalizadas para se adequarem a aplica\u00e7\u00f5es espec\u00edficas de marcenaria, tornando-as uma op\u00e7\u00e3o vers\u00e1til e adapt\u00e1vel.<\/p>\n<h3>Vantagens da cremalheira de engrenagens na ind\u00fastria de marcenaria<\/h3>\n<ul>\n<li>Precis\u00e3o: as cremalheiras oferecem movimento linear preciso, permitindo cortes, modelagem e posicionamento precisos e repet\u00edveis em aplica\u00e7\u00f5es de marcenaria.<\/li>\n<li>Capacidade de carga: as cremalheiras t\u00eam alta capacidade de carga, permitindo que elas suportem cargas pesadas encontradas em m\u00e1quinas para trabalhar madeira.<\/li>\n<li>Integra\u00e7\u00e3o: As cremalheiras podem ser facilmente integradas em m\u00e1quinas para trabalhar madeira, tornando-as compat\u00edveis com v\u00e1rios sistemas e configura\u00e7\u00f5es.<\/li>\n<li>Versatilidade: As cremalheiras s\u00e3o vers\u00e1teis e adequadas para opera\u00e7\u00f5es de marcenaria manuais e automatizadas.<\/li>\n<li>Efici\u00eancia: As cremalheiras contribuem para a efici\u00eancia dos processos de manuseio de materiais, corte e modelagem na marcenaria.<\/li>\n<\/ul>\n<h3>Aplica\u00e7\u00f5es de cremalheira na ind\u00fastria de marcenaria<\/h3>\n<ul>\n<li>Serras de painel: cremalheiras de engrenagem s\u00e3o comumente usadas em serras de painel para fornecer movimento linear para cortes precisos e exatos em pain\u00e9is de madeira.<\/li>\n<li>Roteadores CNC: As cremalheiras de engrenagens s\u00e3o componentes integrais em roteadores CNC, permitindo movimento linear controlado e preciso do cabe\u00e7ote de corte.<\/li>\n<li>M\u00e1quinas de colagem de bordas: cremalheiras de engrenagens auxiliam no movimento linear do mecanismo de colagem de bordas, garantindo a aplica\u00e7\u00e3o precisa dos materiais de colagem de bordas.<\/li>\n<li>Tornos para marcenaria: cremalheiras de engrenagem s\u00e3o utilizadas em tornos para marcenaria para facilitar o movimento linear, permitindo moldar e tornear objetos de madeira.<\/li>\n<li>Prensas para trabalhar madeira: cremalheiras de engrenagem s\u00e3o empregadas em prensas para trabalhar madeira para controlar o movimento linear do mecanismo de prensagem, garantindo uma aplica\u00e7\u00e3o de press\u00e3o precisa e uniforme.<\/li>\n<\/ul>\n<h3>Problemas e solu\u00e7\u00f5es encontrados durante o uso de cremalheira de engrenagens para a ind\u00fastria de marcenaria<\/h3>\n<p>Aqui est\u00e3o alguns problemas comuns que podem ser encontrados ao usar cremalheiras na ind\u00fastria de marcenaria, juntamente com suas solu\u00e7\u00f5es correspondentes:<\/p>\n<ol>\n<li>Desgaste excessivo: Com o tempo, as cremalheiras podem sofrer desgaste, levando \u00e0 diminui\u00e7\u00e3o da precis\u00e3o e do desempenho. Solu\u00e7\u00e3o: Inspecione e lubrifique regularmente as cremalheiras para minimizar o desgaste. Substitua as cremalheiras gastas por novas quando necess\u00e1rio.<\/li>\n<li>Desalinhamento: O alinhamento incorreto das cremalheiras pode resultar em engrenamento ruim com a engrenagem do pinh\u00e3o, causando aumento de atrito e efici\u00eancia reduzida. Solu\u00e7\u00e3o: Garanta o alinhamento adequado durante a instala\u00e7\u00e3o seguindo as diretrizes do fabricante. Use ferramentas e t\u00e9cnicas de alinhamento para obter alinhamento preciso.<\/li>\n<li>Backlash: Backlash se refere \u00e0 folga entre a cremalheira e a engrenagem do pinh\u00e3o, levando a um movimento impreciso e precis\u00e3o reduzida. Solu\u00e7\u00e3o: Ajuste o engrenamento da cremalheira e da engrenagem do pinh\u00e3o para minimizar o backlash. Isso pode ser feito apertando ou afrouxando os parafusos de montagem ou usando mecanismos de compensa\u00e7\u00e3o de backlash.<\/li>\n<li>Contamina\u00e7\u00e3o e detritos: Poeira, lascas de madeira ou outros contaminantes podem se acumular nas cremalheiras, afetando seu desempenho e longevidade. Solu\u00e7\u00e3o: Limpe regularmente as cremalheiras e implemente sistemas eficazes de coleta de p\u00f3 nas m\u00e1quinas de marcenaria. Use capas protetoras ou foles para proteger as cremalheiras de detritos.<\/li>\n<li>Lubrifica\u00e7\u00e3o Insuficiente: Lubrifica\u00e7\u00e3o inadequada pode causar aumento de atrito, levando a desgaste prematuro e efici\u00eancia reduzida. Solu\u00e7\u00e3o: Aplique o lubrificante recomendado nas cremalheiras em intervalos regulares. Siga as diretrizes do fabricante para frequ\u00eancia e tipo de lubrifica\u00e7\u00e3o.<\/li>\n<\/ol>\n<h3>Outras ind\u00fastrias que usam cremalheiras de engrenagens<\/h3>\n<p>Cremalheiras de engrenagens s\u00e3o amplamente utilizadas em v\u00e1rias ind\u00fastrias devido \u00e0 sua capacidade de fornecer movimento linear e posicionamento preciso. Aqui est\u00e3o algumas outras ind\u00fastrias que comumente utilizam cremalheiras de engrenagens:<\/p>\n<ol>\n<li>Automa\u00e7\u00e3o e Rob\u00f3tica<\/li>\n<li>Automotivo<\/li>\n<li>Aeroespacial<\/li>\n<li>M\u00e9dico e Assist\u00eancia M\u00e9dica<\/li>\n<li>Impress\u00e3o e Embalagem<\/li>\n<li>M\u00e1quinas Industriais<\/li>\n<li>Constru\u00e7\u00e3o e Engenharia<\/li>\n<li>Energia Renov\u00e1vel<\/li>\n<li>Marinha e Constru\u00e7\u00e3o Naval<\/li>\n<li>Transporte ferrovi\u00e1rio<\/li>\n<\/ol>\n<h2>Perguntas frequentes<\/h2>\n<h3>1. O que \u00e9 uma cremalheira para a ind\u00fastria de marcenaria?<\/h3>\n<p>Uma cremalheira para a ind\u00fastria de marcenaria \u00e9 um mecanismo de engrenagem linear com dentes retos cortados em uma superf\u00edcie plana, proporcionando movimento linear. <\/p>\n<h3>2. Quais s\u00e3o as vantagens das cremalheiras na ind\u00fastria de marcenaria?<\/h3>\n<p>As cremalheiras oferecem movimento linear preciso, alta capacidade de carga, f\u00e1cil integra\u00e7\u00e3o, versatilidade e efici\u00eancia.<\/p>\n<h3>3. Quais s\u00e3o as aplica\u00e7\u00f5es comuns de cremalheiras na ind\u00fastria de marcenaria?<\/h3>\n<p>Cremalheiras s\u00e3o comumente usadas em serras de painel, roteadores CNC, m\u00e1quinas de colagem de bordas, tornos para marcenaria e prensas para marcenaria.<\/p>\n<h3>4. Como posso fazer a manuten\u00e7\u00e3o de cremalheiras para a ind\u00fastria de marcenaria?<\/h3>\n<p>Inspecione e lubrifique regularmente as cremalheiras para minimizar o desgaste. Garanta o alinhamento adequado durante a instala\u00e7\u00e3o. Ajuste o engrenamento da cremalheira e do pinh\u00e3o para minimizar a folga. Limpe regularmente as cremalheiras e implemente sistemas eficazes de coleta de p\u00f3. Aplique o lubrificante recomendado nas cremalheiras em intervalos regulares.<\/p>\n<h3>5. Quais outras ind\u00fastrias usam cremalheiras?<\/h3>\n<p>Cremalheiras s\u00e3o amplamente utilizadas em automa\u00e7\u00e3o e rob\u00f3tica, automotivo, aeroespacial, m\u00e9dico e de sa\u00fade, impress\u00e3o e embalagem, m\u00e1quinas industriais, constru\u00e7\u00e3o e engenharia, energia renov\u00e1vel, constru\u00e7\u00e3o naval e mar\u00edtima e transporte ferrovi\u00e1rio. <\/p>\n<p>Em nossa empresa, fornecemos v\u00e1rias engrenagens pl\u00e1sticas usadas na ind\u00fastria, como caixas de engrenagens agr\u00edcolas, eixos de sa\u00edda de pot\u00eancia, rodas dentadas, acoplamentos de fluido, redutores de engrenagem sem-fim, engrenagens e cremalheiras, correntes destac\u00e1veis, polias e polias, caixas de engrenagens planet\u00e1rias, polias de sincroniza\u00e7\u00e3o, buchas e muito mais. Oferecemos produtos de alta qualidade com pre\u00e7os favor\u00e1veis e servi\u00e7o atencioso. Damos as boas-vindas aos clientes para virem at\u00e9 n\u00f3s com suas necessidades de personaliza\u00e7\u00e3o de desenho ou amostra.<\/p>","protected":false},"excerpt":{"rendered":"<p>Gear Rack for Woodworking Industry: Precise and Versatile Linear Motion Control Solution Gear rack for Woodworking Industry is an essential linear motion control mechanism with straight teeth cut into a flat surface. It is designed to convert rotary motion into linear motion, allowing for precise and controlled movement in woodworking operations. Gear racks are highly [&hellip;]<\/p>","protected":false},"featured_media":3547,"template":"","meta":{"_et_pb_use_builder":"","_et_pb_old_content":"","_et_gb_content_width":""},"product_brand":[],"product_cat":[11294],"product_tag":[],"class_list":{"0":"post-3548","1":"product","2":"type-product","3":"status-publish","4":"has-post-thumbnail","6":"product_cat-gear-rack","8":"first","9":"instock","10":"shipping-taxable","11":"product-type-simple"},"_links":{"self":[{"href":"https:\/\/agricultural-gear-boxes.com\/pt\/wp-json\/wp\/v2\/product\/3548","targetHints":{"allow":["GET"]}}],"collection":[{"href":"https:\/\/agricultural-gear-boxes.com\/pt\/wp-json\/wp\/v2\/product"}],"about":[{"href":"https:\/\/agricultural-gear-boxes.com\/pt\/wp-json\/wp\/v2\/types\/product"}],"wp:featuredmedia":[{"embeddable":true,"href":"https:\/\/agricultural-gear-boxes.com\/pt\/wp-json\/wp\/v2\/media\/3547"}],"wp:attachment":[{"href":"https:\/\/agricultural-gear-boxes.com\/pt\/wp-json\/wp\/v2\/media?parent=3548"}],"wp:term":[{"taxonomy":"product_brand","embeddable":true,"href":"https:\/\/agricultural-gear-boxes.com\/pt\/wp-json\/wp\/v2\/product_brand?post=3548"},{"taxonomy":"product_cat","embeddable":true,"href":"https:\/\/agricultural-gear-boxes.com\/pt\/wp-json\/wp\/v2\/product_cat?post=3548"},{"taxonomy":"product_tag","embeddable":true,"href":"https:\/\/agricultural-gear-boxes.com\/pt\/wp-json\/wp\/v2\/product_tag?post=3548"}],"curies":[{"name":"wp","href":"https:\/\/api.w.org\/{rel}","templated":true}]}}