{"id":3554,"date":"2024-08-23T05:19:04","date_gmt":"2024-08-23T05:19:04","guid":{"rendered":"https:\/\/agricultural-gear-boxes.com\/product\/nylon-gear-rack\/"},"modified":"2024-08-23T05:19:04","modified_gmt":"2024-08-23T05:19:04","slug":"nylon-gear-rack","status":"publish","type":"product","link":"https:\/\/agricultural-gear-boxes.com\/pt\/product\/nylon-gear-rack\/","title":{"rendered":"Cremalheira de Nylon"},"content":{"rendered":"<h2>Descobrindo as vantagens da cremalheira de nylon para sistema de movimento linear<\/h2>\n<p>A cremalheira de nylon \u00e9 um componente vital em v\u00e1rias ind\u00fastrias onde \u00e9 necess\u00e1rio movimento linear eficiente e preciso. Com suas propriedades e vantagens \u00fanicas, as cremalheiras de nylon oferecem uma solu\u00e7\u00e3o vers\u00e1til e econ\u00f4mica para aplica\u00e7\u00f5es que v\u00e3o desde automa\u00e7\u00e3o e maquin\u00e1rio at\u00e9 automotivo e rob\u00f3tica. A cremalheira \u00e9 utilizada para converter movimento rotativo em movimento linear. Uma cremalheira tem dentes retos cortados em uma superf\u00edcie de uma se\u00e7\u00e3o quadrada ou redonda de haste e opera com um pinh\u00e3o, que \u00e9 uma pequena engrenagem cil\u00edndrica engrenada com a cremalheira. Geralmente, cremalheira e pinh\u00e3o s\u00e3o chamados coletivamente de \u201ccremalheira e pinh\u00e3o\u201d. Aqui est\u00e3o alguns dos recursos e benef\u00edcios do uso da cremalheira de nylon:<\/p>\n<h3>Alta resist\u00eancia e resist\u00eancia ao desgaste:<\/h3>\n<p> Os racks de nylon t\u00eam excelente resist\u00eancia e desgaste, o que lhes permite suportar altas cargas e uso prolongado.<\/p>\n<h3>Baixo ru\u00eddo e movimento suave:<\/h3>\n<p> As boas propriedades de absor\u00e7\u00e3o de choque do material de nylon tornam o contato entre a cremalheira e a engrenagem mais suave, reduzindo ru\u00eddos e vibra\u00e7\u00f5es.<\/p>\n<h3>Autolubrificante:<\/h3>\n<p> O nylon tem propriedades autolubrificantes, o que reduz o atrito com as engrenagens e prolonga a vida \u00fatil.<\/p>\n<h3>Leve e resistente \u00e0 corros\u00e3o:<\/h3>\n<p> Comparados com os racks de metal, os racks de nylon s\u00e3o mais leves e t\u00eam excelente resist\u00eancia \u00e0 corros\u00e3o, o que os torna adequados para v\u00e1rios ambientes.<\/p>\n<h3>\u00c1reas de aplica\u00e7\u00e3o:<\/h3>\n<p> Cremalheiras e pinh\u00f5es s\u00e3o usados para mecanismos de eleva\u00e7\u00e3o (movimento vertical), movimento horizontal, mecanismos de posicionamento e batentes e para permitir a rota\u00e7\u00e3o s\u00edncrona de v\u00e1rios eixos em m\u00e1quinas industriais em geral. Por outro lado, eles tamb\u00e9m s\u00e3o usados em sistemas de dire\u00e7\u00e3o para mudar a dire\u00e7\u00e3o de carros. Cremalheiras de nylon s\u00e3o amplamente usadas em equipamentos de automa\u00e7\u00e3o e sistemas mec\u00e2nicos, como atuadores lineares, sistemas de correias transportadoras e m\u00e1quinas de embalagem. Cremalheiras de nylon s\u00e3o usadas na ind\u00fastria automotiva para componentes como sistemas de dire\u00e7\u00e3o, mecanismos de ajuste de assento e mecanismos de teto solar. Cremalheiras de nylon desempenham um papel fundamental na rob\u00f3tica para movimento linear preciso e controle de posi\u00e7\u00e3o. Cremalheiras de nylon s\u00e3o usadas em sistemas de elevadores para obter movimento vertical suave. Cremalheiras de nylon s\u00e3o usadas em impressoras 3D para controlar o movimento linear da cabe\u00e7a de impress\u00e3o para garantir resultados de impress\u00e3o precisos.<\/p>\n<h2>Como selecionar o suporte de nylon certo?<\/h2>\n<p>Selecionar o Nylon Gear Rack certo requer a considera\u00e7\u00e3o de v\u00e1rios fatores, incluindo necessidades de aplica\u00e7\u00e3o, requisitos de carga e especifica\u00e7\u00f5es de tamanho. Aqui est\u00e3o algumas diretrizes para ajudar voc\u00ea a escolher o nylon rack certo:<\/p>\n<h3>Determinar os requisitos da aplica\u00e7\u00e3o:<\/h3>\n<p>Identifique sua \u00e1rea de aplica\u00e7\u00e3o e necessidades espec\u00edficas de movimento linear. Entenda para que tipo de equipamento ou sistema voc\u00ea precisa do rack, bem como a velocidade de movimento necess\u00e1ria, precis\u00e3o e requisitos de carga.<\/p>\n<h3>Capacidade de carga:<\/h3>\n<p>Determine the required load capacity. Select a nylon rack with sufficient strength and wear resistance based on the application&#8217;s working conditions and expected loads. Load capacity is usually specified in a technical specification sheet provided by the manufacturer.<\/p>\n<h3>Dimens\u00f5es e especifica\u00e7\u00f5es:<\/h3>\n<p>Determine as dimens\u00f5es e especifica\u00e7\u00f5es necess\u00e1rias. Isso inclui o m\u00f3dulo de cremalheira, passo do dente, n\u00famero de dentes, comprimento, etc. Certifique-se de escolher um tamanho e especifica\u00e7\u00e3o que correspondam aos requisitos da sua aplica\u00e7\u00e3o, levando em considera\u00e7\u00e3o a precis\u00e3o e a amplitude de movimento necess\u00e1rias.<\/p>\n<h3>Sele\u00e7\u00e3o de materiais:<\/h3>\n<p>Nylon racks are usually made of different types of nylon materials, such as polyamide (PA) nylon. Select the appropriate nylon material to ensure corrosion and wear resistance depending on the application&#8217;s environment and working conditions.<\/p>\n<h3>Qualidade e Confiabilidade:<\/h3>\n<p>Certifique-se de escolher um rack de nylon de qualidade confi\u00e1vel. Encontre um fabricante com boa reputa\u00e7\u00e3o e experi\u00eancia que possa fornecer produtos de alta qualidade e fornecer suporte t\u00e9cnico relevante e servi\u00e7o p\u00f3s-venda.<\/p>\n<h3>Custo-efetividade:<\/h3>\n<p>Compare produtos e pre\u00e7os de diferentes fornecedores para garantir que o rack de nylon selecionado tenha um equil\u00edbrio razo\u00e1vel entre desempenho e custo. Escolha um produto que se encaixe no seu or\u00e7amento, levando em considera\u00e7\u00e3o o uso a longo prazo e os custos de manuten\u00e7\u00e3o.<\/p>\n<h3>Instala\u00e7\u00e3o e alinhamento:<\/h3>\n<p>A instala\u00e7\u00e3o e o alinhamento adequados s\u00e3o essenciais para o desempenho e a vida \u00fatil das cremalheiras e pinh\u00f5es, garantindo uma opera\u00e7\u00e3o suave e resultados ideais.<\/p>\n<p>\u00c9 melhor consultar um engenheiro profissional ou se comunicar com o fabricante antes de comprar um rack de nylon para obter conselhos e orienta\u00e7\u00f5es mais detalhados e precisos. Eles podem fornecer op\u00e7\u00f5es personalizadas e suporte t\u00e9cnico com base em suas necessidades e aplica\u00e7\u00f5es espec\u00edficas.<\/p>\n<h2>Sobre a EVER POWER<\/h2>\n<p>A EVER POWER \u00e9 uma fabricante profissional de racks na China. Seus produtos s\u00e3o vendidos principalmente para centenas de fornecedores fixos, como laminadores de a\u00e7o nacionais, estaleiros, f\u00e1bricas de m\u00e1quinas-ferramentas de precis\u00e3o, f\u00e1bricas de m\u00e1quinas de automa\u00e7\u00e3o e v\u00e1rias empresas de distribui\u00e7\u00e3o, e exportados para a Europa Ocidental, Oriente M\u00e9dio e Sudeste Asi\u00e1tico, e outros pa\u00edses e regi\u00f5es. A EVER POWER fornece principalmente v\u00e1rias engrenagens de pl\u00e1stico usadas na ind\u00fastria, como caixas de engrenagens agr\u00edcolas, eixos de sa\u00edda de pot\u00eancia, rodas dentadas, acoplamentos de fluido, redutores de engrenagem sem-fim, engrenagens e racks, correntes destac\u00e1veis, polias e polias, caixas de engrenagens planet\u00e1rias, polias de sincroniza\u00e7\u00e3o, buchas e muito mais. Os clientes s\u00e3o bem-vindos para perguntar sobre produtos personalizados. A EVER POWER tem competitividade consider\u00e1vel na mesma ind\u00fastria.<\/p>\n<h2>Perguntas e respostas<\/h2>\n<p>1. Para que serve o sistema de cremalheira e pinh\u00e3o?<br \/>\n&#8211; Rack and pinion systems are used for lifting mechanisms, horizontal movement, positioning mechanisms, and stoppers. They are also used in steering systems to change the direction of cars.<\/p>\n<p>2. Quais s\u00e3o as vantagens de usar cremalheira de nylon?<br \/>\n&#8211; Nylon gear rack has high strength and wear resistance, low noise and smooth movement, self-lubricating properties, and is lightweight and corrosion-resistant.<\/p>\n<p>3. Quais s\u00e3o as diretrizes para selecionar a cremalheira de nylon correta?<br \/>\n&#8211; Determine application requirements, load capacity, dimensions and specifications, material selection, quality and reliability, cost-effectiveness, and installation and alignment.<\/p>\n<p>4. O que \u00e9 EVER POWER?<br \/>\n&#8211; EVER POWER is a professional manufacturer of racks in China that mainly supplies various Plastic Gear used in industry.<\/p>\n<p>5. Quais s\u00e3o as \u00e1reas de aplica\u00e7\u00e3o comuns da cremalheira de nylon?<br \/>\n&#8211; Nylon gear rack is widely used in automation equipment and mechanical systems such as linear actuators, conveyor belt systems, and packaging machinery. It is also used in the automotive industry for components such as steering systems, seat adjustment mechanisms, and sunroof mechanisms. Nylon gear racks play a key role in robotics for accurate linear motion and position control. It is also used in elevator systems to achieve smooth vertical movement and in 3D printers to control the linear movement of the print head to ensure accurate printing results.<\/p>","protected":false},"excerpt":{"rendered":"<p>Discovering the Advantages of Nylon Gear Rack for Linear Motion System Nylon gear rack is a vital component in various industries where efficient and precise linear motion is required. With its unique properties and advantages, nylon gear racks offer a versatile and cost-effective solution for applications ranging from automation and machinery to automotive and robotics. [&hellip;]<\/p>","protected":false},"featured_media":3553,"template":"","meta":{"_et_pb_use_builder":"","_et_pb_old_content":"","_et_gb_content_width":""},"product_brand":[],"product_cat":[11294],"product_tag":[],"class_list":{"0":"post-3554","1":"product","2":"type-product","3":"status-publish","4":"has-post-thumbnail","6":"product_cat-gear-rack","8":"first","9":"instock","10":"shipping-taxable","11":"product-type-simple"},"_links":{"self":[{"href":"https:\/\/agricultural-gear-boxes.com\/pt\/wp-json\/wp\/v2\/product\/3554","targetHints":{"allow":["GET"]}}],"collection":[{"href":"https:\/\/agricultural-gear-boxes.com\/pt\/wp-json\/wp\/v2\/product"}],"about":[{"href":"https:\/\/agricultural-gear-boxes.com\/pt\/wp-json\/wp\/v2\/types\/product"}],"wp:featuredmedia":[{"embeddable":true,"href":"https:\/\/agricultural-gear-boxes.com\/pt\/wp-json\/wp\/v2\/media\/3553"}],"wp:attachment":[{"href":"https:\/\/agricultural-gear-boxes.com\/pt\/wp-json\/wp\/v2\/media?parent=3554"}],"wp:term":[{"taxonomy":"product_brand","embeddable":true,"href":"https:\/\/agricultural-gear-boxes.com\/pt\/wp-json\/wp\/v2\/product_brand?post=3554"},{"taxonomy":"product_cat","embeddable":true,"href":"https:\/\/agricultural-gear-boxes.com\/pt\/wp-json\/wp\/v2\/product_cat?post=3554"},{"taxonomy":"product_tag","embeddable":true,"href":"https:\/\/agricultural-gear-boxes.com\/pt\/wp-json\/wp\/v2\/product_tag?post=3554"}],"curies":[{"name":"wp","href":"https:\/\/api.w.org\/{rel}","templated":true}]}}