{"id":3570,"date":"2024-08-23T05:19:16","date_gmt":"2024-08-23T05:19:16","guid":{"rendered":"https:\/\/agricultural-gear-boxes.com\/product\/gear-racks-for-greenhouses\/"},"modified":"2024-08-23T05:19:16","modified_gmt":"2024-08-23T05:19:16","slug":"gear-racks-for-greenhouses","status":"publish","type":"product","link":"https:\/\/agricultural-gear-boxes.com\/pt\/product\/gear-racks-for-greenhouses\/","title":{"rendered":"Cremalheiras de engrenagem para estufas"},"content":{"rendered":"<h2>Cremalheiras de engrenagens para estufas: aumentando a efici\u00eancia e o controle<\/h2>\n<p>Cremalheiras de engrenagens para estufas s\u00e3o engrenagens lineares com dentes retos ou curvos que traduzem o movimento rotativo de um motor em movimento linear. Elas s\u00e3o um componente crucial de sistemas de estufa automatizados, controlando ventila\u00e7\u00e3o, sombreamento e at\u00e9 mesmo irriga\u00e7\u00e3o. Cremalheiras de engrenagens s\u00e3o vers\u00e1teis, confi\u00e1veis e econ\u00f4micas, tornando-as uma escolha popular para operadores de estufas que buscam otimizar seus ambientes de cultivo.<\/p>\n<p>Com uma cremalheira pareada com um motor e pinh\u00e3o, os operadores de estufa podem controlar precisamente v\u00e1rios fatores ambientais. Cremalheiras s\u00e3o usadas em sistemas de cortinas e sombreamento, sistemas de ventila\u00e7\u00e3o, sistemas de irriga\u00e7\u00e3o e sistemas de priva\u00e7\u00e3o de luz.<\/p>\n<h3>Benef\u00edcios dos Racks de Engrenagens para Estufas<\/h3>\n<ul>\n<li><strong>Confiabilidade:<\/strong> As cremalheiras s\u00e3o conhecidas por sua opera\u00e7\u00e3o confi\u00e1vel, exigindo manuten\u00e7\u00e3o m\u00ednima por longos per\u00edodos.<\/li>\n<li><strong>Versatilidade:<\/strong> Eles podem ser adaptados para diversas aplica\u00e7\u00f5es dentro de uma estufa, desde ventila\u00e7\u00e3o at\u00e9 controle de sombra.<\/li>\n<li><strong>Efici\u00eancia:<\/strong> Gear racks deliver high power transfer, effectively translating the motor&#8217;s rotation into linear movement for smooth operation.<\/li>\n<li><strong>Custo-efetividade:<\/strong> Eles oferecem uma solu\u00e7\u00e3o confi\u00e1vel e acess\u00edvel para automatizar fun\u00e7\u00f5es de estufa.<\/li>\n<\/ul>\n<h3>Considera\u00e7\u00f5es<\/h3>\n<ul>\n<li><strong>Barulho:<\/strong> Cremalheiras de dentes retos podem ser barulhentas, especialmente em altas velocidades. Op\u00e7\u00f5es de dentes curvos proporcionam uma opera\u00e7\u00e3o mais silenciosa.<\/li>\n<li><strong>Desgaste:<\/strong> A lubrifica\u00e7\u00e3o adequada \u00e9 crucial para minimizar o desgaste na cremalheira e no pinh\u00e3o.<\/li>\n<li><strong>Suavidade do movimento:<\/strong> Embora sejam eficazes, as cremalheiras podem n\u00e3o oferecer o movimento mais suave em compara\u00e7\u00e3o \u00e0s cremalheiras helicoidais (usadas com menos frequ\u00eancia em estufas).<\/li>\n<\/ul>\n<h3>Como funcionam as cremalheiras de engrenagens para estufas<\/h3>\n<p>As cremalheiras de engrenagens para estufas operam convertendo o movimento rotativo de um motor de engrenagem ou mecanismo de manivela manual em movimento linear para controlar o movimento dos acess\u00f3rios da estufa. A cremalheira de engrenagens \u00e9 conectada a um motor de engrenagem ou mecanismo de manivela manual, o que faz a engrenagem girar. Conforme a engrenagem gira, seus dentes engatam com os dentes na cremalheira de engrenagens, fazendo com que ela se mova linearmente. O movimento linear da cremalheira de engrenagens se traduz no movimento linear correspondente do acess\u00f3rio de estufa conectado, permitindo controle preciso e opera\u00e7\u00e3o eficiente dos sistemas de estufa.<\/p>\n<h3>Sobre a EVER POWER<\/h3>\n<p>A EVER POWER tem ampla experi\u00eancia na personaliza\u00e7\u00e3o de v\u00e1rias cremalheiras de engrenagens retas e cremalheiras de engrenagens helicoidais, incluindo cremalheiras de engrenagens de pl\u00e1stico, cremalheiras de engrenagens de a\u00e7o inoxid\u00e1vel, cremalheiras de engrenagens helicoidais de metal, cremalheiras de engrenagens retas, cremalheiras de engrenagens helicoidais, cremalheiras de engrenagens lineares e cremalheiras de engrenagens para elevadores. Eles tamb\u00e9m oferecem v\u00e1rios produtos de pe\u00e7as de transmiss\u00e3o, como caixas de engrenagens agr\u00edcolas, eixos de sa\u00edda de pot\u00eancia, rodas dentadas, acoplamentos de fluido, redutores de engrenagem sem-fim, engrenagens e cremalheiras, correntes destac\u00e1veis, polias e polias, caixas de engrenagens planet\u00e1rias, polias de sincroniza\u00e7\u00e3o, buchas e muito mais.<\/p>\n<p>A EVER POWER se orgulha de fornecer produtos de alta qualidade a pre\u00e7os favor\u00e1veis, mantendo o compromisso com o atendimento atencioso ao cliente. Eles d\u00e3o as boas-vindas aos clientes para perguntar sobre produtos personalizados, seja com base em desenhos ou amostras.<\/p>\n<h2>Perguntas e respostas<\/h2>\n<ol>\n<li>O que s\u00e3o cremalheiras para estufas?<\/li>\n<li>Qual \u00e9 a fun\u00e7\u00e3o das cremalheiras para estufas?<\/li>\n<li>Quais s\u00e3o os benef\u00edcios de usar cremalheiras em estufas?<\/li>\n<li>Quais s\u00e3o algumas aplica\u00e7\u00f5es comuns de cremalheiras em estufas?<\/li>\n<li>Como funcionam as cremalheiras para estufas?<\/li>\n<\/ol>","protected":false},"excerpt":{"rendered":"<p>Gear Racks for Greenhouses: Enhancing Efficiency and Control Gear racks for greenhouses are linear gears with straight or curved teeth that translate rotary motion from a motor into linear movement. They are a crucial component of automated greenhouse systems, controlling ventilation, shading, and even irrigation. Gear racks are versatile, reliable, and cost-effective, making them a [&hellip;]<\/p>","protected":false},"featured_media":3569,"template":"","meta":{"_et_pb_use_builder":"","_et_pb_old_content":"","_et_gb_content_width":""},"product_brand":[],"product_cat":[11294],"product_tag":[],"class_list":{"0":"post-3570","1":"product","2":"type-product","3":"status-publish","4":"has-post-thumbnail","6":"product_cat-gear-rack","8":"first","9":"instock","10":"shipping-taxable","11":"product-type-simple"},"_links":{"self":[{"href":"https:\/\/agricultural-gear-boxes.com\/pt\/wp-json\/wp\/v2\/product\/3570","targetHints":{"allow":["GET"]}}],"collection":[{"href":"https:\/\/agricultural-gear-boxes.com\/pt\/wp-json\/wp\/v2\/product"}],"about":[{"href":"https:\/\/agricultural-gear-boxes.com\/pt\/wp-json\/wp\/v2\/types\/product"}],"wp:featuredmedia":[{"embeddable":true,"href":"https:\/\/agricultural-gear-boxes.com\/pt\/wp-json\/wp\/v2\/media\/3569"}],"wp:attachment":[{"href":"https:\/\/agricultural-gear-boxes.com\/pt\/wp-json\/wp\/v2\/media?parent=3570"}],"wp:term":[{"taxonomy":"product_brand","embeddable":true,"href":"https:\/\/agricultural-gear-boxes.com\/pt\/wp-json\/wp\/v2\/product_brand?post=3570"},{"taxonomy":"product_cat","embeddable":true,"href":"https:\/\/agricultural-gear-boxes.com\/pt\/wp-json\/wp\/v2\/product_cat?post=3570"},{"taxonomy":"product_tag","embeddable":true,"href":"https:\/\/agricultural-gear-boxes.com\/pt\/wp-json\/wp\/v2\/product_tag?post=3570"}],"curies":[{"name":"wp","href":"https:\/\/api.w.org\/{rel}","templated":true}]}}