{"id":3588,"date":"2024-08-23T06:26:12","date_gmt":"2024-08-23T06:26:12","guid":{"rendered":"https:\/\/agricultural-gear-boxes.com\/product\/chain-tensioning-wheels-with-ball-bearings\/"},"modified":"2024-08-23T06:26:13","modified_gmt":"2024-08-23T06:26:13","slug":"chain-tensioning-wheels-with-ball-bearings","status":"publish","type":"product","link":"https:\/\/agricultural-gear-boxes.com\/pt\/product\/chain-tensioning-wheels-with-ball-bearings\/","title":{"rendered":"Rodas de Tensionamento de Corrente com Rolamentos de Esferas"},"content":{"rendered":"<h2>Rodas de Tensionamento de Correntes com Rolamentos de Esferas: Uma Solu\u00e7\u00e3o Perfeita para Correntes de Rolos<\/h2>\n<p>Rodas de Tensionamento de Corrente com Rolamentos de Esferas s\u00e3o um produto popular que \u00e9 amplamente utilizado em v\u00e1rias ind\u00fastrias. Essas rodas s\u00e3o projetadas para serem usadas com correntes de rolos DIN ISO 606 e s\u00e3o perfeitas para uso como uma roda de tensionamento no elemento de tensionamento ou como uma roda sobressalente para tensionadores de corrente. Elas tamb\u00e9m podem ser usadas universalmente como uma corrente de retorno ou roda de tensionamento.<\/p>\n<p>Essas rodas tensoras s\u00e3o fornecidas como um conjunto com rolamentos de esferas integrados, que s\u00e3o selados em ambos os lados e lubrificados para a vida, tornando-os livres de manuten\u00e7\u00e3o. O anel interno largo garante uma montagem perfeita sem arruelas. A pista de esferas e a roda dentada s\u00e3o encaixadas por press\u00e3o para garantir uma conex\u00e3o segura e permanente. A roda dentada \u00e9 feita de a\u00e7o com uma resist\u00eancia mec\u00e2nica de 490-600 N\/mm2.<\/p>\n<h3>\u00c1reas de aplica\u00e7\u00e3o<\/h3>\n<p>Estas rodas tensoras s\u00e3o adequadas para correntes de rolos do tamanho 06 B-1 a 20 B-1. Rodas tensoras de corrente para correntes de rolos duplex e correntes de rolos conforme o padr\u00e3o ANSI (DIN 8188) est\u00e3o dispon\u00edveis mediante solicita\u00e7\u00e3o.<\/p>\n<h3>Especifica\u00e7\u00e3o do produto<\/h3>\n<ul>\n<li>Conjunto de rodas tensoras de corrente prontas para instalar, completas com rolamento de esferas montado<\/li>\n<li>Os elementos tensores e rodas dentadas constituem um tensor de corrente de tor\u00e7\u00e3o completo, pronto para instalar e com tens\u00e3o cont\u00ednua<\/li>\n<li>Para obter um tensor de corrente completo, tanto o elemento tensor quanto a roda dentada devem ser encomendados<\/li>\n<li>Pode ser montado nos pontos de deflex\u00e3o e tens\u00e3o<\/li>\n<li>Rolamentos 2-Z permanentemente lubrificados garantem um funcionamento perfeito<\/li>\n<li>Com pe\u00e7as de montagem (parafuso e porca)<\/li>\n<li>Correspond\u00eancia: elemento tensor padr\u00e3o (Cat. No. 700625 ff) e elemento tensor zincado (Cat. No. 700631 ff)<\/li>\n<\/ul>\n<h3>Especifica\u00e7\u00e3o t\u00e9cnica<\/h3>\n<ul>\n<li>Material:<\/li>\n<ul>\n<li>Rodas dentadas: a\u00e7o St40 \/ St50<\/li>\n<li>Rolamento de esferas: a\u00e7o para rolamentos de rolos com enchimento de graxa vital\u00edcio, livre de manuten\u00e7\u00e3o<\/li>\n<li>Parafuso de montagem: a\u00e7o zincado<\/li>\n<li>Porca: a\u00e7o zincado<\/li>\n<\/ul>\n<li>Faixa de temperatura: -20 a +120 \u00b0C<\/li>\n<\/ul>\n<p>Essas rodas tensoras s\u00e3o f\u00e1ceis de instalar e manter. Elas tamb\u00e9m podem ser reparadas e substitu\u00eddas facilmente. Elas s\u00e3o uma solu\u00e7\u00e3o econ\u00f4mica que oferece desempenho duradouro.<\/p>\n<h3>Outros produtos oferecidos pela nossa empresa<\/h3>\n<p>Al\u00e9m das Rodas Tensionadoras de Corrente com Rolamentos de Esferas, nossa empresa oferece uma ampla gama de produtos de alta qualidade. Fornecemos principalmente v\u00e1rias engrenagens pl\u00e1sticas usadas na ind\u00fastria, como caixas de engrenagens agr\u00edcolas, eixos de sa\u00edda de pot\u00eancia, rodas dentadas, acoplamentos de fluido, redutores de engrenagem sem-fim, engrenagens e cremalheiras, correntes destac\u00e1veis, polias e polias, caixas de engrenagens planet\u00e1rias, polias de sincroniza\u00e7\u00e3o, buchas e muito mais. Temos orgulho em oferecer produtos de alta qualidade a um pre\u00e7o favor\u00e1vel, apoiados por um servi\u00e7o atencioso. Damos as boas-vindas aos clientes para virem at\u00e9 n\u00f3s para personaliza\u00e7\u00e3o de desenho ou amostra.<\/p>\n<h3>Perguntas e respostas<\/h3>\n<p><strong>1. Qual \u00e9 a faixa de temperatura para rodas tensoras de corrente com rolamentos de esferas?<\/strong><\/p>\n<p>A faixa de temperatura para rodas tensoras de corrente com rolamentos de esferas \u00e9 de -20 a +120 \u00b0C.<\/p>\n<p><strong>2. As rodas tensoras de corrente com rolamentos de esferas n\u00e3o requerem manuten\u00e7\u00e3o?<\/strong><\/p>\n<p>Sim, s\u00e3o. Os rolamentos s\u00e3o selados em ambos os lados e lubrificados para a vida toda, ent\u00e3o n\u00e3o exigem manuten\u00e7\u00e3o regular.<\/p>\n<p><strong>3. Que tipo de corrente de rolos \u00e9 adequada para rodas tensoras de corrente com rolamentos de esferas?<\/strong><\/p>\n<p>Estas rodas tensoras s\u00e3o adequadas para correntes de rolos do tamanho 06 B-1 a 20 B-1. Rodas tensoras de correntes para correntes de rolos duplex e correntes de rolos conforme o padr\u00e3o ANSI (DIN 8188) tamb\u00e9m est\u00e3o dispon\u00edveis mediante solicita\u00e7\u00e3o.<\/p>\n<p><strong>4. Rodas tensoras de corrente com rolamentos de esferas podem ser reparadas?<\/strong><\/p>\n<p>Sim, eles podem ser facilmente reparados e substitu\u00eddos.<\/p>\n<p><strong>5. Que outros produtos sua empresa oferece?<\/strong><\/p>\n<p>Al\u00e9m de rodas tensoras de corrente com rolamentos de esferas, nossa empresa oferece uma ampla gama de produtos de alta qualidade, incluindo caixas de engrenagens agr\u00edcolas, eixos de sa\u00edda de pot\u00eancia, rodas dentadas, acoplamentos de fluido, redutores de engrenagem sem-fim, engrenagens e cremalheiras, correntes destac\u00e1veis, polias e polias, caixas de engrenagens planet\u00e1rias, polias de sincroniza\u00e7\u00e3o, buchas e muito mais.<\/p>","protected":false},"excerpt":{"rendered":"<p>Chain Tensioning Wheels With Ball Bearings: A Perfect Solution for Roller Chains Chain Tensioning Wheels with Ball Bearings are a popular product that is widely used in various industries. These wheels are designed to be used with roller chains DIN ISO 606 and are perfect for use as a tensioning wheel on the tensioning element [&hellip;]<\/p>","protected":false},"featured_media":3587,"template":"","meta":{"_et_pb_use_builder":"","_et_pb_old_content":"","_et_gb_content_width":""},"product_brand":[],"product_cat":[11296],"product_tag":[],"class_list":{"0":"post-3588","1":"product","2":"type-product","3":"status-publish","4":"has-post-thumbnail","6":"product_cat-sprocket","8":"first","9":"instock","10":"shipping-taxable","11":"product-type-simple"},"_links":{"self":[{"href":"https:\/\/agricultural-gear-boxes.com\/pt\/wp-json\/wp\/v2\/product\/3588","targetHints":{"allow":["GET"]}}],"collection":[{"href":"https:\/\/agricultural-gear-boxes.com\/pt\/wp-json\/wp\/v2\/product"}],"about":[{"href":"https:\/\/agricultural-gear-boxes.com\/pt\/wp-json\/wp\/v2\/types\/product"}],"wp:featuredmedia":[{"embeddable":true,"href":"https:\/\/agricultural-gear-boxes.com\/pt\/wp-json\/wp\/v2\/media\/3587"}],"wp:attachment":[{"href":"https:\/\/agricultural-gear-boxes.com\/pt\/wp-json\/wp\/v2\/media?parent=3588"}],"wp:term":[{"taxonomy":"product_brand","embeddable":true,"href":"https:\/\/agricultural-gear-boxes.com\/pt\/wp-json\/wp\/v2\/product_brand?post=3588"},{"taxonomy":"product_cat","embeddable":true,"href":"https:\/\/agricultural-gear-boxes.com\/pt\/wp-json\/wp\/v2\/product_cat?post=3588"},{"taxonomy":"product_tag","embeddable":true,"href":"https:\/\/agricultural-gear-boxes.com\/pt\/wp-json\/wp\/v2\/product_tag?post=3588"}],"curies":[{"name":"wp","href":"https:\/\/api.w.org\/{rel}","templated":true}]}}