{"id":3590,"date":"2024-08-23T06:26:15","date_gmt":"2024-08-23T06:26:15","guid":{"rendered":"https:\/\/agricultural-gear-boxes.com\/product\/feederhouse-chain-sprocket\/"},"modified":"2024-08-23T06:26:16","modified_gmt":"2024-08-23T06:26:16","slug":"feederhouse-chain-sprocket","status":"publish","type":"product","link":"https:\/\/agricultural-gear-boxes.com\/pt\/product\/feederhouse-chain-sprocket\/","title":{"rendered":"Roda dentada da corrente do alimentador"},"content":{"rendered":"<h2>Roda dentada da corrente do alimentador: componentes-chave para equipamentos agr\u00edcolas<\/h2>\n<p>As rodas dentadas da corrente do alimentador s\u00e3o um componente essencial na ind\u00fastria de m\u00e1quinas agr\u00edcolas. Essas rodas dentadas s\u00e3o usadas em diferentes tipos de equipamentos agr\u00edcolas, incluindo as colheitadeiras Gleaner\u00ae e Massey Ferguson\u00ae. Elas s\u00e3o usadas para acionar a corrente do alimentador da colheitadeira, que \u00e9 respons\u00e1vel por entregar a colheita no mecanismo de debulha. A roda dentada da corrente do alimentador tamb\u00e9m \u00e9 respons\u00e1vel por garantir que a velocidade de alimenta\u00e7\u00e3o e o fluxo da colheita sejam consistentes e suaves.<\/p>\n<h3>Material de alta qualidade<\/h3>\n<p>Our feederhouse chains and sprockets for combines use quality materials to meet or exceed OEM specifications. Our chains are assembled with high-quality CA550 and CA557 chains to match the original. Some CA557 chains are offered to replace the standard OEM CA550 chains. Our two, three, and four-chain feederhouse chains have slats that are mounted directly over the roller pins to prevent stretching. Heavy-duty roller chains feature full side plates for added strength and are available with chrome pins for longer wear. In addition, our slats are available in smooth and serrated and are bolted to the chain with 3\/8&#8243; Grade 5 hardware with locktite for added durability.<\/p>\n<h3>V\u00e1rios modelos dispon\u00edveis<\/h3>\n<p>Our feederhouse chain sprockets are available for a range of John Deere\u00ae Combines, including 3300, 4400, 4420, 6600, 6601, 6602, and 7700. We also offer forged carbon steel 10 tooth sprockets with induction hardened teeth that fit a 1.50&#8243; hex shaft. Our feederhouse chain sprockets are designed to replace OEM numbers H121435 and H94168.<\/p>\n<h3>F\u00e1cil de instalar e manter<\/h3>\n<p>As rodas dentadas da corrente do alimentador s\u00e3o f\u00e1ceis de instalar e manter. Para instalar, basta remover a roda dentada antiga e substitu\u00ed-la pela nova. Para manter, inspecione regularmente a roda dentada da corrente do alimentador para detectar quaisquer sinais de danos ou desgaste. Se algum dano for encontrado, substitua a roda dentada imediatamente para evitar mais danos \u00e0 colheitadeira.<\/p>\n<h3>Outros produtos da nossa empresa<\/h3>\n<p>Al\u00e9m de rodas dentadas de corrente de alimentador, nossa empresa tamb\u00e9m fornece v\u00e1rias engrenagens de pl\u00e1stico usadas na ind\u00fastria, como caixas de engrenagens agr\u00edcolas, eixos de sa\u00edda de pot\u00eancia, rodas dentadas, acoplamentos de fluido, redutores de engrenagem sem-fim, engrenagens e cremalheiras, correntes destac\u00e1veis, polias e polias, caixas de engrenagens planet\u00e1rias, polias de sincroniza\u00e7\u00e3o, buchas e muito mais. Temos orgulho em fornecer produtos de alta qualidade, pre\u00e7os favor\u00e1veis e servi\u00e7o atencioso. Damos as boas-vindas aos clientes para virem at\u00e9 n\u00f3s para personaliza\u00e7\u00e3o de desenho ou amostra.<\/p>\n<h2>Perguntas e respostas<\/h2>\n<h3>1. Qual \u00e9 a fun\u00e7\u00e3o da roda dentada da corrente do alimentador?<\/h3>\n<p>A roda dentada da corrente do alimentador aciona a corrente do alimentador da colheitadeira, que \u00e9 respons\u00e1vel por entregar a colheita no mecanismo de debulha. Ela tamb\u00e9m \u00e9 respons\u00e1vel por garantir que a velocidade de alimenta\u00e7\u00e3o e o fluxo da colheita sejam consistentes e suaves.<\/p>\n<h3>2. Que tipos de equipamentos agr\u00edcolas utilizam rodas dentadas de corrente de alimentador?<\/h3>\n<p>As rodas dentadas da corrente do alimentador s\u00e3o usadas em diferentes tipos de equipamentos agr\u00edcolas, incluindo colheitadeiras Gleaner\u00ae e Massey Ferguson\u00ae.<\/p>\n<h3>3. Quais s\u00e3o os materiais usados para montar as correntes do alimentador?<\/h3>\n<p>Nossas correntes s\u00e3o montadas com correntes CA550 e CA557 de alta qualidade para combinar com o original. Algumas correntes CA557 s\u00e3o oferecidas para substituir as correntes OEM CA550 padr\u00e3o.<\/p>\n<h3>4. Como instalar uma roda dentada de corrente de alimentador?<\/h3>\n<p>Para instalar, basta remover a roda dentada antiga e substitu\u00ed-la pela nova.<\/p>\n<h3>5. O que voc\u00ea deve fazer se encontrar algum dano na roda dentada da corrente do alimentador?<\/h3>\n<p>Se algum dano for encontrado, substitua a roda dentada imediatamente para evitar maiores danos \u00e0 colheitadeira.<\/p>","protected":false},"excerpt":{"rendered":"<p>Feederhouse Chain Sprocket: Key Components for Agriculture Equipment Feederhouse chain sprockets are an essential component in the agricultural machinery industry. These sprockets are used in different types of agricultural equipment, including Gleaner\u00ae and Massey Ferguson\u00ae Combines. They are used to drive the feederhouse chain of the combine, which is responsible for delivering the crop into [&hellip;]<\/p>","protected":false},"featured_media":3589,"template":"","meta":{"_et_pb_use_builder":"","_et_pb_old_content":"","_et_gb_content_width":""},"product_brand":[],"product_cat":[11296],"product_tag":[],"class_list":{"0":"post-3590","1":"product","2":"type-product","3":"status-publish","4":"has-post-thumbnail","6":"product_cat-sprocket","8":"first","9":"instock","10":"shipping-taxable","11":"product-type-simple"},"_links":{"self":[{"href":"https:\/\/agricultural-gear-boxes.com\/pt\/wp-json\/wp\/v2\/product\/3590","targetHints":{"allow":["GET"]}}],"collection":[{"href":"https:\/\/agricultural-gear-boxes.com\/pt\/wp-json\/wp\/v2\/product"}],"about":[{"href":"https:\/\/agricultural-gear-boxes.com\/pt\/wp-json\/wp\/v2\/types\/product"}],"wp:featuredmedia":[{"embeddable":true,"href":"https:\/\/agricultural-gear-boxes.com\/pt\/wp-json\/wp\/v2\/media\/3589"}],"wp:attachment":[{"href":"https:\/\/agricultural-gear-boxes.com\/pt\/wp-json\/wp\/v2\/media?parent=3590"}],"wp:term":[{"taxonomy":"product_brand","embeddable":true,"href":"https:\/\/agricultural-gear-boxes.com\/pt\/wp-json\/wp\/v2\/product_brand?post=3590"},{"taxonomy":"product_cat","embeddable":true,"href":"https:\/\/agricultural-gear-boxes.com\/pt\/wp-json\/wp\/v2\/product_cat?post=3590"},{"taxonomy":"product_tag","embeddable":true,"href":"https:\/\/agricultural-gear-boxes.com\/pt\/wp-json\/wp\/v2\/product_tag?post=3590"}],"curies":[{"name":"wp","href":"https:\/\/api.w.org\/{rel}","templated":true}]}}