{"id":3594,"date":"2024-08-23T06:26:21","date_gmt":"2024-08-23T06:26:21","guid":{"rendered":"https:\/\/agricultural-gear-boxes.com\/product\/segmented-sprocket\/"},"modified":"2024-08-23T06:26:21","modified_gmt":"2024-08-23T06:26:21","slug":"segmented-sprocket","status":"publish","type":"product","link":"https:\/\/agricultural-gear-boxes.com\/pt\/product\/segmented-sprocket\/","title":{"rendered":"Roda dentada segmentada"},"content":{"rendered":"<h2>Roda dentada segmentada: melhorando a facilidade de transporte e instala\u00e7\u00e3o<\/h2>\n<p>The segmented sprocket is a specialized component designed for situations where very large ring sprockets pose challenges during transportation or installation. Unlike traditional single-piece mounting surfaces, segmented sprocket components offer practical solutions for various scenarios. Let&#8217;s explore the common use cases, advantages, materials, installation, maintenance, repair, and replacement of segmented sprockets.<\/p>\n<h3>Cen\u00e1rios de uso comum<\/h3>\n<ul>\n<li>Grandes m\u00e1quinas industriais<\/li>\n<li>Equipamentos para servi\u00e7os pesados<\/li>\n<li>Opera\u00e7\u00f5es de minera\u00e7\u00e3o<\/li>\n<li>Projetos de constru\u00e7\u00e3o<\/li>\n<\/ul>\n<h3>Vantagens das rodas dentadas segmentadas<\/h3>\n<ul>\n<li>Facilita o transporte e a instala\u00e7\u00e3o de grandes conjuntos de rodas dentadas<\/li>\n<li>Permite o reparo peri\u00f3dico dos perfis das rodas dentadas<\/li>\n<li>Oferece flexibilidade e adaptabilidade<\/li>\n<li>Permite manuten\u00e7\u00e3o e substitui\u00e7\u00e3o eficientes<\/li>\n<\/ul>\n<h3>Materiais usados<\/h3>\n<p>As rodas dentadas segmentadas s\u00e3o comumente fabricadas usando materiais dur\u00e1veis, como:<\/p>\n<ul>\n<li>Ligas de a\u00e7o de alta qualidade<\/li>\n<li>A\u00e7o inoxid\u00e1vel<\/li>\n<li>Ferro fundido<\/li>\n<li>Ligas de alum\u00ednio<\/li>\n<\/ul>\n<h3>Instala\u00e7\u00e3o, Manuten\u00e7\u00e3o e Reparo<\/h3>\n<p>A instala\u00e7\u00e3o de uma roda dentada segmentada envolve um processo de alinhamento preciso. Os entalhes de alinhamento exclusivos presentes em rodas dentadas de anel segmentado usinadas a fogo garantem o alinhamento perfeito de cada segmento.<\/p>\n<p>A manuten\u00e7\u00e3o de rodas dentadas segmentadas \u00e9 relativamente simples:<\/p>\n<ol>\n<li>Inspecione regularmente os dentes da roda dentada para verificar se h\u00e1 desgaste ou danos<\/li>\n<li>Garantir a lubrifica\u00e7\u00e3o adequada da roda dentada e da corrente<\/li>\n<li>Limpe quaisquer detritos ou contaminantes que possam afetar o desempenho<\/li>\n<\/ol>\n<p>Em caso de reparo ou substitui\u00e7\u00e3o, m\u00e9todos de uni\u00e3o especializados s\u00e3o empregados para manter o perfil e o espa\u00e7amento consistentes dos dentes.<\/p>\n<h3>Outros produtos da empresa<\/h3>\n<p>Nossa empresa \u00e9 especializada no fornecimento de v\u00e1rias engrenagens pl\u00e1sticas de alta qualidade para aplica\u00e7\u00f5es industriais. Al\u00e9m de rodas dentadas segmentadas, oferecemos uma gama abrangente de produtos, incluindo:<\/p>\n<ul>\n<li>Caixas de engrenagens agr\u00edcolas<\/li>\n<li>Eixos de sa\u00edda de pot\u00eancia<\/li>\n<li>Acoplamentos de fluidos<\/li>\n<li>Redutores de engrenagem sem-fim<\/li>\n<li>Engrenagens e cremalheiras<\/li>\n<li>Correntes destac\u00e1veis<\/li>\n<li>Polias e roldanas<\/li>\n<li>Caixas de engrenagens planet\u00e1rias<\/li>\n<li>Polias de sincroniza\u00e7\u00e3o<\/li>\n<li>Buchas<\/li>\n<\/ul>\n<p>Temos orgulho em fornecer aos nossos clientes produtos de alta qualidade, pre\u00e7os competitivos e servi\u00e7o excepcional. Aceitamos personaliza\u00e7\u00e3o com base em seus requisitos espec\u00edficos, seja por meio de desenhos ou amostras. Sinta-se \u00e0 vontade para entrar em contato e descobrir as vantagens de fazer parceria conosco.<\/p>\n<h2>Perguntas e respostas:<\/h2>\n<ol>\n<li>\n<h3>Quais s\u00e3o as aplica\u00e7\u00f5es comuns de rodas dentadas segmentadas?<\/h3>\n<p>Rodas dentadas segmentadas s\u00e3o comumente utilizadas em grandes m\u00e1quinas industriais, equipamentos pesados, opera\u00e7\u00f5es de minera\u00e7\u00e3o e projetos de constru\u00e7\u00e3o.<\/p>\n<\/li>\n<li>\n<h3>De que materiais s\u00e3o feitas as rodas dentadas segmentadas?<\/h3>\n<p>Rodas dentadas segmentadas s\u00e3o normalmente feitas de ligas de a\u00e7o de alta qualidade, a\u00e7o inoxid\u00e1vel, ferro fundido ou ligas de alum\u00ednio.<\/p>\n<\/li>\n<li>\n<h3>Como as rodas dentadas segmentadas devem ser instaladas?<\/h3>\n<p>Durante a instala\u00e7\u00e3o, \u00e9 crucial alinhar os segmentos corretamente usando os entalhes de alinhamento exclusivos presentes em rodas dentadas segmentadas usinadas a fogo.<\/p>\n<\/li>\n<li>\n<h3>Que manuten\u00e7\u00e3o \u00e9 necess\u00e1ria para rodas dentadas segmentadas?<\/h3>\n<p>A manuten\u00e7\u00e3o regular envolve a inspe\u00e7\u00e3o dos dentes da roda dentada, garantindo a lubrifica\u00e7\u00e3o adequada e limpando quaisquer detritos ou contaminantes que possam afetar o desempenho.<\/p>\n<\/li>\n<li>\n<h3>Quais outros produtos a empresa fornece?<\/h3>\n<p>Al\u00e9m de rodas dentadas segmentadas, a empresa fornece caixas de engrenagens agr\u00edcolas, eixos de sa\u00edda de pot\u00eancia, acoplamentos de fluido, redutores de engrenagem sem-fim, engrenagens e cremalheiras, correntes destac\u00e1veis, polias e polias, caixas de engrenagens planet\u00e1rias, polias de distribui\u00e7\u00e3o e buchas.<\/p>\n<\/li>\n<\/ol>","protected":false},"excerpt":{"rendered":"<p>Segmented Sprocket: Enhancing Ease of Transportation and Installation The segmented sprocket is a specialized component designed for situations where very large ring sprockets pose challenges during transportation or installation. Unlike traditional single-piece mounting surfaces, segmented sprocket components offer practical solutions for various scenarios. Let&#8217;s explore the common use cases, advantages, materials, installation, maintenance, repair, and [&hellip;]<\/p>","protected":false},"featured_media":3593,"template":"","meta":{"_et_pb_use_builder":"","_et_pb_old_content":"","_et_gb_content_width":""},"product_brand":[],"product_cat":[11296],"product_tag":[],"class_list":{"0":"post-3594","1":"product","2":"type-product","3":"status-publish","4":"has-post-thumbnail","6":"product_cat-sprocket","8":"first","9":"instock","10":"shipping-taxable","11":"product-type-simple"},"_links":{"self":[{"href":"https:\/\/agricultural-gear-boxes.com\/pt\/wp-json\/wp\/v2\/product\/3594","targetHints":{"allow":["GET"]}}],"collection":[{"href":"https:\/\/agricultural-gear-boxes.com\/pt\/wp-json\/wp\/v2\/product"}],"about":[{"href":"https:\/\/agricultural-gear-boxes.com\/pt\/wp-json\/wp\/v2\/types\/product"}],"wp:featuredmedia":[{"embeddable":true,"href":"https:\/\/agricultural-gear-boxes.com\/pt\/wp-json\/wp\/v2\/media\/3593"}],"wp:attachment":[{"href":"https:\/\/agricultural-gear-boxes.com\/pt\/wp-json\/wp\/v2\/media?parent=3594"}],"wp:term":[{"taxonomy":"product_brand","embeddable":true,"href":"https:\/\/agricultural-gear-boxes.com\/pt\/wp-json\/wp\/v2\/product_brand?post=3594"},{"taxonomy":"product_cat","embeddable":true,"href":"https:\/\/agricultural-gear-boxes.com\/pt\/wp-json\/wp\/v2\/product_cat?post=3594"},{"taxonomy":"product_tag","embeddable":true,"href":"https:\/\/agricultural-gear-boxes.com\/pt\/wp-json\/wp\/v2\/product_tag?post=3594"}],"curies":[{"name":"wp","href":"https:\/\/api.w.org\/{rel}","templated":true}]}}