{"id":3602,"date":"2024-08-23T06:26:35","date_gmt":"2024-08-23T06:26:35","guid":{"rendered":"https:\/\/agricultural-gear-boxes.com\/product\/cc600-chains-and-sprockets\/"},"modified":"2024-08-23T06:26:35","modified_gmt":"2024-08-23T06:26:35","slug":"cc600-chains-and-sprockets","status":"publish","type":"product","link":"https:\/\/agricultural-gear-boxes.com\/pt\/product\/cc600-chains-and-sprockets\/","title":{"rendered":"CC600 Correntes e Rodas Dentadas"},"content":{"rendered":"<h2>Correntes e rodas dentadas CC600: uma solu\u00e7\u00e3o confi\u00e1vel para transportadores multifilares<\/h2>\n<p>As Correntes e Rodas Dentadas CC600 s\u00e3o componentes essenciais em transportadores multifilares, projetados especificamente para lidar com cargas individuais em condi\u00e7\u00f5es de corros\u00e3o leve. Essas correntes oferecem flexibilidade e movimento suave, tornando-as adequadas para v\u00e1rias aplica\u00e7\u00f5es dur\u00e1veis. Embora sejam comumente usadas na ind\u00fastria de engarrafamento para lidar com engradados e garrafas de g\u00e1s, sua versatilidade permite que sejam usadas em outras ind\u00fastrias tamb\u00e9m.<\/p>\n<h3>Informa\u00e7\u00f5es do produto<\/h3>\n<p>As correntes CC600 foram desenvolvidas com caracter\u00edsticas espec\u00edficas para se destacarem em seu ambiente de aplica\u00e7\u00e3o:<\/p>\n<ul>\n<li>As extremidades dos pinos ficam niveladas com o elo para uma opera\u00e7\u00e3o perfeita.<\/li>\n<li>Grandes \u00e1reas de fric\u00e7\u00e3o na parte superior e inferior para reduzir o atrito.<\/li>\n<li>Material do elo de ferro, mais macio que a pista, garantindo autolubrifica\u00e7\u00e3o.<\/li>\n<li>Propriedades resistentes \u00e0 corros\u00e3o para suportar condi\u00e7\u00f5es adversas.<\/li>\n<\/ul>\n<p>Para aplica\u00e7\u00f5es que exigem correntes com resist\u00eancia e durabilidade excepcionais, as correntes CC600 est\u00e3o dispon\u00edveis em variantes de pl\u00e1stico, a\u00e7o ou a\u00e7o inoxid\u00e1vel. A corrente de a\u00e7o fundido C600, conhecida por seu design robusto, \u00e9 particularmente adequada para aplica\u00e7\u00f5es de tra\u00e7\u00e3o pesada em longas dist\u00e2ncias.<\/p>\n<h3>Rodas dentadas CC 600<\/h3>\n<p>Nossas rodas dentadas CC600 podem ser personalizadas de acordo com suas necessidades espec\u00edficas. Por padr\u00e3o, nossas rodas dentadas t\u00eam as seguintes caracter\u00edsticas:<\/p>\n<ul>\n<li>Furos usinados conforme toler\u00e2ncia H9, BS 4500 Parte 1 (ISO R286).<\/li>\n<li>Rasgos de chaveta dispon\u00edveis em tamanhos m\u00e9tricos, c\u00f4nicos ou paralelos, conforme BS 4235 Parte 1, 1972 (com base em ISO\/R773 e R774).<\/li>\n<\/ul>\n<p>Principais caracter\u00edsticas das nossas rodas dentadas CC 600:<\/p>\n<ul>\n<li>Ideal para correntes transportadoras de caixas utilizadas na ind\u00fastria aliment\u00edcia e m\u00e1quinas de lavar.<\/li>\n<li>Permite opera\u00e7\u00e3o revers\u00edvel.<\/li>\n<li>Materiais especiais dispon\u00edveis mediante solicita\u00e7\u00e3o (sujeito a quantidades m\u00ednimas de pedidos).<\/li>\n<\/ul>\n<p>As rodas dentadas s\u00e3o chavetadas em pares na linha central da folga do dente com os ressaltos voltados para frente, e a extremidade profunda do rasgo de chave c\u00f4nico no lado do ressalto. Parafusos de fixa\u00e7\u00e3o simples s\u00e3o posicionados sobre o rasgo de chave, com um segundo parafuso de fixa\u00e7\u00e3o colocado em um \u00e2ngulo de 90 graus em rela\u00e7\u00e3o ao primeiro.<\/p>\n<h2>Outros produtos de alta qualidade da nossa empresa<\/h2>\n<p>Al\u00e9m de CC600 Chains and Sprockets, nossa empresa \u00e9 especializada no fornecimento de v\u00e1rios produtos de engrenagens de pl\u00e1stico para aplica\u00e7\u00f5es industriais. Nossa ampla gama de produtos inclui caixas de engrenagens agr\u00edcolas, eixos de sa\u00edda de pot\u00eancia, acoplamentos de fluido, redutores de engrenagem sem-fim, engrenagens e cremalheiras, correntes destac\u00e1veis, polias, caixas de engrenagens planet\u00e1rias, polias de sincroniza\u00e7\u00e3o, buchas e muito mais.<\/p>\n<p>Temos orgulho em oferecer produtos de alta qualidade a pre\u00e7os competitivos, apoiados por nosso compromisso com um excelente servi\u00e7o ao cliente. Convidamos os clientes a explorar nosso cat\u00e1logo e aproveitar nossos servi\u00e7os de personaliza\u00e7\u00e3o com base em desenhos ou amostras.<\/p>\n<h2>Perguntas frequentes<\/h2>\n<h3>1. As correntes CC600 podem ser usadas em ambientes com alta corros\u00e3o?<\/h3>\n<p>Embora as CC600 Chains sejam projetadas para condi\u00e7\u00f5es de corros\u00e3o moderada, tamb\u00e9m oferecemos correntes especializadas adequadas para ambientes severos com alta corros\u00e3o. Entre em contato com nossa equipe de vendas para obter mais informa\u00e7\u00f5es.<\/p>\n<h3>2. Com que frequ\u00eancia as rodas dentadas CC 600 devem ser mantidas?<\/h3>\n<p>A manuten\u00e7\u00e3o regular \u00e9 crucial para a longevidade das rodas dentadas CC 600. Recomendamos inspecion\u00e1-las e lubrific\u00e1-las pelo menos uma vez a cada seis meses, ou com mais frequ\u00eancia em aplica\u00e7\u00f5es exigentes.<\/p>\n<h3>3. As correntes CC600 podem ser substitu\u00eddas individualmente?<\/h3>\n<p>Sim, as CC600 Chains podem ser substitu\u00eddas individualmente. No entanto, para garantir o desempenho ideal, recomendamos substituir a corrente inteira se v\u00e1rios elos mostrarem sinais de desgaste ou danos.<\/p>\n<h3>4. As correntes CC600 s\u00e3o adequadas para transportadores de alta velocidade?<\/h3>\n<p>As CC600 Chains s\u00e3o projetadas para lidar com cargas individuais sob v\u00e1rias condi\u00e7\u00f5es. Elas podem ser usadas em transportadores de alta velocidade, mas \u00e9 essencial considerar os requisitos espec\u00edficos da sua aplica\u00e7\u00e3o. Consulte nossa equipe t\u00e9cnica para obter mais orienta\u00e7\u00f5es.<\/p>\n<h3>5. Voc\u00eas oferecem servi\u00e7os de instala\u00e7\u00e3o para rodas dentadas CC 600?<\/h3>\n<p>Embora n\u00e3o forne\u00e7amos servi\u00e7os de instala\u00e7\u00e3o, nossos CC 600 Sprockets v\u00eam com instru\u00e7\u00f5es detalhadas de instala\u00e7\u00e3o. Se voc\u00ea precisar de assist\u00eancia ou tiver d\u00favidas espec\u00edficas sobre a instala\u00e7\u00e3o, nossa equipe de suporte t\u00e9cnico est\u00e1 sempre dispon\u00edvel para ajudar.<\/p>","protected":false},"excerpt":{"rendered":"<p>CC600 Chains And Sprockets: A Reliable Solution for Multistrand Conveyors The CC600 Chains and Sprockets are essential components in multistrand conveyors, specifically designed to handle individual loads in mild corrosion conditions. These chains offer flexibility and smooth movement, making them suitable for various durable applications. Although they are commonly used in the bottling industry to [&hellip;]<\/p>","protected":false},"featured_media":3601,"template":"","meta":{"_et_pb_use_builder":"","_et_pb_old_content":"","_et_gb_content_width":""},"product_brand":[],"product_cat":[11296],"product_tag":[],"class_list":{"0":"post-3602","1":"product","2":"type-product","3":"status-publish","4":"has-post-thumbnail","6":"product_cat-sprocket","8":"first","9":"instock","10":"shipping-taxable","11":"product-type-simple"},"_links":{"self":[{"href":"https:\/\/agricultural-gear-boxes.com\/pt\/wp-json\/wp\/v2\/product\/3602","targetHints":{"allow":["GET"]}}],"collection":[{"href":"https:\/\/agricultural-gear-boxes.com\/pt\/wp-json\/wp\/v2\/product"}],"about":[{"href":"https:\/\/agricultural-gear-boxes.com\/pt\/wp-json\/wp\/v2\/types\/product"}],"wp:featuredmedia":[{"embeddable":true,"href":"https:\/\/agricultural-gear-boxes.com\/pt\/wp-json\/wp\/v2\/media\/3601"}],"wp:attachment":[{"href":"https:\/\/agricultural-gear-boxes.com\/pt\/wp-json\/wp\/v2\/media?parent=3602"}],"wp:term":[{"taxonomy":"product_brand","embeddable":true,"href":"https:\/\/agricultural-gear-boxes.com\/pt\/wp-json\/wp\/v2\/product_brand?post=3602"},{"taxonomy":"product_cat","embeddable":true,"href":"https:\/\/agricultural-gear-boxes.com\/pt\/wp-json\/wp\/v2\/product_cat?post=3602"},{"taxonomy":"product_tag","embeddable":true,"href":"https:\/\/agricultural-gear-boxes.com\/pt\/wp-json\/wp\/v2\/product_tag?post=3602"}],"curies":[{"name":"wp","href":"https:\/\/api.w.org\/{rel}","templated":true}]}}