{"id":3608,"date":"2024-08-23T06:26:42","date_gmt":"2024-08-23T06:26:42","guid":{"rendered":"https:\/\/agricultural-gear-boxes.com\/product\/chains-and-sprockets-drive-shaft-escalator\/"},"modified":"2024-08-23T06:26:43","modified_gmt":"2024-08-23T06:26:43","slug":"chains-and-sprockets-drive-shaft-escalator","status":"publish","type":"product","link":"https:\/\/agricultural-gear-boxes.com\/pt\/product\/chains-and-sprockets-drive-shaft-escalator\/","title":{"rendered":"Correntes e rodas dentadas Eixo de transmiss\u00e3o Escada rolante"},"content":{"rendered":"<h2>Chains And Sprockets Drive Shaft Escalator &#8211; High-Quality and Reliable<\/h2>\n<p>Correntes e rodas dentadas de eixo de transmiss\u00e3o de escadas rolantes s\u00e3o um dos componentes mais comuns em sistemas de escadas rolantes modernos. Esses componentes s\u00e3o essenciais para garantir a opera\u00e7\u00e3o suave e eficiente das escadas rolantes.<\/p>\n<p>Em nossa empresa, temos orgulho de ser um dos tr\u00eas principais fornecedores de rodas dentadas para escadas rolantes na China. J\u00e1 produzimos rodas dentadas para alguns dos maiores nomes da ind\u00fastria de elevadores e escadas rolantes, incluindo Schindler, Hitachi, Thyssen Krupp e Toshiba.<\/p>\n<p>Nossos componentes de escada rolante Drive Shaft de correntes e rodas dentadas s\u00e3o feitos de materiais da mais alta qualidade, garantindo durabilidade e longevidade superiores. Esses componentes s\u00e3o projetados para suportar o desgaste do uso di\u00e1rio, tornando-os perfeitos para \u00e1reas de alto tr\u00e1fego, como shoppings, aeroportos e esta\u00e7\u00f5es de trem.<\/p>\n<p>Instalar, manter e reparar nossos componentes de escada rolante Drive Shaft de correntes e rodas dentadas \u00e9 f\u00e1cil, gra\u00e7as ao seu design simples e direto. Nossos componentes tamb\u00e9m est\u00e3o dispon\u00edveis em uma variedade de materiais diferentes, permitindo-nos fornecer produtos que s\u00e3o adaptados \u00e0s necessidades espec\u00edficas de nossos clientes.<\/p>\n<h3>Vantagens das correntes e rodas dentadas do eixo de transmiss\u00e3o da escada rolante<\/h3>\n<ul>\n<li>Materiais de alta qualidade<\/li>\n<li>Dur\u00e1vel e duradouro<\/li>\n<li>F\u00e1cil de instalar, manter e reparar<\/li>\n<li>Dispon\u00edvel em uma variedade de materiais diferentes<\/li>\n<\/ul>\n<h3>Classifica\u00e7\u00e3o de Correntes e Rodas Dentadas Eixo de Transmiss\u00e3o Escada Rolante<\/h3>\n<p>Nossos componentes de escada rolante Drive Shaft de correntes e rodas dentadas est\u00e3o dispon\u00edveis em uma ampla variedade de tamanhos e materiais. Isso nos permite fornecer produtos que s\u00e3o adaptados \u00e0s necessidades espec\u00edficas de nossos clientes.<\/p>\n<h3>Instala\u00e7\u00e3o, Manuten\u00e7\u00e3o e Reparo<\/h3>\n<p>Instalar, manter e reparar nossos componentes de escada rolante Drive Shaft de correntes e rodas dentadas \u00e9 f\u00e1cil e direto. Nossos componentes s\u00e3o projetados para serem facilmente substitu\u00edveis, permitindo reparos r\u00e1pidos e eficientes em caso de quebra.<\/p>\n<h3>Substitui\u00e7\u00e3o de correntes e rodas dentadas do eixo de transmiss\u00e3o da escada rolante<\/h3>\n<p>Substituir nossos componentes de escada rolante Drive Shaft de correntes e rodas dentadas \u00e9 um processo simples e direto. Simplesmente remova o componente antigo e substitua-o por um novo.<\/p>\n<h3>Outros produtos que oferecemos<\/h3>\n<p>Al\u00e9m de nossas correntes e rodas dentadas Drive Shaft componentes de escada rolante, tamb\u00e9m oferecemos uma ampla gama de outros produtos industriais de alta qualidade. Isso inclui caixas de engrenagens agr\u00edcolas, eixos de sa\u00edda de pot\u00eancia, acoplamentos de fluido, redutores de engrenagem sem-fim, engrenagens e cremalheiras, correntes destac\u00e1veis, polias e polias, caixas de engrenagens planet\u00e1rias, polias de sincroniza\u00e7\u00e3o, buchas e muito mais.<\/p>\n<p>Temos orgulho em oferecer produtos de alta qualidade a um pre\u00e7o favor\u00e1vel, com servi\u00e7o atencioso. Damos boas-vindas aos clientes para virem at\u00e9 n\u00f3s para personaliza\u00e7\u00e3o de desenho ou amostra.<\/p>\n<h2>Perguntas e respostas<\/h2>\n<h3>1. O que s\u00e3o correntes e rodas dentadas? Componentes do eixo de transmiss\u00e3o da escada rolante?<\/h3>\n<p>Correntes e rodas dentadas Os componentes do Drive Shaft da escada rolante s\u00e3o componentes essenciais em sistemas de escadas rolantes modernos. Esses componentes s\u00e3o respons\u00e1veis por acionar a escada rolante e garantir sua opera\u00e7\u00e3o suave e eficiente.<\/p>\n<h3>2. Quais materiais s\u00e3o usados para fazer correntes e rodas dentadas dos componentes do eixo de transmiss\u00e3o da escada rolante?<\/h3>\n<p>Nossos componentes de eixo de transmiss\u00e3o de correntes e rodas dentadas para escadas rolantes s\u00e3o feitos de uma variedade de materiais de alta qualidade, incluindo a\u00e7o, ferro fundido e alum\u00ednio.<\/p>\n<h3>3. Como fa\u00e7o para instalar, manter e reparar correntes e rodas dentadas nos componentes da escada rolante do eixo de transmiss\u00e3o?<\/h3>\n<p>Instalar, manter e reparar nossos componentes de escada rolante Drive Shaft de correntes e rodas dentadas \u00e9 f\u00e1cil e direto. Nossos componentes s\u00e3o projetados para serem facilmente substitu\u00edveis, permitindo reparos r\u00e1pidos e eficientes em caso de quebra.<\/p>\n<h3>4. Quais outros produtos industriais sua empresa oferece?<\/h3>\n<p>Al\u00e9m de nossas correntes e rodas dentadas Drive Shaft componentes de escada rolante, tamb\u00e9m oferecemos uma ampla gama de outros produtos industriais de alta qualidade. Isso inclui caixas de engrenagens agr\u00edcolas, eixos de sa\u00edda de pot\u00eancia, acoplamentos de fluido, redutores de engrenagem sem-fim, engrenagens e cremalheiras, correntes destac\u00e1veis, polias e polias, caixas de engrenagens planet\u00e1rias, polias de sincroniza\u00e7\u00e3o, buchas e muito mais.<\/p>\n<h3>5. Como posso encomendar componentes de correntes e rodas dentadas para escadas rolantes do eixo de transmiss\u00e3o da sua empresa?<\/h3>\n<p>Para encomendar componentes de escada rolante Drive Shaft de correntes e rodas dentadas da nossa empresa, basta entrar em contato conosco com suas necessidades. Damos boas-vindas aos clientes para virem at\u00e9 n\u00f3s para personaliza\u00e7\u00e3o de desenho ou amostra.<\/p>","protected":false},"excerpt":{"rendered":"<p>Chains And Sprockets Drive Shaft Escalator &#8211; High-Quality and Reliable Chains and sprockets drive shaft escalators are one of the most common components in modern escalator systems. These components are essential in ensuring the smooth and efficient operation of escalators. At our company, we take pride in being one of the top three major suppliers [&hellip;]<\/p>","protected":false},"featured_media":3607,"template":"","meta":{"_et_pb_use_builder":"","_et_pb_old_content":"","_et_gb_content_width":""},"product_brand":[],"product_cat":[11296],"product_tag":[],"class_list":{"0":"post-3608","1":"product","2":"type-product","3":"status-publish","4":"has-post-thumbnail","6":"product_cat-sprocket","8":"first","9":"instock","10":"shipping-taxable","11":"product-type-simple"},"_links":{"self":[{"href":"https:\/\/agricultural-gear-boxes.com\/pt\/wp-json\/wp\/v2\/product\/3608","targetHints":{"allow":["GET"]}}],"collection":[{"href":"https:\/\/agricultural-gear-boxes.com\/pt\/wp-json\/wp\/v2\/product"}],"about":[{"href":"https:\/\/agricultural-gear-boxes.com\/pt\/wp-json\/wp\/v2\/types\/product"}],"wp:featuredmedia":[{"embeddable":true,"href":"https:\/\/agricultural-gear-boxes.com\/pt\/wp-json\/wp\/v2\/media\/3607"}],"wp:attachment":[{"href":"https:\/\/agricultural-gear-boxes.com\/pt\/wp-json\/wp\/v2\/media?parent=3608"}],"wp:term":[{"taxonomy":"product_brand","embeddable":true,"href":"https:\/\/agricultural-gear-boxes.com\/pt\/wp-json\/wp\/v2\/product_brand?post=3608"},{"taxonomy":"product_cat","embeddable":true,"href":"https:\/\/agricultural-gear-boxes.com\/pt\/wp-json\/wp\/v2\/product_cat?post=3608"},{"taxonomy":"product_tag","embeddable":true,"href":"https:\/\/agricultural-gear-boxes.com\/pt\/wp-json\/wp\/v2\/product_tag?post=3608"}],"curies":[{"name":"wp","href":"https:\/\/api.w.org\/{rel}","templated":true}]}}