{"id":3616,"date":"2024-08-23T06:26:56","date_gmt":"2024-08-23T06:26:56","guid":{"rendered":"https:\/\/agricultural-gear-boxes.com\/product\/sprockets-for-escalator-drive\/"},"modified":"2024-08-23T06:26:56","modified_gmt":"2024-08-23T06:26:56","slug":"sprockets-for-escalator-drive","status":"publish","type":"product","link":"https:\/\/agricultural-gear-boxes.com\/pt\/product\/sprockets-for-escalator-drive\/","title":{"rendered":"Rodas dentadas para acionamento de escadas rolantes"},"content":{"rendered":"<h2>Rodas dentadas para acionamento de escadas rolantes: garantindo transporte vertical suave e eficiente<\/h2>\n<p>Voc\u00ea precisa de rodas dentadas confi\u00e1veis e de alta qualidade para acionamento de escadas rolantes? N\u00e3o procure mais! Temos orgulho de ser um dos 3 principais fornecedores desses componentes essenciais na China. Nossas rodas dentadas j\u00e1 foram confi\u00e1veis e usadas por l\u00edderes do setor, como Schindler Elevator, Hitachi Elevator, Thyssen Krupp Escalator e Toshiba Elevator.<\/p>\n<p><img loading=\"lazy\" decoding=\"async\" class=\"alignnone size-full wp-image-5346 aligncenter\" src=\"https:\/\/www.ever-power.net\/wp-content\/uploads\/2019\/08\/Sprockets-For-Escalator-Drive-1.png\" alt=\"\" width=\"750\" height=\"750\" \/><\/p>\n<p style=\"text-align: center;\"><img loading=\"lazy\" decoding=\"async\" class=\"alignnone size-full wp-image-5347\" src=\"https:\/\/www.ever-power.net\/wp-content\/uploads\/2019\/08\/Sprockets-For-Escalator-Drive-2.jpg\" alt=\"\" width=\"573\" height=\"392\" \/><\/p>\n<p style=\"text-align: center;\"><img loading=\"lazy\" decoding=\"async\" class=\"alignnone size-full wp-image-5348\" src=\"https:\/\/www.ever-power.net\/wp-content\/uploads\/2019\/08\/Sprockets-For-Escalator-Drive-3.jpg\" alt=\"\" width=\"620\" height=\"389\" \/> <img loading=\"lazy\" decoding=\"async\" class=\"alignnone size-full wp-image-5349\" src=\"https:\/\/www.ever-power.net\/wp-content\/uploads\/2019\/08\/Sprockets-For-Escalator-Drive-4.jpg\" alt=\"\" width=\"564\" height=\"395\" \/><\/p>\n<p><img loading=\"lazy\" decoding=\"async\" class=\"alignnone size-full wp-image-5350 aligncenter\" src=\"https:\/\/www.ever-power.net\/wp-content\/uploads\/2019\/08\/Sprockets-For-Escalator-Drive-5.jpg\" alt=\"\" width=\"561\" height=\"250\" \/><\/p>\n<h3>Cen\u00e1rios de uso comum<\/h3>\n<ul>\n<li>Shoppings e lojas de departamento<\/li>\n<li>Aeroportos e esta\u00e7\u00f5es de trem<\/li>\n<li>Edif\u00edcios de escrit\u00f3rios e complexos comerciais<\/li>\n<li>Hot\u00e9is e resorts<\/li>\n<li>Hospitais e unidades de sa\u00fade<\/li>\n<\/ul>\n<h3>A hist\u00f3ria e os avan\u00e7os das rodas dentadas para acionamento de escadas rolantes<\/h3>\n<p>As rodas dentadas t\u00eam sido um componente vital em sistemas de escadas rolantes por d\u00e9cadas. Ao longo dos anos, os avan\u00e7os em design e materiais levaram a rodas dentadas mais eficientes e dur\u00e1veis. Nossas rodas dentadas s\u00e3o meticulosamente fabricadas usando materiais de alta qualidade, garantindo desempenho e longevidade ideais.<\/p>\n<h3>Classifica\u00e7\u00e3o de rodas dentadas para acionamento de escadas rolantes<\/h3>\n<ul>\n<li>Rodas dentadas de uma carreira<\/li>\n<li>Rodas dentadas de duas carreiras<\/li>\n<li>Rodas dentadas de tr\u00eas carreiras<\/li>\n<li>Rodas dentadas n\u00e3o met\u00e1licas<\/li>\n<\/ul>\n<h3>Vantagens das nossas rodas dentadas<\/h3>\n<ul>\n<li>Alta capacidade de carga<\/li>\n<li>Durabilidade excepcional<\/li>\n<li>Baixo ru\u00eddo e opera\u00e7\u00e3o suave<\/li>\n<li>Engenharia de precis\u00e3o para ajuste perfeito<\/li>\n<li>Resist\u00eancia ao desgaste<\/li>\n<\/ul>\n<h3>Materiais usados<\/h3>\n<p>Nossas rodas dentadas s\u00e3o projetadas usando v\u00e1rios materiais, incluindo:<\/p>\n<ul>\n<li>A\u00e7o<\/li>\n<li>Ferro fundido<\/li>\n<li>Nylon<\/li>\n<li>Delrin<\/li>\n<li>A\u00e7o inoxid\u00e1vel<\/li>\n<\/ul>\n<h3>Instala\u00e7\u00e3o, Manuten\u00e7\u00e3o e Reparo<\/h3>\n<p>Instalar e manter nossas rodas dentadas \u00e9 um processo simples, garantindo tempo de inatividade m\u00ednimo. Inspe\u00e7\u00f5es e lubrifica\u00e7\u00e3o regulares podem ajudar a prolongar a vida \u00fatil das rodas dentadas. Em caso de qualquer dano ou desgaste, nossas rodas dentadas s\u00e3o projetadas para f\u00e1cil substitui\u00e7\u00e3o, economizando tempo e esfor\u00e7o.<\/p>\n<h2>Descubra nossa gama de engrenagens pl\u00e1sticas de n\u00edvel industrial e muito mais<\/h2>\n<p>Al\u00e9m de nossas rodas dentadas de ponta para acionamento de escadas rolantes, somos especializados em fornecer v\u00e1rios produtos de engrenagens de pl\u00e1stico para aplica\u00e7\u00f5es industriais. Nossa ampla gama inclui:<\/p>\n<ul>\n<li>Caixas de engrenagens agr\u00edcolas<\/li>\n<li>Eixos de sa\u00edda de pot\u00eancia<\/li>\n<li>Acoplamentos de fluidos<\/li>\n<li>Redutores de engrenagem sem-fim<\/li>\n<li>Engrenagens e cremalheiras<\/li>\n<li>Correntes destac\u00e1veis<\/li>\n<li>Polias e roldanas<\/li>\n<li>Caixas de engrenagens planet\u00e1rias<\/li>\n<li>Polias de sincroniza\u00e7\u00e3o<\/li>\n<li>Buchas<\/li>\n<\/ul>\n<p>Em nossa empresa, temos orgulho em entregar produtos da mais alta qualidade, oferecendo pre\u00e7os competitivos e fornecendo um servi\u00e7o excelente. Se voc\u00ea precisa de itens padr\u00e3o ou solu\u00e7\u00f5es personalizadas com base em seus requisitos espec\u00edficos, estamos aqui para ajudar voc\u00ea. Explore nosso cat\u00e1logo e deixe-nos exceder suas expectativas!<\/p>\n<h2>Perguntas Frequentes (FAQ)<\/h2>\n<h3>1. Quais s\u00e3o as principais vantagens de usar rodas dentadas para acionamento de escadas rolantes?<\/h3>\n<p>Rodas dentadas para acionamento de escadas rolantes oferecem alta capacidade de carga, durabilidade excepcional, opera\u00e7\u00e3o de baixo ru\u00eddo, engenharia de precis\u00e3o e resist\u00eancia ao desgaste.<\/p>\n<h3>2. As rodas dentadas podem ser facilmente substitu\u00eddas?<\/h3>\n<p>Sim, nossas rodas dentadas s\u00e3o projetadas para f\u00e1cil substitui\u00e7\u00e3o, minimizando o tempo de inatividade e garantindo uma opera\u00e7\u00e3o eficiente da escada rolante.<\/p>\n<h3>3. Quais materiais s\u00e3o usados na fabrica\u00e7\u00e3o dessas rodas dentadas?<\/h3>\n<p>Nossas rodas dentadas s\u00e3o projetadas usando uma variedade de materiais, incluindo a\u00e7o, ferro fundido, n\u00e1ilon, Delrin e a\u00e7o inoxid\u00e1vel.<\/p>\n<h3>4. As rodas dentadas s\u00e3o adequadas para diferentes tipos de escadas rolantes?<\/h3>\n<p>Absolutamente! Nossas rodas dentadas s\u00e3o projetadas para serem compat\u00edveis com v\u00e1rios tipos de escadas rolantes, garantindo uma ampla gama de aplica\u00e7\u00f5es.<\/p>\n<h3>5. Voc\u00eas oferecem personaliza\u00e7\u00e3o para engrenagens de pl\u00e1stico e outros produtos?<\/h3>\n<p>Sim, oferecemos servi\u00e7os de personaliza\u00e7\u00e3o com base em suas necessidades espec\u00edficas. Basta nos fornecer seus desenhos ou amostra, e criaremos solu\u00e7\u00f5es personalizadas para atender \u00e0s suas necessidades.<\/p>","protected":false},"excerpt":{"rendered":"<p>Sprockets For Escalator Drive: Ensuring Smooth and Efficient Vertical Transportation Are you in need of reliable and high-quality sprockets for escalator drive? Look no further! We are proud to be one of the top 3 major suppliers of these essential components in China. Our sprockets have already been trusted and used by industry leaders such [&hellip;]<\/p>","protected":false},"featured_media":3615,"template":"","meta":{"_et_pb_use_builder":"","_et_pb_old_content":"","_et_gb_content_width":""},"product_brand":[],"product_cat":[11296],"product_tag":[],"class_list":{"0":"post-3616","1":"product","2":"type-product","3":"status-publish","4":"has-post-thumbnail","6":"product_cat-sprocket","8":"first","9":"instock","10":"shipping-taxable","11":"product-type-simple"},"_links":{"self":[{"href":"https:\/\/agricultural-gear-boxes.com\/pt\/wp-json\/wp\/v2\/product\/3616","targetHints":{"allow":["GET"]}}],"collection":[{"href":"https:\/\/agricultural-gear-boxes.com\/pt\/wp-json\/wp\/v2\/product"}],"about":[{"href":"https:\/\/agricultural-gear-boxes.com\/pt\/wp-json\/wp\/v2\/types\/product"}],"wp:featuredmedia":[{"embeddable":true,"href":"https:\/\/agricultural-gear-boxes.com\/pt\/wp-json\/wp\/v2\/media\/3615"}],"wp:attachment":[{"href":"https:\/\/agricultural-gear-boxes.com\/pt\/wp-json\/wp\/v2\/media?parent=3616"}],"wp:term":[{"taxonomy":"product_brand","embeddable":true,"href":"https:\/\/agricultural-gear-boxes.com\/pt\/wp-json\/wp\/v2\/product_brand?post=3616"},{"taxonomy":"product_cat","embeddable":true,"href":"https:\/\/agricultural-gear-boxes.com\/pt\/wp-json\/wp\/v2\/product_cat?post=3616"},{"taxonomy":"product_tag","embeddable":true,"href":"https:\/\/agricultural-gear-boxes.com\/pt\/wp-json\/wp\/v2\/product_tag?post=3616"}],"curies":[{"name":"wp","href":"https:\/\/api.w.org\/{rel}","templated":true}]}}