{"id":3620,"date":"2024-08-23T06:26:58","date_gmt":"2024-08-23T06:26:58","guid":{"rendered":"https:\/\/agricultural-gear-boxes.com\/product\/conveyor-sprocket-for-s-roller-chains\/"},"modified":"2024-08-23T06:26:59","modified_gmt":"2024-08-23T06:26:59","slug":"conveyor-sprocket-for-s-roller-chains","status":"publish","type":"product","link":"https:\/\/agricultural-gear-boxes.com\/pt\/product\/conveyor-sprocket-for-s-roller-chains\/","title":{"rendered":"Roda dentada transportadora para correntes de rolos S"},"content":{"rendered":"<h2>Roda dentada transportadora para correntes de rolos S: uma vis\u00e3o geral<\/h2>\n<p>Rodas dentadas de transportadores desempenham um papel vital em v\u00e1rias ind\u00fastrias, incluindo agricultura, automotiva, minera\u00e7\u00e3o e processamento de alimentos. Elas s\u00e3o comumente usadas em sistemas de transportadores para movimenta\u00e7\u00e3o de materiais e cargas pesadas. <\/p>\n<p>A hist\u00f3ria das rodas dentadas remonta ao s\u00e9culo XV, quando eram usadas como parte de bicicletas. Ao longo dos anos, as rodas dentadas evolu\u00edram e se tornaram parte integrante de v\u00e1rias m\u00e1quinas e equipamentos. <\/p>\n<p>As rodas dentadas s\u00e3o classificadas com base em seu design, material e perfil do dente. Elas est\u00e3o dispon\u00edveis em v\u00e1rios materiais, como a\u00e7o inoxid\u00e1vel, a\u00e7o carbono e pl\u00e1stico. A sele\u00e7\u00e3o do material depende da aplica\u00e7\u00e3o e do ambiente em que a roda dentada ser\u00e1 usada. <\/p>\n<p>As vantagens de usar rodas dentadas transportadoras incluem sua capacidade de lidar com cargas pesadas, sua durabilidade e sua f\u00e1cil instala\u00e7\u00e3o e manuten\u00e7\u00e3o. Elas s\u00e3o projetadas para fornecer uma opera\u00e7\u00e3o suave e eficiente do sistema transportador. <\/p>\n<h3>Instala\u00e7\u00e3o e Manuten\u00e7\u00e3o<\/h3>\n<p>Instalar uma roda dentada transportadora \u00e9 um processo relativamente simples. A roda dentada \u00e9 montada no eixo e fixada com um parafuso de fixa\u00e7\u00e3o ou rasgo de chaveta. A manuten\u00e7\u00e3o regular \u00e9 essencial para garantir a longevidade da roda dentada. Isso inclui limpar e lubrificar regularmente a roda dentada, bem como inspecion\u00e1-la quanto a desgaste. <\/p>\n<h3>Substitui\u00e7\u00e3o da roda dentada do transportador<\/h3>\n<p>Com o tempo, as rodas dentadas do transportador podem ficar gastas ou danificadas e exigir substitui\u00e7\u00e3o. Ao substituir uma roda dentada, \u00e9 essencial selecionar uma roda dentada que seja compat\u00edvel com o sistema transportador. O perfil do dente e o passo da nova roda dentada devem corresponder aos da roda dentada antiga. <\/p>\n<h3>Outros produtos da nossa empresa<\/h3>\n<p>Nossa empresa \u00e9 especializada no fornecimento de diversas engrenagens pl\u00e1sticas usadas em ind\u00fastrias, incluindo caixas de engrenagens agr\u00edcolas, eixos de sa\u00edda de pot\u00eancia, rodas dentadas, acoplamentos de fluidos, redutores de engrenagem sem-fim, engrenagens e cremalheiras, correntes destac\u00e1veis, polias e polias, caixas de engrenagens planet\u00e1rias, polias de sincroniza\u00e7\u00e3o, buchas e muito mais. <\/p>\n<p>Em nossa empresa, priorizamos a qualidade de nossos produtos, pre\u00e7os favor\u00e1veis e excelente atendimento ao cliente. Damos boas-vindas aos clientes para virem at\u00e9 n\u00f3s para personaliza\u00e7\u00e3o de desenho ou amostra. <\/p>\n<h2>Perguntas e respostas<\/h2>\n<p>1. Para que s\u00e3o utilizadas as rodas dentadas transportadoras?<br \/>\n\u2013 As rodas dentadas transportadoras s\u00e3o usadas em sistemas de transporte para movimenta\u00e7\u00e3o de materiais pesados e cargas em v\u00e1rios setores, como agricultura, automotivo, minera\u00e7\u00e3o e processamento de alimentos.<\/p>\n<p>2. De que materiais s\u00e3o feitas as rodas dentadas do transportador?<br \/>\n\u2013 As rodas dentadas transportadoras est\u00e3o dispon\u00edveis em v\u00e1rios materiais, como a\u00e7o inoxid\u00e1vel, a\u00e7o carbono e pl\u00e1stico, dependendo da aplica\u00e7\u00e3o e do ambiente em que ser\u00e3o utilizadas.<\/p>\n<p>3. Como s\u00e3o instaladas as rodas dentadas do transportador?<br \/>\n\u2013 As rodas dentadas do transportador s\u00e3o montadas no eixo e fixadas com um parafuso de fixa\u00e7\u00e3o ou chaveta.<\/p>\n<p>4. Com que frequ\u00eancia as rodas dentadas do transportador devem ser mantidas?<br \/>\n\u2013 A manuten\u00e7\u00e3o regular \u00e9 essencial para garantir a longevidade da roda dentada. Isso inclui limpeza e lubrifica\u00e7\u00e3o regulares da roda dentada, bem como inspe\u00e7\u00e3o de desgaste.<\/p>\n<p>5. Quais outros produtos sua empresa oferece al\u00e9m de rodas dentadas transportadoras?<br \/>\n\u2013 Nossa empresa \u00e9 especializada no fornecimento de diversas engrenagens pl\u00e1sticas usadas em ind\u00fastrias, incluindo caixas de engrenagens agr\u00edcolas, eixos de sa\u00edda de pot\u00eancia, rodas dentadas, acoplamentos de fluidos, redutores de engrenagem sem-fim, engrenagens e cremalheiras, correntes destac\u00e1veis, polias e polias, caixas de engrenagens planet\u00e1rias, polias de sincroniza\u00e7\u00e3o, buchas e muito mais.<\/p>","protected":false},"excerpt":{"rendered":"<p>Conveyor Sprocket For S Roller Chains: An Overview Conveyor sprockets play a vital role in several industries, including agriculture, automotive, mining, and food processing. They are commonly used in conveyor systems for the movement of heavy materials and loads. The history of sprockets dates back to the 15th century when they were used as a [&hellip;]<\/p>","protected":false},"featured_media":3619,"template":"","meta":{"_et_pb_use_builder":"","_et_pb_old_content":"","_et_gb_content_width":""},"product_brand":[],"product_cat":[11296],"product_tag":[],"class_list":{"0":"post-3620","1":"product","2":"type-product","3":"status-publish","4":"has-post-thumbnail","6":"product_cat-sprocket","8":"first","9":"instock","10":"shipping-taxable","11":"product-type-simple"},"_links":{"self":[{"href":"https:\/\/agricultural-gear-boxes.com\/pt\/wp-json\/wp\/v2\/product\/3620","targetHints":{"allow":["GET"]}}],"collection":[{"href":"https:\/\/agricultural-gear-boxes.com\/pt\/wp-json\/wp\/v2\/product"}],"about":[{"href":"https:\/\/agricultural-gear-boxes.com\/pt\/wp-json\/wp\/v2\/types\/product"}],"wp:featuredmedia":[{"embeddable":true,"href":"https:\/\/agricultural-gear-boxes.com\/pt\/wp-json\/wp\/v2\/media\/3619"}],"wp:attachment":[{"href":"https:\/\/agricultural-gear-boxes.com\/pt\/wp-json\/wp\/v2\/media?parent=3620"}],"wp:term":[{"taxonomy":"product_brand","embeddable":true,"href":"https:\/\/agricultural-gear-boxes.com\/pt\/wp-json\/wp\/v2\/product_brand?post=3620"},{"taxonomy":"product_cat","embeddable":true,"href":"https:\/\/agricultural-gear-boxes.com\/pt\/wp-json\/wp\/v2\/product_cat?post=3620"},{"taxonomy":"product_tag","embeddable":true,"href":"https:\/\/agricultural-gear-boxes.com\/pt\/wp-json\/wp\/v2\/product_tag?post=3620"}],"curies":[{"name":"wp","href":"https:\/\/api.w.org\/{rel}","templated":true}]}}