{"id":3626,"date":"2024-08-23T06:27:09","date_gmt":"2024-08-23T06:27:09","guid":{"rendered":"https:\/\/agricultural-gear-boxes.com\/product\/sus-stainless-steel-idler-sprocket\/"},"modified":"2024-08-23T06:27:09","modified_gmt":"2024-08-23T06:27:09","slug":"sus-stainless-steel-idler-sprocket","status":"publish","type":"product","link":"https:\/\/agricultural-gear-boxes.com\/pt\/product\/sus-stainless-steel-idler-sprocket\/","title":{"rendered":"Roda Dentada de A\u00e7o Inoxid\u00e1vel SUS"},"content":{"rendered":"<h2>Roda Dentada de A\u00e7o Inoxid\u00e1vel SUS: Uma Op\u00e7\u00e3o Dur\u00e1vel e Resistente \u00e0 Corros\u00e3o para Transmiss\u00e3o de Corrente de Rolos de Alta Tens\u00e3o<\/h2>\n<p>As rodas dentadas intermedi\u00e1rias de a\u00e7o inoxid\u00e1vel SUS s\u00e3o uma op\u00e7\u00e3o de alta qualidade para transmiss\u00e3o de corrente de rolos que exigem alta tens\u00e3o. Feitas de a\u00e7o inoxid\u00e1vel, essas rodas dentadas oferecem excelente resist\u00eancia \u00e0 corros\u00e3o e durabilidade, tornando-as ideais para uso em ambientes severos. O rolamento de a\u00e7o inoxid\u00e1vel localizado no centro da roda dentada garante desempenho ideal.<\/p>\n<h3>Vantagens das rodas dentadas intermedi\u00e1rias de a\u00e7o inoxid\u00e1vel SUS<\/h3>\n<ul>\n<li>Excelente resist\u00eancia \u00e0 corros\u00e3o<\/li>\n<li>Durabilidade em ambientes hostis<\/li>\n<li>Rolamento de a\u00e7o inoxid\u00e1vel para desempenho ideal<\/li>\n<\/ul>\n<h3>Aplica\u00e7\u00f5es das rodas dentadas intermedi\u00e1rias de a\u00e7o inoxid\u00e1vel SUS<\/h3>\n<p>As rodas dentadas intermedi\u00e1rias de a\u00e7o inoxid\u00e1vel SUS s\u00e3o comumente usadas em aplica\u00e7\u00f5es industriais como:<\/p>\n<ul>\n<li>Processamento de alimentos<\/li>\n<li>Produtos farmac\u00eauticos<\/li>\n<li>Produtos qu\u00edmicos<\/li>\n<li>Agricultura<\/li>\n<li>Embalagem<\/li>\n<\/ul>\n<h3>Instala\u00e7\u00e3o, manuten\u00e7\u00e3o e reparo de rodas dentadas intermedi\u00e1rias de a\u00e7o inoxid\u00e1vel SUS<\/h3>\n<p>Para instalar rodas dentadas intermedi\u00e1rias de a\u00e7o inoxid\u00e1vel SUS, siga estas etapas:<\/p>\n<ol>\n<li>Certifique-se de que o di\u00e2metro do eixo seja do tamanho correto para o furo da roda dentada<\/li>\n<li>Fixe firmemente a roda dentada ao eixo com parafusos de fixa\u00e7\u00e3o ou um dispositivo de travamento<\/li>\n<li>Ajuste a tens\u00e3o para o n\u00edvel apropriado<\/li>\n<\/ol>\n<p>Para manter e reparar a roda dentada, verifique regularmente se h\u00e1 desgaste e substitua-a, se necess\u00e1rio.<\/p>\n<h3>Materiais dispon\u00edveis para rodas dentadas intermedi\u00e1rias de a\u00e7o inoxid\u00e1vel SUS<\/h3>\n<p>As rodas dentadas intermedi\u00e1rias de a\u00e7o inoxid\u00e1vel SUS podem ser feitas de uma variedade de materiais, incluindo:<\/p>\n<ul>\n<li>A\u00e7o inoxid\u00e1vel<\/li>\n<li>A\u00e7o carbono<\/li>\n<li>Pl\u00e1stico<\/li>\n<\/ul>\n<h3>Especifica\u00e7\u00f5es das rodas dentadas intermedi\u00e1rias de a\u00e7o inoxid\u00e1vel SUS<\/h3>\n<table>\n<thead>\n<tr>\n<th>N\u00e3o.<\/th>\n<th>N\u00ba de dentes<\/th>\n<th>Di\u00e2metro interno D<\/th>\n<th>Di\u00e2metro externo<\/th>\n<th>Di\u00e2metro do passo Dp<\/th>\n<th>Largura do dente T<\/th>\n<th>Chefe BD<\/th>\n<th>Largura total BL<\/th>\n<th>Rolamento usado SUS<\/th>\n<th>Peso kg<\/th>\n<\/tr>\n<\/thead>\n<tbody>\n<tr>\n<td><\/td>\n<td rowspan=\"2\">16<\/td>\n<td>10<\/td>\n<td rowspan=\"2\">54<\/td>\n<td rowspan=\"2\">48.82<\/td>\n<td><\/td>\n<td rowspan=\"2\">38<\/td>\n<td rowspan=\"2\">14<\/td>\n<td>6000ZZ<\/td>\n<td>0.12<\/td>\n<\/tr>\n<tr>\n<td>35C<\/td>\n<td>12<\/td>\n<td>4.3<\/td>\n<td>6001ZZ<\/td>\n<td>0.11<\/td>\n<\/tr>\n<tr>\n<td rowspan=\"3\"><\/td>\n<td>18<\/td>\n<td>15<\/td>\n<td>60<\/td>\n<td>54.85<\/td>\n<td rowspan=\"3\"><\/td>\n<td>44<\/td>\n<td>17<\/td>\n<td>6202ZZ<\/td>\n<td>0.17<\/td>\n<\/tr>\n<tr>\n<td>21<\/td>\n<td>17<\/td>\n<td>69<\/td>\n<td>63.91<\/td>\n<td>53<\/td>\n<td>19<\/td>\n<td>6203ZZ<\/td>\n<td>0.25<\/td>\n<\/tr>\n<tr>\n<td>25<\/td>\n<td>20<\/td>\n<td>81<\/td>\n<td>76<\/td>\n<td>60<\/td>\n<td>21<\/td>\n<td>6204ZZ<\/td>\n<td>0.34<\/td>\n<\/tr>\n<tr>\n<td><\/td>\n<td rowspan=\"2\">13<\/td>\n<td>10<\/td>\n<td rowspan=\"2\">59<\/td>\n<td rowspan=\"2\">53.07<\/td>\n<td><\/td>\n<td rowspan=\"2\">38<\/td>\n<td rowspan=\"2\">14<\/td>\n<td>6000ZZ<\/td>\n<td>0.16<\/td>\n<\/tr>\n<tr>\n<td>40C<\/td>\n<td>12<\/td>\n<td>7.2<\/td>\n<td>6001ZZ<\/td>\n<td>0.15<\/td>\n<\/tr>\n<tr>\n<td rowspan=\"3\"><\/td>\n<td>15<\/td>\n<td>15<\/td>\n<td>67<\/td>\n<td>61.08<\/td>\n<td rowspan=\"3\"><\/td>\n<td>44<\/td>\n<td>17<\/td>\n<td>6202ZZ<\/td>\n<td>0.2<\/td>\n<\/tr>\n<tr>\n<td>17<\/td>\n<td>17<\/td>\n<td>76<\/td>\n<td>69.12<\/td>\n<td>53<\/td>\n<td>19<\/td>\n<td>6203ZZ<\/td>\n<td>0.31<\/td>\n<\/tr>\n<tr>\n<td>19<\/td>\n<td>20<\/td>\n<td>84<\/td>\n<td>77.16<\/td>\n<td>60<\/td>\n<td>21<\/td>\n<td>6204ZZ<\/td>\n<td>0.41<\/td>\n<\/tr>\n<tr>\n<td><\/td>\n<td>12<\/td>\n<td>12<\/td>\n<td>69<\/td>\n<td>61.34<\/td>\n<td><\/td>\n<td>43<\/td>\n<td>16<\/td>\n<td>6201ZZ<\/td>\n<td>0.22<\/td>\n<\/tr>\n<tr>\n<td>50\u00b0C<\/td>\n<td>13<\/td>\n<td>15<\/td>\n<td>74<\/td>\n<td>66.34<\/td>\n<td>8.7<\/td>\n<td>44<\/td>\n<td>17<\/td>\n<td>6202ZZ<\/td>\n<td>0.24<\/td>\n<\/tr>\n<tr>\n<td><\/td>\n<td>15<\/td>\n<td>17<\/td>\n<td>84<\/td>\n<td>76.35<\/td>\n<td><\/td>\n<td>53<\/td>\n<td>19<\/td>\n<td>6203ZZ<\/td>\n<td>0.38<\/td>\n<\/tr>\n<tr>\n<td><\/td>\n<td>17<\/td>\n<td>20<\/td>\n<td>94<\/td>\n<td>86.39<\/td>\n<td><\/td>\n<td>60<\/td>\n<td>21<\/td>\n<td>6204ZZ<\/td>\n<td>0.5<\/td>\n<\/tr>\n<tr>\n<td><\/td>\n<td rowspan=\"2\">11<\/td>\n<td>12<\/td>\n<td rowspan=\"2\">76<\/td>\n<td rowspan=\"2\">67.62<\/td>\n<td><\/td>\n<td rowspan=\"2\">44<\/td>\n<td>16<\/td>\n<td>6201ZZ<\/td>\n<td>0.27<\/td>\n<\/tr>\n<tr>\n<td>60C<\/td>\n<td>15<\/td>\n<td>11.7<\/td>\n<td>17<\/td>\n<td>6202ZZ<\/td>\n<td>0.28<\/td>\n<\/tr>\n<tr>\n<td rowspan=\"2\"><\/td>\n<td>13<\/td>\n<td>17<\/td>\n<td>89<\/td>\n<td>79.6<\/td>\n<td rowspan=\"2\"><\/td>\n<td>53<\/td>\n<td>19<\/td>\n<td>6203ZZ<\/td>\n<td>0.47<\/td>\n<\/tr>\n<tr>\n<td>14<\/td>\n<td>20<\/td>\n<td>95<\/td>\n<td>85.61<\/td>\n<td>60<\/td>\n<td>21<\/td>\n<td>6204ZZ<\/td>\n<td>0.57<\/td>\n<\/tr>\n<tr>\n<td><\/td>\n<td>9<\/td>\n<td>15<\/td>\n<td>85<\/td>\n<td>74.27<\/td>\n<td><\/td>\n<td>44<\/td>\n<td>17<\/td>\n<td>6202ZZ<\/td>\n<td>0.39<\/td>\n<\/tr>\n<tr>\n<td>80C<\/td>\n<td>10<\/td>\n<td>17<\/td>\n<td>93<\/td>\n<td>82.2<\/td>\n<td>14.6<\/td>\n<td>52<\/td>\n<td>19<\/td>\n<td>6203ZZ<\/td>\n<td>0.58<\/td>\n<\/tr>\n<tr>\n<td><\/td>\n<td>11<\/td>\n<td>20<\/td>\n<td>102<\/td>\n<td>90.16<\/td>\n<td><\/td>\n<td>60<\/td>\n<td>21<\/td>\n<td>6204ZZ<\/td>\n<td>0.7<\/td>\n<\/tr>\n<\/tbody>\n<\/table>\n<h2>Outros produtos da nossa empresa<\/h2>\n<p>Al\u00e9m das rodas dentadas intermedi\u00e1rias de a\u00e7o inoxid\u00e1vel SUS, nossa empresa oferece uma ampla gama de engrenagens de pl\u00e1stico e outros componentes industriais, incluindo:<\/p>\n<ul>\n<li>Caixas de engrenagens agr\u00edcolas<\/li>\n<li>Eixos de sa\u00edda de pot\u00eancia<\/li>\n<li>Rodas dentadas<\/li>\n<li>Acoplamentos de fluidos<\/li>\n<li>Redutores de engrenagem sem-fim<\/li>\n<li>Engrenagens e cremalheiras<\/li>\n<li>Correntes destac\u00e1veis<\/li>\n<li>Polias e roldanas<\/li>\n<li>Caixas de engrenagens planet\u00e1rias<\/li>\n<li>Polias de sincroniza\u00e7\u00e3o<\/li>\n<li>Buchas<\/li>\n<\/ul>\n<h2>Perguntas e respostas<\/h2>\n<p>1. Quais s\u00e3o as vantagens das rodas dentadas intermedi\u00e1rias de a\u00e7o inoxid\u00e1vel SUS?<br \/>\nAs rodas dentadas intermedi\u00e1rias de a\u00e7o inoxid\u00e1vel SUS oferecem excelente resist\u00eancia \u00e0 corros\u00e3o e durabilidade, tornando-as ideais para uso em ambientes severos. Elas tamb\u00e9m t\u00eam um rolamento de a\u00e7o inoxid\u00e1vel para desempenho ideal.<\/p>\n<p>2. Em quais aplica\u00e7\u00f5es as rodas dentadas intermedi\u00e1rias de a\u00e7o inoxid\u00e1vel SUS s\u00e3o comumente usadas?<br \/>\nAs rodas dentadas intermedi\u00e1rias de a\u00e7o inoxid\u00e1vel SUS s\u00e3o comumente usadas em aplica\u00e7\u00f5es industriais, como processamento de alimentos, produtos farmac\u00eauticos, produtos qu\u00edmicos, agricultura e embalagens.<\/p>\n<p>3. De quais materiais as rodas dentadas intermedi\u00e1rias de a\u00e7o inoxid\u00e1vel SUS podem ser feitas?<br \/>\nAs rodas dentadas intermedi\u00e1rias de a\u00e7o inoxid\u00e1vel SUS podem ser feitas de uma variedade de materiais, incluindo a\u00e7o inoxid\u00e1vel, a\u00e7o carbono e pl\u00e1stico.<\/p>\n<p>4. Como instalar rodas dentadas intermedi\u00e1rias de a\u00e7o inoxid\u00e1vel SUS?<br \/>\nPara instalar rodas dentadas intermedi\u00e1rias de a\u00e7o inoxid\u00e1vel SUS, certifique-se de que o di\u00e2metro do eixo seja do tamanho correto para o furo da roda dentada, prenda firmemente a roda dentada ao eixo com parafusos de fixa\u00e7\u00e3o ou um dispositivo de travamento e ajuste a tens\u00e3o para o n\u00edvel apropriado.<\/p>\n<p>5. Que outros produtos sua empresa oferece?<br \/>\nAl\u00e9m das rodas dentadas intermedi\u00e1rias de a\u00e7o inoxid\u00e1vel SUS, nossa empresa oferece uma ampla variedade de engrenagens de pl\u00e1stico e outros componentes industriais, incluindo caixas de engrenagens agr\u00edcolas, eixos de sa\u00edda de pot\u00eancia, rodas dentadas, acoplamentos de fluido, redutores de engrenagem sem-fim, engrenagens e cremalheiras, correntes destac\u00e1veis, polias e polias, caixas de engrenagens planet\u00e1rias, polias de sincroniza\u00e7\u00e3o, buchas e muito mais.<\/p>","protected":false},"excerpt":{"rendered":"<p>SUS Stainless Steel Idler Sprocket: A Durable and Corrosion-Resistant Option for High-Tension Roller Chain Transmission SUS stainless steel idler sprockets are a top-quality option for roller chain transmission that require high tension. Made of stainless steel, these sprockets offer excellent corrosion resistance and durability, making them ideal for use in harsh environments. The stainless steel [&hellip;]<\/p>","protected":false},"featured_media":3625,"template":"","meta":{"_et_pb_use_builder":"","_et_pb_old_content":"","_et_gb_content_width":""},"product_brand":[],"product_cat":[11296],"product_tag":[],"class_list":{"0":"post-3626","1":"product","2":"type-product","3":"status-publish","4":"has-post-thumbnail","6":"product_cat-sprocket","8":"first","9":"instock","10":"shipping-taxable","11":"product-type-simple"},"_links":{"self":[{"href":"https:\/\/agricultural-gear-boxes.com\/pt\/wp-json\/wp\/v2\/product\/3626","targetHints":{"allow":["GET"]}}],"collection":[{"href":"https:\/\/agricultural-gear-boxes.com\/pt\/wp-json\/wp\/v2\/product"}],"about":[{"href":"https:\/\/agricultural-gear-boxes.com\/pt\/wp-json\/wp\/v2\/types\/product"}],"wp:featuredmedia":[{"embeddable":true,"href":"https:\/\/agricultural-gear-boxes.com\/pt\/wp-json\/wp\/v2\/media\/3625"}],"wp:attachment":[{"href":"https:\/\/agricultural-gear-boxes.com\/pt\/wp-json\/wp\/v2\/media?parent=3626"}],"wp:term":[{"taxonomy":"product_brand","embeddable":true,"href":"https:\/\/agricultural-gear-boxes.com\/pt\/wp-json\/wp\/v2\/product_brand?post=3626"},{"taxonomy":"product_cat","embeddable":true,"href":"https:\/\/agricultural-gear-boxes.com\/pt\/wp-json\/wp\/v2\/product_cat?post=3626"},{"taxonomy":"product_tag","embeddable":true,"href":"https:\/\/agricultural-gear-boxes.com\/pt\/wp-json\/wp\/v2\/product_tag?post=3626"}],"curies":[{"name":"wp","href":"https:\/\/api.w.org\/{rel}","templated":true}]}}