{"id":3630,"date":"2024-08-23T06:27:17","date_gmt":"2024-08-23T06:27:17","guid":{"rendered":"https:\/\/agricultural-gear-boxes.com\/product\/sprockets-for-forged-case-conveyor-chain\/"},"modified":"2024-08-23T06:27:18","modified_gmt":"2024-08-23T06:27:18","slug":"sprockets-for-forged-case-conveyor-chain","status":"publish","type":"product","link":"https:\/\/agricultural-gear-boxes.com\/pt\/product\/sprockets-for-forged-case-conveyor-chain\/","title":{"rendered":"Rodas dentadas para corrente transportadora de caixa forjada"},"content":{"rendered":"<h2>Rodas dentadas para correntes transportadoras de caixa forjada: confi\u00e1veis e dur\u00e1veis<\/h2>\n<p>As correntes transportadoras s\u00e3o parte integrante de muitos processos de fabrica\u00e7\u00e3o industrial. E para mant\u00ea-las em movimento, voc\u00ea precisa de uma roda dentada confi\u00e1vel e dur\u00e1vel. \u00c9 a\u00ed que entram as rodas dentadas para correntes transportadoras de caixa forjada. Projetadas especificamente para trabalhar com correntes transportadoras de caixa forjada, essas rodas dentadas garantem opera\u00e7\u00e3o eficiente e longevidade do transportador.<\/p>\n<h3>Vantagens das rodas dentadas para correntes transportadoras de caixa forjada<\/h3>\n<ul>\n<li>Alta resist\u00eancia ao desgaste<\/li>\n<li>Resist\u00eancia \u00e0 corros\u00e3o<\/li>\n<li>Design robusto para aplica\u00e7\u00f5es pesadas<\/li>\n<li>Usinagem de precis\u00e3o para engate ideal da corrente<\/li>\n<li>Dispon\u00edvel em v\u00e1rios materiais para atender aplica\u00e7\u00f5es espec\u00edficas<\/li>\n<\/ul>\n<h3>Tipos de materiais usados para rodas dentadas para correntes transportadoras de caixa forjada<\/h3>\n<p>Rodas Dentadas Para Correntes Transportadoras de Caixa Forjada s\u00e3o tipicamente feitas de a\u00e7o de alta qualidade ou outras ligas como carbono, a\u00e7o inoxid\u00e1vel e pl\u00e1stico. A escolha do material depende da aplica\u00e7\u00e3o espec\u00edfica e das condi\u00e7\u00f5es ambientais.<\/p>\n<h3>Instala\u00e7\u00e3o, Manuten\u00e7\u00e3o e Reparo<\/h3>\n<p>Para garantir o desempenho ideal, a instala\u00e7\u00e3o, manuten\u00e7\u00e3o e reparo adequados de rodas dentadas para correntes transportadoras de caixa forjada s\u00e3o cruciais. \u00c9 recomendado seguir as instru\u00e7\u00f5es e diretrizes do fabricante para instala\u00e7\u00e3o, manuten\u00e7\u00e3o e reparo. A limpeza e lubrifica\u00e7\u00e3o regulares das rodas dentadas podem ajudar a estender sua vida \u00fatil.<\/p>\n<h3>Substitui\u00e7\u00e3o de rodas dentadas para corrente transportadora de caixa forjada<\/h3>\n<p>Com o tempo, as rodas dentadas podem se desgastar e precisam ser substitu\u00eddas. Ao substituir rodas dentadas para correntes transportadoras de caixa forjada, \u00e9 importante escolher o tamanho e o tipo corretos de roda dentada que combinem com a corrente existente. Tamb\u00e9m \u00e9 recomendado substituir todo o conjunto de rodas dentadas para garantir o engate ideal da corrente e evitar o desgaste prematuro.<\/p>\n<h2>Outros produtos da nossa empresa<\/h2>\n<p>Al\u00e9m de Rodas Dentadas para Correntes Transportadoras de Caixa Forjada, nossa empresa tamb\u00e9m fornece v\u00e1rias Engrenagens Pl\u00e1sticas usadas na ind\u00fastria, como caixas de engrenagens agr\u00edcolas, eixos de sa\u00edda de pot\u00eancia, acoplamentos de fluidos, redutores de engrenagem sem-fim, engrenagens e cremalheiras, correntes destac\u00e1veis, polias e polias, caixas de engrenagens planet\u00e1rias, polias de sincroniza\u00e7\u00e3o, buchas e muito mais. Temos orgulho em fornecer produtos de alta qualidade a pre\u00e7os favor\u00e1veis, com servi\u00e7o atencioso. Damos as boas-vindas aos clientes para virem at\u00e9 n\u00f3s para personaliza\u00e7\u00e3o de desenho ou amostra.<\/p>\n<h2>Perguntas e respostas<\/h2>\n<h3>1. Do que s\u00e3o feitas as rodas dentadas para correntes transportadoras de caixa forjada?<\/h3>\n<p>Rodas dentadas para correntes transportadoras de caixa forjada s\u00e3o normalmente feitas de a\u00e7o de alta qualidade ou outras ligas, como carbono, a\u00e7o inoxid\u00e1vel e pl\u00e1stico.<\/p>\n<h3>2. Como fa\u00e7o para instalar rodas dentadas para correntes transportadoras de caixa forjada?<\/h3>\n<p>\u00c9 recomendado seguir as instru\u00e7\u00f5es e diretrizes do fabricante para instala\u00e7\u00e3o. A instala\u00e7\u00e3o adequada e a manuten\u00e7\u00e3o regular podem ajudar a estender a vida \u00fatil das rodas dentadas.<\/p>\n<h3>3. Com que frequ\u00eancia preciso substituir as rodas dentadas da corrente transportadora de caixa forjada?<\/h3>\n<p>Com o tempo, as rodas dentadas podem se desgastar e precisam ser substitu\u00eddas. \u00c9 recomendado substituir todo o conjunto de rodas dentadas para garantir o engate ideal da corrente e evitar desgaste prematuro.<\/p>\n<h3>4. As rodas dentadas para correntes transportadoras de caixa forjada s\u00e3o adequadas para aplica\u00e7\u00f5es pesadas?<\/h3>\n<p>Sim, as rodas dentadas para correntes transportadoras de caixa forjada s\u00e3o projetadas para serem robustas e dur\u00e1veis para aplica\u00e7\u00f5es pesadas.<\/p>\n<h3>5. Quais outros produtos sua empresa fornece?<\/h3>\n<p>Al\u00e9m de rodas dentadas para correntes transportadoras de caixa forjada, nossa empresa tamb\u00e9m fornece diversas engrenagens pl\u00e1sticas usadas na ind\u00fastria, como caixas de engrenagens agr\u00edcolas, eixos de sa\u00edda de pot\u00eancia, acoplamentos de fluidos, redutores de engrenagem sem-fim, engrenagens e cremalheiras, correntes destac\u00e1veis, polias e polias, caixas de engrenagens planet\u00e1rias, polias de sincroniza\u00e7\u00e3o, buchas e muito mais.<\/p>","protected":false},"excerpt":{"rendered":"<p>Rodas dentadas para correntes transportadoras de caixas forjadas: correntes transportadoras confi\u00e1veis e dur\u00e1veis s\u00e3o parte integrante de muitos processos de fabrica\u00e7\u00e3o industrial. E para mant\u00ea-las em movimento, voc\u00ea precisa de uma roda dentada confi\u00e1vel e dur\u00e1vel. \u00c9 a\u00ed que entram as rodas dentadas para correntes transportadoras de caixas forjadas. Projetadas especificamente para trabalhar com correntes transportadoras de caixas forjadas, essas rodas dentadas garantem efici\u00eancia [\u2026]<\/p>","protected":false},"featured_media":3629,"template":"","meta":{"_et_pb_use_builder":"","_et_pb_old_content":"","_et_gb_content_width":""},"product_brand":[],"product_cat":[11296],"product_tag":[],"class_list":{"0":"post-3630","1":"product","2":"type-product","3":"status-publish","4":"has-post-thumbnail","6":"product_cat-sprocket","8":"first","9":"instock","10":"shipping-taxable","11":"product-type-simple"},"_links":{"self":[{"href":"https:\/\/agricultural-gear-boxes.com\/pt\/wp-json\/wp\/v2\/product\/3630","targetHints":{"allow":["GET"]}}],"collection":[{"href":"https:\/\/agricultural-gear-boxes.com\/pt\/wp-json\/wp\/v2\/product"}],"about":[{"href":"https:\/\/agricultural-gear-boxes.com\/pt\/wp-json\/wp\/v2\/types\/product"}],"wp:featuredmedia":[{"embeddable":true,"href":"https:\/\/agricultural-gear-boxes.com\/pt\/wp-json\/wp\/v2\/media\/3629"}],"wp:attachment":[{"href":"https:\/\/agricultural-gear-boxes.com\/pt\/wp-json\/wp\/v2\/media?parent=3630"}],"wp:term":[{"taxonomy":"product_brand","embeddable":true,"href":"https:\/\/agricultural-gear-boxes.com\/pt\/wp-json\/wp\/v2\/product_brand?post=3630"},{"taxonomy":"product_cat","embeddable":true,"href":"https:\/\/agricultural-gear-boxes.com\/pt\/wp-json\/wp\/v2\/product_cat?post=3630"},{"taxonomy":"product_tag","embeddable":true,"href":"https:\/\/agricultural-gear-boxes.com\/pt\/wp-json\/wp\/v2\/product_tag?post=3630"}],"curies":[{"name":"wp","href":"https:\/\/api.w.org\/{rel}","templated":true}]}}