{"id":3634,"date":"2024-08-23T06:27:22","date_gmt":"2024-08-23T06:27:22","guid":{"rendered":"https:\/\/agricultural-gear-boxes.com\/product\/environmental-chain-sprockets\/"},"modified":"2024-08-23T06:27:23","modified_gmt":"2024-08-23T06:27:23","slug":"environmental-chain-sprockets","status":"publish","type":"product","link":"https:\/\/agricultural-gear-boxes.com\/pt\/product\/environmental-chain-sprockets\/","title":{"rendered":"Rodas dentadas de corrente ambientais"},"content":{"rendered":"<h2>Rodas dentadas de corrente ambientais para pr\u00e1ticas industriais sustent\u00e1veis e eficientes<\/h2>\n<p>As rodas dentadas de corrente ambientais s\u00e3o um componente essencial de m\u00e1quinas industriais, amplamente utilizadas em v\u00e1rios setores, como processamento de alimentos, produtos farmac\u00eauticos e embalagens. Elas s\u00e3o projetadas para suportar ambientes severos, temperaturas extremas e subst\u00e2ncias corrosivas, garantindo uma opera\u00e7\u00e3o suave e eficiente da m\u00e1quina.<\/p>\n<h3>Uma breve hist\u00f3ria das rodas dentadas de corrente ambientais<\/h3>\n<p>As rodas dentadas de corrente ambientais existem h\u00e1 d\u00e9cadas, com os primeiros modelos feitos de materiais met\u00e1licos, como a\u00e7o e ferro. No entanto, com a crescente necessidade de sustentabilidade e prote\u00e7\u00e3o ambiental, materiais n\u00e3o met\u00e1licos, como nylon e UHMW-PE, tornaram-se op\u00e7\u00f5es cada vez mais populares.<\/p>\n<h3>Tipos de rodas dentadas de corrente ambientais<\/h3>\n<p>As rodas dentadas de corrente ambientais v\u00eam em v\u00e1rios tipos, cada uma adequada para diferentes aplica\u00e7\u00f5es industriais. Alguns dos tipos comuns incluem:<\/p>\n<ul>\n<li>N\u00e3o met\u00e1lico \u2013 feito de materiais de nylon ou UHMW-PE com ferragens de a\u00e7o inoxid\u00e1vel<\/li>\n<li>Combina\u00e7\u00e3o \u2013 feito de corpo de ferro fundido com dentes segmentados UHMW<\/li>\n<li>Rodas dentadas divididas<\/li>\n<li>Conjuntos de pinos de cisalhamento<\/li>\n<li>Rodas dentadas c\u00f4ncavas (deslocadas)<\/li>\n<li>Rodas dentadas e rodas de tra\u00e7\u00e3o para telas de \u00e1gua m\u00f3veis (corpos e dentes de reposi\u00e7\u00e3o)<\/li>\n<\/ul>\n<h3>Vantagens das rodas dentadas de corrente ambientais<\/h3>\n<p>Uma das principais vantagens das Environmental Chain Sprockets \u00e9 sua durabilidade e longevidade, pois s\u00e3o projetadas para suportar o desgaste do uso constante. Al\u00e9m disso, as op\u00e7\u00f5es n\u00e3o met\u00e1licas s\u00e3o leves e t\u00eam um coeficiente de atrito menor, levando ao aumento da efici\u00eancia energ\u00e9tica e \u00e0 redu\u00e7\u00e3o da polui\u00e7\u00e3o sonora. Outra vantagem importante \u00e9 sua resist\u00eancia \u00e0 corros\u00e3o, tornando-as ideais para uso em ambientes hostis.<\/p>\n<h3>Instala\u00e7\u00e3o, Manuten\u00e7\u00e3o e Reparo<\/h3>\n<p>Instala\u00e7\u00e3o, manuten\u00e7\u00e3o e reparo adequados s\u00e3o cruciais para garantir a longevidade e a opera\u00e7\u00e3o eficiente das Environmental Chain Sprockets. \u00c9 importante seguir as instru\u00e7\u00f5es do fabricante para instala\u00e7\u00e3o, incluindo alinhamento e tensionamento adequados. Manuten\u00e7\u00e3o regular, como lubrifica\u00e7\u00e3o e inspe\u00e7\u00e3o de desgaste, pode ajudar a evitar reparos caros e tempo de inatividade. Em caso de danos ou desgaste, \u00e9 importante trat\u00e1-los prontamente por meio de reparo ou substitui\u00e7\u00e3o.<\/p>\n<h2>Outros produtos<\/h2>\n<p>Em nossa empresa, somos especializados em fornecer v\u00e1rios produtos de engrenagens de pl\u00e1stico para m\u00e1quinas industriais, variando de caixas de engrenagens agr\u00edcolas a polias de sincroniza\u00e7\u00e3o. Nossos produtos s\u00e3o feitos de materiais de alta qualidade e passam por testes rigorosos para garantir sua durabilidade e longevidade. Al\u00e9m disso, oferecemos personaliza\u00e7\u00f5es com base em requisitos espec\u00edficos, e nossa equipe de especialistas fornece um atendimento excepcional ao cliente para garantir uma experi\u00eancia perfeita para nossos clientes.<\/p>\n<h2>Perguntas e respostas<\/h2>\n<h3>1. Do que s\u00e3o feitas as rodas dentadas de corrente ambientais?<\/h3>\n<p>As rodas dentadas de corrente ambientais podem ser feitas de uma variedade de materiais, incluindo materiais met\u00e1licos, como a\u00e7o e ferro, e materiais n\u00e3o met\u00e1licos, como n\u00e1ilon e UHMW-PE.<\/p>\n<h3>2. Quais s\u00e3o as vantagens das rodas dentadas de corrente ambientais n\u00e3o met\u00e1licas?<\/h3>\n<p>As rodas dentadas de corrente ambiental n\u00e3o met\u00e1licas s\u00e3o leves, t\u00eam um coeficiente de atrito menor e s\u00e3o resistentes \u00e0 corros\u00e3o, o que as torna ideais para uso em ambientes severos. Elas tamb\u00e9m contribuem para o aumento da efici\u00eancia energ\u00e9tica e redu\u00e7\u00e3o da polui\u00e7\u00e3o sonora.<\/p>\n<h3>3. Qual a import\u00e2ncia da instala\u00e7\u00e3o e manuten\u00e7\u00e3o adequadas das rodas dentadas de corrente ambientais?<\/h3>\n<p>A instala\u00e7\u00e3o e a manuten\u00e7\u00e3o adequadas s\u00e3o cruciais para garantir a longevidade e a opera\u00e7\u00e3o eficiente das Environmental Chain Sprockets. Alinhamento, tensionamento e lubrifica\u00e7\u00e3o adequados s\u00e3o etapas necess\u00e1rias para evitar desgaste, reduzir o tempo de inatividade e evitar reparos dispendiosos.<\/p>\n<h3>4. Quais ind\u00fastrias comumente usam rodas dentadas de corrente ambientais?<\/h3>\n<p>As rodas dentadas de corrente ambientais s\u00e3o amplamente utilizadas em v\u00e1rios setores, como processamento de alimentos, produtos farmac\u00eauticos e embalagens, devido \u00e0 sua durabilidade, longevidade e resist\u00eancia a ambientes adversos.<\/p>\n<h3>5. Sua empresa oferece produtos personalizados?<\/h3>\n<p>Sim, nossa empresa oferece personaliza\u00e7\u00f5es com base em requisitos espec\u00edficos. Nossa equipe de especialistas trabalha em estreita colabora\u00e7\u00e3o com os clientes para fornecer solu\u00e7\u00f5es personalizadas que atendam \u00e0s suas necessidades exclusivas.<\/p>","protected":false},"excerpt":{"rendered":"<p>Engrenagens de Corrente Ambientais para Pr\u00e1ticas Industriais Sustent\u00e1veis e Eficientes Engrenagens de Corrente Ambientais s\u00e3o um componente essencial de m\u00e1quinas industriais, amplamente utilizadas em v\u00e1rios setores, como processamento de alimentos, produtos farmac\u00eauticos e embalagens. Elas s\u00e3o projetadas para suportar ambientes severos, temperaturas extremas e subst\u00e2ncias corrosivas, garantindo uma opera\u00e7\u00e3o suave e eficiente da m\u00e1quina. Uma Breve Hist\u00f3ria [\u2026]<\/p>","protected":false},"featured_media":3633,"template":"","meta":{"_et_pb_use_builder":"","_et_pb_old_content":"","_et_gb_content_width":""},"product_brand":[],"product_cat":[11296],"product_tag":[],"class_list":{"0":"post-3634","1":"product","2":"type-product","3":"status-publish","4":"has-post-thumbnail","6":"product_cat-sprocket","8":"first","9":"instock","10":"shipping-taxable","11":"product-type-simple"},"_links":{"self":[{"href":"https:\/\/agricultural-gear-boxes.com\/pt\/wp-json\/wp\/v2\/product\/3634","targetHints":{"allow":["GET"]}}],"collection":[{"href":"https:\/\/agricultural-gear-boxes.com\/pt\/wp-json\/wp\/v2\/product"}],"about":[{"href":"https:\/\/agricultural-gear-boxes.com\/pt\/wp-json\/wp\/v2\/types\/product"}],"wp:featuredmedia":[{"embeddable":true,"href":"https:\/\/agricultural-gear-boxes.com\/pt\/wp-json\/wp\/v2\/media\/3633"}],"wp:attachment":[{"href":"https:\/\/agricultural-gear-boxes.com\/pt\/wp-json\/wp\/v2\/media?parent=3634"}],"wp:term":[{"taxonomy":"product_brand","embeddable":true,"href":"https:\/\/agricultural-gear-boxes.com\/pt\/wp-json\/wp\/v2\/product_brand?post=3634"},{"taxonomy":"product_cat","embeddable":true,"href":"https:\/\/agricultural-gear-boxes.com\/pt\/wp-json\/wp\/v2\/product_cat?post=3634"},{"taxonomy":"product_tag","embeddable":true,"href":"https:\/\/agricultural-gear-boxes.com\/pt\/wp-json\/wp\/v2\/product_tag?post=3634"}],"curies":[{"name":"wp","href":"https:\/\/api.w.org\/{rel}","templated":true}]}}