{"id":3671,"date":"2024-08-26T05:38:55","date_gmt":"2024-08-26T05:38:55","guid":{"rendered":"https:\/\/agricultural-gear-boxes.com\/product\/side-bow-chain\/"},"modified":"2024-08-26T05:38:55","modified_gmt":"2024-08-26T05:38:55","slug":"side-bow-chain","status":"publish","type":"product","link":"https:\/\/agricultural-gear-boxes.com\/pt\/product\/side-bow-chain\/","title":{"rendered":"Corrente de arco lateral"},"content":{"rendered":"<h2>Corrente de arco lateral: uma solu\u00e7\u00e3o vers\u00e1til para suas necessidades de transmiss\u00e3o de energia<\/h2>\n<p>As correntes de arco lateral s\u00e3o um tipo de corrente de rolo que pode ser usada em uma ampla gama de aplica\u00e7\u00f5es de transmiss\u00e3o de energia. Elas s\u00e3o populares por sua capacidade de lidar com movimentos torcionais e lineares, tornando-as ideais para uso em m\u00e1quinas que exigem movimento de precis\u00e3o.<\/p>\n<h3>Quais s\u00e3o os cen\u00e1rios de uso comum das correntes de arco lateral?<\/h3>\n<p>Correntes de arco lateral s\u00e3o comumente usadas em sistemas de transmiss\u00e3o de energia onde alta precis\u00e3o \u00e9 necess\u00e1ria. Elas s\u00e3o particularmente \u00fateis para aplica\u00e7\u00f5es que envolvem acionamentos de revers\u00e3o ou cargas intermitentes. Essas correntes tamb\u00e9m s\u00e3o usadas em sistemas de transporte, equipamentos de embalagem e m\u00e1quinas em geral.<\/p>\n<h3>Quais s\u00e3o as vantagens das correntes de arco lateral?<\/h3>\n<ul>\n<li>Pode lidar com movimentos torcionais e lineares<\/li>\n<li>Pode operar na dire\u00e7\u00e3o reversa<\/li>\n<li>\u00d3timo para cargas intermitentes<\/li>\n<li>Altamente dur\u00e1vel e duradouro<\/li>\n<\/ul>\n<h3>Como instalar, manter e reparar correntes de arco lateral?<\/h3>\n<p>Instalar correntes de arco lateral \u00e9 relativamente simples. A corrente deve ser instalada de modo que a dire\u00e7\u00e3o dos rolos seja a mesma que a dire\u00e7\u00e3o da rota\u00e7\u00e3o. A lubrifica\u00e7\u00e3o adequada \u00e9 essencial para manter a vida \u00fatil da corrente. As correntes devem ser inspecionadas regularmente para sinais de desgaste e danos. Se uma corrente precisar ser reparada, \u00e9 melhor substituir a corrente inteira em vez de tentar reparar elos individuais.<\/p>\n<h3>Quais s\u00e3o os diferentes materiais com os quais as correntes de arco lateral podem ser feitas?<\/h3>\n<p>As correntes de arco lateral s\u00e3o normalmente feitas de a\u00e7o carbono, mas tamb\u00e9m podem ser feitas de a\u00e7o inoxid\u00e1vel, a\u00e7o niquelado e outros materiais, dependendo da aplica\u00e7\u00e3o.<\/p>\n<h3>As correntes do arco lateral podem ser substitu\u00eddas?<\/h3>\n<p>Sim, as correntes de arco lateral podem ser substitu\u00eddas. Ao substituir uma corrente, \u00e9 importante escolher o tamanho e o tipo corretos de corrente para a aplica\u00e7\u00e3o. As correntes devem sempre ser substitu\u00eddas como um conjunto completo, em vez de substituir elos individuais.<\/p>\n<h2>Outros produtos de alta qualidade da nossa empresa<\/h2>\n<p>Al\u00e9m de nossas correntes de arco lateral, oferecemos uma ampla gama de outros produtos de transmiss\u00e3o de energia de alta qualidade. Nossos produtos incluem caixas de engrenagens agr\u00edcolas, eixos de sa\u00edda de energia, rodas dentadas, acoplamentos de fluido, redutores de engrenagem sem-fim, engrenagens e cremalheiras, correntes destac\u00e1veis, polias e polias, caixas de engrenagens planet\u00e1rias, polias de sincroniza\u00e7\u00e3o, buchas e muito mais. Estamos comprometidos em fornecer aos nossos clientes produtos da mais alta qualidade a um pre\u00e7o competitivo, e damos as boas-vindas aos clientes para nos procurar para personaliza\u00e7\u00e3o de desenho ou amostra.<\/p>\n<h2>Perguntas e respostas:<\/h2>\n<h3>1. Para que s\u00e3o usadas as correntes de arco lateral?<\/h3>\n<p>As correntes de arco lateral s\u00e3o usadas em sistemas de transmiss\u00e3o de energia onde alta precis\u00e3o \u00e9 necess\u00e1ria. Elas s\u00e3o particularmente \u00fateis para aplica\u00e7\u00f5es que envolvem acionamentos de revers\u00e3o ou cargas intermitentes. Essas correntes tamb\u00e9m s\u00e3o usadas em sistemas de transporte, equipamentos de embalagem e m\u00e1quinas em geral.<\/p>\n<h3>2. De quais materiais as correntes de arco lateral podem ser feitas?<\/h3>\n<p>As correntes de arco lateral s\u00e3o normalmente feitas de a\u00e7o carbono, mas tamb\u00e9m podem ser feitas de a\u00e7o inoxid\u00e1vel, a\u00e7o niquelado e outros materiais, dependendo da aplica\u00e7\u00e3o.<\/p>\n<h3>3. Como instalar correntes de arco lateral?<\/h3>\n<p>A corrente deve ser instalada de modo que a dire\u00e7\u00e3o dos rolos seja a mesma que a dire\u00e7\u00e3o da rota\u00e7\u00e3o. A lubrifica\u00e7\u00e3o adequada \u00e9 cr\u00edtica para manter a vida \u00fatil da corrente.<\/p>\n<h3>4. As correntes de arco lateral podem ser reparadas?<\/h3>\n<p>Se uma corrente precisar ser reparada, \u00e9 melhor substitu\u00ed-la inteira em vez de tentar consertar elos individuais.<\/p>\n<h3>5. Que outros produtos sua empresa oferece?<\/h3>\n<p>Al\u00e9m de correntes de arco lateral, oferecemos uma ampla gama de outros produtos de transmiss\u00e3o de energia de alta qualidade, incluindo caixas de engrenagens agr\u00edcolas, eixos de sa\u00edda de energia, rodas dentadas, acoplamentos de fluido, redutores de engrenagem sem-fim, engrenagens e cremalheiras, correntes destac\u00e1veis, polias e polias, caixas de engrenagens planet\u00e1rias, polias de sincroniza\u00e7\u00e3o, buchas e muito mais.<\/p>","protected":false},"excerpt":{"rendered":"<p>Side Bow Chain: A Versatile Solution for Your Power Transmission Needs Side bow chains are a type of roller chain that can be used in a wide range of power transmission applications. They are popular for their ability to handle torsional and linear movements, making them ideal for use in machinery that requires precision movement. [&hellip;]<\/p>","protected":false},"featured_media":3670,"template":"","meta":{"_et_pb_use_builder":"","_et_pb_old_content":"","_et_gb_content_width":""},"product_brand":[],"product_cat":[11298],"product_tag":[],"class_list":{"0":"post-3671","1":"product","2":"type-product","3":"status-publish","4":"has-post-thumbnail","6":"product_cat-conveyor-chain","8":"first","9":"instock","10":"shipping-taxable","11":"product-type-simple"},"_links":{"self":[{"href":"https:\/\/agricultural-gear-boxes.com\/pt\/wp-json\/wp\/v2\/product\/3671","targetHints":{"allow":["GET"]}}],"collection":[{"href":"https:\/\/agricultural-gear-boxes.com\/pt\/wp-json\/wp\/v2\/product"}],"about":[{"href":"https:\/\/agricultural-gear-boxes.com\/pt\/wp-json\/wp\/v2\/types\/product"}],"wp:featuredmedia":[{"embeddable":true,"href":"https:\/\/agricultural-gear-boxes.com\/pt\/wp-json\/wp\/v2\/media\/3670"}],"wp:attachment":[{"href":"https:\/\/agricultural-gear-boxes.com\/pt\/wp-json\/wp\/v2\/media?parent=3671"}],"wp:term":[{"taxonomy":"product_brand","embeddable":true,"href":"https:\/\/agricultural-gear-boxes.com\/pt\/wp-json\/wp\/v2\/product_brand?post=3671"},{"taxonomy":"product_cat","embeddable":true,"href":"https:\/\/agricultural-gear-boxes.com\/pt\/wp-json\/wp\/v2\/product_cat?post=3671"},{"taxonomy":"product_tag","embeddable":true,"href":"https:\/\/agricultural-gear-boxes.com\/pt\/wp-json\/wp\/v2\/product_tag?post=3671"}],"curies":[{"name":"wp","href":"https:\/\/api.w.org\/{rel}","templated":true}]}}