{"id":3691,"date":"2024-08-26T05:39:11","date_gmt":"2024-08-26T05:39:11","guid":{"rendered":"https:\/\/agricultural-gear-boxes.com\/product\/sugar-mill-chain\/"},"modified":"2024-08-26T05:39:11","modified_gmt":"2024-08-26T05:39:11","slug":"sugar-mill-chain","status":"publish","type":"product","link":"https:\/\/agricultural-gear-boxes.com\/pt\/product\/sugar-mill-chain\/","title":{"rendered":"Cadeia de Usinas de A\u00e7\u00facar"},"content":{"rendered":"<h2>Corrente de Moinho de A\u00e7\u00facar: Uma Solu\u00e7\u00e3o de Transmiss\u00e3o Dur\u00e1vel para a Ind\u00fastria de Refino de A\u00e7\u00facar<\/h2>\n<p>A corrente para usinas de a\u00e7\u00facar \u00e9 um componente de transmiss\u00e3o crucial na ind\u00fastria de refino de a\u00e7\u00facar. Como o setor depende fortemente da movimenta\u00e7\u00e3o e do processamento da cana-de-a\u00e7\u00facar, a corrente deve ser dur\u00e1vel o suficiente para suportar os ambientes agressivos e corrosivos em que opera. Os tipos comuns de corrente para usinas de a\u00e7\u00facar incluem correntes de bucha, correntes de painel reto, correntes de elos de manivela, correntes fundidas, correntes de a\u00e7o fundido, correntes coletoras de cana-de-a\u00e7\u00facar, correntes transportadoras de cana-de-a\u00e7\u00facar e correntes transportadoras de baga\u00e7o.<\/p>\n<p>Em nossa f\u00e1brica na China, somos especializados na produ\u00e7\u00e3o de correntes para moinhos de a\u00e7\u00facar resistentes \u00e0 abras\u00e3o e \u00e0 corros\u00e3o. Nossa expertise em processos e equipamentos de refino de a\u00e7\u00facar nos permite criar correntes e acess\u00f3rios com placas laterais curvas, adequados para aplica\u00e7\u00f5es de transmiss\u00e3o e i\u00e7amento de longo prazo.<\/p>\n<h3>Vantagens da Rede de Usina de A\u00e7\u00facar<\/h3>\n<p>\u2013 Alta resist\u00eancia \u00e0 abras\u00e3o e corros\u00e3o<br \/>\n\u2013 Adequado para uso de longo prazo em ambientes operacionais adversos<br \/>\n\u2013 Dispon\u00edvel em v\u00e1rias configura\u00e7\u00f5es para atender \u00e0s necessidades espec\u00edficas da ind\u00fastria<br \/>\n\u2013 F\u00e1cil de instalar, manter, reparar e substituir<\/p>\n<h3>Instala\u00e7\u00e3o, Manuten\u00e7\u00e3o e Reparo<\/h3>\n<p>A instala\u00e7\u00e3o correta da corrente da usina de a\u00e7\u00facar \u00e9 fundamental para garantir o desempenho e a longevidade ideais. Antes da instala\u00e7\u00e3o, certifique-se de que a corrente e as rodas dentadas estejam corretamente encaixadas e que todos os componentes estejam limpos e livres de detritos. A manuten\u00e7\u00e3o regular, incluindo lubrifica\u00e7\u00e3o e inspe\u00e7\u00e3o, \u00e9 necess\u00e1ria para evitar desgaste e danos prematuros. Em caso de danos ou falhas, o reparo ou a substitui\u00e7\u00e3o imediata s\u00e3o necess\u00e1rios para evitar maiores danos ao equipamento.<\/p>\n<h3>Materiais e Classifica\u00e7\u00e3o<\/h3>\n<p>As correntes para usinas de a\u00e7\u00facar podem ser feitas de uma variedade de materiais, incluindo a\u00e7o carbono, a\u00e7o inoxid\u00e1vel e a\u00e7o-liga. O material apropriado para uma aplica\u00e7\u00e3o espec\u00edfica depende de fatores como o ambiente operacional, a capacidade de carga e a faixa de temperatura. As correntes para usinas de a\u00e7\u00facar podem ser classificadas com base em seu projeto, capacidade de carga e configura\u00e7\u00e3o de fixa\u00e7\u00e3o.<\/p>\n<h3>Outros produtos de corrente industrial<\/h3>\n<p>Al\u00e9m de correntes para usinas de a\u00e7\u00facar, tamb\u00e9m fabricamos uma gama de outros produtos de correntes industriais, incluindo correntes agr\u00edcolas, correntes transportadoras para madeira e correntes para a ind\u00fastria cervejeira e de bebidas. Nossos produtos s\u00e3o amplamente utilizados em setores como perfura\u00e7\u00e3o de petr\u00f3leo, empilhadeiras, m\u00e1quinas agr\u00edcolas e processamento de madeira. Temos o compromisso de fornecer produtos de alta qualidade a pre\u00e7os competitivos e oferecer solu\u00e7\u00f5es personalizadas para atender \u00e0s necessidades espec\u00edficas dos clientes.<\/p>\n<h2>Perguntas e respostas<\/h2>\n<p>1. Quais s\u00e3o as vantagens da rede de usinas de a\u00e7\u00facar?<br \/>\n\u2013 As correntes de usinas de a\u00e7\u00facar s\u00e3o altamente resistentes \u00e0 abras\u00e3o e corros\u00e3o, tornando-as adequadas para uso de longo prazo em ambientes operacionais adversos.<\/p>\n<p>2. Quais materiais s\u00e3o usados para fazer a corrente da usina de a\u00e7\u00facar?<br \/>\n\u2013 As correntes de moinhos de a\u00e7\u00facar podem ser feitas de uma variedade de materiais, incluindo a\u00e7o carbono, a\u00e7o inoxid\u00e1vel e a\u00e7o-liga.<\/p>\n<p>3. Qual \u00e9 o processo de instala\u00e7\u00e3o da corrente da usina de a\u00e7\u00facar?<br \/>\n\u2013 A instala\u00e7\u00e3o correta da corrente do moinho de a\u00e7\u00facar envolve combinar a corrente e as rodas dentadas corretamente e garantir que todos os componentes estejam limpos e livres de detritos.<\/p>\n<p>4. Quais outros produtos de corrente industrial a empresa fabrica?<br \/>\n\u2013 Al\u00e9m de correntes para usinas de a\u00e7\u00facar, a empresa tamb\u00e9m fabrica correntes agr\u00edcolas, correntes transportadoras de madeira e correntes para a ind\u00fastria de cerveja e bebidas.<\/p>\n<p>5. A empresa oferece solu\u00e7\u00f5es personalizadas?<br \/>\n\u2013 Sim, a empresa oferece solu\u00e7\u00f5es personalizadas para atender \u00e0s necessidades espec\u00edficas dos clientes.<\/p>","protected":false},"excerpt":{"rendered":"<p>Sugar Mill Chain: A Durable Transmission Solution for Sugar Refining Industry Sugar mill chain is a crucial transmission component in the sugar refining industry. As the industry relies heavily on the movement and processing of sugar cane, the chain must be durable enough to withstand the harsh and corrosive environments it operates in. Common types [&hellip;]<\/p>","protected":false},"featured_media":3690,"template":"","meta":{"_et_pb_use_builder":"","_et_pb_old_content":"","_et_gb_content_width":""},"product_brand":[],"product_cat":[11298],"product_tag":[],"class_list":{"0":"post-3691","1":"product","2":"type-product","3":"status-publish","4":"has-post-thumbnail","6":"product_cat-conveyor-chain","8":"first","9":"instock","10":"shipping-taxable","11":"product-type-simple"},"_links":{"self":[{"href":"https:\/\/agricultural-gear-boxes.com\/pt\/wp-json\/wp\/v2\/product\/3691","targetHints":{"allow":["GET"]}}],"collection":[{"href":"https:\/\/agricultural-gear-boxes.com\/pt\/wp-json\/wp\/v2\/product"}],"about":[{"href":"https:\/\/agricultural-gear-boxes.com\/pt\/wp-json\/wp\/v2\/types\/product"}],"wp:featuredmedia":[{"embeddable":true,"href":"https:\/\/agricultural-gear-boxes.com\/pt\/wp-json\/wp\/v2\/media\/3690"}],"wp:attachment":[{"href":"https:\/\/agricultural-gear-boxes.com\/pt\/wp-json\/wp\/v2\/media?parent=3691"}],"wp:term":[{"taxonomy":"product_brand","embeddable":true,"href":"https:\/\/agricultural-gear-boxes.com\/pt\/wp-json\/wp\/v2\/product_brand?post=3691"},{"taxonomy":"product_cat","embeddable":true,"href":"https:\/\/agricultural-gear-boxes.com\/pt\/wp-json\/wp\/v2\/product_cat?post=3691"},{"taxonomy":"product_tag","embeddable":true,"href":"https:\/\/agricultural-gear-boxes.com\/pt\/wp-json\/wp\/v2\/product_tag?post=3691"}],"curies":[{"name":"wp","href":"https:\/\/api.w.org\/{rel}","templated":true}]}}