{"id":3701,"date":"2024-08-26T05:50:27","date_gmt":"2024-08-26T05:50:27","guid":{"rendered":"https:\/\/agricultural-gear-boxes.com\/product\/combination-transfer-chain\/"},"modified":"2024-08-26T05:50:28","modified_gmt":"2024-08-26T05:50:28","slug":"combination-transfer-chain","status":"publish","type":"product","link":"https:\/\/agricultural-gear-boxes.com\/pt\/product\/combination-transfer-chain\/","title":{"rendered":"Cadeia de transfer\u00eancia combinada"},"content":{"rendered":"<h2>Cadeia de transfer\u00eancia combinada: uma solu\u00e7\u00e3o dur\u00e1vel e vers\u00e1til para movimenta\u00e7\u00e3o de materiais<\/h2>\n<p>Correntes de transfer\u00eancia combinadas s\u00e3o amplamente utilizadas em v\u00e1rias ind\u00fastrias para aplica\u00e7\u00f5es de manuseio de materiais. Essas correntes s\u00e3o feitas de uma combina\u00e7\u00e3o de elos retos e curvos, permitindo transfer\u00eancia eficiente de materiais em torno de cantos e entre diferentes eleva\u00e7\u00f5es.<\/p>\n<p>As correntes de transfer\u00eancia combinadas t\u00eam uma longa hist\u00f3ria de desenvolvimento, com as primeiras patentes para designs semelhantes datando do in\u00edcio dos anos 1900. Ao longo dos anos, essas correntes evolu\u00edram para se tornarem mais fortes, mais dur\u00e1veis e mais vers\u00e1teis. Hoje, elas est\u00e3o dispon\u00edveis em v\u00e1rios materiais, incluindo a\u00e7o carbono, a\u00e7o inoxid\u00e1vel e pl\u00e1stico.<\/p>\n<p>Installation and maintenance of combination transfer chains are relatively simple, but it is essential to follow the manufacturer&#8217;s instructions carefully. Proper lubrication is critical to ensure the chain&#8217;s longevity and smooth operation. Regular inspection and cleaning are also necessary to prevent wear and tear.<\/p>\n<p>Aqui est\u00e3o algumas das vantagens de usar correntes de transfer\u00eancia combinadas:<\/p>\n<ul>\n<li>Manuseio eficiente de materiais em curvas e mudan\u00e7as de eleva\u00e7\u00e3o<\/li>\n<li>Dur\u00e1vel e duradouro<\/li>\n<li>Dispon\u00edvel em v\u00e1rios materiais<\/li>\n<li>F\u00e1cil de instalar e manter<\/li>\n<\/ul>\n<h3>Especifica\u00e7\u00f5es do produto<\/h3>\n<p>As correntes de transfer\u00eancia combinadas v\u00eam em v\u00e1rias especifica\u00e7\u00f5es para atender \u00e0s diferentes necessidades de manuseio de materiais. Aqui est\u00e3o algumas das especifica\u00e7\u00f5es b\u00e1sicas da corrente de transfer\u00eancia da s\u00e9rie C55:<\/p>\n<table>\n<thead>\n<tr>\n<th>Corrente No.<\/th>\n<th>P (mm)<\/th>\n<th>L (mm)<\/th>\n<th>R (mm)<\/th>\n<th>E (mm)<\/th>\n<th>Hum)<\/th>\n<th>Um (mm)<\/th>\n<th>B (mm)<\/th>\n<th>Q (KN)<\/th>\n<th>q (kg\/m\u00b2)<\/th>\n<\/tr>\n<\/thead>\n<tbody>\n<tr>\n<td>C55A<\/td>\n<td>41.43<\/td>\n<td>17.48<\/td>\n<td>18.26<\/td>\n<td>9.53<\/td>\n<td>31.75<\/td>\n<td>30.15<\/td>\n<td>50.8<\/td>\n<td>52<\/td>\n<td>4.76<\/td>\n<\/tr>\n<tr>\n<td>C55B<\/td>\n<td>41.43<\/td>\n<td>17.48<\/td>\n<td>18.26<\/td>\n<td>9.53<\/td>\n<td>31.75<\/td>\n<td>30.15<\/td>\n<td>50.8<\/td>\n<td>52<\/td>\n<td>4.76<\/td>\n<\/tr>\n<tr>\n<td>C55D<\/td>\n<td>41.43<\/td>\n<td>17.48<\/td>\n<td>18.26<\/td>\n<td>9.53<\/td>\n<td>31.75<\/td>\n<td>30.15<\/td>\n<td>50.8<\/td>\n<td>52<\/td>\n<td>4.76<\/td>\n<\/tr>\n<\/tbody>\n<\/table>\n<h3>Aplica\u00e7\u00f5es de Cadeias de Transfer\u00eancia Combinadas<\/h3>\n<p>As correntes de transfer\u00eancia combinadas s\u00e3o usadas em uma ampla gama de ind\u00fastrias, incluindo:<\/p>\n<ul>\n<li>Fabrica\u00e7\u00e3o<\/li>\n<li>Agricultura<\/li>\n<li>Minera\u00e7\u00e3o e minerais<\/li>\n<li>Alimentos e bebidas<\/li>\n<li>Automotivo<\/li>\n<\/ul>\n<p>As correntes de transfer\u00eancia combinadas s\u00e3o adequadas para diversas aplica\u00e7\u00f5es de movimenta\u00e7\u00e3o de materiais, incluindo:<\/p>\n<ul>\n<li>Transporte e transfer\u00eancia de produtos<\/li>\n<li>Triagem e separa\u00e7\u00e3o de materiais<\/li>\n<li>Movimenta\u00e7\u00e3o de materiais em cantos e mudan\u00e7as de eleva\u00e7\u00e3o<\/li>\n<li>Acumulando produtos para embalagem e envio<\/li>\n<\/ul>\n<h3>Outros produtos da nossa empresa<\/h3>\n<p>Al\u00e9m de correntes de transfer\u00eancia combinadas, nossa empresa fornece v\u00e1rias engrenagens de pl\u00e1stico usadas na ind\u00fastria. Nossos produtos incluem caixas de engrenagens agr\u00edcolas, eixos de sa\u00edda de pot\u00eancia, rodas dentadas, acoplamentos de fluido, redutores de engrenagem sem-fim, engrenagens e cremalheiras, correntes destac\u00e1veis, polias e polias, caixas de engrenagens planet\u00e1rias, polias de sincroniza\u00e7\u00e3o, buchas e muito mais. N\u00f3s nos esfor\u00e7amos para fornecer produtos de alta qualidade a um pre\u00e7o favor\u00e1vel e estamos sempre prontos para oferecer um servi\u00e7o atencioso. Damos as boas-vindas aos clientes para virem at\u00e9 n\u00f3s para personaliza\u00e7\u00e3o de desenho ou amostra.<\/p>\n<h3>Perguntas e respostas<\/h3>\n<p>1. O que \u00e9 uma cadeia de transfer\u00eancia combinada?<br \/>\nR: Uma corrente de transfer\u00eancia combinada \u00e9 um tipo de corrente composta de elos retos e curvos, permitindo a transfer\u00eancia eficiente de materiais em cantos e entre diferentes eleva\u00e7\u00f5es.<\/p>\n<p>2. Quais s\u00e3o as vantagens de usar correntes de transfer\u00eancia combinadas?<br \/>\nR: Algumas vantagens de usar correntes de transfer\u00eancia combinadas incluem manuseio eficiente de materiais em cantos e mudan\u00e7as de eleva\u00e7\u00e3o, durabilidade e longevidade, disponibilidade em v\u00e1rios materiais e f\u00e1cil instala\u00e7\u00e3o e manuten\u00e7\u00e3o.<\/p>\n<p>3. Quais s\u00e3o as aplica\u00e7\u00f5es das cadeias de transfer\u00eancia combinadas?<br \/>\nA: As correntes de transfer\u00eancia combinadas s\u00e3o usadas em v\u00e1rias ind\u00fastrias, incluindo manufatura, agricultura, minera\u00e7\u00e3o e minerais, alimentos e bebidas e automotiva. Elas s\u00e3o adequadas para transportar e transferir produtos, classificar e separar materiais, mover materiais em cantos e mudan\u00e7as de eleva\u00e7\u00e3o e acumular produtos para embalagem e envio.<\/p>\n<p>4. Como voc\u00ea instala e mant\u00e9m correntes de transfer\u00eancia combinadas?<br \/>\nA: It is essential to follow the manufacturer&#8217;s instructions carefully when installing and maintaining combination transfer chains. Proper lubrication, regular inspection, and cleaning are critical to ensure their longevity and smooth operation.<\/p>\n<p>5. Quais outros produtos sua empresa fornece?<br \/>\nA: Al\u00e9m de correntes de transfer\u00eancia combinadas, nossa empresa fornece v\u00e1rias engrenagens de pl\u00e1stico usadas na ind\u00fastria, incluindo caixas de engrenagens agr\u00edcolas, eixos de sa\u00edda de pot\u00eancia, rodas dentadas, acoplamentos de fluido e muito mais. N\u00f3s nos esfor\u00e7amos para fornecer produtos de alta qualidade a um pre\u00e7o favor\u00e1vel e estamos sempre prontos para oferecer um servi\u00e7o atencioso.<\/p>","protected":false},"excerpt":{"rendered":"<p>Combination Transfer Chain: A Durable and Versatile Solution for Material Handling Combination transfer chains are widely used in various industries for material handling applications. These chains are made up of a combination of straight and curved links, allowing for efficient transfer of materials around corners and between different elevations. Combination transfer chains have a long [&hellip;]<\/p>","protected":false},"featured_media":3700,"template":"","meta":{"_et_pb_use_builder":"","_et_pb_old_content":"","_et_gb_content_width":""},"product_brand":[],"product_cat":[11299],"product_tag":[],"class_list":{"0":"post-3701","1":"product","2":"type-product","3":"status-publish","4":"has-post-thumbnail","6":"product_cat-engineering-chain","8":"first","9":"instock","10":"shipping-taxable","11":"product-type-simple"},"_links":{"self":[{"href":"https:\/\/agricultural-gear-boxes.com\/pt\/wp-json\/wp\/v2\/product\/3701","targetHints":{"allow":["GET"]}}],"collection":[{"href":"https:\/\/agricultural-gear-boxes.com\/pt\/wp-json\/wp\/v2\/product"}],"about":[{"href":"https:\/\/agricultural-gear-boxes.com\/pt\/wp-json\/wp\/v2\/types\/product"}],"wp:featuredmedia":[{"embeddable":true,"href":"https:\/\/agricultural-gear-boxes.com\/pt\/wp-json\/wp\/v2\/media\/3700"}],"wp:attachment":[{"href":"https:\/\/agricultural-gear-boxes.com\/pt\/wp-json\/wp\/v2\/media?parent=3701"}],"wp:term":[{"taxonomy":"product_brand","embeddable":true,"href":"https:\/\/agricultural-gear-boxes.com\/pt\/wp-json\/wp\/v2\/product_brand?post=3701"},{"taxonomy":"product_cat","embeddable":true,"href":"https:\/\/agricultural-gear-boxes.com\/pt\/wp-json\/wp\/v2\/product_cat?post=3701"},{"taxonomy":"product_tag","embeddable":true,"href":"https:\/\/agricultural-gear-boxes.com\/pt\/wp-json\/wp\/v2\/product_tag?post=3701"}],"curies":[{"name":"wp","href":"https:\/\/api.w.org\/{rel}","templated":true}]}}