{"id":3718,"date":"2024-08-27T05:23:23","date_gmt":"2024-08-27T05:23:23","guid":{"rendered":"https:\/\/agricultural-gear-boxes.com\/product\/short-guage-stainless-steel-transmission-chain\/"},"modified":"2024-08-27T05:23:23","modified_gmt":"2024-08-27T05:23:23","slug":"short-guage-stainless-steel-transmission-chain","status":"publish","type":"product","link":"https:\/\/agricultural-gear-boxes.com\/pt\/product\/short-guage-stainless-steel-transmission-chain\/","title":{"rendered":"Corrente de transmiss\u00e3o de a\u00e7o inoxid\u00e1vel de calibre curto"},"content":{"rendered":"<h2>Corrente de transmiss\u00e3o de a\u00e7o inoxid\u00e1vel de calibre curto<\/h2>\n<p>Corrente de transmiss\u00e3o de a\u00e7o inoxid\u00e1vel de bitola curta \u00e9 um tipo de corrente comumente usada em uma variedade de ind\u00fastrias. Essas correntes s\u00e3o conhecidas por sua durabilidade, resist\u00eancia e capacidade de suportar ambientes severos. Elas s\u00e3o tipicamente feitas de a\u00e7o inoxid\u00e1vel de alta qualidade, o que as torna resistentes \u00e0 corros\u00e3o e ao desgaste. Esse tipo de corrente \u00e9 comumente usado em aplica\u00e7\u00f5es como m\u00e1quinas de gelatina, m\u00e1quinas de suc\u00e7\u00e3o congeladas e muito mais.<\/p>\n<h3>Hist\u00f3ria e Classifica\u00e7\u00e3o<\/h3>\n<p>O uso de correntes remonta aos tempos antigos e, ao longo dos anos, elas evolu\u00edram para uma ampla gama de tipos e tamanhos. A corrente de transmiss\u00e3o de a\u00e7o inoxid\u00e1vel de calibre curto \u00e9 apenas um dos muitos tipos de correntes dispon\u00edveis no mercado hoje. Essas correntes s\u00e3o classificadas com base em seu tamanho, passo, largura e outras dimens\u00f5es. Elas est\u00e3o dispon\u00edveis em v\u00e1rios graus e materiais e s\u00e3o projetadas para atender \u00e0s necessidades espec\u00edficas de diferentes ind\u00fastrias.<\/p>\n<h3>Vantagens<\/h3>\n<ul>\n<li>Alta resist\u00eancia<\/li>\n<li>Resist\u00eancia \u00e0 corros\u00e3o<\/li>\n<li>Resist\u00eancia ao desgaste<\/li>\n<li>Baixa manuten\u00e7\u00e3o<\/li>\n<\/ul>\n<h3>Instala\u00e7\u00e3o, Manuten\u00e7\u00e3o e Reparo<\/h3>\n<p>When it comes to installing short gauge stainless steel transmission chain, it is important to ensure that you follow the manufacturer&#8217;s instructions carefully. This will help to ensure that the chain is installed properly and functions as intended. Maintenance is also important and should be performed regularly to keep the chain in good condition. If repairs are needed, it is important to use high-quality replacement parts and to follow the manufacturer&#8217;s instructions.<\/p>\n<h3>Op\u00e7\u00f5es de materiais<\/h3>\n<p>A corrente de transmiss\u00e3o de a\u00e7o inoxid\u00e1vel de calibre curto \u00e9 normalmente feita de a\u00e7o inoxid\u00e1vel de alta qualidade, o que a torna resistente \u00e0 corros\u00e3o e ao desgaste. No entanto, tamb\u00e9m \u00e9 poss\u00edvel encontrar correntes feitas de outros materiais, como a\u00e7o carbono ou pl\u00e1stico. A escolha do material depender\u00e1 da aplica\u00e7\u00e3o espec\u00edfica e das condi\u00e7\u00f5es em que a corrente ser\u00e1 usada.<\/p>\n<h3>Outros produtos<\/h3>\n<p>Al\u00e9m da corrente de transmiss\u00e3o de a\u00e7o inoxid\u00e1vel de bitola curta, nossa empresa tamb\u00e9m fornece uma ampla gama de outros produtos de alta qualidade. Isso inclui caixas de engrenagens agr\u00edcolas, eixos de sa\u00edda de pot\u00eancia, rodas dentadas, acoplamentos de fluido, redutores de engrenagem sem-fim, engrenagens e cremalheiras, correntes destac\u00e1veis, polias e polias, caixas de engrenagens planet\u00e1rias, polias de sincroniza\u00e7\u00e3o, buchas e muito mais. Estamos comprometidos em fornecer aos nossos clientes produtos de alta qualidade a um pre\u00e7o favor\u00e1vel, e damos as boas-vindas aos clientes para nos procurar para personaliza\u00e7\u00e3o de desenho ou amostra.<\/p>\n<h2>Perguntas Frequentes (FAQs)<\/h2>\n<h3>1. O que \u00e9 corrente de transmiss\u00e3o de a\u00e7o inoxid\u00e1vel de bitola curta?<\/h3>\n<p>Corrente de transmiss\u00e3o de a\u00e7o inoxid\u00e1vel de calibre curto \u00e9 um tipo de corrente comumente usada em uma variedade de ind\u00fastrias. Essas correntes s\u00e3o conhecidas por sua durabilidade, resist\u00eancia e capacidade de suportar ambientes severos. Elas s\u00e3o tipicamente feitas de a\u00e7o inoxid\u00e1vel de alta qualidade, o que as torna resistentes \u00e0 corros\u00e3o e ao desgaste.<\/p>\n<h3>2. Quais s\u00e3o as vantagens da corrente de transmiss\u00e3o de a\u00e7o inoxid\u00e1vel de bitola curta?<\/h3>\n<p>A corrente de transmiss\u00e3o de a\u00e7o inoxid\u00e1vel de bitola curta tem diversas vantagens, incluindo alta resist\u00eancia, resist\u00eancia \u00e0 corros\u00e3o, resist\u00eancia ao desgaste e baixa manuten\u00e7\u00e3o.<\/p>\n<h3>3. Como fa\u00e7o para instalar uma corrente de transmiss\u00e3o de a\u00e7o inoxid\u00e1vel de bitola curta?<\/h3>\n<p>When installing short gauge stainless steel transmission chain, it is important to follow the manufacturer&#8217;s instructions carefully to ensure that the chain is installed properly and functions as intended.<\/p>\n<h3>4. De quais materiais a corrente de transmiss\u00e3o de bitola curta pode ser feita?<\/h3>\n<p>A corrente de transmiss\u00e3o de bitola curta pode ser feita de uma variedade de materiais, incluindo a\u00e7o inoxid\u00e1vel, a\u00e7o carbono e pl\u00e1stico. A escolha do material depender\u00e1 da aplica\u00e7\u00e3o espec\u00edfica e das condi\u00e7\u00f5es em que a corrente ser\u00e1 usada.<\/p>\n<h3>5. Quais outros produtos sua empresa fornece?<\/h3>\n<p>Al\u00e9m da corrente de transmiss\u00e3o de a\u00e7o inoxid\u00e1vel de bitola curta, nossa empresa fornece uma ampla gama de outros produtos de alta qualidade, incluindo caixas de engrenagens agr\u00edcolas, eixos de sa\u00edda de pot\u00eancia, rodas dentadas, acoplamentos de fluido e muito mais.<\/p>","protected":false},"excerpt":{"rendered":"<p>Short Gauge Stainless Steel Transmission Chain Short gauge stainless steel transmission chain is a type of chain that is commonly used in a variety of industries. These chains are known for their durability, strength, and ability to withstand harsh environments. They are typically made from high-quality stainless steel, which makes them resistant to corrosion and [&hellip;]<\/p>","protected":false},"featured_media":3717,"template":"","meta":{"_et_pb_use_builder":"","_et_pb_old_content":"","_et_gb_content_width":""},"product_brand":[],"product_cat":[11300],"product_tag":[],"class_list":{"0":"post-3718","1":"product","2":"type-product","3":"status-publish","4":"has-post-thumbnail","6":"product_cat-agricultural-chain","8":"first","9":"instock","10":"shipping-taxable","11":"product-type-simple"},"_links":{"self":[{"href":"https:\/\/agricultural-gear-boxes.com\/pt\/wp-json\/wp\/v2\/product\/3718","targetHints":{"allow":["GET"]}}],"collection":[{"href":"https:\/\/agricultural-gear-boxes.com\/pt\/wp-json\/wp\/v2\/product"}],"about":[{"href":"https:\/\/agricultural-gear-boxes.com\/pt\/wp-json\/wp\/v2\/types\/product"}],"wp:featuredmedia":[{"embeddable":true,"href":"https:\/\/agricultural-gear-boxes.com\/pt\/wp-json\/wp\/v2\/media\/3717"}],"wp:attachment":[{"href":"https:\/\/agricultural-gear-boxes.com\/pt\/wp-json\/wp\/v2\/media?parent=3718"}],"wp:term":[{"taxonomy":"product_brand","embeddable":true,"href":"https:\/\/agricultural-gear-boxes.com\/pt\/wp-json\/wp\/v2\/product_brand?post=3718"},{"taxonomy":"product_cat","embeddable":true,"href":"https:\/\/agricultural-gear-boxes.com\/pt\/wp-json\/wp\/v2\/product_cat?post=3718"},{"taxonomy":"product_tag","embeddable":true,"href":"https:\/\/agricultural-gear-boxes.com\/pt\/wp-json\/wp\/v2\/product_tag?post=3718"}],"curies":[{"name":"wp","href":"https:\/\/api.w.org\/{rel}","templated":true}]}}